{"id":461,"date":"2022-05-06T15:54:55","date_gmt":"2022-05-06T12:54:55","guid":{"rendered":"http:\/\/cocosolis.com\/en\/?page_id=461"},"modified":"2022-06-16T13:57:26","modified_gmt":"2022-06-16T10:57:26","slug":"terms-of-sale","status":"publish","type":"page","link":"https:\/\/cocosolis.com\/ro\/terms-of-sale\/","title":{"rendered":"Livrare \u0219i plat\u0103"},"content":{"rendered":"\n<h2 class=\"wp-block-heading\">Livrare \u0219i plat\u0103<\/h2>\n\n\n\n<p>Urm\u0103toarele condi\u021bii de v\u00e2nzare guverneaz\u0103 oferta \u0219i v\u00e2nzarea de produse de pe site-ul nostru ( \u201ecocosolis.com\u201c). Produsele achizi\u021bionate de pe cocosolis.com v\u00e2ndute direct de PURMERUL Ltd., avand sediu in Bulgaria , loc. Plovdiv 4002 , str. Liuleburgas 22, et. 4, ap. 9, UIC 201172065, num\u0103rul fiscal \u0219i num\u0103rul de TVA BG201172065.<\/p>\n\n\n\n<h5 class=\"wp-block-heading\">1. Reguli de v\u00e2nzare cocosolis.com<\/h5>\n\n\n\n<p>1.1 PURMERUL Ltd. ofera produse de v\u00e2nzare \u201ecocosolis.com\u201d.<br>1.2 PURMERUL Ltd. \u00ee\u0219i rezerv\u0103 dreptul de a nu procesa \u0219i s\u0103 \u00eendeplineasc\u0103 ordinele care nu \u00eendeplinesc regulile de cocosolis.com de v\u00e2nz\u0103ri.<br>1.3 Termenii \u0219i condi\u021biile de v\u00e2nzare reglementeaz\u0103 adoptarea \u0219i punerea \u00een aplicare a ordinelor de cump\u0103rare care acoper\u0103 produsele cocosolis.com, \u00eentre utilizatori \u0219i cocosolis.com PURMERUL LTD.<\/p>\n\n\n\n<h5 class=\"wp-block-heading\">2. Cum s\u0103 comanda\u021bi cocosolis.com<\/h5>\n\n\n\n<p>2.1 Pentru a plasa o comand\u0103 de a cump\u0103ra unul sau mai multe produse cocosolis.com, trebuie s\u0103 completa\u021bi comanda formularul online si trimite-l pe cale electronic\u0103, urm\u00e2nd instruc\u021biunile corespunz\u0103toare.<br>2.2. o adres\u0103 de po\u015ft\u0103 electronic\u0103 valid\u0103 ;<br>2.3 adresa de livrare a produselor \u015fi de facturare corect completat\u0103; \u00a0date de contact completate corect -nume, prenume, telefon.<br>2.4. Comanda se activeaz\u0103, adic\u0103 este solicitat\u0103 din magazinul electronic prin ap\u0103sarea celui de al doilea buton \u201eCump\u0103r\u0103\u201d-situat sub datele de livrare a comenzii, buton care apare dup\u0103 ce a fost ad\u0103ugat in co\u015f cel pu\u0163in un produs \u015fi a fost ap\u0103sat primul buton \u201eCump\u0103r\u0103\u201d.<br>2.5. Atunci c\u00e2nd comanda a fost efectuat\u0103 cu succes, Utilizatorul prime\u015fte o confirmare a comenzii printr-o scrisoare electronic\u0103 pe adresa de e-mail indicat\u0103 de acesta. \u00cen confirmarea trimis\u0103 prin e-mail se men\u0163ioneaz\u0103 produsul comandat, num\u0103rul comenzii, data \u015fi ora la care a fost efectuat\u0103 comanda. Confirmarea prin telefon se realizeaz\u0103 numai atunci c\u00e2nd sunt necesare informa\u0163ii suplimentare sau preciz\u0103ri \u00een ceea ce prive\u015fte comanda.<br>2.6 PURMERUL Ltd. \u00ee\u0219i rezerv\u0103 dreptul de a nu procesa comenzi atunci c\u00e2nd acestea sunt incomplete sau incorecte, sau produsele nu mai sunt disponibile (\u00een stoc). \u00cen cazul \u00een care produsele afisate pe cocosolis.com nu mai este disponibil \u00een timpul ultimei vizite la fa\u021ba locului sau dup\u0103 PURMERUL Ltd. a primit formularul de (cerere) pentru comanda sunt PURMERUL Ltd. v\u0103 va informa cu privire la lipsa produselor comandate \u00een termen de zece (10) zile de la data PURMERUL Ltd. a primit comanda.<br>\u00cen cazul \u00een care comanda formularul (cerere) a fost trimis, iar pre\u021bul a fost pl\u0103tit pentru produsele care nu mai sunt disponibile PURMERUL Ltd. va rambursa suma pl\u0103tit\u0103 pentru astfel de produse, f\u0103r\u0103 \u00eent\u00e2rzieri nejustificate \u0219i un acord \u00eentre p\u0103r\u021bi vor fi considerate terminate.<br>2.7 Prin trimiterea formularului comanda (cerere) la PURMERUL Ltd., accepta\u021bi necondi\u021bionat \u0219i s\u0103 respecta\u021bi ace\u0219ti Termeni \u0219i Condi\u021bii de v\u00e2nzare cu PURMERUL LTD. Dac\u0103 nu sunte\u021bi de acord cu anumite prevederi ale acestor Termeni \u0219i condi\u021bii de v\u00e2nzare, v\u0103 rug\u0103m s\u0103 nu trimite\u021bi formularul (cerere) pentru a achizi\u021biona produse cocosolis.com.<br>2.8 Odat\u0103 ce acordul a intrat \u00een vigoare, v\u00e2nz\u0103torul v\u0103 va trimite un e-mail de la primirea ordinului de cump\u0103rare. Prin trimiterea unui formular de comand\u0103, sunte\u021bi de acord \u0219i accepta\u021bi Termenii \u0219i condi\u021biile de v\u00e2nzare \u0219i condi\u021bii suplimentare cuprinse \u00een cocosolis.com prin link-uri, inclusiv Termenii de utilizare, Politica de confiden\u021bialitate \u0219i Politica de returnare.<br>2.9 Ne-ar dori s\u0103 v\u0103 reamintim c\u0103 toate produsele achizi\u021bionate sunt destinate utiliz\u0103rii \u00een \u021bara din care au fost comandate. Cu toate acestea, \u00een cazul \u00een care a\u021bi decis s\u0103 exporte produsele \u00een alt\u0103 \u021bar\u0103, va fi responsabil pentru respectarea legii privind exportul \u021b\u0103rii din care au fost achizi\u021bionate \u0219i legile de import ale \u021b\u0103rii \u00een care acestea aduc. PURMERUL Ltd. nu este responsabil pentru ea.<\/p>\n\n\n\n<h5 class=\"wp-block-heading\">3. Garan\u021bie \u0219i pre\u021burile produselor.<\/h5>\n\n\n\n<p>3.1 Pe cocosolis.com, v\u0103 oferim produse de lux \u0219i de \u00eenalt\u0103 calitate.<br>3.2 Principalele caracteristici ale produselor sunt prezentate pe fiecare pagin\u0103\u00a0cocosolis.com.<br>3.3 Pre\u021burile se pot schimba. Verifica\u021bi pre\u021bul final de v\u00e2nzare \u00eenainte de a trimite formularul corespunz\u0103tor (cerere) pentru comanda.<br>3.4 Comenzile plasate pe site-ul din \u021b\u0103ri sau adrese la care PURMERUL Ltd. nu poate livra, vor fi anulate automat.<br>3.5 \u00cen conformitate cu legisla\u021bia privind protec\u021bia consumatorilor, ve\u021bi fi responsabil pentru orice sc\u0103dere a valorii produselor achizi\u021bionate de pe cocosolis.com, ca rezultat al oric\u0103rei utiliz\u0103ri a produsului \u00een alte scopuri. Prin urmare, \u00een cazul \u00een care decide\u021bi returnarea produsele cump\u0103rate, COCOSOLIS are dreptul de a nu accepta produsele returnate sau nu pe deplin s\u0103 recupereze banii pl\u0103ti\u021bi \u00a0pentru produse cump\u0103rate, care au fost schimbate de la forma lor original\u0103 sau deteriorate.<\/p>\n\n\n\n<h5 class=\"wp-block-heading\">4. Plata<\/h5>\n\n\n\n<p>4.1 Plata valorii produselor \u0219i a costurilor aferente pentru transportul \u0219i livrare trebuie s\u0103 fie facut\u0103 utiliz\u00e2nd una dintre procedurile specificate \u00een formularul de comand\u0103. \u00cen nici un caz nu ve\u021bi fi taxate mai mult dec\u00e2t valoarea specificat\u0103 de c\u0103tre V\u00e2nz\u0103tor \u00een leg\u0103tur\u0103 cu metoda de plat\u0103 aleas\u0103.<br>4.2 \u00cen cazul pl\u0103\u021bii prin card de credit sau de debit, toate detaliile (de exemplu, num\u0103rul de card sau data de expirare) va fi trimis\u0103 prin protocolul criptat la banca, care ofer\u0103 servicii de plat\u0103 electronic\u0103 f\u0103r\u0103 care au acces la ei. Aceste detalii nu vor fi utilizate de c\u0103tre PURMERUL Ltd., cu excep\u021bia pentru efectuarea procedurii referitoare la achizi\u021bia sau return\u0103rii banilor, \u00een conformitate cu drepturile dumneavoastr\u0103 la rechemare sau la raportarea cazurilor de fraud\u0103 de c\u0103tre poli\u021bie.<\/p>\n\n\n\n<h5 class=\"wp-block-heading\">5. Codurile de reducere<\/h5>\n\n\n\n<p>5.1 Codurile de reducere \u00a0v\u0103 permit s\u0103 profita\u021bi de reduceri la comenzi de la cocosolis.com.<br>5.2 Coduri de reducere \u00een nici un caz nu pot fi schimbate \u00een bani.<\/p>\n\n\n\n<h5 class=\"wp-block-heading\">6. Dreptul de a returna produsele \u00een conformitate cu legisla\u021bia privind protec\u021bia consumatorilor<\/h5>\n\n\n\n<p>6.1 Conform legii \u00een vigoare, ave\u0163i dreptul de a returna produsele care nu corespund dorin\u0163elor dvs. \u00een termen de maximum 14 zile lucr\u0103toare de la primirea lor. Returnare produselor se face de c\u0103tre client \u00a0EXCLUSIV prin firma de curierat rapid Fan Courier.<\/p>\n\n\n\n<h5 class=\"wp-block-heading\">7. R\u0103spundere (Indemnification)<\/h5>\n\n\n\n<p>Informa\u0163iile privind con\u0163inutul \u015fi compu\u015fii folosi\u0163i \u00een produsele de cosmetic\u0103 COCOSOLIS.COM ce apar pe site-ul web nu sunt destinate a fi, nici nu trebuie interpretate ca fiind un sfat sau recomandare cu privire la folosirea produsului cosmetic. \u00cen cazul \u00een care ave\u0163i \u00eentreb\u0103ri cu privire la folosirea produsului cosmetic, v\u0103 rug\u0103m s\u0103 verifica\u0163i eticheta care apare pe produs, lua\u0163i leg\u0103tura cu noi sau consulta\u0163i medicul specialist.<\/p>\n\n\n\n<p>Folosind site-ul, Dvs. confirma\u0163i \u015fi accepta\u0163i c\u0103 informa\u0163iile afi\u015fate pe Site inclusiv orice informa\u0163ie pus\u0103 la dispozi\u0163ie de c\u0103tre speciali\u015fti sau exper\u0163i medicali, este destinat doar scopurilor de informare general\u0103. Produsele noastre nu pot provoca probleme de s\u0103n\u0103tate. \u00cen cazul \u00een care considera\u0163i de cuviin\u0163\u0103, trebuie mereu s\u0103 c\u0103uta\u0163i sfatul medicului sau alt fel de ajutor calificat, pe care \u00eel pute\u0163i avea privind orice stare medical\u0103.<\/p>\n\n\n\n<p>Interpretarea oric\u0103rei informa\u0163ii puse la dispozi\u0163ie de site se face numai pe propriul risc.<\/p>\n\n\n\n<h5 class=\"wp-block-heading\">8. Legea<\/h5>\n\n\n\n<p>8.1 Ace\u0219ti Termeni \u0219i Condi\u021bii de v\u00e2nzare generale sunt reglementate de legile bulgare<\/p>\n\n\n\n<h5 class=\"wp-block-heading\">9. Modific\u0103ri \u0219i actualiz\u0103ri<\/h5>\n\n\n\n<p>Condi\u021biile generale de v\u00e2nzare pot fi modificate, deoarece acest lucru se datoreaz\u0103 noilor legi \u0219i reglement\u0103ri sau din alte motive. Noile condi\u021bii generale de v\u00e2nzare sunt valabile din data public\u0103rii pe cocosolis.com.<\/p>\n\n\n\n<p>Data de publicare: 10.07.2020<\/p>\n","protected":false},"excerpt":{"rendered":"<p>Livrare \u0219i plat\u0103 Urm\u0103toarele condi\u021bii de v\u00e2nzare guverneaz\u0103 oferta \u0219i v\u00e2nzarea de produse de pe site-ul nostru ( \u201ecocosolis.com\u201c). Produsele achizi\u021bionate de pe cocosolis.com v\u00e2ndute direct de PURMERUL Ltd., avand sediu in Bulgaria , loc. Plovdiv 4002 , str. Liuleburgas 22, et. 4, ap. 9, UIC 201172065, num\u0103rul fiscal \u0219i num\u0103rul de TVA BG201172065. 1. &hellip; <a href=\"https:\/\/cocosolis.com\/ro\/terms-of-sale\/\">Continued<\/a><\/p>\n","protected":false},"author":1,"featured_media":0,"parent":0,"menu_order":0,"comment_status":"closed","ping_status":"closed","template":"","meta":{"_acf_changed":false,"footnotes":""},"page_roles":[36],"class_list":["post-461","page","type-page","status-publish","hentry","page_roles-legal"],"acf":[],"_links":{"self":[{"href":"https:\/\/cocosolis.com\/ro\/wp-json\/wp\/v2\/pages\/461","targetHints":{"allow":["GET"]}}],"collection":[{"href":"https:\/\/cocosolis.com\/ro\/wp-json\/wp\/v2\/pages"}],"about":[{"href":"https:\/\/cocosolis.com\/ro\/wp-json\/wp\/v2\/types\/page"}],"author":[{"embeddable":true,"href":"https:\/\/cocosolis.com\/ro\/wp-json\/wp\/v2\/users\/1"}],"replies":[{"embeddable":true,"href":"https:\/\/cocosolis.com\/ro\/wp-json\/wp\/v2\/comments?post=461"}],"version-history":[{"count":4,"href":"https:\/\/cocosolis.com\/ro\/wp-json\/wp\/v2\/pages\/461\/revisions"}],"predecessor-version":[{"id":555,"href":"https:\/\/cocosolis.com\/ro\/wp-json\/wp\/v2\/pages\/461\/revisions\/555"}],"wp:attachment":[{"href":"https:\/\/cocosolis.com\/ro\/wp-json\/wp\/v2\/media?parent=461"}],"wp:term":[{"taxonomy":"page_roles","embeddable":true,"href":"https:\/\/cocosolis.com\/ro\/wp-json\/wp\/v2\/page_roles?post=461"}],"curies":[{"name":"wp","href":"https:\/\/api.w.org\/{rel}","templated":true}]}}