{"id":1001830272,"date":"2026-02-27T11:31:56","date_gmt":"2026-02-27T09:31:56","guid":{"rendered":"https:\/\/cocosolis.com\/ro\/?page_id=1001830272"},"modified":"2026-02-27T11:32:15","modified_gmt":"2026-02-27T09:32:15","slug":"women-day-2026","status":"publish","type":"page","link":"https:\/\/cocosolis.com\/ro\/terms-of-use\/women-day-2026\/","title":{"rendered":"Termeni \u0219i condi\u021bii pentru promo\u021bia &#8222;Women&#8217;s Day Promo&#8221;"},"content":{"rendered":"\n<h2 class=\"wp-block-heading\"><strong>Termeni \u0219i condi\u021bii pentru promo\u021bia <\/strong><strong>&#8222;Women&#8217;s Day Promo&#8221;<\/strong><\/h2>\n\n\n\n<ol class=\"wp-block-list\">\n<li><strong>Organizatorul\u00a0 promo\u021biei<\/strong>\n<ol class=\"wp-block-list\">\n<li>Organizatorul promo\u021biei &#8222;Women&#8217;s Day Promo&#8221; este PURMERUL Ltd. cu sediul social \u0219i adresa social\u0103 \u00een Bulgaria, Plovdiv. 4002, str. Lyuleburgas 22, fl. 4, ap. 9, UIC 201172065.<\/li>\n<\/ol>\n<\/li>\n\n\n\n<li><strong>Reguli oficiale<\/strong>\n<ol class=\"wp-block-list\">\n<li>Participan\u021bii la Promo\u021bie trebuie s\u0103 respecte termenii \u0219i condi\u021biile regulilor descrise mai jos, denumite Regulile oficiale.<\/li>\n\n\n\n<li>Regulile oficiale sunt publicate \u00eenainte de \u00eenceperea promo\u021biei pe <a href=\"http:\/\/www.cocosolis.com\/ro\/\">www.cocosolis.com\/ro\/<\/a>. Mai multe informa\u021bii pot fi ob\u021binute apel\u00e2nd la +359 2 862 11 64 (rata de apelare telefonic\u0103 este determinat\u0103 conform planului tarifar al apelantului) \u00een fiecare zi lucr\u0103toare, \u00eentre orele 09:30 &#8211; 18:00.<\/li>\n\n\n\n<li>Organizatorul promo\u021biei \u00ee\u0219i p\u0103streaz\u0103 \u00een orice moment dreptul de a modifica Regulile oficiale\u00a0 sau de a ad\u0103uga, prin anun\u021b public.<\/li>\n<\/ol>\n<\/li>\n\n\n\n<li><strong>Teritoriul promotiei<\/strong>\n<ol class=\"wp-block-list\">\n<li>Promo\u021bia este organizat\u0103 \u0219i sustinuta pe teritoriul Romaniei.<\/li>\n<\/ol>\n<\/li>\n\n\n\n<li><strong>Dreptul de a participa<\/strong>\n<ol class=\"wp-block-list\">\n<li>Toate persoanele cu v\u00e2rsta de 18 ani sau mai mari cu domiciliul pe teritoriul Romaniei sunt eligibile s\u0103 participe la promo\u021bie.<\/li>\n\n\n\n<li>Angaja\u021bii PURMERUL Ltd., to\u021bi partenerii \u0219i agen\u021biile aferente Promo\u021biei, precum \u0219i membrii de familie ai tuturor persoanelor men\u021bionate mai sus nu au voie s\u0103 participe la Promo\u021bie.<\/li>\n<\/ol>\n<\/li>\n\n\n\n<li><strong>Durata promo\u021biei<\/strong>\n<ol class=\"wp-block-list\">\n<li>Promo\u021bia este valabil\u0103 \u00een limita stocului disponibil.<\/li>\n<\/ol>\n<\/li>\n\n\n\n<li><strong>Produse participante<\/strong>\n<ol class=\"wp-block-list\">\n<li>Promo\u021bia include toate produsele disponibile pe site-ul <a href=\"http:\/\/www.cocosolis.com\/ro\/\">www.cocosolis.com\/ro\/<\/a>.<\/li>\n<\/ol>\n<\/li>\n\n\n\n<li><strong>Descrierea promo\u021biei \u0219i mecanismul de participare la promo\u021bie<\/strong>\n<ol class=\"wp-block-list\">\n<li>La accesarea site-ului apare jocul COCOSOLIS. Pentru a c\u00e2\u0219tiga un premiu, utilizatorul trebuie mai \u00eent\u00e2i s\u0103 \u00ee\u0219i introduc\u0103 adresa de e-mail. Dup\u0103 introducerea cu succes a e-mailului, utilizatorul are posibilitatea de a c\u00e2\u0219tiga unul dintre premiile anun\u021bate \u00een prealabil \u00eenainte de \u00eenceperea jocului.<\/li>\n\n\n\n<li>Aceast\u0103 promo\u021bie ofer\u0103 clientului posibilitatea de a primi un bestseller gratuit drept recompens\u0103 atunci c\u00e2nd adaug\u0103 produs(e) la alegere de pe site-ul COCOSOLIS \u00een valoare de peste 100 lei (costul livr\u0103rii nu este inclus). Recompensa va fi aplicat\u0103 automat atunci c\u00e2nd utilizatorul adaug\u0103 produs(e) \u00een co\u0219.<\/li>\n\n\n\n<li>Premiile posibile includ:<\/li>\n<\/ol>\n<\/li>\n<\/ol>\n\n\n\n<p>\u2022 GROW Hair Growth Serum Spray<\/p>\n\n\n\n<p>\u2022 GROW Growth &amp; Anti-aging Shampoo<\/p>\n\n\n\n<p>\u2022 GROW Growth &amp; Anti-aging Conditioner<\/p>\n\n\n\n<p>\u2022 SLIM+ Shaping Serum<\/p>\n\n\n\n<p>\u2022 HOT+ Fat-burning Serum<\/p>\n\n\n\n<p>\u2022 SKIN+ Anti-cellulite Serum<\/p>\n\n\n\n<ol start=\"4\" class=\"wp-block-list\">\n<li>\u00cen cazul c\u00e2\u0219tig\u0103rii unui produs gratuit, clientul prime\u0219te o ofert\u0103 suplimentar\u0103 de a ob\u021bine \u00eenc\u0103 un produs gratuit, dac\u0103 adaug\u0103 la comand\u0103 un alt produs\/produse la alegere \u00een valoare de minimum 100 lei.<\/li>\n\n\n\n<li>La atingerea unei anumite valori a comenzii, clien\u021bii primesc \u0219i un cadou: COCOSOLIS Cloud Pouch.<\/li>\n\n\n\n<li>Oferta este valabil\u0103 doar pe site-ul oficial COCOSOLIS, \u00een limita stocurilor disponibile. Clien\u021bii pot achizi\u021biona \u0219i produse selectate incluse \u00een pachete promo\u021bionale speciale cu reduceri procentuale prestabilite.<\/li>\n\n\n\n<li>Pe durata promo\u021biei, clien\u021bii fideli pot acumula puncte, dar nu le pot utiliza.<\/li>\n\n\n\n<li>Pentru a beneficia de promo\u021bie, pe l\u00e2ng\u0103 <a href=\"https:\/\/cocosolis.com\/ro\/\">https:\/\/cocosolis.com\/ro\/<\/a>, participan\u021bii pot plasa \u0219i comanda \u00een urm\u0103toarele moduri:\n<ol class=\"wp-block-list\">\n<li>sun\u00e2nd la +359 2 862 11 64<\/li>\n\n\n\n<li>prin trimiterea unui mesaj privat c\u0103tre profilul de Facebook al COCOSOLIS: <a href=\"http:\/\/www.facebook.com\/cocosolisro\">www.facebook.com\/cocosolisro<\/a>\u00a0<\/li>\n\n\n\n<li>prin trimiterea unui mesaj personal profilului de Instagram al COCOSOLIS: <a href=\"http:\/\/www.instagram.com\/cocosolis.official\">www.instagram.com\/cocosolis.official<\/a>\u00a0\u00a0\u00a0\u00a0<\/li>\n<\/ol>\n<\/li>\n\n\n\n<li>Livrarea se face prin intermediul companiei de curierat URGENT CARGUS la adresa dat\u0103 de participant sau la oficiul de curierat ales de Participant. Dac\u0103 utilizatorul nu ofer\u0103 acces \u0219i condi\u021bii pentru livrarea m\u0103rfii la adresa specificat\u0103 \u00een termenul specificat sau nu merge la biroul specificat al companiei de curierat URGENT CARGUS, pentru a primi m\u0103rfurile in timp, Organizatorul va fi: eliberat de obliga\u021bia de a \u00eendeplini livrarea solicitat\u0103.<\/li>\n\n\n\n<li>Toate celelalte oferte standard \u0219i pachete promo\u021bionale \u0219i coduri promo\u021bionale NU sunt valabile \u00een perioada de promo\u021biei men\u021bionate la articolul 5.<\/li>\n<\/ol>\n\n\n\n<ol start=\"8\" class=\"wp-block-list\">\n<li><strong>Controale \u0219i r\u0103spundere<\/strong>\n<ol class=\"wp-block-list\">\n<li>Controversele dintre organizator \u0219i participan\u021bi la acela\u0219i lucru se solu\u021bioneaz\u0103 de comun acord. Ne\u00eendeplinirea unui astfel de acord va duce la remiterea instan\u021belor competente din tara Romania.<\/li>\n\n\n\n<li>Organizatorul nu va fi responsabil pentru furnizarea de premii depuse \u00een termenele \u0219i cantit\u0103\u021bile specificate \u00een aceste reguli.\u00a0<\/li>\n\n\n\n<li>Organizatorul promo\u021biei nu este responsabil dac\u0103 participantul are o adres\u0103 de e-mail dezactivat\u0103 sau necorespunz\u0103toare sau un num\u0103r de telefon de contact.<\/li>\n<\/ol>\n<\/li>\n\n\n\n<li><strong>\u00cenlocuirea \u0219i returnarea produsului<\/strong>\n<ol class=\"wp-block-list\">\n<li>\u00cen conformitate cu legea privind protec\u021bia consumatorului, participantul are dreptul de a returna produsele achizi\u021bionate f\u0103r\u0103 penalit\u0103\u021bi \u0219i f\u0103r\u0103 a fi necesar s\u0103 explice niciun motiv. Este necesar\u0103 informarea COCOSOLIS.COM \u00een termen de paisprezece (14) zile de la data primirii expedierii.<\/li>\n\n\n\n<li>Produsele returnate trebuie trimise \u00eenapoi la COCOSOLIS \u00een termen de \u0219apte (7) zile de la data la care au fost trimise informa\u021bii cu privire la decizia de returnare a produselor achizi\u021bionate.<\/li>\n\n\n\n<li>\u00cen unele circumstan\u021be, este posibil s\u0103 schimba\u021bi un produs cu altul.\u00a0<\/li>\n\n\n\n<li>V\u0103 rug\u0103m s\u0103 citi\u021bi termenii completi ai politicii noastre de returnare \u0219i schimb aici: <a href=\"https:\/\/cocosolis.com\/ro\/return-policy\/\">https:\/\/cocosolis.com\/ro\/return-policy\/<\/a>\u00a0<\/li>\n<\/ol>\n<\/li>\n\n\n\n<li><strong>Dreptul de desf\u0103\u0219urare \u0219i \u00eencheierea promo\u021bie<\/strong>\n<ol class=\"wp-block-list\">\n<li>Organizatorul are dreptul irevocabil de a \u00eencheia promo\u021bia \u00een orice moment, anun\u021b\u00e2nd acest lucru \u00een concordan\u021b\u0103 cu punctul 2 a acestor reguli oficiale, \u00een caz de abuz, \u00eenc\u0103lcare a regulilor, precum \u0219i \u00een caz de for\u021b\u0103 major\u0103 sau alte motive obiective. \u00cen caz de abuz, comportament necorespunz\u0103tor sau \u00eenc\u0103lcarea Regulilor oficiale de c\u0103tre un participant, Organizatorul are dreptul s\u0103-l descalifice. \u00cen aceste cazuri, nu se datoreaz\u0103 nicio compensa\u021bie participan\u021bilor.<\/li>\n<\/ol>\n<\/li>\n\n\n\n<li><strong>Protec\u021bia datelor cu caracter personal. Publicitate\u00a0<\/strong>\n<ol class=\"wp-block-list\">\n<li>V\u0103 rug\u0103m s\u0103 citi\u021bi termenii \u0219i condi\u021biile complete ale politicii noastre de confiden\u021bialitate aici: <a href=\"https:\/\/cocosolis.com\/ro\/privacy-policy\/\">https:\/\/cocosolis.com\/ro\/privacy-policy\/<\/a>\u00a0<\/li>\n<\/ol>\n<\/li>\n\n\n\n<li><strong>Cel mai mic pre\u021b la care produsul a fost v\u00e2ndut \u00een ultimele 30 de zile.<\/strong>\n<ol class=\"wp-block-list\">\n<li>Determinat separat pentru fiecare promo\u021bie \u0219i \u00eenseamn\u0103 cel mai mic pre\u021b la care produsul a fost v\u00e2ndut pe site \u00een ultimele 30 de zile \u00eenainte de promo\u021bia curent\u0103.<\/li>\n\n\n\n<li>Este posibil ca produsul pentru care afi\u0219\u0103m acest pre\u021b s\u0103 fi fost achizi\u021bionat la un pre\u021b mai mic \u00een perioada anterioar\u0103, \u00een cazul \u00een care clientul a utilizat un voucher\/cod promo\u021bional suplimentar pentru o reducere individual\u0103.<\/li>\n\n\n\n<li>Acesta poate fi diferit de pre\u021bul la care produsul a fost v\u00e2ndut imediat \u00eenainte de promo\u021bia curent\u0103.<\/li>\n\n\n\n<li>Se refer\u0103 numai la pre\u021bul produsului pe site-ul oficial COCOSOLIS \u0219i nu ia \u00een considerare pre\u021burile din magazinele fizice individuale \u00een care produsul este disponibil.<\/li>\n\n\n\n<li>Poate exista o diferen\u021b\u0103 \u00eentre \u201ecel mai mic pre\u021b\u201d al aceluia\u0219i produs \u00een promo\u021bii diferite.<\/li>\n\n\n\n<li>Promo\u021biile de pe site \u0219i condi\u021biile acestora pot fi diferite de reducerile \u0219i campaniile din magazinele fizice \u00een care sunt disponibile produsele COCOSOLIS. Atunci c\u00e2nd comanda\u021bi de pe site, se aplic\u0103 numai termenii \u0219i condi\u021biile anun\u021bate pe site \u0219i aplicabile magazinului online.<\/li>\n\n\n\n<li>Pentru pachetele promo\u021bionale, \u201eCel mai mic pre\u021b din ultimele 30 de zile\u201d corespunde pre\u021bului normal al produselor incluse \u00een pachetul promo\u021bional.<\/li>\n<\/ol>\n<\/li>\n<\/ol>\n","protected":false},"excerpt":{"rendered":"<p>Termeni \u0219i condi\u021bii pentru promo\u021bia &#8222;Women&#8217;s Day Promo&#8221; \u2022 GROW Hair Growth Serum Spray \u2022 GROW Growth &amp; Anti-aging Shampoo \u2022 GROW Growth &amp; Anti-aging Conditioner \u2022 SLIM+ Shaping Serum \u2022 HOT+ Fat-burning Serum \u2022 SKIN+ Anti-cellulite Serum<\/p>\n","protected":false},"author":1000000384,"featured_media":0,"parent":464,"menu_order":0,"comment_status":"closed","ping_status":"closed","template":"","meta":{"_acf_changed":false,"footnotes":""},"page_roles":[],"class_list":["post-1001830272","page","type-page","status-publish","hentry"],"acf":[],"_links":{"self":[{"href":"https:\/\/cocosolis.com\/ro\/wp-json\/wp\/v2\/pages\/1001830272","targetHints":{"allow":["GET"]}}],"collection":[{"href":"https:\/\/cocosolis.com\/ro\/wp-json\/wp\/v2\/pages"}],"about":[{"href":"https:\/\/cocosolis.com\/ro\/wp-json\/wp\/v2\/types\/page"}],"author":[{"embeddable":true,"href":"https:\/\/cocosolis.com\/ro\/wp-json\/wp\/v2\/users\/1000000384"}],"replies":[{"embeddable":true,"href":"https:\/\/cocosolis.com\/ro\/wp-json\/wp\/v2\/comments?post=1001830272"}],"version-history":[{"count":1,"href":"https:\/\/cocosolis.com\/ro\/wp-json\/wp\/v2\/pages\/1001830272\/revisions"}],"predecessor-version":[{"id":1001830273,"href":"https:\/\/cocosolis.com\/ro\/wp-json\/wp\/v2\/pages\/1001830272\/revisions\/1001830273"}],"up":[{"embeddable":true,"href":"https:\/\/cocosolis.com\/ro\/wp-json\/wp\/v2\/pages\/464"}],"wp:attachment":[{"href":"https:\/\/cocosolis.com\/ro\/wp-json\/wp\/v2\/media?parent=1001830272"}],"wp:term":[{"taxonomy":"page_roles","embeddable":true,"href":"https:\/\/cocosolis.com\/ro\/wp-json\/wp\/v2\/page_roles?post=1001830272"}],"curies":[{"name":"wp","href":"https:\/\/api.w.org\/{rel}","templated":true}]}}