{"id":1001716701,"date":"2025-10-03T12:42:08","date_gmt":"2025-10-03T09:42:08","guid":{"rendered":"https:\/\/cocosolis.com\/ro\/?page_id=1001716701"},"modified":"2025-10-03T12:42:08","modified_gmt":"2025-10-03T09:42:08","slug":"skin-campaign-2025","status":"publish","type":"page","link":"https:\/\/cocosolis.com\/ro\/terms-of-use\/skin-campaign-2025\/","title":{"rendered":"Termeni \u0219i condi\u021bii pentru promotia &#8222;SKIN promocode&#8221;"},"content":{"rendered":"<h2><b>Termeni \u0219i condi\u021bii pentru promotia <\/b><b>&#8222;SKIN promocode&#8221;<\/b><\/h2>\n<ul>\n<li aria-level=\"1\">\n<h3><b>Organizatorul\u00a0 promo\u021biei<\/b><\/h3>\n<\/li>\n<\/ul>\n<ol>\n<li style=\"list-style-type: none;\">\n<ol>\n<li style=\"list-style-type: none;\">\n<ol>\n<li style=\"font-weight: 400;\" aria-level=\"2\"><span style=\"font-weight: 400;\">Organizatorul promo\u021biei <\/span><span style=\"font-weight: 400;\">&#8222;SKIN promocode&#8221;<\/span><span style=\"font-weight: 400;\"> este PURMERUL Ltd. cu sediul social \u0219i adresa social\u0103 \u00een Bulgaria, Plovdiv. 4002, str. Lyuleburgas 22, fl. 4, ap. 9, UIC 201172065.<\/span><\/li>\n<\/ol>\n<\/li>\n<\/ol>\n<\/li>\n<\/ol>\n<ul>\n<li aria-level=\"1\">\n<h3><b>Reguli oficiale<\/b><\/h3>\n<\/li>\n<\/ul>\n<ol>\n<li style=\"list-style-type: none;\">\n<ol>\n<li style=\"list-style-type: none;\">\n<ol>\n<li style=\"font-weight: 400;\" aria-level=\"2\"><span style=\"font-weight: 400;\">Participan\u021bii la Promo\u021bie trebuie s\u0103 respecte termenii \u0219i condi\u021biile regulilor descrise mai jos, denumite Regulile oficiale.<\/span><\/li>\n<li style=\"font-weight: 400;\" aria-level=\"2\"><span style=\"font-weight: 400;\">Regulile oficiale sunt publicate \u00eenainte de \u00eenceperea promo\u021biei pe <\/span><a href=\"http:\/\/www.cocosolis.com\/ro\/\"><span style=\"font-weight: 400;\">www.cocosolis.com\/ro\/<\/span><\/a><span style=\"font-weight: 400;\">. Mai multe informa\u021bii pot fi ob\u021binute apel\u00e2nd la +359 2 862 11 64 (rata de apelare telefonic\u0103 este determinat\u0103 conform planului tarifar al apelantului) \u00een fiecare zi lucr\u0103toare, \u00eentre orele 09:30 &#8211; 18:00.<\/span><\/li>\n<li style=\"font-weight: 400;\" aria-level=\"2\"><span style=\"font-weight: 400;\">Organizatorul promotiei \u00ee\u0219i p\u0103streaz\u0103 \u00een orice moment dreptul de a modifica Regulile oficiale\u00a0 sau de a ad\u0103uga, prin anun\u021b public.<\/span><\/li>\n<\/ol>\n<\/li>\n<\/ol>\n<\/li>\n<\/ol>\n<ul>\n<li aria-level=\"1\">\n<h3><b>Teritoriul promotiei<\/b><\/h3>\n<\/li>\n<\/ul>\n<ol>\n<li style=\"list-style-type: none;\">\n<ol>\n<li style=\"list-style-type: none;\">\n<ol>\n<li style=\"font-weight: 400;\" aria-level=\"2\"><span style=\"font-weight: 400;\">Promotia este organizat\u0103 \u0219i sustinuta pe teritoriul Romaniei.<\/span><\/li>\n<\/ol>\n<\/li>\n<\/ol>\n<\/li>\n<\/ol>\n<ul>\n<li aria-level=\"1\">\n<h3><b>Dreptul de a participa<\/b><\/h3>\n<\/li>\n<\/ul>\n<ol>\n<li style=\"list-style-type: none;\">\n<ol>\n<li style=\"list-style-type: none;\">\n<ol>\n<li style=\"font-weight: 400;\" aria-level=\"2\"><span style=\"font-weight: 400;\">Toate persoanele cu v\u00e2rsta de 18 ani sau mai mari cu domiciliul pe teritoriul Romaniei sunt eligibile s\u0103 participe la promo\u021bie.<\/span><\/li>\n<li style=\"font-weight: 400;\" aria-level=\"2\"><span style=\"font-weight: 400;\">Angaja\u021bii PURMERUL Ltd., to\u021bi partenerii \u0219i agen\u021biile aferente Promo\u021biei, precum \u0219i membrii de familie ai tuturor persoanelor men\u021bionate mai sus nu au voie s\u0103 participe la Promo\u021bie.<\/span><\/li>\n<\/ol>\n<\/li>\n<\/ol>\n<\/li>\n<\/ol>\n<ul>\n<li aria-level=\"1\">\n<h3><b>Durata promo\u021biei<\/b><\/h3>\n<\/li>\n<\/ul>\n<ol>\n<li style=\"list-style-type: none;\">\n<ol>\n<li style=\"list-style-type: none;\">\n<ol>\n<li style=\"font-weight: 400;\" aria-level=\"2\"><span style=\"font-weight: 400;\">Promo\u021bia este valabil\u0103 \u00een limita stocului disponibil.<\/span><\/li>\n<\/ol>\n<\/li>\n<\/ol>\n<\/li>\n<\/ol>\n<ul>\n<li aria-level=\"1\">\n<h3><b>Produse participante<\/b><\/h3>\n<\/li>\n<\/ul>\n<ol>\n<li style=\"list-style-type: none;\">\n<ol>\n<li style=\"list-style-type: none;\">\n<ol>\n<li style=\"font-weight: 400;\" aria-level=\"2\"><span style=\"font-weight: 400;\">Promo\u021bia include toate produsele disponibile pe site-ul <\/span><a href=\"http:\/\/www.cocosolis.com\/ro\/\"><span style=\"font-weight: 400;\">www.cocosolis.com\/ro\/<\/span><\/a><span style=\"font-weight: 400;\">.<\/span><\/li>\n<\/ol>\n<\/li>\n<\/ol>\n<\/li>\n<\/ol>\n<ul>\n<li aria-level=\"1\">\n<h3><b>Descrierea promo\u021biei \u0219i mecanismul de participare la promo\u021bie<\/b><\/h3>\n<\/li>\n<\/ul>\n<ol>\n<li style=\"list-style-type: none;\">\n<ol>\n<li style=\"list-style-type: none;\">\n<ol>\n<li style=\"font-weight: 400;\" aria-level=\"2\"><span style=\"font-weight: 400;\">Promo\u021bia este valabil\u0103 doar pentru produsele din categoria SKIN. Promo\u021bia ofer\u0103 15% reducere la achizi\u021bia unui produs, 20% reducere la achizi\u021bia a dou\u0103 produse \u0219i 30% reducere la achizi\u021bia a trei sau mai multe produse din categoria SKIN. Pentru a beneficia de condi\u021biile promo\u021bionale, clientul trebuie s\u0103 selecteze produsele dorite \u0219i s\u0103 introduc\u0103 codul promo\u021bional pentru a primi reducerea corespunz\u0103toare. La modificarea num\u0103rului de produse SKIN din co\u0219, procentul de reducere se schimb\u0103 corespunz\u0103tor condi\u021biilor promo\u021bionale descrise. La ad\u0103ugarea produselor individuale din categoria SKIN, clientul trebuie s\u0103 introduc\u0103 codul promo\u021bional pentru ca reducerea s\u0103 se aplice. La ad\u0103ugarea pachetelor promo\u021bionale, reducerea corespunz\u0103toare se aplic\u0103 automat \u00een func\u021bie de num\u0103rul de produse din pachet. Oferta este valabil\u0103 numai pe site-ul oficial COCOSOLIS, \u00een limita stocului disponibil.<\/span><\/li>\n<li style=\"font-weight: 400;\" aria-level=\"2\"><span style=\"font-weight: 400;\">Pentru a beneficia de promo\u021bie, pe l\u00e2ng\u0103 <\/span><a href=\"https:\/\/cocosolis.com\/ro\/\"><span style=\"font-weight: 400;\">https:\/\/cocosolis.com\/ro\/<\/span><\/a><span style=\"font-weight: 400;\">, participan\u021bii pot plasa \u0219i comanda \u00een urm\u0103toarele moduri:<\/span>\n<ol>\n<li style=\"font-weight: 400;\" aria-level=\"3\"><span style=\"font-weight: 400;\">sun\u00e2nd la +359 2 862 11 64<\/span><\/li>\n<li style=\"font-weight: 400;\" aria-level=\"3\"><span style=\"font-weight: 400;\">prin trimiterea unui mesaj privat c\u0103tre profilul de Facebook al COCOSOLIS: <\/span><a href=\"http:\/\/www.facebook.com\/cocosolisro\"><span style=\"font-weight: 400;\">www.facebook.com\/cocosolisro<\/span><\/a><span style=\"font-weight: 400;\">\u00a0<\/span><\/li>\n<li style=\"font-weight: 400;\" aria-level=\"3\"><span style=\"font-weight: 400;\">prin trimiterea unui mesaj personal profilului de Instagram al COCOSOLIS: <\/span><a href=\"http:\/\/www.instagram.com\/cocosolis.official\"><span style=\"font-weight: 400;\">www.instagram.com\/cocosolis.official<\/span><\/a><span style=\"font-weight: 400;\">\u00a0\u00a0\u00a0\u00a0<\/span><\/li>\n<\/ol>\n<\/li>\n<li style=\"font-weight: 400;\" aria-level=\"2\"><span style=\"font-weight: 400;\">Livrarea se face prin intermediul companiei de curierat URGENT CARGUS la adresa dat\u0103 de participant sau la oficiul de curierat ales de Participant. Dac\u0103 utilizatorul nu ofer\u0103 acces \u0219i condi\u021bii pentru livrarea m\u0103rfii la adresa specificat\u0103 \u00een termenul specificat sau nu merge la biroul specificat al companiei de curierat URGENT CARGUS, pentru a primi m\u0103rfurile in timp, Organizatorul va fi: eliberat de obliga\u021bia de a \u00eendeplini livrarea solicitat\u0103.<\/span><\/li>\n<li style=\"font-weight: 400;\" aria-level=\"2\"><span style=\"font-weight: 400;\">Toate celelalte oferte standard \u0219i pachete promotinale \u0219i coduri promo\u021bionale NU sunt valabile \u00een perioada de promotiei men\u021bionate la articolul 5.<\/span><\/li>\n<\/ol>\n<\/li>\n<\/ol>\n<\/li>\n<\/ol>\n<ul>\n<li aria-level=\"1\">\n<h3><b>Controale \u0219i r\u0103spundere<\/b><\/h3>\n<\/li>\n<\/ul>\n<ol>\n<li style=\"list-style-type: none;\">\n<ol>\n<li style=\"list-style-type: none;\">\n<ol>\n<li style=\"font-weight: 400;\" aria-level=\"2\"><span style=\"font-weight: 400;\">Controversele dintre organizator \u0219i participan\u021bi la acela\u0219i lucru se solu\u021bioneaz\u0103 de comun acord. Ne\u00eendeplinirea unui astfel de acord va duce la remiterea instan\u021belor competente din tara Romania.<\/span><\/li>\n<li style=\"font-weight: 400;\" aria-level=\"2\"><span style=\"font-weight: 400;\">Organizatorul nu va fi responsabil pentru furnizarea de premii depuse \u00een termenele \u0219i cantit\u0103\u021bile specificate \u00een aceste reguli.\u00a0<\/span><\/li>\n<li style=\"font-weight: 400;\" aria-level=\"2\"><span style=\"font-weight: 400;\">Organizatorul promotiei nu este responsabil dac\u0103 participantul are o adres\u0103 de e-mail dezactivat\u0103 sau necorespunz\u0103toare sau un num\u0103r de telefon de contact.<\/span><\/li>\n<\/ol>\n<\/li>\n<\/ol>\n<\/li>\n<\/ol>\n<ul>\n<li aria-level=\"1\">\n<h3><b>\u00cenlocuirea \u0219i returnarea produsului<\/b><\/h3>\n<\/li>\n<\/ul>\n<ol>\n<li style=\"list-style-type: none;\">\n<ol>\n<li style=\"list-style-type: none;\">\n<ol>\n<li style=\"font-weight: 400;\" aria-level=\"2\"><span style=\"font-weight: 400;\">\u00cen conformitate cu legea privind protec\u021bia consumatorului, participantul are dreptul de a returna produsele achizi\u021bionate f\u0103r\u0103 penalit\u0103\u021bi \u0219i f\u0103r\u0103 a fi necesar s\u0103 explice niciun motiv. Este necesar\u0103 informarea COCOSOLIS.COM \u00een termen de paisprezece (14) zile de la data primirii expedierii.<\/span><\/li>\n<li style=\"font-weight: 400;\" aria-level=\"2\"><span style=\"font-weight: 400;\">Produsele returnate trebuie trimise \u00eenapoi la COCOSOLIS \u00een termen de \u0219apte (7) zile de la data la care au fost trimise informa\u021bii cu privire la decizia de returnare a produselor achizi\u021bionate.<\/span><\/li>\n<li style=\"font-weight: 400;\" aria-level=\"2\"><span style=\"font-weight: 400;\">\u00cen unele circumstan\u021be, este posibil s\u0103 schimba\u021bi un produs cu altul.\u00a0<\/span><\/li>\n<li style=\"font-weight: 400;\" aria-level=\"2\"><span style=\"font-weight: 400;\">V\u0103 rug\u0103m s\u0103 citi\u021bi termenii completi ai politicii noastre de returnare \u0219i schimb aici: <\/span><a href=\"https:\/\/cocosolis.com\/ro\/return-policy\/\"><span style=\"font-weight: 400;\">https:\/\/cocosolis.com\/ro\/return-policy\/<\/span><\/a><span style=\"font-weight: 400;\">\u00a0<\/span><\/li>\n<\/ol>\n<\/li>\n<\/ol>\n<\/li>\n<\/ol>\n<ul>\n<li aria-level=\"1\">\n<h3><b>Dreptul de desf\u0103\u0219urare \u0219i \u00eencheierea promo\u021bie<\/b><\/h3>\n<\/li>\n<\/ul>\n<ol>\n<li style=\"list-style-type: none;\">\n<ol>\n<li style=\"list-style-type: none;\">\n<ol>\n<li style=\"font-weight: 400;\" aria-level=\"2\"><span style=\"font-weight: 400;\">Organizatorul are dreptul irevocabil de a \u00eencheia promo\u021bia \u00een orice moment, anun\u021b\u00e2nd acest lucru \u00een concordan\u021b\u0103 cu punctul 2 a acestor reguli oficiale, \u00een caz de abuz, \u00eenc\u0103lcare a regulilor, precum \u0219i \u00een caz de for\u021b\u0103 major\u0103 sau alte motive obiective. \u00cen caz de abuz, comportament necorespunz\u0103tor sau \u00eenc\u0103lcarea Regulilor oficiale de c\u0103tre un participant, Organizatorul are dreptul s\u0103-l descalifice. \u00cen aceste cazuri, nu se datoreaz\u0103 nicio compensa\u021bie participan\u021bilor.<\/span><\/li>\n<\/ol>\n<\/li>\n<\/ol>\n<\/li>\n<\/ol>\n<ul>\n<li aria-level=\"1\">\n<h3><b>Protec\u021bia datelor cu caracter personal. Publicitate\u00a0<\/b><\/h3>\n<\/li>\n<\/ul>\n<ol>\n<li style=\"list-style-type: none;\">\n<ol>\n<li style=\"list-style-type: none;\">\n<ol>\n<li style=\"font-weight: 400;\" aria-level=\"2\"><span style=\"font-weight: 400;\">V\u0103 rug\u0103m s\u0103 citi\u021bi termenii \u0219i condi\u021biile complete ale politicii noastre de confiden\u021bialitate aici: <\/span><a href=\"https:\/\/cocosolis.com\/ro\/privacy-policy\/\"><span style=\"font-weight: 400;\">https:\/\/cocosolis.com\/ro\/privacy-policy\/<\/span><\/a><span style=\"font-weight: 400;\">\u00a0<\/span><\/li>\n<\/ol>\n<\/li>\n<\/ol>\n<\/li>\n<\/ol>\n<ul>\n<li aria-level=\"1\">\n<h3><b>Cel mai mic pre\u021b la care produsul a fost v\u00e2ndut \u00een ultimele 30 de zile.<\/b><\/h3>\n<\/li>\n<\/ul>\n<ol>\n<li style=\"list-style-type: none;\">\n<ol>\n<li style=\"font-weight: 400;\" aria-level=\"2\"><span style=\"font-weight: 400;\">Determinat separat pentru fiecare promo\u021bie \u0219i \u00eenseamn\u0103 cel mai mic pre\u021b la care produsul a fost v\u00e2ndut pe site \u00een ultimele 30 de zile \u00eenainte de promo\u021bia curent\u0103.<\/span><\/li>\n<li style=\"font-weight: 400;\" aria-level=\"2\"><span style=\"font-weight: 400;\">Este posibil ca produsul pentru care afi\u0219\u0103m acest pre\u021b s\u0103 fi fost achizi\u021bionat la un pre\u021b mai mic \u00een perioada anterioar\u0103, \u00een cazul \u00een care clientul a utilizat un voucher\/cod promo\u021bional suplimentar pentru o reducere individual\u0103.<\/span><\/li>\n<li style=\"font-weight: 400;\" aria-level=\"2\"><span style=\"font-weight: 400;\">Acesta poate fi diferit de pre\u021bul la care produsul a fost v\u00e2ndut imediat \u00eenainte de promo\u021bia curent\u0103.<\/span><\/li>\n<li style=\"font-weight: 400;\" aria-level=\"2\"><span style=\"font-weight: 400;\">Se refer\u0103 numai la pre\u021bul produsului pe site-ul oficial COCOSOLIS \u0219i nu ia \u00een considerare pre\u021burile din magazinele fizice individuale \u00een care produsul este disponibil.<\/span><\/li>\n<li style=\"font-weight: 400;\" aria-level=\"2\"><span style=\"font-weight: 400;\">Poate exista o diferen\u021b\u0103 \u00eentre \u201ecel mai mic pre\u021b\u201d al aceluia\u0219i produs \u00een promo\u021bii diferite.<\/span><\/li>\n<li style=\"font-weight: 400;\" aria-level=\"2\"><span style=\"font-weight: 400;\">Promo\u021biile de pe site \u0219i condi\u021biile acestora pot fi diferite de reducerile \u0219i campaniile din magazinele fizice \u00een care sunt disponibile produsele COCOSOLIS. Atunci c\u00e2nd comanda\u021bi de pe site, se aplic\u0103 numai termenii \u0219i condi\u021biile anun\u021bate pe site \u0219i aplicabile magazinului online.<\/span><\/li>\n<li style=\"font-weight: 400;\" aria-level=\"2\"><span style=\"font-weight: 400;\">Pentru pachetele promo\u021bionale, \u201eCel mai mic pre\u021b din ultimele 30 de zile\u201d corespunde pre\u021bului normal al produselor incluse \u00een pachetul promo\u021bional.<\/span><\/li>\n<\/ol>\n<\/li>\n<\/ol>\n","protected":false},"excerpt":{"rendered":"<p>Termeni \u0219i condi\u021bii pentru promotia &#8222;SKIN promocode&#8221; Organizatorul\u00a0 promo\u021biei Organizatorul promo\u021biei &#8222;SKIN promocode&#8221; este PURMERUL Ltd. cu sediul social \u0219i adresa social\u0103 \u00een Bulgaria, Plovdiv. 4002, str. Lyuleburgas 22, fl. 4, ap. 9, UIC 201172065. Reguli oficiale Participan\u021bii la Promo\u021bie trebuie s\u0103 respecte termenii \u0219i condi\u021biile regulilor descrise mai jos, denumite Regulile oficiale. Regulile oficiale &hellip; <a href=\"https:\/\/cocosolis.com\/ro\/terms-of-use\/skin-campaign-2025\/\">Continued<\/a><\/p>\n","protected":false},"author":1000000384,"featured_media":0,"parent":464,"menu_order":0,"comment_status":"closed","ping_status":"closed","template":"","meta":{"_acf_changed":false,"footnotes":""},"page_roles":[],"class_list":["post-1001716701","page","type-page","status-publish","hentry"],"acf":[],"_links":{"self":[{"href":"https:\/\/cocosolis.com\/ro\/wp-json\/wp\/v2\/pages\/1001716701","targetHints":{"allow":["GET"]}}],"collection":[{"href":"https:\/\/cocosolis.com\/ro\/wp-json\/wp\/v2\/pages"}],"about":[{"href":"https:\/\/cocosolis.com\/ro\/wp-json\/wp\/v2\/types\/page"}],"author":[{"embeddable":true,"href":"https:\/\/cocosolis.com\/ro\/wp-json\/wp\/v2\/users\/1000000384"}],"replies":[{"embeddable":true,"href":"https:\/\/cocosolis.com\/ro\/wp-json\/wp\/v2\/comments?post=1001716701"}],"version-history":[{"count":1,"href":"https:\/\/cocosolis.com\/ro\/wp-json\/wp\/v2\/pages\/1001716701\/revisions"}],"predecessor-version":[{"id":1001716702,"href":"https:\/\/cocosolis.com\/ro\/wp-json\/wp\/v2\/pages\/1001716701\/revisions\/1001716702"}],"up":[{"embeddable":true,"href":"https:\/\/cocosolis.com\/ro\/wp-json\/wp\/v2\/pages\/464"}],"wp:attachment":[{"href":"https:\/\/cocosolis.com\/ro\/wp-json\/wp\/v2\/media?parent=1001716701"}],"wp:term":[{"taxonomy":"page_roles","embeddable":true,"href":"https:\/\/cocosolis.com\/ro\/wp-json\/wp\/v2\/page_roles?post=1001716701"}],"curies":[{"name":"wp","href":"https:\/\/api.w.org\/{rel}","templated":true}]}}