{"id":1000027813,"date":"2023-04-01T18:26:30","date_gmt":"2023-04-01T15:26:30","guid":{"rendered":"https:\/\/cocosolis.com\/ro\/?page_id=1000027813"},"modified":"2023-04-10T10:12:42","modified_gmt":"2023-04-10T07:12:42","slug":"loyalty-terms","status":"publish","type":"page","link":"https:\/\/cocosolis.com\/ro\/terms-of-use\/loyalty-terms\/","title":{"rendered":"Condi\u021bii guverneaz\u0103 Programul de loialitate"},"content":{"rendered":"<h2>Condi\u021bii guverneaz\u0103 Programul de loialitate<\/h2>\n<p>1. Ace\u0219ti termeni \u0219i condi\u021bii guverneaz\u0103 Programul de loialitate COCOSOLIS, care include colectarea de Puncte din Programul de loialitate (\u201ePuncte\u201d) \u0219i orice recompense din Programul de loialitate.<\/p>\n<p>2. Programul de loialitate este destinat uzului personal doar pentru a recompensa clien\u021bii Site-ului www.cocosolis.com cu recompense \u0219i Puncte bazate pe cheltuieli \u0219i activit\u0103\u021bi pe Site \u0219i \u00een re\u021belele sociale. Orice tranzac\u021bie sau activitate pe alte site-uri nu va c\u00e2\u0219tiga niciun punct.<\/p>\n<p>3. Programul de loialitate este deschis tuturor clien\u021bilor Site-ului cu v\u00e2rsta de 18 ani sau peste.<\/p>\n<p>4. Ve\u021bi fi \u00eenscris automat \u00een Programul de loialitate atunci c\u00e2nd v\u0103 crea\u021bi un cont online sau v\u0103 conecta\u021bi la un cont online existent pe site-ul www.cocosolis.com. Membrii au dreptul la un singur cont Program de loialitate pe site-ul www.cocosolis.com. Ne rezerv\u0103m dreptul de a refuza, \u00eembina sau \u00eenchide conturi suplimentare \u00een orice moment \u0219i de a pierde Punctele emise pentru astfel de conturi f\u0103r\u0103 r\u0103spundere.<\/p>\n<p>5. Ve\u021bi \u00eencepe s\u0103 c\u00e2\u0219tiga\u021bi puncte atunci c\u00e2nd v\u0103 \u00eenscrie\u021bi \u00een Programul de loialitate.<\/p>\n<p>6. Punctele sunt emise de \u0219i r\u0103m\u00e2n proprietatea COCOSOLIS, care poate, \u00een orice moment, s\u0103 rezilieze sau s\u0103 modifice func\u021bionarea Programului de loialitate sau s\u0103 modifice ace\u0219ti Termeni \u0219i Condi\u021bii \u0219i v\u0103 va notifica \u00een mod rezonabil orice modific\u0103ri. C\u00e2\u0219tigul de puncte va fi considerat ca acceptare a Termenilor \u0219i condi\u021biilor revizuite.<\/p>\n<p>7. Pute\u021bi renun\u021ba la Programul de loialitate \u00een orice moment, \u0219terg\u00e2ndu-v\u0103 contul de pe site-ul nostru web sau trimi\u021b\u00e2nd un e-mail la dpo@cocosolis.com.<\/p>\n<h3>PROGRAM DE FIDEALITATE. C\u00c2\u0218TIGAREA PUNCTELOR<\/h3>\n<p>8. Ve\u021bi c\u00e2\u0219tiga Puncte prin \u00eenregistrarea pe site-ul nostru, recomandarea unui prieten, recenzia produselor, urm\u0103rirea noastr\u0103 pe re\u021belele de socializare, de ziua dvs. de na\u0219tere \u0219i achizi\u021bionarea de produse de pe Site-ul www.cocosolis.com<\/p>\n<p>9. \u00a0\u00cen func\u021bie de nivelul pe care l-a\u021bi atins, ve\u021bi c\u00e2\u0219tiga \u00eentre unul \u0219i dou\u0103 puncte pentru fiecare 1 lei.<\/p>\n<p>10. Pentru a c\u00e2\u0219tiga puncte la achizi\u021bii \u0219i activitatea Dvs. pe site-ul www.cocosolis.com, trebuie s\u0103 fi\u021bi conectat la contul Dvs. \u00een momentul achizi\u021biei sau \u00een momentul activit\u0103\u021bii.<\/p>\n<p>11. Punctele vor fi ad\u0103ugate \u00een contul dvs. \u00een 24 de ore de la:<\/p>\n<ul style=\"margin-left: 2rem;\">\n<li>publicarea online a recenziei dvs.<\/li>\n<li>finalizarea unei achizi\u021bii de la prietenul recomandat<\/li>\n<li>publicarea online a recenziei dvs.<\/li>\n<\/ul>\n<p>12. Pentru toate celelalte activit\u0103\u021bi care v\u0103 acord\u0103 puncte, punctele sunt ad\u0103ugate instantaneu \u00een contul dvs<\/p>\n<p>13. \u00cen cazul \u00een care o rambursare este emis\u0103 \u00een conformitate cu Politica de retur de pe site, orice Puncte pe care le-a\u021bi c\u00e2\u0219tigat pentru achizi\u021bia rambursat\u0103 vor fi deduse din contul dvs.<\/p>\n<p>14. Ocazional, putem oferi promo\u021bii prin care pute\u021bi c\u00e2\u0219tiga Puncte suplimentare. Orice astfel de promo\u021bie va fi supus\u0103 termenilor \u0219i condi\u021biilor emise cu promo\u021bia respectiv\u0103.<\/p>\n<p>15. COCOSOLIS poate stabili o limit\u0103 a num\u0103rului de momente \u00een care pot fi acordate puncte pentru articolele promo\u021bionale pentru care sunt disponibile puncte suplimentare. Promo\u021biile individuale pot avea limite diferite, a\u0219a cum sunt comunicate \u00een condi\u021biile lor de cump\u0103rare. Orice participare la oferte promo\u021bionale mai presus de ceea ce ar putea fi considerat \u00een mod obiectiv comportamentul consumatorului sau utilizarea personal\u0103 poate fi considerat\u0103 abuz al Programului de loialitate.<\/p>\n<p>16. Pute\u021bi verifica oric\u00e2nd soldul dvs. de puncte prin intermediul contului dvs. de pe site.<\/p>\n<p>17. Punctele nu sunt transferabile.<\/p>\n<h3>PROGRAM DE FIDEALITATE. PUNCTE EXPIRARE<\/h3>\n<p>18. Punctele vor expira 365 de zile de inactivitate \u00een Programul de loialitate.<\/p>\n<h3>PROGRAM DE FIDEALITATE. NIVELURI<\/h3>\n<p>19. Vi se va atribui un nivel (\u201eNivel\u201d) pe baza sumei cheltuite pe site-ul nostru.<\/p>\n<p>20. Ve\u021bi r\u0103m\u00e2ne la nivelul dvs., cu excep\u021bia cazului \u00een care soldul acumulat de puncte sau suma cheltuit\u0103 este necesar\u0103 pentru a atinge un prag de nivel mai ridicat, ceea ce va duce la intrarea \u00eentr-un nou nivel.<\/p>\n<p>21. Nivelul dvs. este limitat la nivelurile de cheltuieli \u0219i de activitate din contul dvs. Orice cheltuial\u0103 sau activitate \u00een afara contului dvs. nu va contribui la nivelul dvs.<\/p>\n<h3>PROGRAM DE FIDEALITATE. DESCALIFICARE, ANULARE \u0218I RETRAGERE<\/h3>\n<p>22. COCOSOLIS poate refuza s\u0103 emit\u0103, s\u0103 retrag\u0103 puncte (sub orice form\u0103) \u0219i\/sau s\u0103 elimine un Membru din Programul de loialitate \u00een orice moment, \u00een cazul \u00een care crede \u00een mod rezonabil c\u0103:<\/p>\n<ul style=\"margin-left: 2rem;\">\n<li>orice abuz sau tentativ\u0103 de abuz a Programului de loialitate;<\/li>\n<li>orice \u00eenc\u0103lcare sau \u00eencercare de \u00eenc\u0103lcare a acestor Termeni \u0219i Condi\u021bii;<\/li>\n<li>orice comportament legat de Programul de loialitate care implic\u0103 furt, abatere, comportament abuziv sau ofensator sau furnizarea de informa\u021bii false sau \u00een\u0219el\u0103toare;<\/li>\n<li>au fost acordate din gre\u0219eal\u0103.<\/li>\n<\/ul>\n","protected":false},"excerpt":{"rendered":"<p>Condi\u021bii guverneaz\u0103 Programul de loialitate 1. Ace\u0219ti termeni \u0219i condi\u021bii guverneaz\u0103 Programul de loialitate COCOSOLIS, care include colectarea de Puncte din Programul de loialitate (\u201ePuncte\u201d) \u0219i orice recompense din Programul de loialitate. 2. Programul de loialitate este destinat uzului personal doar pentru a recompensa clien\u021bii Site-ului www.cocosolis.com cu recompense \u0219i Puncte bazate pe cheltuieli \u0219i &hellip; <a href=\"https:\/\/cocosolis.com\/ro\/terms-of-use\/loyalty-terms\/\">Continued<\/a><\/p>\n","protected":false},"author":3,"featured_media":0,"parent":464,"menu_order":0,"comment_status":"closed","ping_status":"closed","template":"","meta":{"_acf_changed":false,"footnotes":""},"page_roles":[],"class_list":["post-1000027813","page","type-page","status-publish","hentry"],"acf":[],"_links":{"self":[{"href":"https:\/\/cocosolis.com\/ro\/wp-json\/wp\/v2\/pages\/1000027813","targetHints":{"allow":["GET"]}}],"collection":[{"href":"https:\/\/cocosolis.com\/ro\/wp-json\/wp\/v2\/pages"}],"about":[{"href":"https:\/\/cocosolis.com\/ro\/wp-json\/wp\/v2\/types\/page"}],"author":[{"embeddable":true,"href":"https:\/\/cocosolis.com\/ro\/wp-json\/wp\/v2\/users\/3"}],"replies":[{"embeddable":true,"href":"https:\/\/cocosolis.com\/ro\/wp-json\/wp\/v2\/comments?post=1000027813"}],"version-history":[{"count":13,"href":"https:\/\/cocosolis.com\/ro\/wp-json\/wp\/v2\/pages\/1000027813\/revisions"}],"predecessor-version":[{"id":1000050103,"href":"https:\/\/cocosolis.com\/ro\/wp-json\/wp\/v2\/pages\/1000027813\/revisions\/1000050103"}],"up":[{"embeddable":true,"href":"https:\/\/cocosolis.com\/ro\/wp-json\/wp\/v2\/pages\/464"}],"wp:attachment":[{"href":"https:\/\/cocosolis.com\/ro\/wp-json\/wp\/v2\/media?parent=1000027813"}],"wp:term":[{"taxonomy":"page_roles","embeddable":true,"href":"https:\/\/cocosolis.com\/ro\/wp-json\/wp\/v2\/page_roles?post=1000027813"}],"curies":[{"name":"wp","href":"https:\/\/api.w.org\/{rel}","templated":true}]}}