{"id":408,"date":"2022-05-06T14:49:07","date_gmt":"2022-05-06T13:49:07","guid":{"rendered":"http:\/\/cocosolis.com\/en\/?post_type=product&#038;p=408"},"modified":"2026-04-06T14:28:46","modified_gmt":"2026-04-06T13:28:46","slug":"hair-oil-mask-3in1","status":"publish","type":"product","link":"https:\/\/cocosolis.com\/pt\/product\/hair-oil-mask-3in1\/","title":{"rendered":"HAIR Oil Mask 3in1"},"content":{"rendered":"","protected":false},"excerpt":{"rendered":"","protected":false},"featured_media":1000004562,"template":"","meta":{"_acf_changed":false},"product_brand":[],"product_cat":[17],"product_tag":[],"product_template":[68],"class_list":{"0":"post-408","1":"product","2":"type-product","3":"status-publish","4":"has-post-thumbnail","6":"product_cat-hair","7":"product_template-v-2024-clean","9":"first","10":"instock","11":"shipping-taxable","12":"purchasable","13":"product-type-simple"},"acf":{"_v2024__listing_and_sharing_info__listing_category":"HAIR","_v2024__listing_and_sharing_info__product_type":"Oil Mask 3in1","_v2024__listing__and_sharing_info__listing_below_title_in_product_page":"M\u00e1scara de \u00f3leo natural 3 em 1 para cuidados intensivos nutri\u00e7\u00e3o e repara\u00e7\u00e3o capilar.","_v2024__listing_and_sharing_info__listing_description":"M\u00e1scara de \u00f3leo natural 3 em 1 para cuidados intensivos nutri\u00e7\u00e3o e repara\u00e7\u00e3o capilar.","_v2024__listing_and_sharing_info__image":1000000381,"_v2024__product_hero__hero_type":"carousel","_v2024__product_hero__product_slider_gallery":[{"_v2024__product_hero__product_slider_gallery__image":1000006601,"_v2024__product_hero__product_slider_gallery__video_link":""},{"_v2024__product_hero__product_slider_gallery__image":1000006602,"_v2024__product_hero__product_slider_gallery__video_link":""},{"_v2024__product_hero__product_slider_gallery__image":1000006603,"_v2024__product_hero__product_slider_gallery__video_link":""},{"_v2024__product_hero__product_slider_gallery__image":1000006604,"_v2024__product_hero__product_slider_gallery__video_link":""},{"_v2024__product_hero__product_slider_gallery__image":1000006605,"_v2024__product_hero__product_slider_gallery__video_link":""},{"_v2024__product_hero__product_slider_gallery__image":1000006606,"_v2024__product_hero__product_slider_gallery__video_link":""},{"_v2024__product_hero__product_slider_gallery__image":1000006608,"_v2024__product_hero__product_slider_gallery__video_link":"https:\/\/player.vimeo.com\/progressive_redirect\/playback\/1042811061\/rendition\/720p\/file.mp4?loc=external&amp;log_user=0&amp;signature=f307ae7c801c47969eddf592f0e486ea5d4552a653602b61c6e1c61e5a8a8959&amp;user_id=110095091"}],"_v2024__before_and_after_image":1000006531,"_v2024__before_and_after_image_mobile":1000006532,"_v2024__product_hero__quantity":"110 ML","_v2024__product_hero__product_disclamer":"","_v2024__why_use__should_show":"visible","_v2024__why_use__description_text":"Repara e restaura o cabelo danificado. Previne o frizz, as pontas espigadas e os n\u00f3s. Proporciona brilho e suavidade sedosa.","_v2024__why_use__text_content":"<ul>\r\n \t<li>Use semanalmente para tratamento de pr\u00e9-lavagem com \u00f3leo profundo do couro cabeludo e cabelo para curar e reparar intensamente<\/li>\r\n \t<li>Use uma gota ap\u00f3s o banho para pontas muito secas<\/li>\r\n \t<li>Na praia, evita que os cabelos sequem e desidratem ao mesmo tempo que nutre<\/li>\r\n \t<li>Apresenta uma mistura especial de sete \u00f3leos org\u00e2nicos naturais enriquecidos com vitamina E natural<\/li>\r\n \t<li>Um fornecedor natural de vitaminas, minerais, subst\u00e2ncias bioativas e antioxidantes<\/li>\r\n \t<li>Com aroma de leite de coco<\/li>\r\n<\/ul>","_v2024__why_use__product_notes_and_remarks":"","_v2024__why_use__background_color":"#FBF1EB","_v2024__why_use__heading_color":"#816c65","_v2024__why_use__text_color":"#816c65","_v2024__why_use__image_desktop":1000006690,"_v2024__why_use__image_mobile":1000006691,"_v2024__stats_show":false,"_v2024__stats_repeater":null,"_v2024__stats_repeater_disclaimer":null,"_v2024__benefits__icons_repeater":[{"_v2024__benefit__icons_repeater_icon":1000006749,"_v2024__benefit__icons_repeater_text":"DEIXA O CABELO BRILHANTE E SEDOSO"},{"_v2024__benefit__icons_repeater_icon":1000006740,"_v2024__benefit__icons_repeater_text":"NUTRE E REPARA INTENSIVAMENTE"},{"_v2024__benefit__icons_repeater_icon":1000006746,"_v2024__benefit__icons_repeater_text":"INGREDIENTES ORG\u00c2NICOS E NATURAIS"},{"_v2024__benefit__icons_repeater_icon":1000006734,"_v2024__benefit__icons_repeater_text":"AROMA SUAVE DE COCO"}],"_v2024__image_ingreddients__intro_text":"Uma combina\u00e7\u00e3o de \u00f3leos org\u00e2nicos que complementam as suas propriedades, proporcionando brilho, maciez e vitalidade percept\u00edveis aos cabelos desde o primeiro uso.","_v2024__image_ingreddients__additional_description":"","_v2024__image_ingreddients__disclamer_inner":"","_v2024__image_ingredients__repeater":[{"_v2024__image_ingredients__ingredient_image":1000006710,"_v2024__image_ingredients__ingredient_title":"\u00d3LEO DE CAM\u00c9LIA","_v2024__image_ingredients__ingredient_description":"Um \u00f3leo nutritivo que penetra facilmente nos cabelos, proporcionando volume, maciez e prote\u00e7\u00e3o duradoura"},{"_v2024__image_ingredients__ingredient_image":1000006728,"_v2024__image_ingredients__ingredient_title":"\u00d3LEO DE TAMANU","_v2024__image_ingredients__ingredient_description":"Acalma irrita\u00e7\u00f5es no couro cabeludo, \u00e9 rapidamente absorvido sem deixar res\u00edduos oleosos e melhora a maleabilidade do cabelo."},{"_v2024__image_ingredients__ingredient_image":1000006717,"_v2024__image_ingredients__ingredient_title":"\u00d3LEO DE JOJOBA","_v2024__image_ingredients__ingredient_description":"Fortes propriedades de regenera\u00e7\u00e3o e equil\u00edbrio de sebo para couro cabeludo saud\u00e1vel e cabelos brilhantes."},{"_v2024__image_ingredients__ingredient_image":1000006707,"_v2024__image_ingredients__ingredient_title":"\u00d3LEO DE ARG\u00c3O","_v2024__image_ingredients__ingredient_description":"Fornece vitaminas e \u00e1cidos graxos ao cabelo e couro cabeludo e protege-os dos efeitos nocivos do sol e do vento."},{"_v2024__image_ingredients__ingredient_image":1000006712,"_v2024__image_ingredients__ingredient_title":"\u00d3LEO DE COCO","_v2024__image_ingredients__ingredient_description":"Nutre e hidrata, protege dos danos causados \u200b\u200bpelo sol e torna o cabelo sedoso, macio e resistente."},{"_v2024__image_ingredients__ingredient_image":1000006724,"_v2024__image_ingredients__ingredient_title":"AZEITE sau altfel","_v2024__image_ingredients__ingredient_description":"Hidrata, fortalece e nutre os cabelos. Protege do sol e dos efeitos dos tratamentos t\u00e9rmicos, como o alisamento e ondula\u00e7\u00e3o."},{"_v2024__image_ingredients__ingredient_image":1000006706,"_v2024__image_ingredients__ingredient_title":"\u00d3LEO DE AMENDOA DOCE","_v2024__image_ingredients__ingredient_description":"Promove o crescimento do cabelo e reduz a queda, gra\u00e7as ao seu rico conte\u00fado em vitaminas e \u00e1cidos graxos essenciais."},{"_v2024__image_ingredients__ingredient_image":1000006730,"_v2024__image_ingredients__ingredient_title":"VITAMINA E NATURAL","_v2024__image_ingredients__ingredient_description":"Potente antioxidante que promove o crescimento do cabelo e a sa\u00fade do couro cabeludo."}],"_v2024__image_ingredients__all_ingredients":"COCOS NUCIFERA OIL*, PRUNUS AMYGDALUS DULCIS OIL*, OLEA EUROPAEA FRUIT OIL*, SIMMONDSIA CHINENSIS SEED OIL*, CAMELLIA OLEIFERA SEED OIL*, ARGANIA SPINOSA KERNEL OIL*, CALOPHYLLUM INOPHYLLUM SEED OIL*, TOCOPHEROL, HELIANTHUS ANNUUS SEED OIL, PARFUM <strong>(COCONUT OIL*, SWEET ALMOND OIL*, OLIVE OIL*, JOJOBA OIL*, CAMELLIA OIL*, ARGAN OIL*, TAMANU OIL*, NATURAL VITAMIN E, SUNFLOWER SEED OIL, PARFUM)<\/strong>\r\n\r\n<em>* Ingredientes org\u00e2nicos certificados<\/em>\r\n\r\n<em>Por favor, preste aten\u00e7\u00e3o, a lista de ingredientes pode variar ligeiramente ao longo do tempo devido a melhorias no produto. Consulte a embalagem do produto para obter as informa\u00e7\u00f5es mais atualizadas<\/em>","_v2024__usage_content__left_content":"<h4>TRATAMENTO PROFUNDO DE PR\u00c9-LAVAGEM COM \u00d3LEO<\/h4>\r\n<ol>\r\n \t<li>Aplique uma quantidade generosa de \u00f3leo no cabelo e couro cabeludo.<\/li>\r\n \t<li>Embrulhe com papel alum\u00ednio e coloque uma toalha quente por cima.<\/li>\r\n \t<li>Aguarde pelo menos 40 minutos ou durante a noite.<\/li>\r\n \t<li>Enx\u00e1gue com shampoo.<\/li>\r\n<\/ol>\r\n<h4>NUTRI\u00c7\u00c3O AP\u00d3S O BANHO<\/h4>\r\nPara nutri\u00e7\u00e3o e brilho adicionais - aplique uma pequena quantidade (uma gota) de \u00f3leo nas pontas do cabelo.\r\n<h4>NO SOL E NA PRAIA<\/h4>\r\nAplique uma pequena quantidade do \u00f3leo nas pontas ou em todo o cabelo e couro cabeludo. N\u00e3o aplique demais, para n\u00e3o olear demais. No final do dia, lave bem o cabelo.","_v2024__usage_content__right_bottom_content":"","_v2024__usage_content__note":"O \u00f3leo n\u00e3o cont\u00e9m filtro UV.","_v2024__usage_content__storage":"Guarde em local fresco e seco. N\u00e3o necessita refrigera\u00e7\u00e3o. O produto endurece quando armazenado a frio e o conte\u00fado da garrafa n\u00e3o pode sair pela bomba. Para que fique l\u00edquido, deixe em temperatura ambiente acima de 25C\u00b0. Por favor, n\u00e3o abra a garrafa quando o produto estiver endurecido, pois isso pode danificar a bomba.\r\n\r\n&nbsp;\r\n\r\nSomente para uso externo. Interrompa o uso em caso de irrita\u00e7\u00e3o. N\u00e3o use no couro cabeludo danificado ou ferido. Evite contato com os olhos. Mantenha longe das crian\u00e7as! Armazenar em local fresco e seco."},"_links":{"self":[{"href":"https:\/\/cocosolis.com\/pt\/wp-json\/wp\/v2\/product\/408","targetHints":{"allow":["GET"]}}],"collection":[{"href":"https:\/\/cocosolis.com\/pt\/wp-json\/wp\/v2\/product"}],"about":[{"href":"https:\/\/cocosolis.com\/pt\/wp-json\/wp\/v2\/types\/product"}],"wp:featuredmedia":[{"embeddable":true,"href":"https:\/\/cocosolis.com\/pt\/wp-json\/"}],"wp:attachment":[{"href":"https:\/\/cocosolis.com\/pt\/wp-json\/wp\/v2\/media?parent=408"}],"wp:term":[{"taxonomy":"product_brand","embeddable":true,"href":"https:\/\/cocosolis.com\/pt\/wp-json\/wp\/v2\/product_brand?post=408"},{"taxonomy":"product_cat","embeddable":true,"href":"https:\/\/cocosolis.com\/pt\/wp-json\/wp\/v2\/product_cat?post=408"},{"taxonomy":"product_tag","embeddable":true,"href":"https:\/\/cocosolis.com\/pt\/wp-json\/wp\/v2\/product_tag?post=408"},{"taxonomy":"product_template","embeddable":true,"href":"https:\/\/cocosolis.com\/pt\/wp-json\/wp\/v2\/product_template?post=408"}],"curies":[{"name":"wp","href":"https:\/\/api.w.org\/{rel}","templated":true}]}}