{"id":390,"date":"2022-05-06T13:33:20","date_gmt":"2022-05-06T12:33:20","guid":{"rendered":"http:\/\/cocosolis.com\/en\/?post_type=product&#038;p=390"},"modified":"2026-04-06T14:28:39","modified_gmt":"2026-04-06T13:28:39","slug":"skin-collagen-booster-dry-oil","status":"publish","type":"product","link":"https:\/\/cocosolis.com\/pt\/product\/skin-collagen-booster-dry-oil\/","title":{"rendered":"SKIN Collagen Booster Dry Oil"},"content":{"rendered":"","protected":false},"excerpt":{"rendered":"","protected":false},"featured_media":1000004575,"template":"","meta":{"_acf_changed":false},"product_brand":[],"product_cat":[19],"product_tag":[],"product_template":[68],"class_list":{"0":"post-390","1":"product","2":"type-product","3":"status-publish","4":"has-post-thumbnail","6":"product_cat-skin","7":"product_template-v-2024-clean","9":"first","10":"instock","11":"shipping-taxable","12":"purchasable","13":"product-type-simple"},"acf":{"_v2024__listing_and_sharing_info__listing_category":"SKIN","_v2024__listing_and_sharing_info__product_type":"Collagen Booster Dry Oil","_v2024__listing__and_sharing_info__listing_below_title_in_product_page":"\u00d3leo seco com a\u00e7\u00e3o antienvelhecimento natural. Regenera e nutre a pele.","_v2024__listing_and_sharing_info__listing_description":"\u00d3leo seco com a\u00e7\u00e3o antienvelhecimento natural. Regenera e nutre a pele.","_v2024__listing_and_sharing_info__image":1000000388,"_v2024__product_hero__hero_type":"carousel","_v2024__product_hero__product_slider_gallery":[{"_v2024__product_hero__product_slider_gallery__image":1000006655,"_v2024__product_hero__product_slider_gallery__video_link":""},{"_v2024__product_hero__product_slider_gallery__image":1000006657,"_v2024__product_hero__product_slider_gallery__video_link":""},{"_v2024__product_hero__product_slider_gallery__image":1000006658,"_v2024__product_hero__product_slider_gallery__video_link":""},{"_v2024__product_hero__product_slider_gallery__image":1000006659,"_v2024__product_hero__product_slider_gallery__video_link":""},{"_v2024__product_hero__product_slider_gallery__image":1000006660,"_v2024__product_hero__product_slider_gallery__video_link":""},{"_v2024__product_hero__product_slider_gallery__image":1000006661,"_v2024__product_hero__product_slider_gallery__video_link":""},{"_v2024__product_hero__product_slider_gallery__image":1000006662,"_v2024__product_hero__product_slider_gallery__video_link":"https:\/\/player.vimeo.com\/progressive_redirect\/playback\/1042663906\/rendition\/720p\/file.mp4?loc=external&amp;log_user=0&amp;signature=238d8a957ddf9f4279b519ffa65d3564d72b070ccb832dc58ea158b16d18c32d&amp;user_id=110095091"}],"_v2024__before_and_after_image":1000006537,"_v2024__before_and_after_image_mobile":1000006538,"_v2024__product_hero__quantity":"110 ML","_v2024__product_hero__product_disclamer":"","_v2024__why_use__should_show":"visible","_v2024__why_use__description_text":"\u00d3leo seco natural com efeito antienvelhecimento. Ajuda a manter altos n\u00edveis de colag\u00e9nio e aumenta a elasticidade.","_v2024__why_use__text_content":"<ul>\r\n \t<li>Reduz a apar\u00eancia de linhas finas e rugas<\/li>\r\n \t<li>Renova, hidrata e revitaliza excelentemente a pele<\/li>\r\n \t<li>Mant\u00e9m a pele suave, jovem e firme<\/li>\r\n \t<li>Mistura especial de 6 preciosos \u00f3leos org\u00e2nicos de superfrutas e um ingrediente ativo natural patenteado. Vegano<\/li>\r\n \t<li>Absorve r\u00e1pida e profundamente<\/li>\r\n \t<li>Adequado para rosto e corpo, para peles delicadas e sens\u00edveis<\/li>\r\n \t<li>Com um aroma inesquec\u00edvel a frutas ex\u00f3ticas<\/li>\r\n<\/ul>","_v2024__why_use__product_notes_and_remarks":"","_v2024__why_use__background_color":"#FBF1EB","_v2024__why_use__heading_color":"#816c65","_v2024__why_use__text_color":"#816c65","_v2024__why_use__image_desktop":1000006698,"_v2024__why_use__image_mobile":1000006699,"_v2024__stats_show":false,"_v2024__stats_repeater":null,"_v2024__stats_repeater_disclaimer":null,"_v2024__benefits__icons_repeater":[{"_v2024__benefit__icons_repeater_icon":1000006731,"_v2024__benefit__icons_repeater_text":"EFEITO ANTI-ENVELHECIMENTO"},{"_v2024__benefit__icons_repeater_icon":1000006742,"_v2024__benefit__icons_repeater_text":"INGREDIENTE ATIVO NATURAL PATENTEADO"},{"_v2024__benefit__icons_repeater_icon":1000006738,"_v2024__benefit__icons_repeater_text":"PARA ROSTO E CORPO"},{"_v2024__benefit__icons_repeater_icon":1000006737,"_v2024__benefit__icons_repeater_text":"AROMA DE FRUTAS EX\u00d3TICAS"}],"_v2024__image_ingreddients__intro_text":"Descubra os ingredientes naturais desta f\u00f3rmula anti-idade altamente eficaz: um ingrediente ativo patenteado e \u00f3leos ex\u00f3ticos de superfrutas para uma pele fresca, radiante e flex\u00edvel.","_v2024__image_ingreddients__additional_description":"","_v2024__image_ingreddients__disclamer_inner":"","_v2024__image_ingredients__repeater":[{"_v2024__image_ingredients__ingredient_image":1000006704,"_v2024__image_ingredients__ingredient_title":"INGREDIENTE ATIVO DE TREMO\u00c7O DOCE\u00ae ","_v2024__image_ingredients__ingredient_description":"Aumenta a produ\u00e7\u00e3o de col\u00e1geno de alta qualidade, melhora a elasticidade e firmeza da pele, remodela as \u00e1reas fl\u00e1cidas da pele."},{"_v2024__image_ingredients__ingredient_image":1000006726,"_v2024__image_ingredients__ingredient_title":"\u00d3LEO DE ROM\u00c3","_v2024__image_ingredients__ingredient_description":"Fornece prote\u00e7\u00e3o antioxidante contra efeitos ambientais nocivos. Reduz poros e rugas."},{"_v2024__image_ingredients__ingredient_image":1000006725,"_v2024__image_ingredients__ingredient_title":"\u00d3LEO DE MARACUJ\u00c1","_v2024__image_ingredients__ingredient_description":"Hidrata e suaviza, rejuvenesce a pele cansada, mantendo um brilho jovem."},{"_v2024__image_ingredients__ingredient_image":1000006715,"_v2024__image_ingredients__ingredient_title":"\u00d3LEO DE BAGA DE GOJI","_v2024__image_ingredients__ingredient_description":"Excepcionalmente rico em antioxidantes, previne o envelhecimento precoce. Aumenta a produ\u00e7\u00e3o de col\u00e1geno e promove uma pele radiante."},{"_v2024__image_ingredients__ingredient_image":1000006727,"_v2024__image_ingredients__ingredient_title":"\u00d3LEO DE ROSA MOSQUETA","_v2024__image_ingredients__ingredient_description":"Ilumina e uniformiza o tom da pele, apaga cicatrizes. Essencial para uma pele mais lisa e perfeita."},{"_v2024__image_ingredients__ingredient_image":1000006712,"_v2024__image_ingredients__ingredient_title":"\u00d3LEO DE COCO","_v2024__image_ingredients__ingredient_description":"Facilmente absorvido, hidrata em profundidade e deixa a pele macia e flex\u00edvel."},{"_v2024__image_ingredients__ingredient_image":1000006711,"_v2024__image_ingredients__ingredient_title":"MANTEIGA DE CACAU","_v2024__image_ingredients__ingredient_description":"\u201cComida\u201d maravilhosa para a pele. Regenera e previne o aparecimento de estrias e rugas finas."},{"_v2024__image_ingredients__ingredient_image":1000006705,"_v2024__image_ingredients__ingredient_title":"INGREDIENTE ATIVO","_v2024__image_ingredients__ingredient_description":"Derivado do azeite de alta qualidade, garantindo que o \u00f3leo \u00e9 rapidamente absorvido pela pele."},{"_v2024__image_ingredients__ingredient_image":1000006730,"_v2024__image_ingredients__ingredient_title":"VITAMINA E NATURAL","_v2024__image_ingredients__ingredient_description":"Um poderoso antioxidante que combate os sinais de envelhecimento e contribui para o processo natural de cicatriza\u00e7\u00e3o da pele."}],"_v2024__image_ingredients__all_ingredients":"CAPRYLIC\/CAPRIC TRIGLYCERIDE, COCOS NUCIFERA OIL*, OCTYLDODECYL OLIVATE, THEOBROMA CACAO SEED BUTTER*, PASSIFLORA EDULIS SEED OIL, HELIANTHUS ANNUUS SEED OIL*, LUPINUS ALBUS SEED EXTRACT, TOCOPHEROL, PUNICA GRANATUM SEED OIL*, ROSA CANINA SEED EXTRACT, LYCIUM BARBARUM SEED OIL*, PARFUM <strong>(NATURAL EMOLLIENT, COCONUT OIL*, OCTYLDODECYL OLIVATE (FROM OLIVE OIL), CACAO SEED BUTTER*, PASSION FRUIT SEED OIL*, SUNFLOWER SEED OIL*, WHITE LUPIN SEED EXTRACT, NATURAL VITAMIN E, POMEGRANATE SEED OIL*, ROSE HIP SEED OIL, GOJI BERRY SEED OIL*, PARFUM) <\/strong>\r\n\r\n<em>* Ingredientes org\u00e2nicos certificados<\/em>\r\n\r\n<em>Por favor, preste aten\u00e7\u00e3o, a lista de ingredientes pode variar ligeiramente ao longo do tempo devido a melhorias no produto. Consulte a embalagem do produto para obter as informa\u00e7\u00f5es mais atualizadas<\/em>","_v2024__usage_content__left_content":"Adequado para rosto e corpo. Para melhores resultados, aplique de manh\u00e3 e \u00e0 noite nas \u00e1reas desejadas ou em todo o rosto e corpo.\r\n\r\nAplicar na pele seca ou h\u00famida. \u00c9 mais facilmente absorvido imediatamente ap\u00f3s o banho, na pele ainda \u00famida.","_v2024__usage_content__right_bottom_content":"","_v2024__usage_content__note":"","_v2024__usage_content__storage":"Guarde em local fresco e seco. N\u00e3o necessita refrigera\u00e7\u00e3o. O produto endurece quando armazenado a frio e o conte\u00fado da garrafa n\u00e3o pode sair pela bomba. Para que fique l\u00edquido, deixe em temperatura ambiente acima de 25C\u00b0. Por favor, n\u00e3o abra a garrafa quando o produto estiver endurecido, pois isso pode danificar a bomba.\r\n\r\n&nbsp;\r\n\r\nSomente para uso externo. Interrompa o uso em caso de irrita\u00e7\u00e3o. N\u00e3o use em pele danificada ou ferida. Evite contato com os olhos. Mantenha longe das crian\u00e7as!"},"_links":{"self":[{"href":"https:\/\/cocosolis.com\/pt\/wp-json\/wp\/v2\/product\/390","targetHints":{"allow":["GET"]}}],"collection":[{"href":"https:\/\/cocosolis.com\/pt\/wp-json\/wp\/v2\/product"}],"about":[{"href":"https:\/\/cocosolis.com\/pt\/wp-json\/wp\/v2\/types\/product"}],"wp:featuredmedia":[{"embeddable":true,"href":"https:\/\/cocosolis.com\/pt\/wp-json\/"}],"wp:attachment":[{"href":"https:\/\/cocosolis.com\/pt\/wp-json\/wp\/v2\/media?parent=390"}],"wp:term":[{"taxonomy":"product_brand","embeddable":true,"href":"https:\/\/cocosolis.com\/pt\/wp-json\/wp\/v2\/product_brand?post=390"},{"taxonomy":"product_cat","embeddable":true,"href":"https:\/\/cocosolis.com\/pt\/wp-json\/wp\/v2\/product_cat?post=390"},{"taxonomy":"product_tag","embeddable":true,"href":"https:\/\/cocosolis.com\/pt\/wp-json\/wp\/v2\/product_tag?post=390"},{"taxonomy":"product_template","embeddable":true,"href":"https:\/\/cocosolis.com\/pt\/wp-json\/wp\/v2\/product_template?post=390"}],"curies":[{"name":"wp","href":"https:\/\/api.w.org\/{rel}","templated":true}]}}