{"id":386,"date":"2022-05-06T13:12:09","date_gmt":"2022-05-06T13:12:09","guid":{"rendered":"http:\/\/cocosolis.com\/en\/?post_type=product&#038;p=386"},"modified":"2026-04-29T13:11:11","modified_gmt":"2026-04-29T12:11:11","slug":"skin-anti-cellulite-dry-oil","status":"publish","type":"product","link":"https:\/\/cocosolis.com\/pt\/product\/skin-anti-cellulite-dry-oil\/","title":{"rendered":"SKIN Anti-cellulite Dry Oil"},"content":{"rendered":"","protected":false},"excerpt":{"rendered":"","protected":false},"featured_media":1000004573,"template":"","meta":{"_acf_changed":false},"product_brand":[],"product_cat":[19],"product_tag":[],"product_template":[68],"class_list":{"0":"post-386","1":"product","2":"type-product","3":"status-publish","4":"has-post-thumbnail","6":"product_cat-skin","7":"product_template-v-2024-clean","9":"first","10":"instock","11":"shipping-taxable","12":"purchasable","13":"product-type-variable","14":"has-default-attributes"},"acf":{"_v2024__listing_and_sharing_info__listing_category":"SKIN","_v2024__listing_and_sharing_info__product_type":"Anti-cellulite Dry Oil","_v2024__listing__and_sharing_info__listing_below_title_in_product_page":"\u00d3leo seco anti celulite. Remodela e modela a silhueta.","_v2024__listing_and_sharing_info__listing_description":"\u00d3leo seco anti celulite. Remodela e modela a silhueta.","_v2024__listing_and_sharing_info__image":1000000387,"_v2024__product_hero__hero_type":"carousel","_v2024__product_hero__product_slider_gallery":[{"_v2024__product_hero__product_slider_gallery__image":1000006640,"_v2024__product_hero__product_slider_gallery__video_link":""},{"_v2024__product_hero__product_slider_gallery__image":1000006642,"_v2024__product_hero__product_slider_gallery__video_link":""},{"_v2024__product_hero__product_slider_gallery__image":1000006644,"_v2024__product_hero__product_slider_gallery__video_link":""},{"_v2024__product_hero__product_slider_gallery__image":1000006648,"_v2024__product_hero__product_slider_gallery__video_link":""},{"_v2024__product_hero__product_slider_gallery__image":1000006650,"_v2024__product_hero__product_slider_gallery__video_link":""},{"_v2024__product_hero__product_slider_gallery__image":1000006652,"_v2024__product_hero__product_slider_gallery__video_link":""},{"_v2024__product_hero__product_slider_gallery__image":1000006654,"_v2024__product_hero__product_slider_gallery__video_link":"https:\/\/player.vimeo.com\/progressive_redirect\/playback\/1042663347\/rendition\/720p\/file.mp4?loc=external&amp;log_user=0&amp;signature=29fc6b4b2d0e8d5e65fdcdb9fd54acbe00beb382a0e54c015ca4f3f5f9c8c448&amp;user_id=110095091"}],"_v2024__before_and_after_image":1000006535,"_v2024__before_and_after_image_mobile":1000006536,"_v2024__product_hero__quantity":"","_v2024__product_hero__product_disclamer":"","_v2024__why_use__should_show":"visible","_v2024__why_use__description_text":"\u00d3leo seco natural anti-celulite. Remodela e tonifica a silhueta.","_v2024__why_use__text_content":"<ul>\r\n \t<li>Reduz visivelmente a \"pele casca de laranja\"<\/li>\r\n \t<li>Fortalece, tonifica e renova a pele e melhora a sua elasticidade e textura<\/li>\r\n \t<li>F\u00f3rmula eficaz com ingredientes naturais, vegan. Com um princ\u00edpio ativo patenteado e comprovado, \u00f3leos biol\u00f3gicos de mirtilo, uva e caf\u00e9 enriquecidos com vitamina E natural<\/li>\r\n \t<li>Absorve-se rapidamente e em profundidade<\/li>\r\n \t<li>Indicado para peles delicadas e sens\u00edveis<\/li>\r\n \t<li>Fragr\u00e2ncia de queque de mirtilo<\/li>\r\n<\/ul>","_v2024__why_use__product_notes_and_remarks":"","_v2024__why_use__background_color":"#FBF1EB","_v2024__why_use__heading_color":"#816c65","_v2024__why_use__text_color":"#816c65","_v2024__why_use__image_desktop":1000006696,"_v2024__why_use__image_mobile":1000006697,"_v2024__stats_show":false,"_v2024__stats_repeater":null,"_v2024__stats_repeater_disclaimer":null,"_v2024__benefits__icons_repeater":[{"_v2024__benefit__icons_repeater_icon":1000006750,"_v2024__benefit__icons_repeater_text":"REMODELA E TONIFICA A SILHUETA"},{"_v2024__benefit__icons_repeater_icon":1000006740,"_v2024__benefit__icons_repeater_text":"ABSOR\u00c7\u00c3O R\u00c1PIDA E PROFUNDA"},{"_v2024__benefit__icons_repeater_icon":1000006746,"_v2024__benefit__icons_repeater_text":"INGREDIENTES BIOL\u00d3GICOS E NATURAIS"},{"_v2024__benefit__icons_repeater_icon":1000006745,"_v2024__benefit__icons_repeater_text":"FRAGR\u00c2NCIA DE QUEQUE DE MIRTILO"}],"_v2024__image_ingreddients__intro_text":"Descubra os poderosos ingredientes naturais que modelam a silhueta e combatem a celulite: \u00f3leos org\u00e2nicos combinados com um ingrediente ativo patenteado com efic\u00e1cia comprovada.","_v2024__image_ingreddients__additional_description":"","_v2024__image_ingreddients__disclamer_inner":"","_v2024__image_ingredients__repeater":[{"_v2024__image_ingredients__ingredient_image":1000006705,"_v2024__image_ingredients__ingredient_title":"NATURAL ACTIVE INGREDIENT\u00ae","_v2024__image_ingredients__ingredient_description":"F\u00f3rmula patenteada com efic\u00e1cia comprovada: com uma utiliza\u00e7\u00e3o regular, corrige a pele \"casca de laranja\", ajuda a reduzir os dep\u00f3sitos de gordura e previne a sua forma\u00e7\u00e3o."},{"_v2024__image_ingredients__ingredient_image":1000006709,"_v2024__image_ingredients__ingredient_title":"\u00d3LEO DE MIRTILO","_v2024__image_ingredients__ingredient_description":"Extremamente rico em antioxidantes e em \u00e1cidos gordos \u00f3mega 3, retarda o processo de envelhecimento, tonifica os contornos e suaviza as rugas."},{"_v2024__image_ingredients__ingredient_image":1000006713,"_v2024__image_ingredients__ingredient_title":"MANTEIGA DE CAF\u00c9","_v2024__image_ingredients__ingredient_description":"Estimula a desintoxica\u00e7\u00e3o e a s\u00edntese de colag\u00e9nio e ajuda a reduzir a celulite. Deixa a pele suave e sedosa."},{"_v2024__image_ingredients__ingredient_image":1000006716,"_v2024__image_ingredients__ingredient_title":"\u00d3LEO DE GRAINHA DE UVA","_v2024__image_ingredients__ingredient_description":"Ajuda a tonificar, regenerar e hidratar a pele. Tonifica e ilumina a pele."},{"_v2024__image_ingredients__ingredient_image":1000006717,"_v2024__image_ingredients__ingredient_title":"\u00d3LEO DE JOJOBA","_v2024__image_ingredients__ingredient_description":"Hidrata em profundidade, repara e tonifica a pele, formando uma pel\u00edcula protetora com uma composi\u00e7\u00e3o \u00fanica semelhante ao sebo humano."},{"_v2024__image_ingredients__ingredient_image":1000006712,"_v2024__image_ingredients__ingredient_title":"\u00d3LEO DE COCO","_v2024__image_ingredients__ingredient_description":"Facilmente absorvido, hidrata em profundidade e deixa a pele macia e flex\u00edvel. Protege contra as manchas solares e a pigmenta\u00e7\u00e3o e d\u00e1-lhe um bronzeado dourado."},{"_v2024__image_ingredients__ingredient_image":1000006723,"_v2024__image_ingredients__ingredient_title":"INGREDIENTE ATIVO","_v2024__image_ingredients__ingredient_description":"Derivado do azeite de alta qualidade, garantindo que o \u00f3leo \u00e9 rapidamente absorvido pela pele."},{"_v2024__image_ingredients__ingredient_image":1000006730,"_v2024__image_ingredients__ingredient_title":"VITAMINA E NATURAL","_v2024__image_ingredients__ingredient_description":"Um poderoso antioxidante que combate os sinais de envelhecimento e contribui para o processo natural de cicatriza\u00e7\u00e3o da pele."}],"_v2024__image_ingredients__all_ingredients":"CAPRYLIC\/CAPRIC TRIGLYCERIDE, COCOS NUCIFERA OIL*, SIMMONDSIA CHINENSIS SEED OIL*, OCTYLDODECYL OLIVATE, VITIS VINIFERA SEED OIL*, SORBITAN LAURATE, TOCOPHEROL, LAUROYL PROLINE, HELIANTHUS ANNUUS SEED OIL, VACCINIUM MYRTILLUS SEED OIL, COFFEA ARABICA SEED OIL*, PARFUM, LINALOOL, LINALYL ACETATE, ALPHA-ISOMETHYL IONONE, CITRONELLOL, BENZYL ALCOHOL, VANILLIN <strong>(NATURAL EMOLLIENT, COCONUT OIL*, JOJOBA OIL*, OCTYLDODECYL OLIVATE (FROM OLIVE OIL), GRAPE SEED OIL*, SORBITANE LAUREATE, NATURAL VITAMIN E, LAUROYL PROLINE, SUNFLOWER SEED OIL, BLUEBERRY SEED OIL, COFFEE SEED OIL*, PARFUM, LINALOOL, LINALYL ACETATE, ALPHA-ISOMETHYL IONONE, CITRONELLOL, BENZYL ALCOHOL, VANILLIN)<\/strong>\r\n\r\n<em>* Ingredientes org\u00e2nicos certificados<\/em>\r\n\r\n<em>Por favor, preste aten\u00e7\u00e3o, a lista de ingredientes pode variar ligeiramente ao longo do tempo devido a melhorias no produto. Consulte a embalagem do produto para obter as informa\u00e7\u00f5es mais atualizadas<\/em>","_v2024__usage_content__left_content":"<h4>CUIDADOS DI\u00c1RIOS INTENSIVOS<\/h4>\r\nAplique de manh\u00e3 e \u00e0 noite nas zonas desejadas ou em todo o corpo com movimentos de massagem. Utilize imediatamente ap\u00f3s o duche. Para obter os melhores resultados, recomendamos que utilize uma ferramenta de massagem ou uma ventosa. Tamb\u00e9m pode utilizar o \u00f3leo durante um tratamento com um massagista.\r\n<h4>PARA OBTER OS MELHORES RESULTADOS<\/h4>\r\nCombine os efeitos do \u00f3leo anti-celulite com uma boa hidrata\u00e7\u00e3o e atividade f\u00edsica.","_v2024__usage_content__right_bottom_content":"","_v2024__usage_content__note":"","_v2024__usage_content__storage":"Guarde em local fresco e seco. N\u00e3o necessita refrigera\u00e7\u00e3o. O produto endurece quando armazenado a frio e o conte\u00fado da garrafa n\u00e3o pode sair pela bomba. Para que fique l\u00edquido, deixe em temperatura ambiente acima de 25C\u00b0. Por favor, n\u00e3o abra a garrafa quando o produto estiver endurecido, pois isso pode danificar a bomba.\r\n\r\n&nbsp;\r\n\r\nSomente para uso externo. Interrompa o uso em caso de irrita\u00e7\u00e3o. N\u00e3o use em pele danificada ou ferida. Evite contato com os olhos. Mantenha longe das crian\u00e7as!"},"_links":{"self":[{"href":"https:\/\/cocosolis.com\/pt\/wp-json\/wp\/v2\/product\/386","targetHints":{"allow":["GET"]}}],"collection":[{"href":"https:\/\/cocosolis.com\/pt\/wp-json\/wp\/v2\/product"}],"about":[{"href":"https:\/\/cocosolis.com\/pt\/wp-json\/wp\/v2\/types\/product"}],"wp:featuredmedia":[{"embeddable":true,"href":"https:\/\/cocosolis.com\/pt\/wp-json\/"}],"wp:attachment":[{"href":"https:\/\/cocosolis.com\/pt\/wp-json\/wp\/v2\/media?parent=386"}],"wp:term":[{"taxonomy":"product_brand","embeddable":true,"href":"https:\/\/cocosolis.com\/pt\/wp-json\/wp\/v2\/product_brand?post=386"},{"taxonomy":"product_cat","embeddable":true,"href":"https:\/\/cocosolis.com\/pt\/wp-json\/wp\/v2\/product_cat?post=386"},{"taxonomy":"product_tag","embeddable":true,"href":"https:\/\/cocosolis.com\/pt\/wp-json\/wp\/v2\/product_tag?post=386"},{"taxonomy":"product_template","embeddable":true,"href":"https:\/\/cocosolis.com\/pt\/wp-json\/wp\/v2\/product_template?post=386"}],"curies":[{"name":"wp","href":"https:\/\/api.w.org\/{rel}","templated":true}]}}