{"id":385,"date":"2022-05-06T13:10:21","date_gmt":"2022-05-06T12:10:21","guid":{"rendered":"http:\/\/cocosolis.com\/en\/?post_type=product&#038;p=385"},"modified":"2026-04-28T13:12:33","modified_gmt":"2026-04-28T12:12:33","slug":"skin-stretch-mark-dry-oil","status":"publish","type":"product","link":"https:\/\/cocosolis.com\/pt\/product\/skin-stretch-mark-dry-oil\/","title":{"rendered":"SKIN Stretch Mark Dry Oil"},"content":{"rendered":"","protected":false},"excerpt":{"rendered":"","protected":false},"featured_media":1000004576,"template":"","meta":{"_acf_changed":false},"product_brand":[],"product_cat":[19],"product_tag":[],"product_template":[68],"class_list":{"0":"post-385","1":"product","2":"type-product","3":"status-publish","4":"has-post-thumbnail","6":"product_cat-skin","7":"product_template-v-2024-clean","9":"first","10":"instock","11":"shipping-taxable","12":"purchasable","13":"product-type-simple"},"acf":{"_v2024__listing_and_sharing_info__listing_category":"SKIN","_v2024__listing_and_sharing_info__product_type":"Stretch Mark Dry Oil","_v2024__listing__and_sharing_info__listing_below_title_in_product_page":"\u00d3leo seco natural contra estrias. Tamb\u00e9m adequado para pele desidratada e envelhecida.","_v2024__listing_and_sharing_info__listing_description":"\u00d3leo seco contra estrias. Adequado e para peles desidratadas e envelhecidas.","_v2024__listing_and_sharing_info__image":1000000389,"_v2024__product_hero__hero_type":"carousel","_v2024__product_hero__product_slider_gallery":[{"_v2024__product_hero__product_slider_gallery__image":1000006663,"_v2024__product_hero__product_slider_gallery__video_link":""},{"_v2024__product_hero__product_slider_gallery__image":1000006664,"_v2024__product_hero__product_slider_gallery__video_link":""},{"_v2024__product_hero__product_slider_gallery__image":1000006665,"_v2024__product_hero__product_slider_gallery__video_link":""},{"_v2024__product_hero__product_slider_gallery__image":1000006666,"_v2024__product_hero__product_slider_gallery__video_link":""},{"_v2024__product_hero__product_slider_gallery__image":1000006667,"_v2024__product_hero__product_slider_gallery__video_link":""},{"_v2024__product_hero__product_slider_gallery__image":1000006668,"_v2024__product_hero__product_slider_gallery__video_link":""},{"_v2024__product_hero__product_slider_gallery__image":1000006669,"_v2024__product_hero__product_slider_gallery__video_link":"https:\/\/player.vimeo.com\/progressive_redirect\/playback\/1042663930\/rendition\/540p\/file.mp4?loc=external&amp;log_user=0&amp;signature=78bb01a1fe3d2bf9676ed22a7bfa36db3f77502ecc6f889eb5d9c9c22c6d91f1"}],"_v2024__before_and_after_image":1000006539,"_v2024__before_and_after_image_mobile":1000006540,"_v2024__product_hero__quantity":"110 ML","_v2024__product_hero__product_disclamer":"","_v2024__why_use__should_show":"visible","_v2024__why_use__description_text":"Ajuda a reduzir o risco de estrias durante a gravidez, mudan\u00e7as repentinas de peso ou crescimento r\u00e1pido. Melhora o aspecto da pele e aumenta a sua elasticidade.","_v2024__why_use__text_content":"<ul>\r\n \t<li>Ajuda a manter altos n\u00edveis de colag\u00e9nio na pele<\/li>\r\n \t<li>Tem um efeito ben\u00e9fico na pele seca e envelhecida<\/li>\r\n \t<li>Cont\u00e9m um ingrediente ativo natural patenteado contra estrias com extrato de semente de tremo\u00e7o branco doce<\/li>\r\n \t<li>F\u00f3rmula especial natural e vegana de \u00f3leos org\u00e2nicos prensados \u200b\u200ba frio de alta qualidade: nutre e restaura<\/li>\r\n \t<li>Absorve r\u00e1pida e profundamente<\/li>\r\n \t<li>Adequado para peles delicadas e sens\u00edveis<\/li>\r\n \t<li>Aroma doce de tangerina<\/li>\r\n<\/ul>","_v2024__why_use__product_notes_and_remarks":"","_v2024__why_use__background_color":"#FBF1EB","_v2024__why_use__heading_color":"#816c65","_v2024__why_use__text_color":"#816c65","_v2024__why_use__image_desktop":1000006700,"_v2024__why_use__image_mobile":1000006701,"_v2024__stats_show":false,"_v2024__stats_repeater":null,"_v2024__stats_repeater_disclaimer":null,"_v2024__benefits__icons_repeater":[{"_v2024__benefit__icons_repeater_icon":1000006750,"_v2024__benefit__icons_repeater_text":"PREVINE AS ESTRIAS"},{"_v2024__benefit__icons_repeater_icon":1000006742,"_v2024__benefit__icons_repeater_text":"INGREDIENTE ATIVO NATURAL PATENTEADO"},{"_v2024__benefit__icons_repeater_icon":1000006746,"_v2024__benefit__icons_repeater_text":"INGREDIENTES ORG\u00c2NICOS E NATURAIS"},{"_v2024__benefit__icons_repeater_icon":1000006751,"_v2024__benefit__icons_repeater_text":"AROMA DE TANGERINA"}],"_v2024__image_ingreddients__intro_text":"Todos os ingredientes naturais. Tem efeito restaurador, suaviza a pele, estimula a produ\u00e7\u00e3o de col\u00e1geno - condi\u00e7\u00f5es que evitam o aparecimento de estrias, e a pele permanece el\u00e1stica, hidratada e macia.","_v2024__image_ingreddients__additional_description":"","_v2024__image_ingreddients__disclamer_inner":"","_v2024__image_ingredients__repeater":[{"_v2024__image_ingredients__ingredient_image":1000006704,"_v2024__image_ingredients__ingredient_title":"INGREDIENTE ATIVO DE TREMO\u00c7O DOCE\u00ae ","_v2024__image_ingredients__ingredient_description":"Aumenta a produ\u00e7\u00e3o de col\u00e1geno de alta qualidade, melhora a elasticidade e firmeza da pele, remodela as \u00e1reas fl\u00e1cidas da pele."},{"_v2024__image_ingredients__ingredient_image":1000006729,"_v2024__image_ingredients__ingredient_title":"\u00d3LEO ESSENCIAL DE TANGERINA","_v2024__image_ingredients__ingredient_description":"Regenera e suaviza a pele, restaura o seu equil\u00edbrio e previne a forma\u00e7\u00e3o de estrias."},{"_v2024__image_ingredients__ingredient_image":1000006727,"_v2024__image_ingredients__ingredient_title":"\u00d3LEO DE ROSA MOSQUETA","_v2024__image_ingredients__ingredient_description":"Ilumina e uniformiza o tom da pele, apaga cicatrizes. Essencial para uma pele mais lisa e perfeita."},{"_v2024__image_ingredients__ingredient_image":1000006719,"_v2024__image_ingredients__ingredient_title":"EXTRATO DE CAL\u00caNDULA","_v2024__image_ingredients__ingredient_description":"Acalma e regenera a pele, tornando as estrias e cicatrizes existentes menos vis\u00edveis"},{"_v2024__image_ingredients__ingredient_image":1000006708,"_v2024__image_ingredients__ingredient_title":"\u00d3LEO DE ABACATE","_v2024__image_ingredients__ingredient_description":"Rico em \u00e1cidos graxos essenciais e vitaminas, hidrata profundamente a pele e ajuda a prevenir o aparecimento de estrias."},{"_v2024__image_ingredients__ingredient_image":1000006712,"_v2024__image_ingredients__ingredient_title":"\u00d3LEO DE COCO","_v2024__image_ingredients__ingredient_description":"Facilmente absorvido, hidrata em profundidade e deixa a pele macia e flex\u00edvel."},{"_v2024__image_ingredients__ingredient_image":1000006711,"_v2024__image_ingredients__ingredient_title":"MANTEIGA DE CACAU","_v2024__image_ingredients__ingredient_description":"\u201cComida\u201d maravilhosa para a pele. Regenera e previne o aparecimento de estrias e rugas finas."},{"_v2024__image_ingredients__ingredient_image":1000006706,"_v2024__image_ingredients__ingredient_title":"\u00d3LEO DE AMENDOA DOCE","_v2024__image_ingredients__ingredient_description":"Acalma e melhora a textura e o tom da pele. Reduz a vermelhid\u00e3o e a inflama\u00e7\u00e3o."},{"_v2024__image_ingredients__ingredient_image":1000006724,"_v2024__image_ingredients__ingredient_title":"AZEITE","_v2024__image_ingredients__ingredient_description":"Hidrata profundamente a pele, acalma e nutre a pele irritada."},{"_v2024__image_ingredients__ingredient_image":1000006705,"_v2024__image_ingredients__ingredient_title":"INGREDIENTE ATIVO","_v2024__image_ingredients__ingredient_description":"Derivado do azeite de alta qualidade, garantindo que o \u00f3leo \u00e9 rapidamente absorvido pela pele."},{"_v2024__image_ingredients__ingredient_image":1000006730,"_v2024__image_ingredients__ingredient_title":"VITAMINA E NATURAL","_v2024__image_ingredients__ingredient_description":"Um poderoso antioxidante que combate os sinais de envelhecimento e contribui para o processo natural de cicatriza\u00e7\u00e3o da pele."}],"_v2024__image_ingredients__all_ingredients":"COCOS NUCIFERA OIL*, HELIANTHUS ANNUUS SEED OIL*, CALENDULA OFFICINALIS FLOWER EXTRACT*, SIMMONDSIA CHINENSIS SEED OIL*, PRUNUS AMYGDALUS DULCIS OIL*, THEOBROMA CACAO SEED BUTTER*, CUCUMIS SATIVUS SEED OIL*, ARGANIA SPINOSA KERNEL OIL*, OCTYLDODECYL OLIVATE, CAPRYLIC\/ CAPRIC TRIGLYCERIDE, TOCOPHEROL, MENTHA VIRIDIS LEAF OIL*, LIMONENE <strong>(COCONUT OIL*, SUNFLOWER SEED OIL*, CALENDULA FLOWER EXTRACT*, JOJOBA OIL*, SWEET ALMOND OIL*, CACAO SEED BUTTER*, CUCUMBER OIL*, ARGAN OIL*, OCTYLDODECYL OLIVATE FROM OLIVE OIL, CAPRYLIC CAPRIC TRIGLYCERIDE, NATURAL VITAMIN \u0415, SPEARMINT ESSENTIAL OIL*, LIMONENE)<\/strong>\r\n\r\n<em>* Ingredientes org\u00e2nicos certificados<\/em>\r\n\r\n<em>Por favor, preste aten\u00e7\u00e3o, a lista de ingredientes pode variar ligeiramente ao longo do tempo devido a melhorias no produto. Consulte a embalagem do produto para obter as informa\u00e7\u00f5es mais atualizadas<\/em>","_v2024__usage_content__left_content":"Aplicar de manh\u00e3 e \u00e0 noite nas zonas desejadas ou em todo o corpo com movimentos massageadores.\r\n\r\nPara um efeito ideal, aplique imediatamente ap\u00f3s o banho na pele \u00famida ou seca, quando os poros est\u00e3o abertos e podem absorver ao m\u00e1ximo os ingredientes do \u00f3leo puro.","_v2024__usage_content__right_bottom_content":"","_v2024__usage_content__note":"* <em>Durante a gravidez - \u00e9 importante saber: Apesar dos ingredientes totalmente naturais utilizados neste produto, recomendamos um teste individual de compatibilidade cut\u00e2nea numa pequena \u00e1rea do corpo 24 horas antes da utiliza\u00e7\u00e3o.<\/em>","_v2024__usage_content__storage":"Guarde em local fresco e seco. N\u00e3o necessita refrigera\u00e7\u00e3o. O produto endurece quando armazenado a frio e o conte\u00fado da garrafa n\u00e3o pode sair pela bomba. Para que fique l\u00edquido, deixe em temperatura ambiente acima de 25C\u00b0. Por favor, n\u00e3o abra a garrafa quando o produto estiver endurecido, pois isso pode danificar a bomba.\r\n\r\n&nbsp;\r\n\r\nSomente para uso externo. Interrompa o uso em caso de irrita\u00e7\u00e3o. N\u00e3o use em pele danificada ou ferida. Evite contato com os olhos. Mantenha longe das crian\u00e7as!"},"_links":{"self":[{"href":"https:\/\/cocosolis.com\/pt\/wp-json\/wp\/v2\/product\/385","targetHints":{"allow":["GET"]}}],"collection":[{"href":"https:\/\/cocosolis.com\/pt\/wp-json\/wp\/v2\/product"}],"about":[{"href":"https:\/\/cocosolis.com\/pt\/wp-json\/wp\/v2\/types\/product"}],"wp:featuredmedia":[{"embeddable":true,"href":"https:\/\/cocosolis.com\/pt\/wp-json\/"}],"wp:attachment":[{"href":"https:\/\/cocosolis.com\/pt\/wp-json\/wp\/v2\/media?parent=385"}],"wp:term":[{"taxonomy":"product_brand","embeddable":true,"href":"https:\/\/cocosolis.com\/pt\/wp-json\/wp\/v2\/product_brand?post=385"},{"taxonomy":"product_cat","embeddable":true,"href":"https:\/\/cocosolis.com\/pt\/wp-json\/wp\/v2\/product_cat?post=385"},{"taxonomy":"product_tag","embeddable":true,"href":"https:\/\/cocosolis.com\/pt\/wp-json\/wp\/v2\/product_tag?post=385"},{"taxonomy":"product_template","embeddable":true,"href":"https:\/\/cocosolis.com\/pt\/wp-json\/wp\/v2\/product_template?post=385"}],"curies":[{"name":"wp","href":"https:\/\/api.w.org\/{rel}","templated":true}]}}