{"id":378,"date":"2022-05-06T10:01:23","date_gmt":"2022-05-06T09:01:23","guid":{"rendered":"http:\/\/cocosolis.com\/en\/?post_type=product&#038;p=378"},"modified":"2026-04-06T14:28:32","modified_gmt":"2026-04-06T13:28:32","slug":"cool-after-sun-oil","status":"publish","type":"product","link":"https:\/\/cocosolis.com\/pt\/product\/cool-after-sun-oil\/","title":{"rendered":"COOL After Sun Oil"},"content":{"rendered":"","protected":false},"excerpt":{"rendered":"","protected":false},"featured_media":1000004556,"template":"","meta":{"_acf_changed":false},"product_brand":[],"product_cat":[15],"product_tag":[],"product_template":[68],"class_list":{"0":"post-378","1":"product","2":"type-product","3":"status-publish","4":"has-post-thumbnail","6":"product_cat-suntan-body","7":"product_template-v-2024-clean","9":"first","10":"instock","11":"shipping-taxable","12":"purchasable","13":"product-type-variable","14":"has-default-attributes"},"acf":{"_v2024__listing_and_sharing_info__listing_category":"COOL","_v2024__listing_and_sharing_info__product_type":"After Sun Oil","_v2024__listing__and_sharing_info__listing_below_title_in_product_page":"\u00d3leo p\u00f3s-sol. Revitaliza e acalma. Com menta refrescante.","_v2024__listing_and_sharing_info__listing_description":"\u00d3leo p\u00f3s-sol. Revitaliza e acalma. Com menta refrescante.","_v2024__listing_and_sharing_info__image":1000000378,"_v2024__product_hero__hero_type":"carousel","_v2024__product_hero__product_slider_gallery":[{"_v2024__product_hero__product_slider_gallery__image":1000006581,"_v2024__product_hero__product_slider_gallery__video_link":""},{"_v2024__product_hero__product_slider_gallery__image":1000006582,"_v2024__product_hero__product_slider_gallery__video_link":""},{"_v2024__product_hero__product_slider_gallery__image":1000006583,"_v2024__product_hero__product_slider_gallery__video_link":""},{"_v2024__product_hero__product_slider_gallery__image":1000006584,"_v2024__product_hero__product_slider_gallery__video_link":""},{"_v2024__product_hero__product_slider_gallery__image":1000006585,"_v2024__product_hero__product_slider_gallery__video_link":""},{"_v2024__product_hero__product_slider_gallery__image":1000006586,"_v2024__product_hero__product_slider_gallery__video_link":""},{"_v2024__product_hero__product_slider_gallery__image":1000006587,"_v2024__product_hero__product_slider_gallery__video_link":""},{"_v2024__product_hero__product_slider_gallery__image":1000006588,"_v2024__product_hero__product_slider_gallery__video_link":"https:\/\/player.vimeo.com\/progressive_redirect\/playback\/1040390492\/rendition\/720p\/file.mp4?loc=external&amp;log_user=0&amp;signature=0f42e81c06d95987b1c9e3bdcba84d571579cbd174ca8cf161166ad5f2402e2a&amp;user_id=110095091"}],"_v2024__before_and_after_image":1000006527,"_v2024__before_and_after_image_mobile":1000006528,"_v2024__product_hero__quantity":"","_v2024__product_hero__product_disclamer":"","_v2024__why_use__should_show":"visible","_v2024__why_use__description_text":"Acalma a pele ap\u00f3s a exposi\u00e7\u00e3o solar ou ap\u00f3s uma sess\u00e3o de sol\u00e1rio. Restaura, hidrata e nutre em profundidade.","_v2024__why_use__text_content":"<ul>\r\n \t<li>Usado diariamente, torna a pele mais macia, suave e flex\u00edvel<\/li>\r\n \t<li>F\u00f3rmula totalmente natural com ingredientes org\u00e2nicos, veganos<\/li>\r\n \t<li>Adequado para rosto e corpo, pele delicada ou sens\u00edvel<\/li>\r\n \t<li>Com um delicioso aroma de menta<\/li>\r\n<\/ul>","_v2024__why_use__product_notes_and_remarks":"","_v2024__why_use__background_color":"#FBF1EB","_v2024__why_use__heading_color":"#816c65","_v2024__why_use__text_color":"#816c65","_v2024__why_use__image_desktop":1000006686,"_v2024__why_use__image_mobile":1000006687,"_v2024__stats_show":false,"_v2024__stats_repeater":null,"_v2024__stats_repeater_disclaimer":null,"_v2024__benefits__icons_repeater":[{"_v2024__benefit__icons_repeater_icon":1000006736,"_v2024__benefit__icons_repeater_text":"REFRESCANTE E CALMANTE AP\u00d3S EXPOSI\u00c7\u00c3O SOLAR"},{"_v2024__benefit__icons_repeater_icon":1000006740,"_v2024__benefit__icons_repeater_text":"NUTRE E HIDRATA"},{"_v2024__benefit__icons_repeater_icon":1000006746,"_v2024__benefit__icons_repeater_text":"INGREDIENTES ORG\u00c2NICOS E NATURAIS"},{"_v2024__benefit__icons_repeater_icon":1000006743,"_v2024__benefit__icons_repeater_text":"AROMA DE MENTA DELICIOSA"}],"_v2024__image_ingreddients__intro_text":"Produto totalmente natural, fonte de vitaminas, minerais, ingredientes bioativos e antioxidantes. Combina\u00e7\u00e3o de 9 \u00f3leos org\u00e2nicos conhecidos pelos seus efeitos calmantes e refrescantes. Enriquecido com vitamina E natural.","_v2024__image_ingreddients__additional_description":"","_v2024__image_ingreddients__disclamer_inner":"","_v2024__image_ingredients__repeater":[{"_v2024__image_ingredients__ingredient_image":1000006721,"_v2024__image_ingredients__ingredient_title":"\u00d3LEO ESSENCIAL DE MENTA","_v2024__image_ingredients__ingredient_description":"Acalma e refresca a pele, reduz a inflama\u00e7\u00e3o. O seu aroma fresco revigora os sentidos."},{"_v2024__image_ingredients__ingredient_image":1000006711,"_v2024__image_ingredients__ingredient_title":"MANTEIGA DE CACAU","_v2024__image_ingredients__ingredient_description":"\"Comida\" maravilhosa para a pele. Regenera e previne o aparecimento de estrias. Promove a forma\u00e7\u00e3o de um bronzeado uniforme, profundo e escuro."},{"_v2024__image_ingredients__ingredient_image":1000006719,"_v2024__image_ingredients__ingredient_title":"EXTRATO DE CAL\u00caNDULA","_v2024__image_ingredients__ingredient_description":"Tem fortes efeitos calmantes e revitalizantes na pele ap\u00f3s longa exposi\u00e7\u00e3o ao sol."},{"_v2024__image_ingredients__ingredient_image":1000006714,"_v2024__image_ingredients__ingredient_title":"\u00d3LEO DE SEMENTES DE PEPINO","_v2024__image_ingredients__ingredient_description":"Intensamente hidratante: \u00e9 rapidamente absorvido, refresca e revitaliza. Acalma a pele queimada pelo sol."},{"_v2024__image_ingredients__ingredient_image":1000006707,"_v2024__image_ingredients__ingredient_title":"\u00d3LEO DE ARGAN","_v2024__image_ingredients__ingredient_description":"\"O ouro l\u00edquido de Marrocos\" para uma pele suave e sedosa. Protege contra os efeitos nocivos do sol e do vento."},{"_v2024__image_ingredients__ingredient_image":1000006705,"_v2024__image_ingredients__ingredient_title":"INGREDIENTE ATIVO","_v2024__image_ingredients__ingredient_description":"Derivado do azeite de alta qualidade, garantindo que o \u00f3leo \u00e9 rapidamente absorvido pela pele."},{"_v2024__image_ingredients__ingredient_image":1000006712,"_v2024__image_ingredients__ingredient_title":"\u00d3LEO DE COCO","_v2024__image_ingredients__ingredient_description":"Facilmente absorvido, hidrata em profundidade e deixa a pele macia e flex\u00edvel. Protege contra as manchas solares e a pigmenta\u00e7\u00e3o e d\u00e1-lhe um bronzeado dourado."},{"_v2024__image_ingredients__ingredient_image":1000006717,"_v2024__image_ingredients__ingredient_title":"\u00d3LEO DE JOJOBA","_v2024__image_ingredients__ingredient_description":"Equilibra o sebo, acalma a pele e promove uma tez suave e clara."},{"_v2024__image_ingredients__ingredient_image":1000006730,"_v2024__image_ingredients__ingredient_title":"VITAMINA E NATURAL","_v2024__image_ingredients__ingredient_description":"Um poderoso antioxidante que combate os sinais de envelhecimento e contribui para o processo natural de cicatriza\u00e7\u00e3o da pele."}],"_v2024__image_ingredients__all_ingredients":"COCOS NUCIFERA OIL*, HELIANTHUS ANNUUS SEED OIL*, CALENDULA OFFICINALIS FLOWER EXTRACT*, SIMMONDSIA CHINENSIS SEED OIL*, PRUNUS AMYGDALUS DULCIS OIL*, THEOBROMA CACAO SEED BUTTER*, CUCUMIS SATIVUS SEED OIL*, ARGANIA SPINOSA KERNEL OIL*, OCTYLDODECYL OLIVATE, CAPRYLIC\/ CAPRIC TRIGLYCERIDE, TOCOPHEROL, MENTHA VIRIDIS LEAF OIL*, LIMONENE <strong>(COCONUT OIL*, SUNFLOWER SEED OIL*, CALENDULA FLOWER EXTRACT*, JOJOBA OIL*, SWEET ALMOND OIL*, CACAO SEED BUTTER*, CUCUMBER OIL*, ARGAN OIL*, OCTYLDODECYL OLIVATE FROM OLIVE OIL, CAPRYLIC CAPRIC TRIGLYCERIDE, NATURAL VITAMIN \u0415, SPEARMINT ESSENTIAL OIL*, LIMONENE)<\/strong>\r\n\r\n<em>* Ingredientes org\u00e2nicos certificados<\/em>\r\n\r\n<em>Por favor, preste aten\u00e7\u00e3o, a lista de ingredientes pode variar ligeiramente ao longo do tempo devido a melhorias no produto. Consulte a embalagem do produto para obter as informa\u00e7\u00f5es mais atualizadas<\/em>","_v2024__usage_content__left_content":"<h4>DEPOIS DO SOL E S\u00d3LARIO<\/h4>\r\nPara um efeito ideal, aplique imediatamente ap\u00f3s o banho na pele \u00famida ou seca, quando os poros est\u00e3o abertos e podem absorver ao m\u00e1ximo os ingredientes do \u00f3leo puro.\r\n<h4>DIARIAMENTE<\/h4>\r\nUse diariamente ap\u00f3s o banho para uma pele macia e flex\u00edvel.\r\n<h4>USO PARA MASSAGEM<\/h4>\r\nPerfeito para usar como \u00f3leo de massagem.","_v2024__usage_content__right_bottom_content":"","_v2024__usage_content__note":"<strong>ATEN\u00c7\u00c3O<\/strong>: O \u00f3leo n\u00e3o cont\u00e9m filtro UV. Evite o contato com os olhos.","_v2024__usage_content__storage":"Guarde em local fresco e seco. N\u00e3o necessita refrigera\u00e7\u00e3o. O produto endurece quando armazenado a frio e o conte\u00fado da garrafa n\u00e3o pode sair pela bomba. Para que fique l\u00edquido, deixe em temperatura ambiente acima de 25C\u00b0. Por favor, n\u00e3o abra a garrafa quando o produto estiver endurecido, pois isso pode danificar a bomba.\r\n\r\n&nbsp;\r\n\r\nSomente para uso externo. Interrompa o uso em caso de irrita\u00e7\u00e3o. N\u00e3o use em pele danificada ou ferida. Evite contato com os olhos. Mantenha longe das crian\u00e7as!"},"_links":{"self":[{"href":"https:\/\/cocosolis.com\/pt\/wp-json\/wp\/v2\/product\/378","targetHints":{"allow":["GET"]}}],"collection":[{"href":"https:\/\/cocosolis.com\/pt\/wp-json\/wp\/v2\/product"}],"about":[{"href":"https:\/\/cocosolis.com\/pt\/wp-json\/wp\/v2\/types\/product"}],"wp:featuredmedia":[{"embeddable":true,"href":"https:\/\/cocosolis.com\/pt\/wp-json\/"}],"wp:attachment":[{"href":"https:\/\/cocosolis.com\/pt\/wp-json\/wp\/v2\/media?parent=378"}],"wp:term":[{"taxonomy":"product_brand","embeddable":true,"href":"https:\/\/cocosolis.com\/pt\/wp-json\/wp\/v2\/product_brand?post=378"},{"taxonomy":"product_cat","embeddable":true,"href":"https:\/\/cocosolis.com\/pt\/wp-json\/wp\/v2\/product_cat?post=378"},{"taxonomy":"product_tag","embeddable":true,"href":"https:\/\/cocosolis.com\/pt\/wp-json\/wp\/v2\/product_tag?post=378"},{"taxonomy":"product_template","embeddable":true,"href":"https:\/\/cocosolis.com\/pt\/wp-json\/wp\/v2\/product_template?post=378"}],"curies":[{"name":"wp","href":"https:\/\/api.w.org\/{rel}","templated":true}]}}