{"id":377,"date":"2022-05-06T09:39:32","date_gmt":"2022-05-06T08:39:32","guid":{"rendered":"http:\/\/cocosolis.com\/en\/?post_type=product&#038;p=377"},"modified":"2026-04-06T14:28:30","modified_gmt":"2026-04-06T13:28:30","slug":"glow-shimmer-oil","status":"publish","type":"product","link":"https:\/\/cocosolis.com\/pt\/product\/glow-shimmer-oil\/","title":{"rendered":"GLOW Shimmer Oil"},"content":{"rendered":"","protected":false},"excerpt":{"rendered":"","protected":false},"featured_media":1000004560,"template":"","meta":{"_acf_changed":false},"product_brand":[],"product_cat":[65],"product_tag":[],"product_template":[68],"class_list":{"0":"post-377","1":"product","2":"type-product","3":"status-publish","4":"has-post-thumbnail","6":"product_cat-shimmer","7":"product_template-v-2024-clean","9":"first","10":"instock","11":"shipping-taxable","12":"purchasable","13":"product-type-simple"},"acf":{"_v2024__listing_and_sharing_info__listing_category":"GLOW","_v2024__listing_and_sharing_info__product_type":"Shimmer Oil","_v2024__listing__and_sharing_info__listing_below_title_in_product_page":"\u00d3leo natural brilhante e hidratante com part\u00edculas brilhantes.","_v2024__listing_and_sharing_info__listing_description":"\u00d3leo natural brilhante e hidratante com part\u00edculas brilhantes.","_v2024__listing_and_sharing_info__image":1000000379,"_v2024__product_hero__hero_type":"carousel","_v2024__product_hero__product_slider_gallery":[{"_v2024__product_hero__product_slider_gallery__image":1000006589,"_v2024__product_hero__product_slider_gallery__video_link":""},{"_v2024__product_hero__product_slider_gallery__image":1000006590,"_v2024__product_hero__product_slider_gallery__video_link":""},{"_v2024__product_hero__product_slider_gallery__image":1000006592,"_v2024__product_hero__product_slider_gallery__video_link":""},{"_v2024__product_hero__product_slider_gallery__image":1000006595,"_v2024__product_hero__product_slider_gallery__video_link":""},{"_v2024__product_hero__product_slider_gallery__image":1000006597,"_v2024__product_hero__product_slider_gallery__video_link":""},{"_v2024__product_hero__product_slider_gallery__image":1000006598,"_v2024__product_hero__product_slider_gallery__video_link":""},{"_v2024__product_hero__product_slider_gallery__image":1000006599,"_v2024__product_hero__product_slider_gallery__video_link":""},{"_v2024__product_hero__product_slider_gallery__image":1000006600,"_v2024__product_hero__product_slider_gallery__video_link":"https:\/\/player.vimeo.com\/progressive_redirect\/playback\/1042663294\/rendition\/720p\/file.mp4?loc=external&amp;log_user=0&amp;signature=4a77c550e32d5a6556d523b51f504f302c104dcb23b05e46be97bc1ceb5db6e0&amp;user_id=110095091"}],"_v2024__before_and_after_image":1000006529,"_v2024__before_and_after_image_mobile":1000006530,"_v2024__product_hero__quantity":"110 ML","_v2024__product_hero__product_disclamer":"","_v2024__why_use__should_show":"visible","_v2024__why_use__description_text":"\u00d3leo de brilho natural. D\u00e1 um brilho e esplendor irresist\u00edveis \u00e0 pele. Use na praia, diariamente ou em ocasi\u00f5es especiais.","_v2024__why_use__text_content":"<ul>\r\n \t<li>Melhora o bronzeado e o tom da pele<\/li>\r\n \t<li>Hidrata e nutre em profundidade<\/li>\r\n \t<li>Torna a pele sedosa, suave e macia<\/li>\r\n \t<li>Cont\u00e9m ingredientes org\u00e2nicos e naturais combinados com vitamina E natural. Vegano<\/li>\r\n \t<li>Absorve rapidamente, n\u00e3o deixa res\u00edduos gordurosos<\/li>\r\n \t<li>Adequado para rosto e corpo, para peles delicadas e sens\u00edveis<\/li>\r\n \t<li>Com um aroma tentador de biscoito<\/li>\r\n<\/ul>","_v2024__why_use__product_notes_and_remarks":"<strong> IMPORTANTE<\/strong>: Pode manchar roupas de cores claras","_v2024__why_use__background_color":"#FBF1EB","_v2024__why_use__heading_color":"#816c65","_v2024__why_use__text_color":"#816c65","_v2024__why_use__image_desktop":1000006688,"_v2024__why_use__image_mobile":1000006689,"_v2024__stats_show":false,"_v2024__stats_repeater":null,"_v2024__stats_repeater_disclaimer":null,"_v2024__benefits__icons_repeater":[{"_v2024__benefit__icons_repeater_icon":1000006749,"_v2024__benefit__icons_repeater_text":"BRILHO E RADIA\u00c7\u00c3O IRRESIST\u00cdVEIS"},{"_v2024__benefit__icons_repeater_icon":1000006740,"_v2024__benefit__icons_repeater_text":"NUTRE E HIDRATA"},{"_v2024__benefit__icons_repeater_icon":1000006738,"_v2024__benefit__icons_repeater_text":"PARA ROSTO E CORPO"},{"_v2024__benefit__icons_repeater_icon":1000006735,"_v2024__benefit__icons_repeater_text":"AROMA DE BISCOITO"}],"_v2024__image_ingreddients__intro_text":"Uma combina\u00e7\u00e3o de \u00f3leos org\u00e2nicos, vitamina E natural e mica natural (finas part\u00edculas minerais), que d\u00e3o brilho \u00e0 pele.","_v2024__image_ingreddients__additional_description":"","_v2024__image_ingreddients__disclamer_inner":"","_v2024__image_ingredients__repeater":[{"_v2024__image_ingredients__ingredient_image":1000006720,"_v2024__image_ingredients__ingredient_title":"MICA NATURAL","_v2024__image_ingredients__ingredient_description":"Part\u00edculas finas de mica, provenientes de minerais naturais, com origens comprovadas do Fair Trade. Ilumine elegantemente a pele."},{"_v2024__image_ingredients__ingredient_image":1000006714,"_v2024__image_ingredients__ingredient_title":"\u00d3LEO DE SEMENTES DE PEPINO","_v2024__image_ingredients__ingredient_description":"Intensamente hidratante: \u00e9 rapidamente absorvido, refresca e revitaliza. Acalma a pele queimada pelo sol."},{"_v2024__image_ingredients__ingredient_image":1000006712,"_v2024__image_ingredients__ingredient_title":"MANTEIGA DE CACAU","_v2024__image_ingredients__ingredient_description":"\u201cComida\u201d maravilhosa para a pele. Regenera e previne o aparecimento de estrias e rugas finas."},{"_v2024__image_ingredients__ingredient_image":1000006711,"_v2024__image_ingredients__ingredient_title":"MANTEIGA DE CACAU","_v2024__image_ingredients__ingredient_description":"\u201cComida\u201d maravilhosa para a pele. Regenera e previne o aparecimento de estrias. Promove a forma\u00e7\u00e3o de um bronzeado uniforme, profundo e escuro."},{"_v2024__image_ingredients__ingredient_image":1000006717,"_v2024__image_ingredients__ingredient_title":"\u00d3LEO DE JOJOBA","_v2024__image_ingredients__ingredient_description":"Equilibra o sebo, acalma a pele e promove uma tez suave e clara."},{"_v2024__image_ingredients__ingredient_image":1000006706,"_v2024__image_ingredients__ingredient_title":"\u00d3LEO DE AMENDOA DOCE","_v2024__image_ingredients__ingredient_description":"Acalma e melhora a textura e o tom da pele. Reduz a vermelhid\u00e3o e a inflama\u00e7\u00e3o."},{"_v2024__image_ingredients__ingredient_image":1000006730,"_v2024__image_ingredients__ingredient_title":"VITAMINA E NATURAL","_v2024__image_ingredients__ingredient_description":"Um poderoso antioxidante que combate os sinais de envelhecimento e contribui para o processo natural de cicatriza\u00e7\u00e3o da pele."}],"_v2024__image_ingredients__all_ingredients":"CAPRYLIC\/CAPRIC TRIGLYCERIDE, COCOS NUCIFERA OIL*, PRUNUS AMYGDALUS DULCIS OIL*, STEARALKONIUM HECTORITE, PROPYLENE CARBONATE, OCTYLDODECYL OLIVATE, SIMMONDSIA CHINENSIS SEED OIL*, HYDROGENATED RAPESEED OIL, THEOBROMA CACAO SEED BUTTER*, CUCUMIS SATIVUS SEED OIL*, TOCOPHEROL, HELIANTHUS ANNUUS SEED OIL, PARFUM, MICA, CI 77891, CI 77491 <strong>(CAPRYLIC CAPRIC TRIGLYCERIDE, COCONUT OIL*, SWEET ALMOND OIL*, STEARALKONIUM HECTORITE, PROPYLENE CARBONATE, OCTYLDODECYL OLIVATE FROM OLIVE OIL, JOJOBA OIL*, HYDROGENATED RAPESEED OIL, CACAO SEED BUTTER*, CUCUMBER SEED OIL*, NATURAL VITAMIN \u0415, SUNFLOWER SEED OIL, PARFUM, MICA (SPARKLING MINERAL PIGMENTS), CI 77891, CI 77491)<\/strong>\r\n\r\n<em>* Ingredientes org\u00e2nicos certificados<\/em>\r\n\r\n<em>Por favor, preste aten\u00e7\u00e3o, a lista de ingredientes pode variar ligeiramente ao longo do tempo devido a melhorias no produto. Consulte a embalagem do produto para obter as informa\u00e7\u00f5es mais atualizadas<\/em>","_v2024__usage_content__left_content":"<h4>BRILHO DE PRAIA<\/h4>\r\nNa praia aplique nas pernas, m\u00e3os, barriga, decote e ma\u00e7\u00e3s do rosto. Recomendamos usar GLOW como o terceiro passo final ap\u00f3s o protetor solar e \u00f3leo bronzeador COCOSOLIS.\r\n<h4>ROSTO RADIANTE<\/h4>\r\nAplicar no rosto e decote como destaque ap\u00f3s a maquiagem, ou misturar com algumas gotas de base.\r\n<h4>BRILHO DA NOITE<\/h4>\r\nAplique nas pernas, m\u00e3os, decote e ma\u00e7\u00e3s do rosto e sinta-se como a estrela da noite.\r\n<h4><\/h4>","_v2024__usage_content__right_bottom_content":"","_v2024__usage_content__note":"<strong>POR FAVOR, NOTE<\/strong>: Pode manchar roupas de cores claras. Este \u00f3leo n\u00e3o cont\u00e9m um filtro protetor contra os raios UV. Quando exposto \u00e0 luz solar direta, recomenda-se a combina\u00e7\u00e3o com um produto protetor solar. O produto n\u00e3o \u00e9 auto-bronzeador. A exposi\u00e7\u00e3o excessiva ao sol representa uma s\u00e9ria amea\u00e7a \u00e0 sua sa\u00fade. Guarde em local fresco e seco. N\u00e3o necessita refrigera\u00e7\u00e3o.","_v2024__usage_content__storage":"Somente para uso externo. Interrompa o uso em caso de irrita\u00e7\u00e3o. N\u00e3o use em pele danificada ou ferida. Evite contato com os olhos. Mantenha longe das crian\u00e7as!"},"_links":{"self":[{"href":"https:\/\/cocosolis.com\/pt\/wp-json\/wp\/v2\/product\/377","targetHints":{"allow":["GET"]}}],"collection":[{"href":"https:\/\/cocosolis.com\/pt\/wp-json\/wp\/v2\/product"}],"about":[{"href":"https:\/\/cocosolis.com\/pt\/wp-json\/wp\/v2\/types\/product"}],"wp:featuredmedia":[{"embeddable":true,"href":"https:\/\/cocosolis.com\/pt\/wp-json\/"}],"wp:attachment":[{"href":"https:\/\/cocosolis.com\/pt\/wp-json\/wp\/v2\/media?parent=377"}],"wp:term":[{"taxonomy":"product_brand","embeddable":true,"href":"https:\/\/cocosolis.com\/pt\/wp-json\/wp\/v2\/product_brand?post=377"},{"taxonomy":"product_cat","embeddable":true,"href":"https:\/\/cocosolis.com\/pt\/wp-json\/wp\/v2\/product_cat?post=377"},{"taxonomy":"product_tag","embeddable":true,"href":"https:\/\/cocosolis.com\/pt\/wp-json\/wp\/v2\/product_tag?post=377"},{"taxonomy":"product_template","embeddable":true,"href":"https:\/\/cocosolis.com\/pt\/wp-json\/wp\/v2\/product_template?post=377"}],"curies":[{"name":"wp","href":"https:\/\/api.w.org\/{rel}","templated":true}]}}