{"id":371,"date":"2022-05-06T09:28:44","date_gmt":"2022-05-06T08:28:44","guid":{"rendered":"http:\/\/cocosolis.com\/en\/?post_type=product&#038;p=371"},"modified":"2026-04-06T14:28:27","modified_gmt":"2026-04-06T13:28:27","slug":"monoi-suntan-body-oil","status":"publish","type":"product","link":"https:\/\/cocosolis.com\/pt\/product\/monoi-suntan-body-oil\/","title":{"rendered":"MONOI Suntan &amp; Body Oil"},"content":{"rendered":"","protected":false},"excerpt":{"rendered":"","protected":false},"featured_media":1000004565,"template":"","meta":{"_acf_changed":false},"product_brand":[],"product_cat":[15],"product_tag":[],"product_template":[68],"class_list":{"0":"post-371","1":"product","2":"type-product","3":"status-publish","4":"has-post-thumbnail","6":"product_cat-suntan-body","7":"product_template-v-2024-clean","9":"first","10":"instock","11":"shipping-taxable","12":"purchasable","13":"product-type-variable","14":"has-default-attributes"},"acf":{"_v2024__listing_and_sharing_info__listing_category":"MONOI","_v2024__listing_and_sharing_info__product_type":"Suntan &amp; Body Oil","_v2024__listing__and_sharing_info__listing_below_title_in_product_page":"\u00d3leo natural para um bronzeado r\u00e1pido e profundo ao sol e no sol\u00e1rio. Tamb\u00e9m adequado para uso di\u00e1rio para uma pele nutrida e radiante. Com Monoi da ilha do Taiti.","_v2024__listing_and_sharing_info__listing_description":"Para um bronzeado r\u00e1pido, profundo e radiante. Com Monoi da ilha do Taiti.","_v2024__listing_and_sharing_info__image":1000000383,"_v2024__product_hero__hero_type":"carousel","_v2024__product_hero__product_slider_gallery":[{"_v2024__product_hero__product_slider_gallery__image":1000006625,"_v2024__product_hero__product_slider_gallery__video_link":""},{"_v2024__product_hero__product_slider_gallery__image":1000006627,"_v2024__product_hero__product_slider_gallery__video_link":""},{"_v2024__product_hero__product_slider_gallery__image":1000006630,"_v2024__product_hero__product_slider_gallery__video_link":""},{"_v2024__product_hero__product_slider_gallery__image":1000006632,"_v2024__product_hero__product_slider_gallery__video_link":""},{"_v2024__product_hero__product_slider_gallery__image":1000006634,"_v2024__product_hero__product_slider_gallery__video_link":""},{"_v2024__product_hero__product_slider_gallery__image":1000006636,"_v2024__product_hero__product_slider_gallery__video_link":"https:\/\/player.vimeo.com\/progressive_redirect\/playback\/1042662965\/rendition\/720p\/file.mp4?loc=external&amp;log_user=0&amp;signature=b077636f8820463f063ade29d69ff1df3c714bd3cfafa6e01cfc119714352769&amp;user_id=110095091"}],"_v2024__before_and_after_image":1000006547,"_v2024__before_and_after_image_mobile":1000006548,"_v2024__product_hero__quantity":"","_v2024__product_hero__product_disclamer":"","_v2024__why_use__should_show":"visible","_v2024__why_use__description_text":"\u00d3leo natural para um bronzeado r\u00e1pido, profundo, uniforme e duradouro na praia ou no sol\u00e1rio. Acelere o bronzeado ou use diariamente para nutrir e hidratar a pele.","_v2024__why_use__text_content":"<ul>\r\n \t<li>Resultados r\u00e1pidos e vis\u00edveis com menos tempo de exposi\u00e7\u00e3o ao sol<\/li>\r\n \t<li>F\u00f3rmula eficaz com ingredientes naturais e org\u00e2nicos, veganos<\/li>\r\n \t<li>Adequado para uso di\u00e1rio<\/li>\r\n \t<li>Adequado para rosto e corpo, peles delicadas ou sens\u00edveis<\/li>\r\n \t<li>Com uma fragr\u00e2ncia floral ex\u00f3tica de gard\u00eania cultivada sob o sol do Taiti<\/li>\r\n<\/ul>","_v2024__why_use__product_notes_and_remarks":"* O \u00f3leo n\u00e3o cont\u00e9m filtro UV.","_v2024__why_use__background_color":"#FBF1EB","_v2024__why_use__heading_color":"#816c65","_v2024__why_use__text_color":"#816c65","_v2024__why_use__image_desktop":1000006694,"_v2024__why_use__image_mobile":1000006695,"_v2024__stats_show":false,"_v2024__stats_repeater":null,"_v2024__stats_repeater_disclaimer":null,"_v2024__benefits__icons_repeater":[{"_v2024__benefit__icons_repeater_icon":1000006739,"_v2024__benefit__icons_repeater_text":"BRONZEADO R\u00c1PIDO, PROFUNDO E DURADOURO"},{"_v2024__benefit__icons_repeater_icon":1000006752,"_v2024__benefit__icons_repeater_text":"RESULTADOS VIS\u00cdVEIS COM MENOS TEMPO SOB O SOL"},{"_v2024__benefit__icons_repeater_icon":1000006746,"_v2024__benefit__icons_repeater_text":"INGREDIENTES ORG\u00c2NICOS E NATURAIS"},{"_v2024__benefit__icons_repeater_icon":1000006744,"_v2024__benefit__icons_repeater_text":"FRAGR\u00c2NCIA DE GARDENIA TAITIANA"}],"_v2024__image_ingreddients__intro_text":"Tudo natural. O aut\u00eantico ingrediente Monoi de Taiti, que carrega o esp\u00edrito e a riqueza natural da ilha do Taiti, \u00e9 combinado com \u00f3leos org\u00e2nicos e vitamina E natural para um lindo bronzeado natural com menos tempo sob o sol.","_v2024__image_ingreddients__additional_description":"","_v2024__image_ingreddients__disclamer_inner":"","_v2024__image_ingredients__repeater":[{"_v2024__image_ingredients__ingredient_image":1000006722,"_v2024__image_ingredients__ingredient_title":"MONOI DE TAHITI","_v2024__image_ingredients__ingredient_description":"Um ingrediente aut\u00eantico da ilha do Taiti com aroma floral ex\u00f3tico, obtido pela imers\u00e3o de flores de gard\u00eania do Taiti em \u00f3leo de coco. Deixa a pele macia, hidratada e rejuvenescida."},{"_v2024__image_ingredients__ingredient_image":1000006711,"_v2024__image_ingredients__ingredient_title":"MANTEIGA DE CACAU","_v2024__image_ingredients__ingredient_description":"\"Comida\" maravilhosa para a pele. Regenera e previne o aparecimento de estrias. Promove a forma\u00e7\u00e3o de um bronzeado uniforme, profundo e escuro."},{"_v2024__image_ingredients__ingredient_image":1000006712,"_v2024__image_ingredients__ingredient_title":"\u00d3LEO DE COCO","_v2024__image_ingredients__ingredient_description":"Facilmente absorvido, hidrata em profundidade e deixa a pele macia e flex\u00edvel. Protege contra as manchas solares e a pigmenta\u00e7\u00e3o e d\u00e1-lhe um bronzeado dourado."},{"_v2024__image_ingredients__ingredient_image":1000006717,"_v2024__image_ingredients__ingredient_title":"\u00d3LEO DE JOJOBA","_v2024__image_ingredients__ingredient_description":"Equilibra o sebo, acalma a pele e promove uma tez suave e clara."},{"_v2024__image_ingredients__ingredient_image":1000006706,"_v2024__image_ingredients__ingredient_title":"\u00d3LEO DE AMENDOA DOCE","_v2024__image_ingredients__ingredient_description":"Acalma e melhora a textura e o tom da pele. Reduz a vermelhid\u00e3o e a inflama\u00e7\u00e3o."},{"_v2024__image_ingredients__ingredient_image":1000006730,"_v2024__image_ingredients__ingredient_title":"VITAMINA E NATURAL","_v2024__image_ingredients__ingredient_description":"Um poderoso antioxidante que combate os sinais de envelhecimento e contribui para o processo natural de cicatriza\u00e7\u00e3o da pele."}],"_v2024__image_ingredients__all_ingredients":"COCOS NUCIFERA OIL*, COCONUT ALKANES, SIMMONDSIA CHINENSIS SEED OIL*, PRUNUS AMYGDALUS DULCIS OIL*, PARFUM, TOCOPHEROL, GARDENIA TAITENSIS FLOWER, THEOBROMA CACAO SEED BUTTER*, HELIANTHUS ANNUUS SEED OIL, LINALOOL, LIMONENE, BENZYL BENZOATE, BENZYL SALICYLATE, FARNESOL, GERANIOL <strong>(COCONUT OIL*, EMOLLIENT FROM COCONUT OIL, JOJOBA OIL*, SWEET ALMOND OIL*, PARFUM TIARE FLOWER, NATURAL VITAMIN E, GARDENIA TAITENSIS FLOWER, CACAO BUTTER*, SUNFLOWER SEED OIL, LINALOOL, LIMONENE, BENZYL BENZOATE, BENZYL SALICYLATE, FARNESOL, GERANIOL)<\/strong>\r\n\r\n<em>* Ingredientes org\u00e2nicos certificados<\/em>\r\n\r\n<em>Por favor, preste aten\u00e7\u00e3o, a lista de ingredientes pode variar ligeiramente ao longo do tempo devido a melhorias no produto. Consulte a embalagem do produto para obter as informa\u00e7\u00f5es mais atualizadas<\/em>","_v2024__usage_content__left_content":"<h4>BRONZEADO SOB O SOL OU NO SOL\u00c1RIO<\/h4>\r\nQuando exposto ao sol, recomenda-se o uso em combina\u00e7\u00e3o com um protetor solar:\r\n<ol>\r\n \t<li>Aplique o protetor solar e espere 15 minutos para ser absorvido<\/li>\r\n \t<li>Aplique o \u00f3leo bronzeador.<\/li>\r\n \t<li>Reaplicar a cada 2 horas e ap\u00f3s nadar.<\/li>\r\n<\/ol>\r\n<h4>USAR TODOS OS DIAS<\/h4>\r\nUse imediatamente ap\u00f3s o banho na pele \u00famida ou seca, quando os poros est\u00e3o abertos e prontos para absorver a quantidade m\u00e1xima dos ingredientes.\r\n<h4>USO PARA MASSAGEM<\/h4>\r\nPerfeito para usar como \u00f3leo de massagem.","_v2024__usage_content__right_bottom_content":"","_v2024__usage_content__note":"<strong>POR FAVOR, NOTE<\/strong>: Este \u00f3leo n\u00e3o cont\u00e9m um filtro protetor contra os raios UV. Quando exposto \u00e0 luz solar direta, recomenda-se a combina\u00e7\u00e3o com um produto protetor solar. O produto n\u00e3o \u00e9 auto-bronzeador. A exposi\u00e7\u00e3o excessiva ao sol representa uma s\u00e9ria amea\u00e7a \u00e0 sua sa\u00fade.","_v2024__usage_content__storage":"Guarde em local fresco e seco. N\u00e3o necessita refrigera\u00e7\u00e3o. O produto endurece quando armazenado a frio e o conte\u00fado da garrafa n\u00e3o pode sair pela bomba. Para que fique l\u00edquido, deixe em temperatura ambiente acima de 25C\u00b0. Por favor, n\u00e3o abra a garrafa quando o produto estiver endurecido, pois isso pode danificar a bomba.\r\n\r\n&nbsp;\r\n\r\nSomente para uso externo. Interrompa o uso em caso de irrita\u00e7\u00e3o. N\u00e3o use em pele danificada ou ferida. Evite contato com os olhos. Mantenha longe das crian\u00e7as!"},"_links":{"self":[{"href":"https:\/\/cocosolis.com\/pt\/wp-json\/wp\/v2\/product\/371","targetHints":{"allow":["GET"]}}],"collection":[{"href":"https:\/\/cocosolis.com\/pt\/wp-json\/wp\/v2\/product"}],"about":[{"href":"https:\/\/cocosolis.com\/pt\/wp-json\/wp\/v2\/types\/product"}],"wp:featuredmedia":[{"embeddable":true,"href":"https:\/\/cocosolis.com\/pt\/wp-json\/"}],"wp:attachment":[{"href":"https:\/\/cocosolis.com\/pt\/wp-json\/wp\/v2\/media?parent=371"}],"wp:term":[{"taxonomy":"product_brand","embeddable":true,"href":"https:\/\/cocosolis.com\/pt\/wp-json\/wp\/v2\/product_brand?post=371"},{"taxonomy":"product_cat","embeddable":true,"href":"https:\/\/cocosolis.com\/pt\/wp-json\/wp\/v2\/product_cat?post=371"},{"taxonomy":"product_tag","embeddable":true,"href":"https:\/\/cocosolis.com\/pt\/wp-json\/wp\/v2\/product_tag?post=371"},{"taxonomy":"product_template","embeddable":true,"href":"https:\/\/cocosolis.com\/pt\/wp-json\/wp\/v2\/product_template?post=371"}],"curies":[{"name":"wp","href":"https:\/\/api.w.org\/{rel}","templated":true}]}}