{"id":1000400965,"date":"2026-04-24T14:53:34","date_gmt":"2026-04-24T13:53:34","guid":{"rendered":"https:\/\/cocosolis.com\/pt\/product\/one-all-in-one-leave-in-conditioner\/"},"modified":"2026-05-12T13:59:26","modified_gmt":"2026-05-12T12:59:26","slug":"one-all-in-one-leave-in-conditioner","status":"publish","type":"product","link":"https:\/\/cocosolis.com\/pt\/product\/one-all-in-one-leave-in-conditioner\/","title":{"rendered":"ONE. ALL IN ONE LEAVE-IN CONDITIONER"},"content":{"rendered":"","protected":false},"excerpt":{"rendered":"","protected":false},"featured_media":10000010295,"template":"","meta":{"_acf_changed":false},"product_brand":[],"product_cat":[17],"product_tag":[],"product_template":[68],"class_list":{"0":"post-1000400965","1":"product","2":"type-product","3":"status-publish","4":"has-post-thumbnail","6":"product_cat-hair","7":"product_template-v-2024-clean","9":"first","10":"instock","11":"shipping-taxable","12":"purchasable","13":"product-type-simple"},"acf":{"_v2024__listing_and_sharing_info__listing_category":"ONE","_v2024__listing_and_sharing_info__product_type":"All-in-one Leave-in Conditioner","_v2024__listing__and_sharing_info__listing_below_title_in_product_page":"Condicionador leave-in com 12 benef\u00edcios numa f\u00f3rmula leve. Hidrata e repara. Alisa e d\u00e1 brilho. Facilita o desembara\u00e7ar e a modela\u00e7\u00e3o, reduz o frizz e acelera a secagem. Proporciona prote\u00e7\u00e3o UV e t\u00e9rmica. Ajuda a preservar a cor.","_v2024__listing_and_sharing_info__listing_description":"Condicionador leave-in com 12 benef\u00edcios para o cabelo. Hidrata, repara e protege sem pesar.","_v2024__listing_and_sharing_info__image":10000010296,"_v2024__product_hero__hero_type":"carousel","_v2024__product_hero__product_slider_gallery":[{"_v2024__product_hero__product_slider_gallery__image":10000010360,"_v2024__product_hero__product_slider_gallery__video_link":""},{"_v2024__product_hero__product_slider_gallery__image":10000010362,"_v2024__product_hero__product_slider_gallery__video_link":""},{"_v2024__product_hero__product_slider_gallery__image":10000010361,"_v2024__product_hero__product_slider_gallery__video_link":""},{"_v2024__product_hero__product_slider_gallery__image":10000010359,"_v2024__product_hero__product_slider_gallery__video_link":""},{"_v2024__product_hero__product_slider_gallery__image":10000010358,"_v2024__product_hero__product_slider_gallery__video_link":""},{"_v2024__product_hero__product_slider_gallery__image":10000010356,"_v2024__product_hero__product_slider_gallery__video_link":""},{"_v2024__product_hero__product_slider_gallery__image":10000010357,"_v2024__product_hero__product_slider_gallery__video_link":""},{"_v2024__product_hero__product_slider_gallery__image":10000010355,"_v2024__product_hero__product_slider_gallery__video_link":""},{"_v2024__product_hero__product_slider_gallery__image":10000010354,"_v2024__product_hero__product_slider_gallery__video_link":""}],"_v2024__before_and_after_image":10000010294,"_v2024__before_and_after_image_mobile":10000010293,"_v2024__product_hero__quantity":"150ml","_v2024__product_hero__product_disclamer":"","_v2024__why_use__should_show":"visible","_v2024__why_use__description_text":"<p><strong>Leve como um creme, forte como um tratamento. F\u00f3rmula de nova gera\u00e7\u00e3o. Absor\u00e7\u00e3o imediata, sem pesar no cabelo. Um produto indispens\u00e1vel para todos os tipos de cabelo:<\/strong><\/p>","_v2024__why_use__text_content":"<ol><li><strong>Hidrata\u00e7\u00e3o:<\/strong> at\u00e9 30% mais reten\u00e7\u00e3o de hidrata\u00e7\u00e3o*<\/li><li><strong>Brilho sedoso:<\/strong> at\u00e9 51% mais brilho ap\u00f3s 5 aplica\u00e7\u00f5es*<\/li><li><strong>Desembara\u00e7a facilmente:<\/strong> at\u00e9 83% mais f\u00e1cil de pentear e modelar*<\/li><li><strong>Controlo do frizz:<\/strong> domina os cabelos rebeldes e reduz a eletricidade est\u00e1tica*<\/li><li><strong>Efeito de secagem r\u00e1pida:<\/strong> at\u00e9 42%  secagem do cabelo mais r\u00e1pida*<\/li><li>Sela as pontas espigadas com uma pel\u00edcula protetora<\/li><li><strong>Repara:<\/strong> repara microdanos e a estrutura do cabelo, nutre*<\/li><li><strong>Suavidade e alisamento:<\/strong> alisa a superf\u00edcie do cabelo, deixa-o mais macio*<\/li><li><strong>For\u00e7a:<\/strong> 21% mais resist\u00eancia \u00e0 quebra*<\/li><li><strong>Prote\u00e7\u00e3o t\u00e9rmica:<\/strong> protege o cabelo at\u00e9 220\u00b0C*<\/li><li><strong>Escudo UV e antioxidante:<\/strong> prote\u00e7\u00e3o ativa at\u00e9 3 dias*<\/li><li><strong>Prote\u00e7\u00e3o da cor:<\/strong> at\u00e9 50% melhor reten\u00e7\u00e3o da cor, evita o desvanecimento*<\/li><\/ol>","_v2024__why_use__product_notes_and_remarks":"*De acordo com testes laboratoriais e instrumentais dos ingredientes ativos.","_v2024__why_use__background_color":"#FBF1EB","_v2024__why_use__heading_color":"#816c65","_v2024__why_use__text_color":"#816c65","_v2024__why_use__image_desktop":10000010297,"_v2024__why_use__image_mobile":10000010298,"_v2024__stats_show":true,"_v2024__stats_repeater":[{"_v2024__stats_repeater_id":"hydration","_v2024__stats_repeater_number":30,"_v2024__stats_repeater_description_title":"HIDRATA\u00c7\u00c3O*","_v2024__stats_repeater_description":"","_v2024__stats_repeater_asterisks":"*"},{"_v2024__stats_repeater_id":"shine","_v2024__stats_repeater_number":51,"_v2024__stats_repeater_description_title":"BRILHO*","_v2024__stats_repeater_description":"","_v2024__stats_repeater_asterisks":"*"},{"_v2024__stats_repeater_id":"easier_detangling","_v2024__stats_repeater_number":83,"_v2024__stats_repeater_description_title":"DESEMBARA\u00c7O MAIS F\u00c1CIL*","_v2024__stats_repeater_description":"","_v2024__stats_repeater_asterisks":"*"},{"_v2024__stats_repeater_id":"faster_drying","_v2024__stats_repeater_number":42,"_v2024__stats_repeater_description_title":"SECAGEM MAIS R\u00c1PIDA*","_v2024__stats_repeater_description":"","_v2024__stats_repeater_asterisks":"*"}],"_v2024__stats_repeater_disclaimer":[{"_v2024__stats_repeater_disclaimer_text":"De acordo com testes laboratoriais e instrumentais dos ingredientes ativos."}],"_v2024__benefits__icons_repeater":[{"_v2024__benefit__icons_repeater_icon":10000010291,"_v2024__benefit__icons_repeater_text":"FOR\u00c7A & HIDRATA\u00c7\u00c3O"},{"_v2024__benefit__icons_repeater_icon":10000010289,"_v2024__benefit__icons_repeater_text":"CONTROLO DO CABELO"},{"_v2024__benefit__icons_repeater_icon":10000010290,"_v2024__benefit__icons_repeater_text":"BRILHO E SUAVIDADE"},{"_v2024__benefit__icons_repeater_icon":10000010288,"_v2024__benefit__icons_repeater_text":"PROTE\u00c7\u00c3O TOTAL"}],"_v2024__image_ingreddients__intro_text":"<strong>F\u00f3rmula natural inteligente. Quatro ingredientes ativos de nova gera\u00e7\u00e3o, combinados com \u00f3leo de coco biol\u00f3gico, fortalecem o cabelo desde o interior, criam uma pel\u00edcula protetora \u00e0 superf\u00edcie e deixam o cabelo visivelmente mais suave e brilhante.<\/strong>","_v2024__image_ingreddients__additional_description":"","_v2024__image_ingreddients__disclamer_inner":"","_v2024__image_ingredients__repeater":[{"_v2024__image_ingredients__ingredient_image":1000008646,"_v2024__image_ingredients__ingredient_title":"BIO-STRUCTURE PRO","_v2024__image_ingredients__ingredient_description":"<p>Ingrediente ativo de nozes verdes, obtido atrav\u00e9s de tecnologia patenteada para garantir 100% de biodisponibilidade dos compostos ben\u00e9ficos. Rico em fen\u00f3is estruturais, atua como um escudo antioxidante poderoso contra radicais livres e raios UV nocivos.  Clinicamente comprovado para proteger a cor do cabelo contra o desvanecimento. Deixa o cabelo f\u00e1cil de pentear, macio e luminoso.<\/p>"},{"_v2024__image_ingredients__ingredient_image":10000010286,"_v2024__image_ingredients__ingredient_title":"HYDRO-SAVE BIO","_v2024__image_ingredients__ingredient_description":"<p>Um ingrediente ativo de castanhas biol\u00f3gicas, obtido atrav\u00e9s de um processo enzim\u00e1tico patenteado para m\u00e1xima absor\u00e7\u00e3o. Rico em prote\u00ednas, \u00e1cidos gordos e a\u00e7\u00facares, cria uma pel\u00edcula invis\u00edvel que sela a cut\u00edcula e envolve a fibra capilar. Garante prote\u00e7\u00e3o t\u00e9rmica poderosa, protege o cabelo do calor do secador e das placas alisadoras, evitando o ressequimento e os danos. Repara as pontas danificadas, nutre em profundidade e melhora clinicamente a hidrata\u00e7\u00e3o. Deixa o cabelo sedoso e suave.<\/p>"},{"_v2024__image_ingredients__ingredient_image":10000010287,"_v2024__image_ingredients__ingredient_title":"QUINOA GLOSS","_v2024__image_ingredients__ingredient_description":"<p>Um ingrediente ativo de sementes de quinoa: prote\u00edna natural com perfil completo de amino\u00e1cidos. Gra\u00e7as \u00e0 inovadora tecnologia de prote\u00edna hidrolisada NPNF\u2122, penetra na fibra capilar e repara at\u00e9 o cabelo mais danificado. Forma uma pel\u00edcula protetora que alisa o cabelo e proporciona brilho e suavidade naturais. Facilita o pentear e real\u00e7a a defini\u00e7\u00e3o dos carac\u00f3is.<\/p>"},{"_v2024__image_ingredients__ingredient_image":10000010285,"_v2024__image_ingredients__ingredient_title":"AMARANTH-SHIELD 3D","_v2024__image_ingredients__ingredient_description":"<p>Ingrediente ativo de sementes de amaranto com tecnologia 3D Matrix para uma liberta\u00e7\u00e3o gradual no interior da fibra capilar. Clinicamente comprovado: refor\u00e7a a estrutura interna do cabelo e melhora a elasticidade e resist\u00eancia. Alisa a superf\u00edcie do cabelo, reduz o atrito e garante suavidade, brilho e um desembara\u00e7ar f\u00e1cil. Reduz o tempo de secagem, minimiza os danos causados pelo calor e mant\u00e9m a hidrata\u00e7\u00e3o no n\u00edvel ideal.<\/p>"},{"_v2024__image_ingredients__ingredient_image":1000006712,"_v2024__image_ingredients__ingredient_title":"COCO ","_v2024__image_ingredients__ingredient_description":"<p>\u00d3leo biol\u00f3gico prensado a frio, rico em \u00e1cido l\u00e1urico, que penetra na fibra capilar e reduz a perda de prote\u00edna. Ajuda a reter a hidrata\u00e7\u00e3o, previne o ressecamento e deixa o cabelo mais macio, suave e brilhante.<\/p>"}],"_v2024__image_ingredients__all_ingredients":"<p>AQUA*, MYRISTYL ALCOHOL*, COCONUT ALKANES*, BEHENTRIMONIUM CHLORIDE, COCOS NUCIFERA OIL*, PARFUM, HYDROLYZED CHESTNUT EXTRACT*, HYDROLYZED QUINOA*, HYDROLYZED WALNUT EXTRACT*, AMARANTHUS CAUDATUS SEED EXTRACT*, LYSINE*, LEVULINIC ACID*, GLYCERIN*, CETRIMONIUM CHLORIDE, SCLEROTIUM GUM*, PCA GLYCERYL OLEATE*, GLYCERYL CAPRYLATE*, ZEA MAYS STARCH*, CETYL ALCOHOL*, LAURYL ALCOHOL*, CITRIC ACID*, SODIUM LEVULINATE*, PENTYLENE GLYCOL*, SODIUM BENZOATE, POTASSIUM SORBATE, BENZYL ALCOHOL, CI 14720, BENZYL SALICYLATE<\/p><p>Aten\u00e7\u00e3o, a lista de ingredientes pode variar ligeiramente ao longo do tempo devido a melhorias no produto. Consulte a embalagem do produto para obter as informa\u00e7\u00f5es mais atualizadas.<\/p>","_v2024__usage_content__left_content":"<p><strong>ONDE:<\/strong> ao longo do comprimento do cabelo<\/p><p><strong>QUANTO:<\/strong><\/p><p><strong>COMO:<\/strong> aplica no cabelo limpo e h\u00famido, penteia e estiliza como quiseres<\/p><p><strong>QUANTAS VEZES:<\/strong> ap\u00f3s cada lavagem do cabelo; pode ser usado diariamente<\/p><p><strong>OBSERVE:<\/strong> Somente para uso externo. Interrompa o uso em caso de irrita\u00e7\u00e3o. Evite contato com os olhos. Mantenha longe das crian\u00e7as! Armazenar em local fresco e seco.<\/p>","_v2024__usage_content__right_bottom_content":"","_v2024__usage_content__note":"","_v2024__usage_content__storage":""},"_links":{"self":[{"href":"https:\/\/cocosolis.com\/pt\/wp-json\/wp\/v2\/product\/1000400965","targetHints":{"allow":["GET"]}}],"collection":[{"href":"https:\/\/cocosolis.com\/pt\/wp-json\/wp\/v2\/product"}],"about":[{"href":"https:\/\/cocosolis.com\/pt\/wp-json\/wp\/v2\/types\/product"}],"wp:featuredmedia":[{"embeddable":true,"href":"https:\/\/cocosolis.com\/pt\/wp-json\/"}],"wp:attachment":[{"href":"https:\/\/cocosolis.com\/pt\/wp-json\/wp\/v2\/media?parent=1000400965"}],"wp:term":[{"taxonomy":"product_brand","embeddable":true,"href":"https:\/\/cocosolis.com\/pt\/wp-json\/wp\/v2\/product_brand?post=1000400965"},{"taxonomy":"product_cat","embeddable":true,"href":"https:\/\/cocosolis.com\/pt\/wp-json\/wp\/v2\/product_cat?post=1000400965"},{"taxonomy":"product_tag","embeddable":true,"href":"https:\/\/cocosolis.com\/pt\/wp-json\/wp\/v2\/product_tag?post=1000400965"},{"taxonomy":"product_template","embeddable":true,"href":"https:\/\/cocosolis.com\/pt\/wp-json\/wp\/v2\/product_template?post=1000400965"}],"curies":[{"name":"wp","href":"https:\/\/api.w.org\/{rel}","templated":true}]}}