{"id":1000390982,"date":"2026-04-01T11:51:25","date_gmt":"2026-04-01T10:51:25","guid":{"rendered":"https:\/\/cocosolis.com\/pt\/product\/solis-gradual-tan-body-milk\/"},"modified":"2026-04-20T11:48:26","modified_gmt":"2026-04-20T10:48:26","slug":"solis-gradual-tan-body-milk","status":"publish","type":"product","link":"https:\/\/cocosolis.com\/pt\/product\/solis-gradual-tan-body-milk\/","title":{"rendered":"SOLIS Gradual Tan Body Milk"},"content":{"rendered":"","protected":false},"excerpt":{"rendered":"","protected":false},"featured_media":0,"template":"","meta":{"_acf_changed":false},"product_brand":[],"product_cat":[43],"product_tag":[],"product_template":[68],"class_list":{"0":"post-1000390982","1":"product","2":"type-product","3":"status-publish","5":"product_cat-self-tanner","6":"product_template-v-2024-clean","8":"first","9":"instock","10":"shipping-taxable","11":"purchasable","12":"product-type-simple"},"acf":{"_v2024__listing_and_sharing_info__listing_category":"SOLIS","_v2024__listing_and_sharing_info__product_type":"Gradual Tan Body Milk","_v2024__listing__and_sharing_info__listing_below_title_in_product_page":"Leite autobronzeador corporal natural. Para uma pele hidratada e um bronzeado gradual e ajust\u00e1vel.F\u00f3rmula leve e de r\u00e1pida absor\u00e7\u00e3o.","_v2024__listing_and_sharing_info__listing_description":"Leite autobronzeador corporal natural. Para hidrata\u00e7\u00e3o di\u00e1ria e um bronzeado gradual e ajust\u00e1vel.","_v2024__listing_and_sharing_info__image":1000009847,"_v2024__product_hero__hero_type":"carousel","_v2024__product_hero__product_slider_gallery":[{"_v2024__product_hero__product_slider_gallery__image":1000009938,"_v2024__product_hero__product_slider_gallery__video_link":""},{"_v2024__product_hero__product_slider_gallery__image":1000009939,"_v2024__product_hero__product_slider_gallery__video_link":""},{"_v2024__product_hero__product_slider_gallery__image":1000009940,"_v2024__product_hero__product_slider_gallery__video_link":""},{"_v2024__product_hero__product_slider_gallery__image":1000009941,"_v2024__product_hero__product_slider_gallery__video_link":""},{"_v2024__product_hero__product_slider_gallery__image":1000009942,"_v2024__product_hero__product_slider_gallery__video_link":""},{"_v2024__product_hero__product_slider_gallery__image":1000009943,"_v2024__product_hero__product_slider_gallery__video_link":""},{"_v2024__product_hero__product_slider_gallery__image":1000009944,"_v2024__product_hero__product_slider_gallery__video_link":""},{"_v2024__product_hero__product_slider_gallery__image":1000009945,"_v2024__product_hero__product_slider_gallery__video_link":""}],"_v2024__before_and_after_image":1000009963,"_v2024__before_and_after_image_mobile":1000009962,"_v2024__product_hero__quantity":"200ml","_v2024__product_hero__product_disclamer":"","_v2024__why_use__should_show":"visible","_v2024__why_use__description_text":"<strong>F\u00f3rmula limpa, desenvolvida a pensar primeiro no cuidado da pele, que combina DHA natural, \u00f3leo org\u00e2nico de cacay valorizado como retinol natural, \u00f3leo org\u00e2nico de marula com efeito anti-idade e \u00e1cido hialur\u00f3nico. Deixa a pele sedosa, com um bronzeado que se desenvolve em 8 horas e pode ser intensificado dia ap\u00f3s dia.<\/strong>","_v2024__why_use__text_content":"<ul>\r\n \t<li>Proporciona um bronzeado natural que se intensifica a cada aplica\u00e7\u00e3o<\/li>\r\n \t<li>Hidrata\u00e7\u00e3o profunda e cuidado anti-idade gra\u00e7as ao retinol natural presente no \u00f3leo de cacay<\/li>\r\n \t<li>F\u00f3rmula inovadora que se adapta ao tom da sua pele<\/li>\r\n \t<li>Emuls\u00e3o leve, de r\u00e1pida absor\u00e7\u00e3o, que n\u00e3o mancha<\/li>\r\n \t<li>Aplica-se uniformemente, sem manchas<\/li>\r\n \t<li>Ideal para iniciantes em autobronzeadores<\/li>\r\n \t<li>Para melhores resultados, aplique com a Self-tanning Mitt<\/li>\r\n \t<li>Aroma de caramel latte<\/li>\r\n<\/ul>","_v2024__why_use__product_notes_and_remarks":"","_v2024__why_use__background_color":"#eddacd","_v2024__why_use__heading_color":"#816c65","_v2024__why_use__text_color":"#816c65","_v2024__why_use__image_desktop":1000009848,"_v2024__why_use__image_mobile":1000009849,"_v2024__stats_show":false,"_v2024__stats_repeater":null,"_v2024__stats_repeater_disclaimer":null,"_v2024__benefits__icons_repeater":[{"_v2024__benefit__icons_repeater_icon":10000010005,"_v2024__benefit__icons_repeater_text":"BRONZEADO DE ASPECTO NATURAL"},{"_v2024__benefit__icons_repeater_icon":10000010004,"_v2024__benefit__icons_repeater_text":"DESENVOLVIMENTO GRADUAL"},{"_v2024__benefit__icons_repeater_icon":10000010003,"_v2024__benefit__icons_repeater_text":"HIDRATA\u00c7\u00c3O DI\u00c1RIA"},{"_v2024__benefit__icons_repeater_icon":10000010002,"_v2024__benefit__icons_repeater_text":"AROMA DE CARAMEL LATTE"}],"_v2024__image_ingreddients__intro_text":"<strong>Uma combina\u00e7\u00e3o de um intensificador natural de bronzeado, \u00e1cido hialur\u00f3nico e \u00f3leos org\u00e2nicos prensados a frio, profundamente hidratantes. Uma f\u00f3rmula leve para um bronzeado uniforme e de aspeto natural, que se desenvolve gradualmente e desvanece de forma suave.<\/strong>","_v2024__image_ingreddients__additional_description":"","_v2024__image_ingreddients__disclamer_inner":"","_v2024__image_ingredients__repeater":[{"_v2024__image_ingredients__ingredient_image":1000009843,"_v2024__image_ingredients__ingredient_title":"NATURAL DHA","_v2024__image_ingredients__ingredient_description":"Ingrediente ativo de origem vegetal, obtido atrav\u00e9s de fermenta\u00e7\u00e3o. Reage com os amino\u00e1cidos da pele para obter um bronzeado natural sem exposi\u00e7\u00e3o solar."},{"_v2024__image_ingredients__ingredient_image":1000009842,"_v2024__image_ingredients__ingredient_title":"\u00c1CIDO HIALUR\u00d3NICO","_v2024__image_ingredients__ingredient_description":"Humectante poderoso de origem natural. Proporciona hidrata\u00e7\u00e3o profunda, ajudando o bronzeado a desenvolver-se de forma mais uniforme e a durar mais tempo. Previne o aparecimento de manchas e marcas."},{"_v2024__image_ingredients__ingredient_image":1000009841,"_v2024__image_ingredients__ingredient_title":"MARULA","_v2024__image_ingredients__ingredient_description":"\u00d3leo leve e profundamente hidratante, rico em antioxidantes e \u00e1cidos gordos essenciais. Absorve r\u00e1pida e profundamente, preparando a pele para um bronzeado uniforme. Favorece uma barreira cut\u00e2nea saud\u00e1vel para um desvanecimento suave."},{"_v2024__image_ingredients__ingredient_image":1000009844,"_v2024__image_ingredients__ingredient_title":"CACAY","_v2024__image_ingredients__ingredient_description":"Conhecido como o \u201couro da Amaz\u00f3nia\u201d, este \u00f3leo tem poderosos efeitos antienvelhecimento e hidratantes. Extremamente rico em vitamina A, \u00e9 valorizado como um retinol natural. Cria uma base suave e revitalizada para um bronzeado uniforme."},{"_v2024__image_ingredients__ingredient_image":1000006712,"_v2024__image_ingredients__ingredient_title":"COCO","_v2024__image_ingredients__ingredient_description":"Absorve facilmente, ao mesmo tempo que hidrata em profundidade e ret\u00e9m a hidrata\u00e7\u00e3o. Forma uma barreira protetora e ajuda a prevenir a acumula\u00e7\u00e3o de cor mais escura em zonas secas como cotovelos e joelhos."}],"_v2024__image_ingredients__all_ingredients":"INCI: AQUA*, CAPRYLIC\/CAPRIC TRIGLYCERIDE*, COCO-CAPRYLATE\/CAPRATE*, DIHYDROXYACETONE*, PENTYLENE GLYCOL*, MAGNESIUM SULFATE, POLYGLYCERYL-6 STEARATE*, XANTHAN GUM*, COCOS NUCIFERA OIL*, SCLEROCARYA BIRREA SEED OIL*, CARYODENDRON ORINOCENSE SEED OIL*, SODIUM HYALURONATE*, LECITHIN*, PULLULAN*, CITRIC ACID*, C14-22 ALCOHOLS*, C12-20 ALKYL GLUCOSIDE*, MICROCRYSTALLINE CELLULOSE*, CELLULOSE GUM*, SCLEROTIUM GUM*, POLYGLYCERYL-6 BEHENATE*, POLYGLYCERYL-4 DIISOSTEARATE\/POLYHYDROXYSTEARATE\/SEBACATE*, POLYGLYCERYL-3 OLEATE*, DIISOSTEAROYL POLYGLYCERYL-3 DIMER DILINOLEATE*, HYDRATED SILICA*, TETRASODIUM GLUTAMATE DIACETATE, PARFUM*, VANILLIN, LINALOOL, CITRAL, BENZALDEHYDE\r\n\r\n*Ingredientes de origem natural\r\n\r\nPor favor, preste aten\u00e7\u00e3o, a lista de ingredientes pode variar ligeiramente ao longo do tempo devido a melhorias no produto. Consulte a embalagem do produto para obter as informa\u00e7\u00f5es mais atualizadas.","_v2024__usage_content__left_content":"<strong>ONDE:<\/strong> todo o corpo\r\n\r\n<strong>QUANDO<\/strong>: Todos os dias, como leite corporal hidratante, at\u00e9 atingir a intensidade de bronzeado desejada.\r\n\r\nQuanto mais frequentemente aplicar o SOLIS Gradual Tan Body Milk, mais intenso se torna o bronzeado.\r\n\r\n<strong>COMO:<\/strong>\r\n<ul>\r\n \t<li>1. Para melhores resultados, esfolie o corpo com a Exfoliating Mitt 24 horas antes da primeira aplica\u00e7\u00e3o.<\/li>\r\n \t<li>2. Aplique o leite sobre a pele limpa e seca, utilizando a Self-tanning Mitt, com movimentos leves e circulares. Utilize com modera\u00e7\u00e3o nos cotovelos, joelhos, tornozelos, p\u00e9s e m\u00e3os.<\/li>\r\n \t<li>3. Se aplicar sem luva, lave bem as m\u00e3os ap\u00f3s a aplica\u00e7\u00e3o. Para proteger as m\u00e3os de poss\u00edvel colora\u00e7\u00e3o, recomendamos usar uma Self-tanning Mitt.<\/li>\r\n \t<li>4. Deixe absorver completamente antes de se vestir.<\/li>\r\n<\/ul>\r\n<strong>OBSERVE:<\/strong> Conservar em local fresco, escuro e seco. Devido \u00e0 sua composi\u00e7\u00e3o natural, a cor da lo\u00e7\u00e3o pode mudar com o tempo, mas isso n\u00e3o afeta a sua qualidade ou efic\u00e1cia. Somente para uso externo. Teste de contato para alergia 24 horas antes do uso. Interrompa o uso em caso de irrita\u00e7\u00e3o. N\u00e3o o use em pele danificada ou quebrada. Evite contato com os olhos. Este produto n\u00e3o cont\u00e9m protetor solar e n\u00e3o protege contra queimaduras solares. Mantenha longe das crian\u00e7as!","_v2024__usage_content__right_bottom_content":"","_v2024__usage_content__note":"","_v2024__usage_content__storage":""},"_links":{"self":[{"href":"https:\/\/cocosolis.com\/pt\/wp-json\/wp\/v2\/product\/1000390982","targetHints":{"allow":["GET"]}}],"collection":[{"href":"https:\/\/cocosolis.com\/pt\/wp-json\/wp\/v2\/product"}],"about":[{"href":"https:\/\/cocosolis.com\/pt\/wp-json\/wp\/v2\/types\/product"}],"wp:attachment":[{"href":"https:\/\/cocosolis.com\/pt\/wp-json\/wp\/v2\/media?parent=1000390982"}],"wp:term":[{"taxonomy":"product_brand","embeddable":true,"href":"https:\/\/cocosolis.com\/pt\/wp-json\/wp\/v2\/product_brand?post=1000390982"},{"taxonomy":"product_cat","embeddable":true,"href":"https:\/\/cocosolis.com\/pt\/wp-json\/wp\/v2\/product_cat?post=1000390982"},{"taxonomy":"product_tag","embeddable":true,"href":"https:\/\/cocosolis.com\/pt\/wp-json\/wp\/v2\/product_tag?post=1000390982"},{"taxonomy":"product_template","embeddable":true,"href":"https:\/\/cocosolis.com\/pt\/wp-json\/wp\/v2\/product_template?post=1000390982"}],"curies":[{"name":"wp","href":"https:\/\/api.w.org\/{rel}","templated":true}]}}