{"id":1000321219,"date":"2025-07-07T14:11:09","date_gmt":"2025-07-07T13:11:09","guid":{"rendered":"https:\/\/cocosolis.com\/pt\/product\/lift-anti-aging-serum\/"},"modified":"2026-04-11T21:09:15","modified_gmt":"2026-04-11T20:09:15","slug":"lift-anti-aging-serum","status":"publish","type":"product","link":"https:\/\/cocosolis.com\/pt\/product\/lift-anti-aging-serum\/","title":{"rendered":"LIFT+ Anti-aging Serum"},"content":{"rendered":"","protected":false},"excerpt":{"rendered":"","protected":false},"featured_media":1000008657,"template":"","meta":{"_acf_changed":false},"product_brand":[],"product_cat":[19],"product_tag":[],"product_template":[68],"class_list":{"0":"post-1000321219","1":"product","2":"type-product","3":"status-publish","4":"has-post-thumbnail","6":"product_cat-skin","7":"product_template-v-2024-clean","9":"first","10":"instock","11":"shipping-taxable","12":"purchasable","13":"product-type-simple"},"acf":{"_v2024__listing_and_sharing_info__listing_category":"LIFT+","_v2024__listing_and_sharing_info__product_type":"Anti-aging Serum","_v2024__listing__and_sharing_info__listing_below_title_in_product_page":"S\u00e9rum-booster rejuvenescedor. F\u00f3rmula de alta concentra\u00e7\u00e3o com efeito lifting.<br><strong>Zona de aplica\u00e7\u00e3o: pesco\u00e7o, decote e busto<\/strong>","_v2024__listing_and_sharing_info__listing_description":"S\u00e9rum-booster rejuvenescedor. F\u00f3rmula de alta concentra\u00e7\u00e3o com efeito lifting.<br><strong>Zona de aplica\u00e7\u00e3o: pesco\u00e7o, decote e busto<\/strong>","_v2024__listing_and_sharing_info__image":1000008658,"_v2024__product_hero__hero_type":"carousel","_v2024__product_hero__product_slider_gallery":[{"_v2024__product_hero__product_slider_gallery__image":1000008339,"_v2024__product_hero__product_slider_gallery__video_link":""},{"_v2024__product_hero__product_slider_gallery__image":1000008419,"_v2024__product_hero__product_slider_gallery__video_link":""},{"_v2024__product_hero__product_slider_gallery__image":1000008420,"_v2024__product_hero__product_slider_gallery__video_link":""},{"_v2024__product_hero__product_slider_gallery__image":1000008421,"_v2024__product_hero__product_slider_gallery__video_link":""},{"_v2024__product_hero__product_slider_gallery__image":1000008422,"_v2024__product_hero__product_slider_gallery__video_link":""},{"_v2024__product_hero__product_slider_gallery__image":1000008423,"_v2024__product_hero__product_slider_gallery__video_link":""},{"_v2024__product_hero__product_slider_gallery__image":1000008424,"_v2024__product_hero__product_slider_gallery__video_link":""},{"_v2024__product_hero__product_slider_gallery__image":1000008340,"_v2024__product_hero__product_slider_gallery__video_link":""}],"_v2024__before_and_after_image":"","_v2024__before_and_after_image_mobile":"","_v2024__product_hero__quantity":"50 ML","_v2024__product_hero__product_disclamer":"","_v2024__why_use__should_show":"visible","_v2024__why_use__description_text":"S\u00e9rum-spray lifting para pesco\u00e7o, decote e busto. Formulado com 9 ingredientes poderosos, clinicamente comprovados para tonificar, alisar e estimular o colag\u00e9nio \u2013 com resultados vis\u00edveis em apenas um m\u00eas.","_v2024__why_use__text_content":"<ul>\r\n \t<li><strong>Efeito transformador<\/strong>: eleva e tonifica a pele do pesco\u00e7o e busto<\/li>\r\n \t<li><strong>Benef\u00edcios adicionais<\/strong>: alisa as rugas e rejuvenesce visivelmente<\/li>\r\n \t<li><strong>Aroma<\/strong>: p\u00eara delicada<\/li>\r\n \t<li><strong>Zona de aplica\u00e7\u00e3o<\/strong>: pesco\u00e7o, decote e busto<\/li>\r\n<\/ul>","_v2024__why_use__product_notes_and_remarks":"","_v2024__why_use__background_color":"#FBF1EB","_v2024__why_use__heading_color":"#816c65","_v2024__why_use__text_color":"#816c65","_v2024__why_use__image_desktop":1000008629,"_v2024__why_use__image_mobile":1000008630,"_v2024__stats_show":false,"_v2024__stats_repeater":null,"_v2024__stats_repeater_disclaimer":null,"_v2024__benefits__icons_repeater":[{"_v2024__benefit__icons_repeater_icon":1000008669,"_v2024__benefit__icons_repeater_text":"ELEVA"},{"_v2024__benefit__icons_repeater_icon":1000008668,"_v2024__benefit__icons_repeater_text":"TONIFICA"},{"_v2024__benefit__icons_repeater_icon":1000008674,"_v2024__benefit__icons_repeater_text":"REJUVENESCE"},{"_v2024__benefit__icons_repeater_icon":1000008670,"_v2024__benefit__icons_repeater_text":"CHEIRA A P\u00caRA DELICADA"}],"_v2024__image_ingreddients__intro_text":"Uma mistura poderosa de estimuladores de col\u00e1geno, ativos anti-idade e hidratantes que atuam em sinergia com extratos bot\u00e2nicos para rejuvenescer o pesco\u00e7o, decote e busto.","_v2024__image_ingreddients__additional_description":"","_v2024__image_ingreddients__disclamer_inner":"","_v2024__image_ingredients__repeater":[{"_v2024__image_ingredients__ingredient_image":1000008643,"_v2024__image_ingredients__ingredient_title":"DERMOSCULPT\u2122","_v2024__image_ingredients__ingredient_description":"A inova\u00e7\u00e3o contra as estrias com um efeito 360\u00b0 Green Collagen Builder. Um ingrediente ativo poderoso que estimula a produ\u00e7\u00e3o de colag\u00e9nio e GAGs essenciais, como o \u00e1cido hialur\u00f3nico. Fortalece a estrutura da pele, melhora a elasticidade, proporciona hidrata\u00e7\u00e3o profunda e oferece um efeito lifting."},{"_v2024__image_ingredients__ingredient_image":1000008639,"_v2024__image_ingredients__ingredient_title":"BODYFERM\u2122","_v2024__image_ingredients__ingredient_description":"Tonifica as \u00e1reas problem\u00e1ticas, apoia a microcircula\u00e7\u00e3o e ativa o processo de queima da gordura subcut\u00e2nea. Tem um efeito de remodela\u00e7\u00e3o total do corpo."},{"_v2024__image_ingredients__ingredient_image":1000008651,"_v2024__image_ingredients__ingredient_title":"RHODYSSEY\u2122","_v2024__image_ingredients__ingredient_description":"Potenc\u00eda a atividade mitocondrial e a s\u00edntese de \u00e1cido hialur\u00f3nico, proporcionando hidrata\u00e7\u00e3o profunda e regenera\u00e7\u00e3o da pele. Reafirma, alisa e fortalece a barreira cut\u00e2nea. Melhora a elasticidade e devolve \u00e0 pele uma apar\u00eancia jovem."},{"_v2024__image_ingredients__ingredient_image":1000008648,"_v2024__image_ingredients__ingredient_title":"P\u00c9PTIDOS","_v2024__image_ingredients__ingredient_description":"Um complexo inovador de p\u00e9ptidos que estimula a regenera\u00e7\u00e3o da pele, reduz as rugas e melhora a elasticidade. Regenera a rede de colag\u00e9nio, desacelera o envelhecimento celular e fortalece a estrutura da pele, promovendo uma apar\u00eancia mais jovem."},{"_v2024__image_ingredients__ingredient_image":1000008647,"_v2024__image_ingredients__ingredient_title":"GUARAN\u00c1","_v2024__image_ingredients__ingredient_description":"Extrato rico em cafe\u00edna que estimula a quebra de gordura e melhora a microcircula\u00e7\u00e3o. Reduz a reten\u00e7\u00e3o de l\u00edquidos."},{"_v2024__image_ingredients__ingredient_image":1000008650,"_v2024__image_ingredients__ingredient_title":"FIGUEIRA-DA-\u00cdNDIA","_v2024__image_ingredients__ingredient_description":"Este extrato reduz o aparecimento de celulite, melhorando a textura e a elasticidade da pele. Hidrata, desintoxica e promove a regenera\u00e7\u00e3o."},{"_v2024__image_ingredients__ingredient_image":1000008646,"_v2024__image_ingredients__ingredient_title":"NOZ VERDE","_v2024__image_ingredients__ingredient_description":"Um extrato com poderosas propriedades antioxidantes e desintoxicantes. Atua no metabolismo da gordura, melhora a elasticidade e modela a silhueta."},{"_v2024__image_ingredients__ingredient_image":1000008644,"_v2024__image_ingredients__ingredient_title":"PITAYA","_v2024__image_ingredients__ingredient_description":"Este extrato melhora a elasticidade, a luminosidade e restabelece a estrutura da pele."},{"_v2024__image_ingredients__ingredient_image":1000004197,"_v2024__image_ingredients__ingredient_title":"COCO","_v2024__image_ingredients__ingredient_description":"Extrato profundamente hidratante, nutritivo e suavizante. Refor\u00e7a a barreira cut\u00e2nea, melhora a elasticidade e proporciona um aspeto suave e firme."}],"_v2024__image_ingredients__all_ingredients":"AQUA*, GLYCERIN*, POLYSORBATE 20, CHLORELLA VULGARIS EXTRACT*, PUNICA GRANATUM PERICARP EXTRACT*, CORYLUS AVELLANA SEED EXTRACT*, SACCHAROMYCES FERMENT LYSATE FILTRATE*, HYDROLYZED RHODOPHYCEAE EXTRACT*, MARIS AQUA*, HYDROLYZED WALNUT EXTRACT*, PALMITOYL TRIPEPTIDE-1, PALMITOYL TETRAPEPTIDE-7, COCOS NUCIFERA FRUIT EXTRACT*, CITRIC ACID*, SODIUM LEVULINATE*, LACTIC ACID*, SODIUM LACTATE*, PARFUM, SODIUM PHYTATE*, CARBOMER, BUTYLENE GLYCOL, PHENETHYL ALCOHOL*, SODIUM BENZOATE, POTASSIUM SORBATE, DIMETHYL PHENETHYL ACETATE, ROSE KETONES\r\n\r\n<em>* Ingredientes de origem natural<\/em>\r\n\r\n<em>Aten\u00e7\u00e3o, a lista de ingredientes pode variar ligeiramente ao longo do tempo devido a melhorias no produto. Consulte a embalagem do produto para obter as informa\u00e7\u00f5es mais atualizadas.<\/em>","_v2024__usage_content__left_content":"<strong>ONDE<\/strong>: pesco\u00e7o, decote e busto\r\n\r\n<strong>QUANDO<\/strong>: de manh\u00e3 e \u00e0 noite\r\n\r\n<strong>COMO<\/strong>: pulverizar na pele limpa e seca de manh\u00e3 e massajar suavemente at\u00e9 \u00e0 absor\u00e7\u00e3o","_v2024__usage_content__right_bottom_content":"","_v2024__usage_content__note":"<strong>OBSERVA\u00c7\u00d5ES<\/strong>\r\n\r\nArmazene num local fresco, escuro e seco. Apenas para uso externo. Interrompa a utiliza\u00e7\u00e3o no caso de irrita\u00e7\u00e3o. N\u00e3o utilize sobre a pele danificada ou ferida. Evite o contacto com os olhos.","_v2024__usage_content__storage":""},"_links":{"self":[{"href":"https:\/\/cocosolis.com\/pt\/wp-json\/wp\/v2\/product\/1000321219","targetHints":{"allow":["GET"]}}],"collection":[{"href":"https:\/\/cocosolis.com\/pt\/wp-json\/wp\/v2\/product"}],"about":[{"href":"https:\/\/cocosolis.com\/pt\/wp-json\/wp\/v2\/types\/product"}],"wp:featuredmedia":[{"embeddable":true,"href":"https:\/\/cocosolis.com\/pt\/wp-json\/"}],"wp:attachment":[{"href":"https:\/\/cocosolis.com\/pt\/wp-json\/wp\/v2\/media?parent=1000321219"}],"wp:term":[{"taxonomy":"product_brand","embeddable":true,"href":"https:\/\/cocosolis.com\/pt\/wp-json\/wp\/v2\/product_brand?post=1000321219"},{"taxonomy":"product_cat","embeddable":true,"href":"https:\/\/cocosolis.com\/pt\/wp-json\/wp\/v2\/product_cat?post=1000321219"},{"taxonomy":"product_tag","embeddable":true,"href":"https:\/\/cocosolis.com\/pt\/wp-json\/wp\/v2\/product_tag?post=1000321219"},{"taxonomy":"product_template","embeddable":true,"href":"https:\/\/cocosolis.com\/pt\/wp-json\/wp\/v2\/product_template?post=1000321219"}],"curies":[{"name":"wp","href":"https:\/\/api.w.org\/{rel}","templated":true}]}}