{"id":1000321218,"date":"2025-07-07T14:11:08","date_gmt":"2025-07-07T13:11:08","guid":{"rendered":"https:\/\/cocosolis.com\/pt\/product\/slim-shaping-serum\/"},"modified":"2026-04-14T17:43:03","modified_gmt":"2026-04-14T16:43:03","slug":"slim-shaping-serum","status":"publish","type":"product","link":"https:\/\/cocosolis.com\/pt\/product\/slim-shaping-serum\/","title":{"rendered":"SLIM+ Shaping Serum"},"content":{"rendered":"","protected":false},"excerpt":{"rendered":"","protected":false},"featured_media":1000008661,"template":"","meta":{"_acf_changed":false},"product_brand":[],"product_cat":[19],"product_tag":[],"product_template":[68],"class_list":{"0":"post-1000321218","1":"product","2":"type-product","3":"status-publish","4":"has-post-thumbnail","6":"product_cat-skin","7":"product_template-v-2024-clean","9":"first","10":"instock","11":"shipping-taxable","12":"purchasable","13":"product-type-simple"},"acf":{"_v2024__listing_and_sharing_info__listing_category":"SLIM+","_v2024__listing_and_sharing_info__product_type":"Shaping Serum","_v2024__listing__and_sharing_info__listing_below_title_in_product_page":"S\u00e9rum concentrado remodelador. A\u00e7\u00e3o direcionada contra a gordura, flacidez e estrias. Reduz a circunfer\u00eancia.<br><strong>Zona de aplica\u00e7\u00e3o: barriga e bra\u00e7os<\/strong>","_v2024__listing_and_sharing_info__listing_description":"S\u00e9rum concentrado remodelador. A\u00e7\u00e3o direcionada contra a gordura, flacidez e estrias.<br><strong>Zona de aplica\u00e7\u00e3o: barriga e bra\u00e7os<\/strong>","_v2024__listing_and_sharing_info__image":1000008662,"_v2024__product_hero__hero_type":"carousel","_v2024__product_hero__product_slider_gallery":[{"_v2024__product_hero__product_slider_gallery__image":1000008529,"_v2024__product_hero__product_slider_gallery__video_link":""},{"_v2024__product_hero__product_slider_gallery__image":1000008609,"_v2024__product_hero__product_slider_gallery__video_link":""},{"_v2024__product_hero__product_slider_gallery__image":1000008610,"_v2024__product_hero__product_slider_gallery__video_link":""},{"_v2024__product_hero__product_slider_gallery__image":1000008611,"_v2024__product_hero__product_slider_gallery__video_link":""},{"_v2024__product_hero__product_slider_gallery__image":1000008612,"_v2024__product_hero__product_slider_gallery__video_link":""},{"_v2024__product_hero__product_slider_gallery__image":1000008613,"_v2024__product_hero__product_slider_gallery__video_link":""},{"_v2024__product_hero__product_slider_gallery__image":1000008614,"_v2024__product_hero__product_slider_gallery__video_link":""},{"_v2024__product_hero__product_slider_gallery__image":1000008530,"_v2024__product_hero__product_slider_gallery__video_link":""}],"_v2024__before_and_after_image":"","_v2024__before_and_after_image_mobile":"","_v2024__product_hero__quantity":"100 ML","_v2024__product_hero__product_disclamer":"","_v2024__why_use__should_show":"visible","_v2024__why_use__description_text":"F\u00f3rmula direcionada para barriga e bra\u00e7os. 9 ingredientes naturais com efeitos clinicamente comprovados que atuam na gordura e tonificam a pele. Resultados vis\u00edveis em apenas um m\u00eas.","_v2024__why_use__text_content":"<ul>\r\n \t<li><strong>Efeito transformador<\/strong>: reduz a circunfer\u00eancia, firma e modela<\/li>\r\n \t<li><strong>Benef\u00edcios adicionais<\/strong>: aumenta a elasticidade da pele e ajuda a prevenir as estrias<\/li>\r\n \t<li><strong>Aroma<\/strong>: laranja sangu\u00ednea<\/li>\r\n \t<li><strong>\u00c1rea-alvo<\/strong>: barriga e bra\u00e7os<\/li>\r\n<\/ul>","_v2024__why_use__product_notes_and_remarks":"","_v2024__why_use__background_color":"#FBF1EB","_v2024__why_use__heading_color":"#816c65","_v2024__why_use__text_color":"#816c65","_v2024__why_use__image_desktop":1000008633,"_v2024__why_use__image_mobile":1000008634,"_v2024__stats_show":false,"_v2024__stats_repeater":null,"_v2024__stats_repeater_disclaimer":null,"_v2024__benefits__icons_repeater":[{"_v2024__benefit__icons_repeater_icon":1000008673,"_v2024__benefit__icons_repeater_text":"REDUZ A CIRCUNFER\u00caNCIA"},{"_v2024__benefit__icons_repeater_icon":1000008666,"_v2024__benefit__icons_repeater_text":"TONIFICA E MODELA"},{"_v2024__benefit__icons_repeater_icon":1000008671,"_v2024__benefit__icons_repeater_text":"PREVINE AS ESTRIAS"},{"_v2024__benefit__icons_repeater_icon":1000008663,"_v2024__benefit__icons_repeater_text":"CHEIRA A LARANJA VERMELHA"}],"_v2024__image_ingreddients__intro_text":"Uma f\u00f3rmula natural rica com ingredientes inovadores que queimam gordura, estimulam o col\u00e1geno e hidratam a pele. 5 extratos bot\u00e2nicos potenciam o seu efeito.","_v2024__image_ingreddients__additional_description":"","_v2024__image_ingreddients__disclamer_inner":"","_v2024__image_ingredients__repeater":[{"_v2024__image_ingredients__ingredient_image":1000008649,"_v2024__image_ingredients__ingredient_title":"PINK PEPPERSLIM\u2122","_v2024__image_ingredients__ingredient_description":"Utilizado em dose dupla, garante a queima ativa de gordura e a microcircula\u00e7\u00e3o. Limita a acumula\u00e7\u00e3o de gordura e drena."},{"_v2024__image_ingredients__ingredient_image":1000008643,"_v2024__image_ingredients__ingredient_title":"DERMOSCULPT\u2122","_v2024__image_ingredients__ingredient_description":"A inova\u00e7\u00e3o contra as estrias com um efeito 360\u00b0 Green Collagen Builder. Um ingrediente ativo poderoso que estimula a produ\u00e7\u00e3o de colag\u00e9nio e GAGs essenciais, como o \u00e1cido hialur\u00f3nico. Fortalece a estrutura da pele, melhora a elasticidade, proporciona hidrata\u00e7\u00e3o profunda e oferece um efeito lifting."},{"_v2024__image_ingredients__ingredient_image":1000008639,"_v2024__image_ingredients__ingredient_title":"BODYFERM\u2122","_v2024__image_ingredients__ingredient_description":"Comprovado na redu\u00e7\u00e3o da circunfer\u00eancia da barriga e dos bra\u00e7os. Tonifica as zonas problem\u00e1ticas, apoia a microcircula\u00e7\u00e3o e ativa o processo de queima da gordura subcut\u00e2nea."},{"_v2024__image_ingredients__ingredient_image":1000002902,"_v2024__image_ingredients__ingredient_title":"AQUAXYL\u2122 + GLYCERIN","_v2024__image_ingredients__ingredient_description":"Combina\u00e7\u00e3o para uma hidrata\u00e7\u00e3o potente. S\u00edntese de ceramidas e a\u00e7\u00e3o antienvelhecimento. A pele permanece radiante, suave e hidratada durante mais de 24 horas."},{"_v2024__image_ingredients__ingredient_image":1000008647,"_v2024__image_ingredients__ingredient_title":"GUARAN\u00c1","_v2024__image_ingredients__ingredient_description":"Extrato rico em cafe\u00edna que estimula a quebra de gordura e melhora a microcircula\u00e7\u00e3o. Reduz a reten\u00e7\u00e3o de l\u00edquidos."},{"_v2024__image_ingredients__ingredient_image":1000008650,"_v2024__image_ingredients__ingredient_title":"FIGUEIRA-DA-\u00cdNDIA","_v2024__image_ingredients__ingredient_description":"Este extrato reduz o aparecimento de celulite, melhorando a textura e a elasticidade da pele. Hidrata, desintoxica e promove a regenera\u00e7\u00e3o."},{"_v2024__image_ingredients__ingredient_image":1000008638,"_v2024__image_ingredients__ingredient_title":"LARANJA VERMELHA","_v2024__image_ingredients__ingredient_description":"Extrato que estimula a circula\u00e7\u00e3o e reduz a acumula\u00e7\u00e3o de gordura. Refor\u00e7a a pele com antioxidantes, melhora a elasticidade e aumenta a vitalidade cut\u00e2nea."},{"_v2024__image_ingredients__ingredient_image":1000008645,"_v2024__image_ingredients__ingredient_title":"CAF\u00c9 VERDE","_v2024__image_ingredients__ingredient_description":"Extrato que estimula a termog\u00e9nese, acelera o metabolismo da pele e favorece a quebra de gordura. Rico em \u00e1cido clorog\u00e9nico, que melhora a microcircula\u00e7\u00e3o e reduz a celulite vis\u00edvel."},{"_v2024__image_ingredients__ingredient_image":1000004197,"_v2024__image_ingredients__ingredient_title":"COCO","_v2024__image_ingredients__ingredient_description":"Extrato profundamente hidratante, nutritivo e suavizante. Refor\u00e7a a barreira cut\u00e2nea, melhora a elasticidade e proporciona um aspeto suave e firme."}],"_v2024__image_ingredients__all_ingredients":"AQUA*, GLYCERIN*, POLYSORBATE 20, PUNICA GRANATUM PERICARP EXTRACT*, CORYLUS AVELLANA SEED EXTRACT*, SACCHAROMYCES FERMENT LYSATE FILTRATE*, CHLORELLA VULGARIS EXTRACT*, SCHINUS TEREBINTHIFOLIA SEED EXTRACT*, XYLITYLGLUCOSIDE*, ANHYDROXYLITOL*, XYLITOL*, VACCINIUM MYRTILLUS FRUIT EXTRACT*, COFFEA ARABICA SEED EXTRACT*, OPUNTIA FICUS-INDICA FLOWER EXTRACT*, HYLOCEREUS UNDATUS FRUIT EXTRACT*, COCOS NUCIFERA FRUIT EXTRACT*, CAPSICUM FRUTESCENS FRUIT EXTRACT*, PAULLINIA CUPANA SEED EXTRACT*, CITRIC ACID*, ACACIA SENEGAL GUM*, XANTHAN GUM*, LACTIC ACID*, SODIUM LEVULINATE*, CITRUS AURANTIUM PEEL OIL*, SODIUM PHYTATE*, SODIUM BENZOATE, POTASSIUM SORBATE, LIMONENE, PINENE, LINALOOL\r\n\r\n<em>* Ingredientes de origem natural<\/em>\r\n\r\n<em>Aten\u00e7\u00e3o, a lista de ingredientes pode variar ligeiramente ao longo do tempo devido a melhorias no produto. Consulte a embalagem do produto para obter as informa\u00e7\u00f5es mais atualizadas.<\/em>","_v2024__usage_content__left_content":"<strong>ONDE<\/strong>: barriga e bra\u00e7os\r\n\r\n<strong>QUANDO<\/strong>: de manh\u00e3 e \u00e0 noite\r\n\r\n<strong>COMO<\/strong>: massajar na pele limpa e seca at\u00e9 absor\u00e7\u00e3o completa\r\n\r\n<strong>PARA MELHORES RESULTADOS<\/strong>: combine com o nosso massageador BODY GUA SHA e com um \u00f3leo da gama SKIN, de acordo com a principal necessidade da sua pele","_v2024__usage_content__right_bottom_content":"","_v2024__usage_content__note":"<strong>OBSERVA\u00c7\u00d5ES<\/strong>\r\n\r\nArmazene num local fresco, escuro e seco. Apenas para uso externo. Interrompa a utiliza\u00e7\u00e3o no caso de irrita\u00e7\u00e3o. N\u00e3o utilize sobre a pele danificada ou ferida. Evite o contacto com os olhos.","_v2024__usage_content__storage":""},"_links":{"self":[{"href":"https:\/\/cocosolis.com\/pt\/wp-json\/wp\/v2\/product\/1000321218","targetHints":{"allow":["GET"]}}],"collection":[{"href":"https:\/\/cocosolis.com\/pt\/wp-json\/wp\/v2\/product"}],"about":[{"href":"https:\/\/cocosolis.com\/pt\/wp-json\/wp\/v2\/types\/product"}],"wp:featuredmedia":[{"embeddable":true,"href":"https:\/\/cocosolis.com\/pt\/wp-json\/"}],"wp:attachment":[{"href":"https:\/\/cocosolis.com\/pt\/wp-json\/wp\/v2\/media?parent=1000321218"}],"wp:term":[{"taxonomy":"product_brand","embeddable":true,"href":"https:\/\/cocosolis.com\/pt\/wp-json\/wp\/v2\/product_brand?post=1000321218"},{"taxonomy":"product_cat","embeddable":true,"href":"https:\/\/cocosolis.com\/pt\/wp-json\/wp\/v2\/product_cat?post=1000321218"},{"taxonomy":"product_tag","embeddable":true,"href":"https:\/\/cocosolis.com\/pt\/wp-json\/wp\/v2\/product_tag?post=1000321218"},{"taxonomy":"product_template","embeddable":true,"href":"https:\/\/cocosolis.com\/pt\/wp-json\/wp\/v2\/product_template?post=1000321218"}],"curies":[{"name":"wp","href":"https:\/\/api.w.org\/{rel}","templated":true}]}}