{"id":1000321217,"date":"2025-07-07T14:11:08","date_gmt":"2025-07-07T13:11:08","guid":{"rendered":"https:\/\/cocosolis.com\/pt\/product\/skin-anti-cellulite-serum\/"},"modified":"2026-05-05T13:39:39","modified_gmt":"2026-05-05T12:39:39","slug":"skin-anti-cellulite-serum","status":"publish","type":"product","link":"https:\/\/cocosolis.com\/pt\/product\/skin-anti-cellulite-serum\/","title":{"rendered":"SKIN+ Anti-cellulite Serum"},"content":{"rendered":"","protected":false},"excerpt":{"rendered":"","protected":false},"featured_media":1000008659,"template":"","meta":{"_acf_changed":false},"product_brand":[],"product_cat":[19],"product_tag":[],"product_template":[68],"class_list":{"0":"post-1000321217","1":"product","2":"type-product","3":"status-publish","4":"has-post-thumbnail","6":"product_cat-skin","7":"product_template-v-2024-clean","9":"first","10":"instock","11":"shipping-taxable","12":"purchasable","13":"product-type-simple"},"acf":{"_v2024__listing_and_sharing_info__listing_category":"SKIN+","_v2024__listing_and_sharing_info__product_type":"Anti-cellulite Serum","_v2024__listing__and_sharing_info__listing_below_title_in_product_page":"S\u00e9rum concentrado anti celul\u00edtico. Uma solu\u00e7\u00e3o comprovada cientificamente para a redu\u00e7\u00e3o vis\u00edvel da celulite, firmeza e suaviza\u00e7\u00e3o.<br><strong>Zona: gl\u00fateos e coxas<\/strong>","_v2024__listing_and_sharing_info__listing_description":"S\u00e9rum concentrado anti celul\u00edtico. Uma solu\u00e7\u00e3o comprovada cient\u00edfica para resultados vis\u00edveis.<br><strong>Zona: gl\u00fateos e coxas<\/strong>","_v2024__listing_and_sharing_info__image":1000008660,"_v2024__product_hero__hero_type":"carousel","_v2024__product_hero__product_slider_gallery":[{"_v2024__product_hero__product_slider_gallery__image":1000008437,"_v2024__product_hero__product_slider_gallery__video_link":""},{"_v2024__product_hero__product_slider_gallery__image":1000008511,"_v2024__product_hero__product_slider_gallery__video_link":""},{"_v2024__product_hero__product_slider_gallery__image":1000008512,"_v2024__product_hero__product_slider_gallery__video_link":""},{"_v2024__product_hero__product_slider_gallery__image":1000008513,"_v2024__product_hero__product_slider_gallery__video_link":""},{"_v2024__product_hero__product_slider_gallery__image":1000008514,"_v2024__product_hero__product_slider_gallery__video_link":""},{"_v2024__product_hero__product_slider_gallery__image":1000008515,"_v2024__product_hero__product_slider_gallery__video_link":""},{"_v2024__product_hero__product_slider_gallery__image":1000008516,"_v2024__product_hero__product_slider_gallery__video_link":""},{"_v2024__product_hero__product_slider_gallery__image":1000008438,"_v2024__product_hero__product_slider_gallery__video_link":""}],"_v2024__before_and_after_image":"","_v2024__before_and_after_image_mobile":"","_v2024__product_hero__quantity":"100 ML","_v2024__product_hero__product_disclamer":"","_v2024__why_use__should_show":"visible","_v2024__why_use__description_text":"Solu\u00e7\u00e3o anticelul\u00edtica com evid\u00eancia cient\u00edfica para resultados vis\u00edveis em apenas um m\u00eas. Mais de 10 ingredientes naturais em alta concentra\u00e7\u00e3o com a\u00e7\u00e3o direcionada na zona dos gl\u00fateos e das coxas.","_v2024__why_use__text_content":"<ul>\r\n \t<li><strong>Efeito transformador<\/strong>: reduz visivelmente a celulite, estimula o col\u00e1geno, suaviza e define a pele<\/li>\r\n \t<li><strong>Benef\u00edcios adicionais<\/strong>: queima gordura, promove a drenagem, hidrata, recarrega com antioxidantes e proporciona um acabamento radiante<\/li>\r\n \t<li><strong>Aroma<\/strong>: gelado de mirtilo<\/li>\r\n \t<li><strong>Zona-alvo<\/strong>: gl\u00fateos e coxas<\/li>\r\n<\/ul>","_v2024__why_use__product_notes_and_remarks":"","_v2024__why_use__background_color":"#FBF1EB","_v2024__why_use__heading_color":"#816c65","_v2024__why_use__text_color":"#816c65","_v2024__why_use__image_desktop":1000008631,"_v2024__why_use__image_mobile":1000008632,"_v2024__stats_show":false,"_v2024__stats_repeater":null,"_v2024__stats_repeater_disclaimer":null,"_v2024__benefits__icons_repeater":[{"_v2024__benefit__icons_repeater_icon":1000008679,"_v2024__benefit__icons_repeater_text":"REDUZ A CELULITE"},{"_v2024__benefit__icons_repeater_icon":1000008675,"_v2024__benefit__icons_repeater_text":"QUEIMA GORDURA"},{"_v2024__benefit__icons_repeater_icon":1000008676,"_v2024__benefit__icons_repeater_text":"SUAVIZA"},{"_v2024__benefit__icons_repeater_icon":1000008664,"_v2024__benefit__icons_repeater_text":"CHEIRA A GELADO DE MIRTILO"}],"_v2024__image_ingreddients__intro_text":"Uma f\u00f3rmula inovadora com 10 ingredientes naturais a funcionar em sinergia: uma elevada concentra\u00e7\u00e3o de ativos anticelul\u00edticos clinicamente comprovados, humectantes e extratos vegetais.","_v2024__image_ingreddients__additional_description":"","_v2024__image_ingreddients__disclamer_inner":"","_v2024__image_ingredients__repeater":[{"_v2024__image_ingredients__ingredient_image":1000008637,"_v2024__image_ingredients__ingredient_title":"ACTIPORINE 8G\u2122","_v2024__image_ingredients__ingredient_description":"A inova\u00e7\u00e3o contra a celulite na sua mais alta concentra\u00e7\u00e3o. Reduz visivelmente a celulite, atuando profundamente. Atua como um poderoso estimulador de col\u00e1geno, refirma as zonas problem\u00e1ticas e suaviza a superf\u00edcie da pele."},{"_v2024__image_ingredients__ingredient_image":1000008649,"_v2024__image_ingredients__ingredient_title":"PINK PEPPERSLIM\u2122","_v2024__image_ingredients__ingredient_description":"Utilizado em dose dupla, garante a queima ativa de gordura e a microcircula\u00e7\u00e3o. Limita a acumula\u00e7\u00e3o de gordura e drena."},{"_v2024__image_ingredients__ingredient_image":1000008639,"_v2024__image_ingredients__ingredient_title":"BODYFERM\u2122","_v2024__image_ingredients__ingredient_description":"Comprovadamente reduz a circunfer\u00eancia da cintura e as coxas. Refirma as zonas problem\u00e1ticas, promove a microcircula\u00e7\u00e3o e ativa os processos de derretimento da gordura subcut\u00e2nea."},{"_v2024__image_ingredients__ingredient_image":1000002902,"_v2024__image_ingredients__ingredient_title":"AQUAXYL\u2122 + GLYCERIN","_v2024__image_ingredients__ingredient_description":"Combina\u00e7\u00e3o para uma hidrata\u00e7\u00e3o potente. S\u00edntese de ceramidas e a\u00e7\u00e3o antienvelhecimento. A pele permanece radiante, suave e hidratada durante mais de 24 horas."},{"_v2024__image_ingredients__ingredient_image":1000008647,"_v2024__image_ingredients__ingredient_title":"GUARAN\u00c1","_v2024__image_ingredients__ingredient_description":"Extrato rico em cafe\u00edna que estimula a quebra de gordura e melhora a microcircula\u00e7\u00e3o. Reduz a reten\u00e7\u00e3o de l\u00edquidos."},{"_v2024__image_ingredients__ingredient_image":1000008650,"_v2024__image_ingredients__ingredient_title":"FIGUEIRA-DA-\u00cdNDIA","_v2024__image_ingredients__ingredient_description":"Este extrato reduz o aparecimento de celulite, melhorando a textura e a elasticidade da pele. Hidrata, desintoxica e promove a regenera\u00e7\u00e3o."},{"_v2024__image_ingredients__ingredient_image":1000008646,"_v2024__image_ingredients__ingredient_title":"NOZ VERDE","_v2024__image_ingredients__ingredient_description":"Um extrato com poderosas propriedades antioxidantes e desintoxicantes. Atua no metabolismo da gordura, melhora a elasticidade e modela a silhueta."},{"_v2024__image_ingredients__ingredient_image":1000008644,"_v2024__image_ingredients__ingredient_title":"PITAYA","_v2024__image_ingredients__ingredient_description":"Este extrato melhora a elasticidade, a luminosidade e restabelece a estrutura da pele."},{"_v2024__image_ingredients__ingredient_image":1000006709,"_v2024__image_ingredients__ingredient_title":"MIRTILO","_v2024__image_ingredients__ingredient_description":"Este extrato protege contra os radicais livres, auxilia na desintoxica\u00e7\u00e3o e melhora a microcircula\u00e7\u00e3o. Refirma, suaviza e tonifica."},{"_v2024__image_ingredients__ingredient_image":1000004197,"_v2024__image_ingredients__ingredient_title":"COCO","_v2024__image_ingredients__ingredient_description":"Extrato profundamente hidratante, nutritivo e suavizante. Refor\u00e7a a barreira cut\u00e2nea, melhora a elasticidade e proporciona um aspeto suave e firme."}],"_v2024__image_ingredients__all_ingredients":"AQUA*, GLYCERIN*, POLYSORBATE 20, JANIA RUBENS EXTRACT*, SCHINUS TEREBINTHIFOLIA SEED EXTRACT*, PUNICA GRANATUM PERICARP EXTRACT*, CORYLUS AVELLANA SEED EXTRACT*, SACCHAROMYCES FERMENT LYSATE FILTRATE*, HYDROLYZED WALNUT EXTRACT*, XYLITYLGLUCOSIDE*, ANHYDROXYLITOL*, XYLITOL*, VACCINIUM MYRTILLUS FRUIT EXTRACT*, COFFEA ARABICA SEED EXTRACT*, OPUNTIA FICUS-INDICA FLOWER EXTRACT*, HYLOCEREUS UNDATUS FRUIT EXTRACT*, COCOS NUCIFERA FRUIT EXTRACT*, CAPSICUM FRUTESCENS FRUIT EXTRACT*, PAULLINIA CUPANA SEED EXTRACT*, CITRIC ACID*, ACACIA SENEGAL GUM*, XANTHAN GUM*, LACTIC ACID*, SODIUM LEVULINATE*, AROMA, SODIUM PHYTATE*, SODIUM BENZOATE, POTASSIUM SORBATE, LINALOOL, LINALYL ACETATE, VANILLIN, CITRONELLOL\r\n\r\n<em>* Ingredientes de origem natural<\/em>\r\n\r\n<em>Aten\u00e7\u00e3o, a lista de ingredientes pode variar ligeiramente ao longo do tempo devido a melhorias no produto. Consulte a embalagem do produto para obter as informa\u00e7\u00f5es mais atualizadas.<\/em>","_v2024__usage_content__left_content":"<strong>ONDE<\/strong>: gl\u00fateos e coxas\r\n\r\n<strong>QUANDO<\/strong>: de manh\u00e3 e \u00e0 noite\r\n\r\n<strong>COMO<\/strong>: aplicar na pele limpa e seca com movimentos de massagem at\u00e9 completa absor\u00e7\u00e3o\r\n\r\n<strong>PARA MELHORES RESULTADOS<\/strong>: aplique antes do seu \u00f3leo seco anti celul\u00edtico SKIN favorito e misture com o massajador GUA SHA","_v2024__usage_content__right_bottom_content":"","_v2024__usage_content__note":"<strong>OBSERVA\u00c7\u00d5ES<\/strong>\r\n\r\nArmazene num local fresco, escuro e seco. Apenas para uso externo. Interrompa a utiliza\u00e7\u00e3o no caso de irrita\u00e7\u00e3o. N\u00e3o utilize sobre a pele danificada ou ferida. Evite o contacto com os olhos.","_v2024__usage_content__storage":""},"_links":{"self":[{"href":"https:\/\/cocosolis.com\/pt\/wp-json\/wp\/v2\/product\/1000321217","targetHints":{"allow":["GET"]}}],"collection":[{"href":"https:\/\/cocosolis.com\/pt\/wp-json\/wp\/v2\/product"}],"about":[{"href":"https:\/\/cocosolis.com\/pt\/wp-json\/wp\/v2\/types\/product"}],"wp:featuredmedia":[{"embeddable":true,"href":"https:\/\/cocosolis.com\/pt\/wp-json\/"}],"wp:attachment":[{"href":"https:\/\/cocosolis.com\/pt\/wp-json\/wp\/v2\/media?parent=1000321217"}],"wp:term":[{"taxonomy":"product_brand","embeddable":true,"href":"https:\/\/cocosolis.com\/pt\/wp-json\/wp\/v2\/product_brand?post=1000321217"},{"taxonomy":"product_cat","embeddable":true,"href":"https:\/\/cocosolis.com\/pt\/wp-json\/wp\/v2\/product_cat?post=1000321217"},{"taxonomy":"product_tag","embeddable":true,"href":"https:\/\/cocosolis.com\/pt\/wp-json\/wp\/v2\/product_tag?post=1000321217"},{"taxonomy":"product_template","embeddable":true,"href":"https:\/\/cocosolis.com\/pt\/wp-json\/wp\/v2\/product_template?post=1000321217"}],"curies":[{"name":"wp","href":"https:\/\/api.w.org\/{rel}","templated":true}]}}