{"id":1000321216,"date":"2025-07-07T14:11:08","date_gmt":"2025-07-07T13:11:08","guid":{"rendered":"https:\/\/cocosolis.com\/pt\/product\/hot-fat-burning-serum\/"},"modified":"2026-05-05T13:39:37","modified_gmt":"2026-05-05T12:39:37","slug":"hot-fat-burning-serum","status":"publish","type":"product","link":"https:\/\/cocosolis.com\/pt\/product\/hot-fat-burning-serum\/","title":{"rendered":"HOT+ Fat-burning Serum"},"content":{"rendered":"","protected":false},"excerpt":{"rendered":"","protected":false},"featured_media":1000008635,"template":"","meta":{"_acf_changed":false},"product_brand":[],"product_cat":[19],"product_tag":[],"product_template":[68],"class_list":{"0":"post-1000321216","1":"product","2":"type-product","3":"status-publish","4":"has-post-thumbnail","6":"product_cat-skin","7":"product_template-v-2024-clean","9":"first","10":"instock","11":"shipping-taxable","12":"purchasable","13":"product-type-simple"},"acf":{"_v2024__listing_and_sharing_info__listing_category":"HOT+","_v2024__listing_and_sharing_info__product_type":"Fat-burning Serum","_v2024__listing__and_sharing_info__listing_below_title_in_product_page":"S\u00e9rum t\u00e9rmico para emagrecimento. F\u00f3rmula com ingredientes clinicamente comprovados para a queima de gordura, firmeza e suavidade.<br><strong>Zona: gl\u00fateos e coxas<br>A\u00e7\u00e3o de aquecimento<\/strong>","_v2024__listing_and_sharing_info__listing_description":"S\u00e9rum t\u00e9rmico para emagrecimento. F\u00f3rmula com ingredientes clinicamente comprovados para a queima de gordura.<br><strong>Zona: gl\u00fateos e coxas<\/strong>","_v2024__listing_and_sharing_info__image":1000008636,"_v2024__product_hero__hero_type":"carousel","_v2024__product_hero__product_slider_gallery":[{"_v2024__product_hero__product_slider_gallery__image":1000008241,"_v2024__product_hero__product_slider_gallery__video_link":""},{"_v2024__product_hero__product_slider_gallery__image":1000008321,"_v2024__product_hero__product_slider_gallery__video_link":""},{"_v2024__product_hero__product_slider_gallery__image":1000008322,"_v2024__product_hero__product_slider_gallery__video_link":""},{"_v2024__product_hero__product_slider_gallery__image":1000008323,"_v2024__product_hero__product_slider_gallery__video_link":""},{"_v2024__product_hero__product_slider_gallery__image":1000008324,"_v2024__product_hero__product_slider_gallery__video_link":""},{"_v2024__product_hero__product_slider_gallery__image":1000008325,"_v2024__product_hero__product_slider_gallery__video_link":""},{"_v2024__product_hero__product_slider_gallery__image":1000008326,"_v2024__product_hero__product_slider_gallery__video_link":""},{"_v2024__product_hero__product_slider_gallery__image":1000008242,"_v2024__product_hero__product_slider_gallery__video_link":""}],"_v2024__before_and_after_image":"","_v2024__before_and_after_image_mobile":"","_v2024__product_hero__quantity":"100 ML","_v2024__product_hero__product_disclamer":"","_v2024__why_use__should_show":"visible","_v2024__why_use__description_text":"S\u00e9rum intensivo com efeito de aquecimento para queima de gordura e defini\u00e7\u00e3o corporal. 11 ingredientes poderosos em alta concentra\u00e7\u00e3o remodelam os gl\u00fateos e as coxas em apenas um m\u00eas.","_v2024__why_use__text_content":"<ul>\r\n \t<li><strong>Efeito transformador<\/strong>: derrete a gordura e reduz a circunfer\u00eancia<\/li>\r\n \t<li><strong>Benef\u00edcios adicionais<\/strong>: limita a acumula\u00e7\u00e3o adicional de gordura, reduz a celulite, tonifica e modela<\/li>\r\n \t<li><strong>Aroma<\/strong>: mandarina vermelha<\/li>\r\n \t<li><strong>Zona de aplica\u00e7\u00e3o<\/strong>: gl\u00fateos e coxas<\/li>\r\n<\/ul>","_v2024__why_use__product_notes_and_remarks":"","_v2024__why_use__background_color":"#FBF1EB","_v2024__why_use__heading_color":"#816c65","_v2024__why_use__text_color":"#816c65","_v2024__why_use__image_desktop":1000008627,"_v2024__why_use__image_mobile":1000008628,"_v2024__stats_show":false,"_v2024__stats_repeater":null,"_v2024__stats_repeater_disclaimer":null,"_v2024__benefits__icons_repeater":[{"_v2024__benefit__icons_repeater_icon":1000008665,"_v2024__benefit__icons_repeater_text":"QUEIMA GORDURA"},{"_v2024__benefit__icons_repeater_icon":1000008667,"_v2024__benefit__icons_repeater_text":"REDUZ AS CIRCUNFER\u00caNCIAS"},{"_v2024__benefit__icons_repeater_icon":1000008673,"_v2024__benefit__icons_repeater_text":"TONIFICA"},{"_v2024__benefit__icons_repeater_icon":1000008672,"_v2024__benefit__icons_repeater_text":"CHEIRA A MANDARINA VERMELHA"}],"_v2024__image_ingreddients__intro_text":"Uma f\u00f3rmula natural poderosa com as mais recentes inova\u00e7\u00f5es cient\u00edficas para queimar gordura atrav\u00e9s da termog\u00e9nese, prevenir a sua re-acumula\u00e7\u00e3o e reduzir a celulite. Ingredientes ativos, extratos de plantas e agentes hidratantes para uma a\u00e7\u00e3o sin\u00e9rgica e um acabamento radiante.","_v2024__image_ingreddients__additional_description":"","_v2024__image_ingreddients__disclamer_inner":"","_v2024__image_ingredients__repeater":[{"_v2024__image_ingredients__ingredient_image":1000008649,"_v2024__image_ingredients__ingredient_title":"PINK PEPPERSLIM\u2122","_v2024__image_ingredients__ingredient_description":"Utilizado em dose dupla, garante a queima ativa de gordura e a microcircula\u00e7\u00e3o. Limita a acumula\u00e7\u00e3o de gordura e drena."},{"_v2024__image_ingredients__ingredient_image":1000008642,"_v2024__image_ingredients__ingredient_title":"CONCENTRE CORALLINE\u2122","_v2024__image_ingredients__ingredient_description":"Desenvolvido especificamente para a queima eficaz de gordura na zona dos gl\u00fateos e das coxas. Durante a noite, reduz o \u201capetite\u201d das c\u00e9lulas de gordura e, durante o dia, queima gordura. Estimula a s\u00edntese de colag\u00e9nio na pele para uma apar\u00eancia mais firme e curvas definidas."},{"_v2024__image_ingredients__ingredient_image":1000008637,"_v2024__image_ingredients__ingredient_title":"ACTIPORINE 8G\u2122","_v2024__image_ingredients__ingredient_description":"A inova\u00e7\u00e3o contra a celulite na sua mais alta concentra\u00e7\u00e3o. Reduz visivelmente a celulite, atuando profundamente. Atua como um poderoso estimulador de col\u00e1geno, refirma as zonas problem\u00e1ticas e suaviza a superf\u00edcie da pele."},{"_v2024__image_ingredients__ingredient_image":1000002902,"_v2024__image_ingredients__ingredient_title":"AQUAXYL\u2122 + GLYCERIN","_v2024__image_ingredients__ingredient_description":"Combina\u00e7\u00e3o para uma hidrata\u00e7\u00e3o potente. S\u00edntese de ceramidas e a\u00e7\u00e3o antienvelhecimento. A pele permanece radiante, suave e hidratada durante mais de 24 horas."},{"_v2024__image_ingredients__ingredient_image":1000006713,"_v2024__image_ingredients__ingredient_title":"CAFE\u00cdNA","_v2024__image_ingredients__ingredient_description":"Estimula a quebra de gordura, melhora a microcircula\u00e7\u00e3o e drena os l\u00edquidos em excesso. O resultado \u00e9: menos incha\u00e7o, redu\u00e7\u00e3o da celulite vis\u00edvel e pele mais suave."},{"_v2024__image_ingredients__ingredient_image":1000008647,"_v2024__image_ingredients__ingredient_title":"GUARAN\u00c1","_v2024__image_ingredients__ingredient_description":"Extrato rico em cafe\u00edna que estimula a quebra de gordura e melhora a microcircula\u00e7\u00e3o. Reduz a reten\u00e7\u00e3o de l\u00edquidos."},{"_v2024__image_ingredients__ingredient_image":1000008641,"_v2024__image_ingredients__ingredient_title":"PIMENTA CAIENA","_v2024__image_ingredients__ingredient_description":"Este extrato cont\u00e9m capsaicina, que estimula a termog\u00e9nese (o processo de queimar mais calorias atrav\u00e9s da produ\u00e7\u00e3o de calor). Melhora a circula\u00e7\u00e3o, acelera o metabolismo e ajuda a decompor os dep\u00f3sitos de gordura."},{"_v2024__image_ingredients__ingredient_image":1000008645,"_v2024__image_ingredients__ingredient_title":"CAF\u00c9 VERDE","_v2024__image_ingredients__ingredient_description":"Extrato que estimula a termog\u00e9nese, acelera o metabolismo da pele e favorece a quebra de gordura. Rico em \u00e1cido clorog\u00e9nico, que melhora a microcircula\u00e7\u00e3o e reduz a celulite vis\u00edvel."},{"_v2024__image_ingredients__ingredient_image":1000008678,"_v2024__image_ingredients__ingredient_title":"MANDARINA VERMELHA","_v2024__image_ingredients__ingredient_description":"Extrato que estimula a circula\u00e7\u00e3o linf\u00e1tica, favorece a quebra de gordura e tonifica a pele. Proporciona um efeito anticelul\u00edtico."},{"_v2024__image_ingredients__ingredient_image":1000006712,"_v2024__image_ingredients__ingredient_title":"COCO","_v2024__image_ingredients__ingredient_description":"Extrato profundamente hidratante, nutritivo e suavizante. Refor\u00e7a a barreira cut\u00e2nea, melhora a elasticidade e proporciona um aspeto suave e firme."},{"_v2024__image_ingredients__ingredient_image":1000008640,"_v2024__image_ingredients__ingredient_title":"POTENCIADOR DE INGREDIENTES ATIVOS","_v2024__image_ingredients__ingredient_description":"Suave para a pele, melhora a absor\u00e7\u00e3o dos ingredientes ativos, proporcionando uma hidrata\u00e7\u00e3o profunda e potenciando a sua efic\u00e1cia."}],"_v2024__image_ingredients__all_ingredients":"AQUA, GLYCERIN*, PROPANEDIOL*, CAFFEINE, POLYSORBATE 20, CORALLINA OFFICINALIS EXTRACT*, SCHINUS TEREBINTHIFOLIA SEED EXTRACT*, JANIA RUBENS EXTRACT*, VACCINIUM MYRTILLUS FRUIT EXTRACT*, COFFEA ARABICA SEED EXTRACT*, OPUNTIA FICUS-INDICA FLOWER EXTRACT*, HYLOCEREUS UNDATUS FRUIT EXTRACT*, COCOS NUCIFERA FRUIT EXTRACT*, CAPSICUM FRUTESCENS FRUIT EXTRACT*, PAULLINIA CUPANA SEED EXTRACT*, XYLITYLGLUCOSIDE*, ANHYDROXYLITOL*, XYLITOL*, CITRUS NOBILIS PEEL OIL*, ACACIA SENEGAL GUM*, XANTHAN GUM*, LACTIC ACID*, CITRIC ACID*, SODIUM PHYTATE*, SODIUM LEVULINATE*, VANILLYL BUTYL ETHER, SODIUM BENZOATE, POTASSIUM SORBATE, LIMONENE, PINENE, TERPINOLENE, LINALOOL\r\n\r\n<em>*Ingredientes de origem natural<\/em>\r\n\r\n<em>Aten\u00e7\u00e3o, a lista de ingredientes pode variar ligeiramente ao longo do tempo devido a melhorias no produto. Consulte a embalagem do produto para obter as informa\u00e7\u00f5es mais atualizadas.<\/em>","_v2024__usage_content__left_content":"<strong>ONDE<\/strong>: gl\u00fateos e coxas\r\n\r\n<strong>QUANDO<\/strong>: de manh\u00e3 e \u00e0 noite\r\n\r\n<strong>COMO<\/strong>: massaje na pele limpa e seca at\u00e9 absor\u00e7\u00e3o completa\r\n\r\n<strong>N\u00c3O ESQUE\u00c7A<\/strong>: lave bem as m\u00e3os ap\u00f3s a aplica\u00e7\u00e3o\r\n\r\n<strong>POTENCIE O EFEITO<\/strong>:\r\n<ul>\r\n \t<li>ap\u00f3s o HOT+, aplique o \u00f3leo seco anti celul\u00edtico SKIN com a ajuda do massageador BODY GUA SHA<\/li>\r\n \t<li>para resultados ainda mais vis\u00edveis, combine o HOT+ com outro s\u00e9rum da gama, adaptado \u00e0 zona e ao objetivo espec\u00edficos<\/li>\r\n<\/ul>","_v2024__usage_content__right_bottom_content":"","_v2024__usage_content__note":"<strong>AVISOS<\/strong>\r\n\r\nEste produto tem um efeito de aquecimento, que \u00e9 um resultado normal da sua a\u00e7\u00e3o. A sensa\u00e7\u00e3o de aquecimento pode variar consoante a sensibilidade da pele e pode alterar-se ao longo da utiliza\u00e7\u00e3o. N\u00e3o utilize em pele ferida, irritada ou sens\u00edvel. Evite o contacto com os olhos ou mucosas. Teste numa pequena \u00e1rea antes do uso completo e interrompa o uso se ocorrer irrita\u00e7\u00e3o. N\u00e3o \u00e9 adequado para utiliza\u00e7\u00e3o durante a gravidez ou amamenta\u00e7\u00e3o. Manter fora do alcance das crian\u00e7as. Apenas para uso externo. Armazene num local fresco, escuro e seco.","_v2024__usage_content__storage":""},"_links":{"self":[{"href":"https:\/\/cocosolis.com\/pt\/wp-json\/wp\/v2\/product\/1000321216","targetHints":{"allow":["GET"]}}],"collection":[{"href":"https:\/\/cocosolis.com\/pt\/wp-json\/wp\/v2\/product"}],"about":[{"href":"https:\/\/cocosolis.com\/pt\/wp-json\/wp\/v2\/types\/product"}],"wp:featuredmedia":[{"embeddable":true,"href":"https:\/\/cocosolis.com\/pt\/wp-json\/"}],"wp:attachment":[{"href":"https:\/\/cocosolis.com\/pt\/wp-json\/wp\/v2\/media?parent=1000321216"}],"wp:term":[{"taxonomy":"product_brand","embeddable":true,"href":"https:\/\/cocosolis.com\/pt\/wp-json\/wp\/v2\/product_brand?post=1000321216"},{"taxonomy":"product_cat","embeddable":true,"href":"https:\/\/cocosolis.com\/pt\/wp-json\/wp\/v2\/product_cat?post=1000321216"},{"taxonomy":"product_tag","embeddable":true,"href":"https:\/\/cocosolis.com\/pt\/wp-json\/wp\/v2\/product_tag?post=1000321216"},{"taxonomy":"product_template","embeddable":true,"href":"https:\/\/cocosolis.com\/pt\/wp-json\/wp\/v2\/product_template?post=1000321216"}],"curies":[{"name":"wp","href":"https:\/\/api.w.org\/{rel}","templated":true}]}}