{"id":1000318027,"date":"2025-07-02T04:20:51","date_gmt":"2025-07-02T03:20:51","guid":{"rendered":"https:\/\/cocosolis.com\/pt\/product\/body-gua-sha-anti-cellulite-sculpting-massager\/"},"modified":"2026-03-23T13:56:22","modified_gmt":"2026-03-23T13:56:22","slug":"body-gua-sha-anti-cellulite-sculpting-massager","status":"publish","type":"product","link":"https:\/\/cocosolis.com\/pt\/product\/body-gua-sha-anti-cellulite-sculpting-massager\/","title":{"rendered":"BODY GUA SHA Anti-cellulite &amp; Sculpting Massager"},"content":{"rendered":"","protected":false},"excerpt":{"rendered":"<p>Massageador corporal de madeira natural. Suaviza a celulite e esculpe a silhueta.<\/p>\n","protected":false},"featured_media":1000008683,"template":"","meta":{"_acf_changed":false},"product_brand":[],"product_cat":[19],"product_tag":[],"product_template":[68],"class_list":{"0":"post-1000318027","1":"product","2":"type-product","3":"status-publish","4":"has-post-thumbnail","6":"product_cat-skin","7":"product_template-v-2024-clean","9":"first","10":"instock","11":"shipping-taxable","12":"purchasable","13":"product-type-simple"},"acf":{"_v2024__listing_and_sharing_info__listing_category":"BODY GUA SHA","_v2024__listing_and_sharing_info__product_type":"Anti-cellulite &amp; Sculpting Massager","_v2024__listing__and_sharing_info__listing_below_title_in_product_page":"Massageador corporal de madeira natural. Suaviza a celulite e esculpe a silhueta. Estimula a circula\u00e7\u00e3o e promove a drenagem linf\u00e1tica.","_v2024__listing_and_sharing_info__listing_description":"Massageador corporal de madeira natural. Suaviza a celulite e esculpe a silhueta.","_v2024__listing_and_sharing_info__image":1000008683,"_v2024__product_hero__hero_type":"carousel","_v2024__product_hero__product_slider_gallery":[{"_v2024__product_hero__product_slider_gallery__image":1000008055,"_v2024__product_hero__product_slider_gallery__video_link":""},{"_v2024__product_hero__product_slider_gallery__image":1000008156,"_v2024__product_hero__product_slider_gallery__video_link":""},{"_v2024__product_hero__product_slider_gallery__image":1000008056,"_v2024__product_hero__product_slider_gallery__video_link":""},{"_v2024__product_hero__product_slider_gallery__image":1000008157,"_v2024__product_hero__product_slider_gallery__video_link":""},{"_v2024__product_hero__product_slider_gallery__image":1000008158,"_v2024__product_hero__product_slider_gallery__video_link":""},{"_v2024__product_hero__product_slider_gallery__image":1000008159,"_v2024__product_hero__product_slider_gallery__video_link":""}],"_v2024__before_and_after_image":"","_v2024__before_and_after_image_mobile":"","_v2024__product_hero__quantity":"","_v2024__product_hero__product_disclamer":"","_v2024__why_use__should_show":"visible","_v2024__why_use__description_text":"","_v2024__why_use__text_content":"<ul>\r\n \t<li>Reduz visivelmente a celulite ao quebrar os ac\u00famulos fibrosos<\/li>\r\n \t<li>Combate a gordura localizada nas coxas, barriga e gl\u00fateos<\/li>\r\n \t<li>Modela a silhueta e melhora a elasticidade da pele<\/li>\r\n \t<li>Estimula a circula\u00e7\u00e3o, a drenagem linf\u00e1tica e a remo\u00e7\u00e3o de toxinas<\/li>\r\n \t<li>Oferece o m\u00e1ximo efeito anticelul\u00edtico e lipol\u00edtico quando utilizado com o nosso \u00f3leo corporal mais vendido SKIN Anti-cellulite<\/li>\r\n \t<li>Leve, ergon\u00f3mico e feito de madeira de faia dur\u00e1vel e de alta qualidade<\/li>\r\n<\/ul>","_v2024__why_use__product_notes_and_remarks":"","_v2024__why_use__background_color":"#FBF1EB","_v2024__why_use__heading_color":"#816c65","_v2024__why_use__text_color":"#816c65","_v2024__why_use__image_desktop":1000008061,"_v2024__why_use__image_mobile":1000008062,"_v2024__stats_show":false,"_v2024__stats_repeater":null,"_v2024__stats_repeater_disclaimer":null,"_v2024__benefits__icons_repeater":null,"_v2024__image_ingreddients__intro_text":"","_v2024__image_ingreddients__additional_description":"","_v2024__image_ingreddients__disclamer_inner":"","_v2024__image_ingredients__repeater":null,"_v2024__image_ingredients__all_ingredients":"","_v2024__usage_content__left_content":"<strong>ONDE<\/strong>: coxas, gl\u00fateos, barriga, bra\u00e7os e rosto\r\n\r\n<strong>COM QUE FREQU\u00caNCIA<\/strong>: diariamente ou pelo menos 4 vezes por semana\r\n<p class=\"product_guaSha_advice\"><strong>DICA: use sempre com um \u00f3leo corporal \u2014 para melhores resultados, recomendamos <a href=\"https:\/\/cocosolis.com\/pt\/product\/skin-anti-cellulite-dry-oil\/\" target=\"_blank\" rel=\"noopener\">SKIN Anti-cellulite<\/a><\/strong><\/p>\r\n\r\n<ol>\r\n \t<li>Aplique uma quantidade generosa de \u00f3leo corporal da linha SKIN na pele limpa e seca.<\/li>\r\n \t<li>Massaje cada \u00e1rea durante 5 a 10 minutos, utilizando movimentos suaves na dire\u00e7\u00e3o do fluxo linf\u00e1tico \u2014 das partes externas do corpo em dire\u00e7\u00e3o ao centro.<\/li>\r\n \t<li>Limpe com um pano macio, seco ou ligeiramente h\u00famido. Evite enxaguar com \u00e1gua.<\/li>\r\n \t<li>Guarde em local seco (de prefer\u00eancia n\u00e3o na casa de banho) e longe de fontes de calor.<\/li>\r\n<\/ol>\r\n<h4 class=\"ingredientsAndUsage_usage_grid_left_title\">MATERIAL<\/h4>\r\n100% madeira de faia\r\n\r\n<em>Reutiliz\u00e1vel. Use com um \u00f3leo corporal. N\u00e3o use sobre a pele irritada, lesionada ou inflamada. Interrompa o uso se ocorrer irrita\u00e7\u00e3o ou desconforto. N\u00e3o \u00e9 um brinquedo. Guarde em local seco, longe da umidade e do calor, fora do alcance de crian\u00e7as. Ap\u00f3s o uso, limpe com um pano macio, seco ou levemente \u00famido. N\u00e3o enx\u00e1gue com \u00e1gua. Material: 100% madeira de faia.<\/em>\r\n\r\n&nbsp;","_v2024__usage_content__right_bottom_content":"","_v2024__usage_content__note":"","_v2024__usage_content__storage":""},"_links":{"self":[{"href":"https:\/\/cocosolis.com\/pt\/wp-json\/wp\/v2\/product\/1000318027","targetHints":{"allow":["GET"]}}],"collection":[{"href":"https:\/\/cocosolis.com\/pt\/wp-json\/wp\/v2\/product"}],"about":[{"href":"https:\/\/cocosolis.com\/pt\/wp-json\/wp\/v2\/types\/product"}],"wp:featuredmedia":[{"embeddable":true,"href":"https:\/\/cocosolis.com\/pt\/wp-json\/"}],"wp:attachment":[{"href":"https:\/\/cocosolis.com\/pt\/wp-json\/wp\/v2\/media?parent=1000318027"}],"wp:term":[{"taxonomy":"product_brand","embeddable":true,"href":"https:\/\/cocosolis.com\/pt\/wp-json\/wp\/v2\/product_brand?post=1000318027"},{"taxonomy":"product_cat","embeddable":true,"href":"https:\/\/cocosolis.com\/pt\/wp-json\/wp\/v2\/product_cat?post=1000318027"},{"taxonomy":"product_tag","embeddable":true,"href":"https:\/\/cocosolis.com\/pt\/wp-json\/wp\/v2\/product_tag?post=1000318027"},{"taxonomy":"product_template","embeddable":true,"href":"https:\/\/cocosolis.com\/pt\/wp-json\/wp\/v2\/product_template?post=1000318027"}],"curies":[{"name":"wp","href":"https:\/\/api.w.org\/{rel}","templated":true}]}}