{"id":1000299696,"date":"2025-06-02T13:09:05","date_gmt":"2025-06-02T12:09:05","guid":{"rendered":"https:\/\/cocosolis.com\/pt\/product\/capri-after-sun-tan-extending-lotion\/"},"modified":"2026-04-06T14:29:36","modified_gmt":"2026-04-06T13:29:36","slug":"capri-after-sun-tan-extending-lotion","status":"publish","type":"product","link":"https:\/\/cocosolis.com\/pt\/product\/capri-after-sun-tan-extending-lotion\/","title":{"rendered":"CAPRI After Sun Tan-Extending Lotion"},"content":{"rendered":"","protected":false},"excerpt":{"rendered":"<p>Lo\u00e7\u00e3o p\u00f3s-sol prolongadora do bronzeado com TOSOLIN\u2122. Restaura e hidrata.<\/p>\n","protected":false},"featured_media":1000007980,"template":"","meta":{"_acf_changed":false},"product_brand":[],"product_cat":[15],"product_tag":[],"product_template":[68],"class_list":{"0":"post-1000299696","1":"product","2":"type-product","3":"status-publish","4":"has-post-thumbnail","6":"product_cat-suntan-body","7":"product_template-v-2024-clean","9":"first","10":"instock","11":"shipping-taxable","12":"purchasable","13":"product-type-simple"},"acf":{"_v2024__listing_and_sharing_info__listing_category":"CAPRI","_v2024__listing_and_sharing_info__product_type":"After Sun Tan-Extending Lotion","_v2024__listing__and_sharing_info__listing_below_title_in_product_page":"Lo\u00e7\u00e3o p\u00f3s-sol prolongadora do bronzeado com TOSOLIN\u2122. Refresca, acalma e hidrata a pele. Prolonga o bronzeado por at\u00e9 3 meses se aplicado diariamente.","_v2024__listing_and_sharing_info__listing_description":"Lo\u00e7\u00e3o p\u00f3s-sol prolongadora do bronzeado com TOSOLIN\u2122. Restaura e hidrata.","_v2024__listing_and_sharing_info__image":1000007981,"_v2024__product_hero__hero_type":"carousel","_v2024__product_hero__product_slider_gallery":[{"_v2024__product_hero__product_slider_gallery__image":1000007893,"_v2024__product_hero__product_slider_gallery__video_link":""},{"_v2024__product_hero__product_slider_gallery__image":1000008017,"_v2024__product_hero__product_slider_gallery__video_link":""},{"_v2024__product_hero__product_slider_gallery__image":1000008016,"_v2024__product_hero__product_slider_gallery__video_link":""},{"_v2024__product_hero__product_slider_gallery__image":1000008015,"_v2024__product_hero__product_slider_gallery__video_link":""},{"_v2024__product_hero__product_slider_gallery__image":1000008014,"_v2024__product_hero__product_slider_gallery__video_link":""},{"_v2024__product_hero__product_slider_gallery__image":1000008013,"_v2024__product_hero__product_slider_gallery__video_link":""},{"_v2024__product_hero__product_slider_gallery__image":1000008012,"_v2024__product_hero__product_slider_gallery__video_link":""},{"_v2024__product_hero__product_slider_gallery__image":1000008011,"_v2024__product_hero__product_slider_gallery__video_link":""}],"_v2024__before_and_after_image":1000007863,"_v2024__before_and_after_image_mobile":1000007864,"_v2024__product_hero__quantity":"100 ML","_v2024__product_hero__product_disclamer":"","_v2024__why_use__should_show":"visible","_v2024__why_use__description_text":"D\u00ea \u00e0 sua pele o cuidado que ela merece depois de um dia de sol e mantenha o seu bronzeado radiante por muito tempo depois das f\u00e9rias. Tudo o que precisa \u00e9 desta lo\u00e7\u00e3o com ativos naturais, \u00f3leos org\u00e2nicos, vitaminas e o aroma de uma escapadinha de ver\u00e3o italiana.","_v2024__why_use__text_content":"<ul>\r\n \t<li>Clinicamente comprovado que mant\u00e9m o bronzeado por at\u00e9 3 meses com uso di\u00e1rio<\/li>\r\n \t<li>Refresca e acalma instantaneamente a pele ap\u00f3s a exposi\u00e7\u00e3o ao sol<\/li>\r\n \t<li>Reduz a vermelhid\u00e3o e a sensa\u00e7\u00e3o de pele esticada e \"quente\"<\/li>\r\n \t<li>Hidrata profundamente, auxilia na regenera\u00e7\u00e3o e fortalece a barreira da pele<\/li>\r\n \t<li>Com uma fragr\u00e2ncia mediterr\u00e2nea Dolce Capri de p\u00eara fresca e jasmim<\/li>\r\n \t<li>Ideal para corpo e rosto<\/li>\r\n<\/ul>","_v2024__why_use__product_notes_and_remarks":"","_v2024__why_use__background_color":"#FBF1EB","_v2024__why_use__heading_color":"#816c65","_v2024__why_use__text_color":"#816c65","_v2024__why_use__image_desktop":1000007978,"_v2024__why_use__image_mobile":1000007979,"_v2024__stats_show":false,"_v2024__stats_repeater":null,"_v2024__stats_repeater_disclaimer":null,"_v2024__benefits__icons_repeater":[{"_v2024__benefit__icons_repeater_icon":1000007987,"_v2024__benefit__icons_repeater_text":"ACALMA"},{"_v2024__benefit__icons_repeater_icon":1000007985,"_v2024__benefit__icons_repeater_text":"HIDRATA"},{"_v2024__benefit__icons_repeater_icon":1000007984,"_v2024__benefit__icons_repeater_text":"PROLONGA O BRONZEADO"},{"_v2024__benefit__icons_repeater_icon":1000007986,"_v2024__benefit__icons_repeater_text":"AROMA DOLCE CAPRI DE P\u00caRA E JASMIM"}],"_v2024__image_ingreddients__intro_text":"No centro das propriedades \u00fanicas do CAPRI est\u00e1 o ingrediente ativo natural TOSOLIN\u2122, que proporciona um cuidado p\u00f3s-sol completo e prolonga o bronzeado por at\u00e9 3 meses. Uma mistura de poderosos umectantes, vitaminas e \u00f3leos org\u00e2nicos potencializa os seus efeitos, mantendo a sua pele bronzeada e radiante.","_v2024__image_ingreddients__additional_description":"","_v2024__image_ingreddients__disclamer_inner":"","_v2024__image_ingredients__repeater":[{"_v2024__image_ingredients__ingredient_image":7983,"_v2024__image_ingredients__ingredient_title":"TOSOLIN\u2122","_v2024__image_ingredients__ingredient_description":"<p>Um ingrediente ativo natural clinicamente comprovado que prolonga o bronzeado, estimulando a produ\u00e7\u00e3o de melanina e estabilizando a pigmenta\u00e7\u00e3o. Acalma a pele, reduzindo a vermelhid\u00e3o e a inflama\u00e7\u00e3o. Oferece poderosa prote\u00e7\u00e3o antioxidante contra os danos UV. Fortalece a barreira cut\u00e2nea, auxilia na regenera\u00e7\u00e3o do col\u00e1geno e garante hidrata\u00e7\u00e3o duradoura.<\/p>"},{"_v2024__image_ingredients__ingredient_image":7982,"_v2024__image_ingredients__ingredient_title":"BISABOLOL","_v2024__image_ingredients__ingredient_description":"<p>Possui poderosas propriedades anti-inflamat\u00f3rias, aliviando a vermelhid\u00e3o e a irrita\u00e7\u00e3o ap\u00f3s a exposi\u00e7\u00e3o solar. Auxilia na regenera\u00e7\u00e3o da barreira cut\u00e2nea e protege contra o estresse oxidativo. Potencializa a efic\u00e1cia de outros ingredientes ativos.<\/p>\n"},{"_v2024__image_ingredients__ingredient_image":2911,"_v2024__image_ingredients__ingredient_title":"\u00c1CIDO HIALUR\u00d4NICO","_v2024__image_ingredients__ingredient_description":"<p>Ap\u00f3s a exposi\u00e7\u00e3o solar, proporciona hidrata\u00e7\u00e3o profunda e duradoura \u00e0 pele, retendo a umidade. Acalma a irrita\u00e7\u00e3o e auxilia na regenera\u00e7\u00e3o da barreira cut\u00e2nea.<\/p>\n"},{"_v2024__image_ingredients__ingredient_image":7074,"_v2024__image_ingredients__ingredient_title":"PANTENOL","_v2024__image_ingredients__ingredient_description":"<p>Rep\u00f5e a hidrata\u00e7\u00e3o e melhora a elasticidade da pele. Acalma e auxilia na regenera\u00e7\u00e3o ap\u00f3s a exposi\u00e7\u00e3o solar.<\/p>\n"},{"_v2024__image_ingredients__ingredient_image":6730,"_v2024__image_ingredients__ingredient_title":"VITAMINA E NATURAL","_v2024__image_ingredients__ingredient_description":"<p>Um poderoso antioxidante que ajuda a proteger a pele dos danos causados \u200b\u200bpelos raios UV. Nutre, acalma, reduz a inflama\u00e7\u00e3o e prolonga o brilho radiante da pele.<\/p>\n"},{"_v2024__image_ingredients__ingredient_image":2909,"_v2024__image_ingredients__ingredient_title":"GLICERINA","_v2024__image_ingredients__ingredient_description":"<p>Um poderoso umectante que ret\u00e9m a umidade, mantendo a pele macia e suave. Ajuda a alcan\u00e7ar um bronzeado mais uniforme e duradouro.<\/p>\n"},{"_v2024__image_ingredients__ingredient_image":2906,"_v2024__image_ingredients__ingredient_title":"\u00d3LEO DE COCO","_v2024__image_ingredients__ingredient_description":"<p>Hidrata e nutre a pele ap\u00f3s a exposi\u00e7\u00e3o solar. Previne a descama\u00e7\u00e3o e o ressecamento, ajudando a prolongar o bronzeado.<\/p>\n"},{"_v2024__image_ingredients__ingredient_image":3680,"_v2024__image_ingredients__ingredient_title":"\u00d3LEO DE MELANCIA","_v2024__image_ingredients__ingredient_description":"<p>Repleto de antioxidantes, vitaminas A, C e \u00e1cidos gordos essenciais. Hidrata profundamente, rejuvenesce e protege a pele.<\/p>\n"},{"_v2024__image_ingredients__ingredient_image":6717,"_v2024__image_ingredients__ingredient_title":"\u00d3LEO DE JOJOBA","_v2024__image_ingredients__ingredient_description":"<p>Equilibra a oleosidade, acalma a pele e promove uma apar\u00eancia suave e limpa.<\/p>\n"}],"_v2024__image_ingredients__all_ingredients":"CAPRYLYL CAPRYLATE\/CAPRATE*, POLYGLYCERYL-6 STEARATE*, CETEARYL ALCOHOL*, PENTYLENE GLYCOL*, 4-T-BUTYLCYCLOHEXANOL, COCOS NUCIFERA OIL*, GLYCERIN*, BISABOLOL*, SODIUM HYALURONATE*, MANNOSE*, GLUCOSE*, BETA-GLUCAN*, PANTHENOL, CITRULLUS LANATUS SEED OIL*, SIMMONDSIA CHINENSIS SEED OIL*, TOCOPHEROL*, HELIANTHUS ANNUUS SEED OIL*, CITRIC ACID*, XANTHAN GUM*, POLYGLYCERYL-6 BEHENATE*, ARACHIDYL ALCOHOL*, BEHENYL ALCOHOL*, ARACHIDYL GLUCOSIDE*, PARFUM, TETRASODIUM GLUTAMATE DIACETATE, PHENOXYETHANOL, BENZYL ALCOHOL, DEHYDROACETIC ACID, DIMETHYL PHENETHYL ACETATE, ROSE KETONES\r\n\r\n<em>* Ingredients from natural origin<\/em>\r\n\r\n<em>Aten\u00e7\u00e3o, a lista de ingredientes pode variar ligeiramente ao longo do tempo devido a melhorias no produto. Consulte a embalagem do produto para obter as informa\u00e7\u00f5es mais atualizadas.<\/em>","_v2024__usage_content__left_content":"<strong>ONDE: rosto e corpo<\/strong>\r\n\r\n<strong>QUANDO<\/strong>:\r\n<ul>\r\n \t<li>ANTES DA PRAIA: diariamente antes da exposi\u00e7\u00e3o ao sol para reduzir a vermelhid\u00e3o<\/li>\r\n \t<li>DEPOIS DA PRAIA: diariamente ap\u00f3s a exposi\u00e7\u00e3o ao sol para acalmar a pele<\/li>\r\n \t<li>DEPOIS DAS F\u00c9RIAS: diariamente para prolongar o bronzeado por at\u00e9 3 meses<\/li>\r\n<\/ul>\r\n<strong>COMO<\/strong>: aplique generosamente na pele limpa, massageando suavemente\r\n<p class=\"freshIdea\"><strong>DICA 'FRESCA'<\/strong>: mantenha a sua lo\u00e7\u00e3o no frigor\u00edfico para um efeito refrescante ap\u00f3s um dia de praia<\/p>","_v2024__usage_content__right_bottom_content":"","_v2024__usage_content__note":"<strong>ATEN\u00c7\u00c3O<\/strong>: Armazene em local fresco e seco. Apenas para uso externo. Interrompa a utiliza\u00e7\u00e3o se ocorrer irrita\u00e7\u00e3o. N\u00e3o utilize sobre a pele lesionada ou ferida. Devido \u00e0 sua composi\u00e7\u00e3o natural, a cor da lo\u00e7\u00e3o pode mudar com o tempo, mas isso n\u00e3o afeta a sua qualidade ou efic\u00e1cia.","_v2024__usage_content__storage":""},"_links":{"self":[{"href":"https:\/\/cocosolis.com\/pt\/wp-json\/wp\/v2\/product\/1000299696","targetHints":{"allow":["GET"]}}],"collection":[{"href":"https:\/\/cocosolis.com\/pt\/wp-json\/wp\/v2\/product"}],"about":[{"href":"https:\/\/cocosolis.com\/pt\/wp-json\/wp\/v2\/types\/product"}],"wp:featuredmedia":[{"embeddable":true,"href":"https:\/\/cocosolis.com\/pt\/wp-json\/"}],"wp:attachment":[{"href":"https:\/\/cocosolis.com\/pt\/wp-json\/wp\/v2\/media?parent=1000299696"}],"wp:term":[{"taxonomy":"product_brand","embeddable":true,"href":"https:\/\/cocosolis.com\/pt\/wp-json\/wp\/v2\/product_brand?post=1000299696"},{"taxonomy":"product_cat","embeddable":true,"href":"https:\/\/cocosolis.com\/pt\/wp-json\/wp\/v2\/product_cat?post=1000299696"},{"taxonomy":"product_tag","embeddable":true,"href":"https:\/\/cocosolis.com\/pt\/wp-json\/wp\/v2\/product_tag?post=1000299696"},{"taxonomy":"product_template","embeddable":true,"href":"https:\/\/cocosolis.com\/pt\/wp-json\/wp\/v2\/product_template?post=1000299696"}],"curies":[{"name":"wp","href":"https:\/\/api.w.org\/{rel}","templated":true}]}}