{"id":1000273423,"date":"2025-03-27T08:50:29","date_gmt":"2025-03-27T08:50:29","guid":{"rendered":"https:\/\/cocosolis.com\/pt\/product\/grow-hair-growth-massager\/"},"modified":"2026-04-06T14:29:30","modified_gmt":"2026-04-06T13:29:30","slug":"grow-hair-growth-massager","status":"publish","type":"product","link":"https:\/\/cocosolis.com\/pt\/product\/grow-hair-growth-massager\/","title":{"rendered":"GROW Scalp Massager"},"content":{"rendered":"","protected":false},"excerpt":{"rendered":"<p>Massajador de couro cabeludo. Estimula o crescimento do cabelo. Limpa suave e profundamente.<\/p>\n","protected":false},"featured_media":1000007069,"template":"","meta":{"_acf_changed":false},"product_brand":[],"product_cat":[17],"product_tag":[],"product_template":[68],"class_list":{"0":"post-1000273423","1":"product","2":"type-product","3":"status-publish","4":"has-post-thumbnail","6":"product_cat-hair","7":"product_template-v-2024-clean","9":"first","10":"instock","11":"shipping-taxable","12":"purchasable","13":"product-type-simple"},"acf":{"_v2024__listing_and_sharing_info__listing_category":"GROW","_v2024__listing_and_sharing_info__product_type":"Scalp Massager","_v2024__listing__and_sharing_info__listing_below_title_in_product_page":"Massajador de couro cabeludo. Estimula o crescimento do cabelo.Champ\u00f4 em espuma para uma limpeza profunda e suave. Esfolia","_v2024__listing_and_sharing_info__listing_description":"Massajador de couro cabeludo. Estimula o crescimento do cabelo. Limpa suave e profundamente.","_v2024__listing_and_sharing_info__image":1000007068,"_v2024__product_hero__hero_type":"carousel","_v2024__product_hero__product_slider_gallery":[{"_v2024__product_hero__product_slider_gallery__image":1000007047,"_v2024__product_hero__product_slider_gallery__video_link":""},{"_v2024__product_hero__product_slider_gallery__image":1000007185,"_v2024__product_hero__product_slider_gallery__video_link":""},{"_v2024__product_hero__product_slider_gallery__image":1000007048,"_v2024__product_hero__product_slider_gallery__video_link":""},{"_v2024__product_hero__product_slider_gallery__image":1000007049,"_v2024__product_hero__product_slider_gallery__video_link":""},{"_v2024__product_hero__product_slider_gallery__image":1000007050,"_v2024__product_hero__product_slider_gallery__video_link":""},{"_v2024__product_hero__product_slider_gallery__image":1000007186,"_v2024__product_hero__product_slider_gallery__video_link":""}],"_v2024__before_and_after_image":"","_v2024__before_and_after_image_mobile":"","_v2024__product_hero__quantity":"","_v2024__product_hero__product_disclamer":"","_v2024__why_use__should_show":"visible","_v2024__why_use__description_text":"","_v2024__why_use__text_content":"<ul>\r\n \t<li>Cria uma espuma rica para uma limpeza profunda e uniforme<\/li>\r\n \t<li>Esfolia suavemente para remover a acumula\u00e7\u00e3o de produtos e c\u00e9lulas mortas da pele<\/li>\r\n \t<li>Aumenta a microcircula\u00e7\u00e3o do couro cabeludo<\/li>\r\n \t<li>Melhora a absor\u00e7\u00e3o dos produtos aplicados posteriormente, como o s\u00e9rum<\/li>\r\n \t<li>Estimula o crescimento do cabelo<\/li>\r\n \t<li>Adequado para todos os tipos de cabelo, incluindo cabelos finos, grossos e encaracolados, bem como para crian\u00e7as e homens<\/li>\r\n \t<li>Feito de silicone de toque suave de alta qualidade com design ergon\u00f4mico e pontas ultra-suaves<\/li>\r\n<\/ul>","_v2024__why_use__product_notes_and_remarks":"","_v2024__why_use__background_color":"#FBF1EB","_v2024__why_use__heading_color":"#816c65","_v2024__why_use__text_color":"#816c65","_v2024__why_use__image_desktop":1000007062,"_v2024__why_use__image_mobile":1000007063,"_v2024__stats_show":false,"_v2024__stats_repeater":null,"_v2024__stats_repeater_disclaimer":null,"_v2024__benefits__icons_repeater":null,"_v2024__image_ingreddients__intro_text":"","_v2024__image_ingreddients__additional_description":"","_v2024__image_ingreddients__disclamer_inner":"","_v2024__image_ingredients__repeater":null,"_v2024__image_ingredients__all_ingredients":"","_v2024__usage_content__left_content":"<ol>\r\n \t<li>Cabelo e couro cabeludo molhados.<\/li>\r\n \t<li>Massaje suavemente o <a href=\"\/pt\/product\/grow-hair-growth-shampoo\/\">champ\u00f4 GROW<\/a> no couro cabeludo.<\/li>\r\n \t<li>Utilize o massajador de couro cabeludo GROW. Mova suavemente em pequenos c\u00edrculos durante 2-3 minutos.<\/li>\r\n \t<li>Enxague bem o champ\u00f4.<\/li>\r\n \t<li>Aplique <a href=\"\/pt\/product\/grow-hair-growth-conditioner\">o condicionador GROW<\/a> tanto no couro cabeludo (caso n\u00e3o tenha o cabelo oleoso) como no comprimento e enx\u00e1gue em 5 minutos.<\/li>\r\n<\/ol>\r\n<h4>MATERIAL<\/h4>\r\n100% silicone de toque suave, sem BPA","_v2024__usage_content__right_bottom_content":"","_v2024__usage_content__note":"","_v2024__usage_content__storage":""},"_links":{"self":[{"href":"https:\/\/cocosolis.com\/pt\/wp-json\/wp\/v2\/product\/1000273423","targetHints":{"allow":["GET"]}}],"collection":[{"href":"https:\/\/cocosolis.com\/pt\/wp-json\/wp\/v2\/product"}],"about":[{"href":"https:\/\/cocosolis.com\/pt\/wp-json\/wp\/v2\/types\/product"}],"wp:featuredmedia":[{"embeddable":true,"href":"https:\/\/cocosolis.com\/pt\/wp-json\/"}],"wp:attachment":[{"href":"https:\/\/cocosolis.com\/pt\/wp-json\/wp\/v2\/media?parent=1000273423"}],"wp:term":[{"taxonomy":"product_brand","embeddable":true,"href":"https:\/\/cocosolis.com\/pt\/wp-json\/wp\/v2\/product_brand?post=1000273423"},{"taxonomy":"product_cat","embeddable":true,"href":"https:\/\/cocosolis.com\/pt\/wp-json\/wp\/v2\/product_cat?post=1000273423"},{"taxonomy":"product_tag","embeddable":true,"href":"https:\/\/cocosolis.com\/pt\/wp-json\/wp\/v2\/product_tag?post=1000273423"},{"taxonomy":"product_template","embeddable":true,"href":"https:\/\/cocosolis.com\/pt\/wp-json\/wp\/v2\/product_template?post=1000273423"}],"curies":[{"name":"wp","href":"https:\/\/api.w.org\/{rel}","templated":true}]}}