{"id":1000273422,"date":"2025-03-27T08:50:27","date_gmt":"2025-03-27T08:50:27","guid":{"rendered":"https:\/\/cocosolis.com\/pt\/product\/grow-hair-growth-conditioner\/"},"modified":"2026-03-24T06:10:23","modified_gmt":"2026-03-24T06:10:23","slug":"grow-hair-growth-conditioner","status":"publish","type":"product","link":"https:\/\/cocosolis.com\/pt\/product\/grow-hair-growth-conditioner\/","title":{"rendered":"GROW Growth &amp; Anti-aging Conditioner"},"content":{"rendered":"","protected":false},"excerpt":{"rendered":"<p>Condicionador para crescimento capilar com KERASCALP\u2122. Com efeito antienvelhecimento.<\/p>\n","protected":false},"featured_media":1000007067,"template":"","meta":{"_acf_changed":false},"product_brand":[],"product_cat":[17],"product_tag":[],"product_template":[68],"class_list":{"0":"post-1000273422","1":"product","2":"type-product","3":"status-publish","4":"has-post-thumbnail","6":"product_cat-hair","7":"product_template-v-2024-clean","9":"first","10":"instock","11":"shipping-taxable","12":"purchasable","13":"product-type-simple"},"acf":{"_v2024__listing_and_sharing_info__listing_category":"GROW","_v2024__listing_and_sharing_info__product_type":"Growth &amp; Anti-aging Conditioner","_v2024__listing__and_sharing_info__listing_below_title_in_product_page":"Condicionador para crescimento capilar com KERASCALP\u2122. Com efeito antienvelhecimento. Profundamente nutritivo e clinicamente comprovado para tornar o cabelo mais denso, espesso e brilhante.","_v2024__listing_and_sharing_info__listing_description":"Condicionador para crescimento capilar com KERASCALP\u2122. Com efeito antienvelhecimento.","_v2024__listing_and_sharing_info__image":1000007066,"_v2024__product_hero__hero_type":"carousel","_v2024__product_hero__product_slider_gallery":[{"_v2024__product_hero__product_slider_gallery__image":1000007039,"_v2024__product_hero__product_slider_gallery__video_link":""},{"_v2024__product_hero__product_slider_gallery__image":1000007146,"_v2024__product_hero__product_slider_gallery__video_link":""},{"_v2024__product_hero__product_slider_gallery__image":1000007147,"_v2024__product_hero__product_slider_gallery__video_link":""},{"_v2024__product_hero__product_slider_gallery__image":1000007148,"_v2024__product_hero__product_slider_gallery__video_link":""},{"_v2024__product_hero__product_slider_gallery__image":1000007149,"_v2024__product_hero__product_slider_gallery__video_link":""},{"_v2024__product_hero__product_slider_gallery__image":1000007040,"_v2024__product_hero__product_slider_gallery__video_link":""},{"_v2024__product_hero__product_slider_gallery__image":"","_v2024__product_hero__product_slider_gallery__video_link":""},{"_v2024__product_hero__product_slider_gallery__image":1000007150,"_v2024__product_hero__product_slider_gallery__video_link":""}],"_v2024__before_and_after_image":1000007035,"_v2024__before_and_after_image_mobile":1000007036,"_v2024__product_hero__quantity":"200 ML","_v2024__product_hero__product_disclamer":"","_v2024__why_use__should_show":"visible","_v2024__why_use__description_text":"Este condicionador com KERASCALP\u2122 n\u00e3o s\u00f3 nutre, mas tamb\u00e9m fortalece e rejuvenesce da raiz \u00e0s pontas. O resultado \u00e9 um cabelo f\u00e1cil de crescer e dif\u00edcil de quebrar.","_v2024__why_use__text_content":"<ul>\r\n \t<li>Hidrata profundamente, suaviza, facilita o desembara\u00e7o e evita quebras<\/li>\r\n \t<li>Para efeito m\u00e1ximo pode ser aplicado nas ra\u00edzes dos cabelos normais e secos<\/li>\r\n \t<li>Transforma cabelos ralos e sem vida, fortalecendo os fol\u00edculos<\/li>\r\n \t<li>Rejuvenesce o couro cabeludo e o cabelo, reduzindo significativamente os cabelos grisalhos<\/li>\r\n \t<li>Funciona para todos os tipos de cabelo<\/li>\r\n \t<li>N\u00e3o cont\u00e9m parabenos, SLES, SLS, parafina, silicones ou ingredientes de origem animal<\/li>\r\n \t<li>Cativa os sentidos com uma fragr\u00e2ncia frutada<\/li>\r\n<\/ul>","_v2024__why_use__product_notes_and_remarks":"","_v2024__why_use__background_color":"#FBF1EB","_v2024__why_use__heading_color":"#816c65","_v2024__why_use__text_color":"#816c65","_v2024__why_use__image_desktop":1000007060,"_v2024__why_use__image_mobile":1000007061,"_v2024__stats_show":true,"_v2024__stats_repeater":[{"_v2024__stats_repeater_id":"stats_stronger_follicles","_v2024__stats_repeater_number":60,"_v2024__stats_repeater_description_title":"fol\u00edculos mais fortes","_v2024__stats_repeater_description":"","_v2024__stats_repeater_asterisks":""},{"_v2024__stats_repeater_id":"stats_more_thickness","_v2024__stats_repeater_number":56,"_v2024__stats_repeater_description_title":"mais espessura","_v2024__stats_repeater_description":"","_v2024__stats_repeater_asterisks":""},{"_v2024__stats_repeater_id":"stats_more_density","_v2024__stats_repeater_number":49,"_v2024__stats_repeater_description_title":"mais densidade","_v2024__stats_repeater_description":"","_v2024__stats_repeater_asterisks":""},{"_v2024__stats_repeater_id":"stats_more_shine","_v2024__stats_repeater_number":51,"_v2024__stats_repeater_description_title":"mais brilho","_v2024__stats_repeater_description":"","_v2024__stats_repeater_asterisks":""}],"_v2024__stats_repeater_disclaimer":[{"_v2024__stats_repeater_disclaimer_text":"De acordo com um teste in vitro e testes in vivo do ingrediente natural Kerascalp\u2122"}],"_v2024__benefits__icons_repeater":[{"_v2024__benefit__icons_repeater_icon":1000007085,"_v2024__benefit__icons_repeater_text":"NUTRI\u00c7\u00c3O PROFUNDA"},{"_v2024__benefit__icons_repeater_icon":1000007081,"_v2024__benefit__icons_repeater_text":"EFEITO ANTI-ENVELHECIMENTO"},{"_v2024__benefit__icons_repeater_icon":1000007082,"_v2024__benefit__icons_repeater_text":"MAIS DENSIDADE E BRILHO"},{"_v2024__benefit__icons_repeater_icon":1000007084,"_v2024__benefit__icons_repeater_text":"DESENVOLVIDO POR ESPECIALISTAS"}],"_v2024__image_ingreddients__intro_text":"No centro do efeito transformador do condicionador GROW est\u00e1 o ingrediente ativo natural KERASCALP\u2122, que combina antigas tradi\u00e7\u00f5es ayurv\u00e9dicas com pesquisas cient\u00edficas de ponta. Combinado com extratos puros de plantas e vitaminas, ajuda a criar cabelos fortes e bonitos que crescem.","_v2024__image_ingreddients__additional_description":"","_v2024__image_ingreddients__disclamer_inner":"","_v2024__image_ingredients__repeater":[{"_v2024__image_ingredients__ingredient_image":1000007073,"_v2024__image_ingredients__ingredient_title":"KERASCALP\u2122","_v2024__image_ingredients__ingredient_description":"Princ\u00edpio ativo natural extra\u00eddo da fruta amla, conhecido pelas suas propriedades adaptog\u00eanicas e antienvelhecimento, e amplamente utilizado na medicina ayurv\u00e9dica. Estimula a produ\u00e7\u00e3o de Col\u00e1geno XVII, que fortalece os fol\u00edculos capilares e retarda o enfraquecimento, a queda e o envelhecimento dos cabelos. Al\u00e9m disso, reduz a atividade da elastase, enzima que danifica os fol\u00edculos e acelera o envelhecimento. Clinicamente comprovado que torna o cabelo mais espesso, denso, forte e brilhante."},{"_v2024__image_ingredients__ingredient_image":1000007074,"_v2024__image_ingredients__ingredient_title":"PANTENOL","_v2024__image_ingredients__ingredient_description":"Hidrata e acalma o couro cabeludo, fortalece os fol\u00edculos, reduz a quebra e confere brilho e maciez aos cabelos."},{"_v2024__image_ingredients__ingredient_image":1000006712,"_v2024__image_ingredients__ingredient_title":"\u00d3LEO DE COCO","_v2024__image_ingredients__ingredient_description":"Nutre e hidrata profundamente, fortalece a estrutura do cabelo e deixa os cabelos sedosos, macios e resistentes."},{"_v2024__image_ingredients__ingredient_image":1000007075,"_v2024__image_ingredients__ingredient_title":"EXTRATO DE ROSA MOSQUETA","_v2024__image_ingredients__ingredient_description":"Abastece o cabelo e o couro cabeludo com vitaminas e antioxidantes, revitalizando-os e tornando-os mais resistentes."},{"_v2024__image_ingredients__ingredient_image":1000007072,"_v2024__image_ingredients__ingredient_title":"EXTRATO DE COURO DE URZE","_v2024__image_ingredients__ingredient_description":"Com as suas propriedades antioxidantes e anti-inflamat\u00f3rias, promove a sa\u00fade dos fol\u00edculos e contribui para um cabelo mais forte e vibrante."},{"_v2024__image_ingredients__ingredient_image":1000007076,"_v2024__image_ingredients__ingredient_title":"EXTRATO DE VIOLA TRICOLOR","_v2024__image_ingredients__ingredient_description":"Nutre intensamente, hidrata e melhora a circula\u00e7\u00e3o, o que apoia o crescimento ideal do cabelo."},{"_v2024__image_ingredients__ingredient_image":1000007077,"_v2024__image_ingredients__ingredient_title":"EXTRATO DE FLOR DE VERBENA OFFICINALIS","_v2024__image_ingredients__ingredient_description":"Nutre intensamente, hidrata e melhora a circula\u00e7\u00e3o, o que apoia o crescimento ideal do cabelo."},{"_v2024__image_ingredients__ingredient_image":1000006730,"_v2024__image_ingredients__ingredient_title":"VITAMINA E NATURAL","_v2024__image_ingredients__ingredient_description":"Potente antioxidante que promove o crescimento do cabelo e a sa\u00fade do couro cabeludo."}],"_v2024__image_ingredients__all_ingredients":"Aqua, Myristyl Alcohol**, Glycerin**, Behentrimonium Chloride, Cetyl Palmitate, Panthenol, Cocos Nucifera Oil*, Coconut Alkanes**, Propanediol**, Phyllanthus Emblica Fruit Extract**, Rosa Canina Flower Extract*, Calluna Vulgaris Flower Extract*, Viola Tricolor Extract*, Centaurium Erythraea Flower Extract*, Verbena Officinalis Flower Extract*, Cetyl Alcohol**, Lauryl Alcohol**, Citric Acid**, Parfum, Sodium Levulinate**, Sodium Benzoate, Potassium Sorbate, Limonene, Citrus Aurantium Peel Oil, Hexyl Cinnamal, Linalool, Tetramethyl Acetyloctahydronaphthalenes, Citrus Limon Oil\r\n\r\n<em>*Certified Organic Ingredients\r\n**Ingredients From Natural Origin<\/em>\r\n\r\nPor favor, preste aten\u00e7\u00e3o, a lista de ingredientes pode variar ligeiramente ao longo do tempo devido a melhorias no produto. Consulte a embalagem do produto para obter as informa\u00e7\u00f5es mais atualizadas","_v2024__usage_content__left_content":"<strong>ONDE<\/strong>: cabelo e couro cabeludo (n\u00e3o aplicar no couro cabeludo em caso de cabelos oleosos)\r\n\r\n<strong>COMO<\/strong>: aplicar nos cabelos (e couro cabeludo) \u00famidos com movimentos suaves de massagem, deixar agir por pelo menos 5 minutos e enxaguar\r\n\r\n<strong>COM QUE FREQU\u00caNCIA<\/strong>: dependendo da sua rotina habitual de lavagem do cabelo\r\n\r\n<strong>PARA MELHORES RESULTADOS<\/strong>: combine com o champ\u00f4 de crescimento capilar GROW","_v2024__usage_content__right_bottom_content":"","_v2024__usage_content__note":"","_v2024__usage_content__storage":"Somente para uso externo. Interrompa o uso em caso de irrita\u00e7\u00e3o. N\u00e3o use no couro cabeludo danificado ou ferido. Evite contato com os olhos. Mantenha longe das crian\u00e7as! Armazenar em local fresco e seco."},"_links":{"self":[{"href":"https:\/\/cocosolis.com\/pt\/wp-json\/wp\/v2\/product\/1000273422","targetHints":{"allow":["GET"]}}],"collection":[{"href":"https:\/\/cocosolis.com\/pt\/wp-json\/wp\/v2\/product"}],"about":[{"href":"https:\/\/cocosolis.com\/pt\/wp-json\/wp\/v2\/types\/product"}],"wp:featuredmedia":[{"embeddable":true,"href":"https:\/\/cocosolis.com\/pt\/wp-json\/"}],"wp:attachment":[{"href":"https:\/\/cocosolis.com\/pt\/wp-json\/wp\/v2\/media?parent=1000273422"}],"wp:term":[{"taxonomy":"product_brand","embeddable":true,"href":"https:\/\/cocosolis.com\/pt\/wp-json\/wp\/v2\/product_brand?post=1000273422"},{"taxonomy":"product_cat","embeddable":true,"href":"https:\/\/cocosolis.com\/pt\/wp-json\/wp\/v2\/product_cat?post=1000273422"},{"taxonomy":"product_tag","embeddable":true,"href":"https:\/\/cocosolis.com\/pt\/wp-json\/wp\/v2\/product_tag?post=1000273422"},{"taxonomy":"product_template","embeddable":true,"href":"https:\/\/cocosolis.com\/pt\/wp-json\/wp\/v2\/product_template?post=1000273422"}],"curies":[{"name":"wp","href":"https:\/\/api.w.org\/{rel}","templated":true}]}}