{"id":1000098435,"date":"2024-07-01T11:18:46","date_gmt":"2024-07-01T10:18:46","guid":{"rendered":"https:\/\/cocosolis.com\/pt\/product\/aura-peptide-shimmer-spray\/"},"modified":"2026-04-06T14:29:24","modified_gmt":"2026-04-06T13:29:24","slug":"aura-peptide-shimmer-spray-nude","status":"publish","type":"product","link":"https:\/\/cocosolis.com\/pt\/product\/aura-peptide-shimmer-spray-nude\/","title":{"rendered":"AURA Peptide Shimmer Spray"},"content":{"rendered":"","protected":false},"excerpt":{"rendered":"","protected":false},"featured_media":1000004972,"template":"","meta":{"_acf_changed":false},"product_brand":[],"product_cat":[65],"product_tag":[],"product_template":[68],"class_list":{"0":"post-1000098435","1":"product","2":"type-product","3":"status-publish","4":"has-post-thumbnail","6":"product_cat-shimmer","7":"product_template-v-2024-clean","9":"first","10":"instock","11":"shipping-taxable","12":"purchasable","13":"product-type-simple"},"acf":{"_v2024__listing_and_sharing_info__listing_category":"AURA NUDE","_v2024__listing_and_sharing_info__product_type":"Peptide Shimmer Spray","_v2024__listing__and_sharing_info__listing_below_title_in_product_page":"Spray de brilho natural com pept\u00eddeos para o rosto, corpo e cabelo. Ilumina, hidrata, rejuvenesce.\n<br><strong>Brilho: Nude<\/strong>","_v2024__listing_and_sharing_info__listing_description":"Spray de brilho natural com pept\u00eddeos para o rosto, corpo e cabelo. Ilumina, hidrata, rejuvenesce.\n<br><strong>Brilho: Nude<\/strong>","_v2024__listing_and_sharing_info__image":1000004972,"_v2024__product_hero__hero_type":"carousel","_v2024__product_hero__product_slider_gallery":[{"_v2024__product_hero__product_slider_gallery__image":1000006868,"_v2024__product_hero__product_slider_gallery__video_link":""},{"_v2024__product_hero__product_slider_gallery__image":1000006910,"_v2024__product_hero__product_slider_gallery__video_link":""},{"_v2024__product_hero__product_slider_gallery__image":1000006911,"_v2024__product_hero__product_slider_gallery__video_link":""},{"_v2024__product_hero__product_slider_gallery__image":1000006912,"_v2024__product_hero__product_slider_gallery__video_link":""},{"_v2024__product_hero__product_slider_gallery__image":1000006869,"_v2024__product_hero__product_slider_gallery__video_link":""},{"_v2024__product_hero__product_slider_gallery__image":1000006870,"_v2024__product_hero__product_slider_gallery__video_link":""}],"_v2024__before_and_after_image":1000006866,"_v2024__before_and_after_image_mobile":1000006867,"_v2024__product_hero__quantity":"100ml","_v2024__product_hero__product_disclamer":"","_v2024__why_use__should_show":"visible","_v2024__why_use__description_text":"<p>Combine um brilho elegante com cuidados ativos antienvelhecimento para a sua pele. Sinta-se radiante e fresca da cabe\u00e7a aos p\u00e9s.<\/p>\n","_v2024__why_use__text_content":"<ul>\n<li>Ilumina suavemente com part\u00edculas ultrafinas de mica natural<\/li>\n<li>Hidrata instantaneamente, ret\u00e9m a umidade e rejuvenesce a pele<\/li>\n<li>Combina pept\u00eddeos em alto teor com \u00e1cido hialur\u00f4nico, glicerina, pantenol e \u00e1gua de coco<\/li>\n<li>Aroma encantador de framboesas<\/li>\n<li>Ideal para o rosto, corpo e cabelo<\/li>\n<\/ul>\n","_v2024__why_use__product_notes_and_remarks":"","_v2024__why_use__background_color":"#FBF1EB","_v2024__why_use__heading_color":"#816c65","_v2024__why_use__text_color":"#816c65","_v2024__why_use__image_desktop":1000004974,"_v2024__why_use__image_mobile":1000004975,"_v2024__stats_show":false,"_v2024__stats_repeater":null,"_v2024__stats_repeater_disclaimer":null,"_v2024__benefits__icons_repeater":[{"_v2024__benefit__icons_repeater_icon":1000002896,"_v2024__benefit__icons_repeater_text":"ILUMINA ELEGANTEMENTE"},{"_v2024__benefit__icons_repeater_icon":1000002891,"_v2024__benefit__icons_repeater_text":"HIDRATA INSTANTANEAMENTE"},{"_v2024__benefit__icons_repeater_icon":1000004600,"_v2024__benefit__icons_repeater_text":"REJUVENESCE"},{"_v2024__benefit__icons_repeater_icon":1000004978,"_v2024__benefit__icons_repeater_text":"CHEIRA A FRAMBOESAS SUCULENTAS"}],"_v2024__image_ingreddients__intro_text":"<p>Part\u00edculas ultrafinas de mica natural sinergizam com ingredientes ativos potentes e \u00e1gua de coco para criar uma pele e cabelos verdadeiramente radiantes.<\/p>\n","_v2024__image_ingreddients__additional_description":"","_v2024__image_ingreddients__disclamer_inner":"","_v2024__image_ingredients__repeater":[{"_v2024__image_ingredients__ingredient_image":1000004979,"_v2024__image_ingredients__ingredient_title":"PEPT\u00cdDEOS","_v2024__image_ingredients__ingredient_description":"<p>Clinicamente comprovados, estes pept\u00eddeos naturais retardam os processos de envelhecimento, estimulando a produ\u00e7\u00e3o de col\u00e1geno e elastina. Tonifica, reafirma visivelmente a pele, uniformiza a tez e reduz as manchas escuras. Melhore a hidrata\u00e7\u00e3o retendo e aumentando a umidade da pele.<\/p>\n"},{"_v2024__image_ingredients__ingredient_image":1000004599,"_v2024__image_ingredients__ingredient_title":"\u00c1CIDO HIALUR\u00d4NICO","_v2024__image_ingredients__ingredient_description":"<p>Cria uma pel\u00edcula protetora para reduzir a perda de \u00e1gua e melhorar a fun\u00e7\u00e3o de barreira da pele. Torna instantaneamente a pele mais firme e suave.<\/p>\n"},{"_v2024__image_ingredients__ingredient_image":1000004605,"_v2024__image_ingredients__ingredient_title":"PANTENOL","_v2024__image_ingredients__ingredient_description":"<p>Hidrata e preenche a pele, atraindo e retendo a umidade. Acalma, apoia os seus processos naturais de cura e restaura-os ap\u00f3s a exposi\u00e7\u00e3o solar.<\/p>\n"},{"_v2024__image_ingredients__ingredient_image":1000004197,"_v2024__image_ingredients__ingredient_title":"\u00c1GUA DE COCO","_v2024__image_ingredients__ingredient_description":"<p>Refresca e revitaliza a pele, proporcionando hidrata\u00e7\u00e3o e reabastecendo-a com vitaminas, minerais e antioxidantes. Hidrata e nutre os cabelos, melhorando a maleabilidade.<\/p>\n"},{"_v2024__image_ingredients__ingredient_image":1000002909,"_v2024__image_ingredients__ingredient_title":"GLICERINA","_v2024__image_ingredients__ingredient_description":"<p>Um poderoso umectante: atrai a umidade e ret\u00e9m-na pele. Preenche as linhas finas e deixa a pele macia e flex\u00edvel.<\/p>\n"}],"_v2024__image_ingredients__all_ingredients":"<p>AQUA*, PENTYLENE GLYCOL*, HEXAPEPTIDE-11*, COCOS NUCIFERA (COCONUT) WATER*, SODIUM HYALURONATE, PROPANEDIOL*, PANTHENOL, PROPYLENE GLYCOL, GLYCERIN*, CITRIC ACID*, SODIUM BENZOATE, POLYGLYCERYL-6 CAPRYLATE*, POLYGLYCERYL-4 CAPRATE*, PARFUM, CALCIUM TITANIUM BOROSILICATE*, TIN OXIDE*, MICA*, CI 77891*, CI 77491*<\/p>\n<p><em>*Ingredientes de origem natural<\/em><br \/>\n<em>**Ingredientes com aroma natural<\/em><\/p>\n<p>Por favor, preste aten\u00e7\u00e3o, a lista de ingredientes pode variar ligeiramente ao longo do tempo devido a melhorias no produto. Consulte a embalagem do produto para obter as informa\u00e7\u00f5es mais atualizadas<\/p>\n","_v2024__usage_content__left_content":"<p><strong>O efeito brilhante \u00e9 mais vis\u00edvel sob luz direta.<br \/>\n<\/strong><\/p>\n<p><strong>ONDE<\/strong>: rosto, corpo e cabelo<br \/>\n<strong>TODOS OS DIAS<\/strong>: depois da maquiagem para um brilho delicado<br \/>\n<strong>NAS FESTAS<\/strong>: m\u00faltiplas camadas para uma presen\u00e7a glamorosa<br \/>\n<strong>NA PRAIA<\/strong>: para uma hidrata\u00e7\u00e3o radiante<br \/>\n<strong>DEPOIS DA PRAIA<\/strong>: para acalmar e restaurar a pele<\/p>\n<p><strong>COMO<\/strong>:<\/p>\n<ol>\n<li>Agite bem antes de usar!<\/li>\n<li>Pulverize a uma dist\u00e2ncia de 20 \u2013 50 cm para garantir uma cobertura uniforme.<\/li>\n<li>Evite manchar com as m\u00e3os ou com o pincel.<\/li>\n<li>Aplique uma camada e deixe secar.<\/li>\n<li>Para um brilho mais intenso, aplique camadas adicionais.<\/li>\n<\/ol>\n","_v2024__usage_content__right_bottom_content":"","_v2024__usage_content__note":"","_v2024__usage_content__storage":"<p>ATEN\u00c7\u00c3O: Armazenar em local fresco e seco. Somente para uso externo. Interrompa o uso em caso de irrita\u00e7\u00e3o. N\u00e3o use em pele danificada ou ferida. Evite contato com os olhos. Mantenha longe das crian\u00e7as!<\/p>\n<p>&nbsp;<\/p>\n<p>O produto n\u00e3o cont\u00e9m um filtro protetor contra os raios UV. Quando exposto \u00e0 luz solar direta, recomenda-se a combina\u00e7\u00e3o com um produto protetor solar. O produto n\u00e3o \u00e9 auto-bronzeador. A exposi\u00e7\u00e3o excessiva ao sol representa uma s\u00e9ria amea\u00e7a \u00e0 sua sa\u00fade.<\/p>\n"},"_links":{"self":[{"href":"https:\/\/cocosolis.com\/pt\/wp-json\/wp\/v2\/product\/1000098435","targetHints":{"allow":["GET"]}}],"collection":[{"href":"https:\/\/cocosolis.com\/pt\/wp-json\/wp\/v2\/product"}],"about":[{"href":"https:\/\/cocosolis.com\/pt\/wp-json\/wp\/v2\/types\/product"}],"wp:featuredmedia":[{"embeddable":true,"href":"https:\/\/cocosolis.com\/pt\/wp-json\/"}],"wp:attachment":[{"href":"https:\/\/cocosolis.com\/pt\/wp-json\/wp\/v2\/media?parent=1000098435"}],"wp:term":[{"taxonomy":"product_brand","embeddable":true,"href":"https:\/\/cocosolis.com\/pt\/wp-json\/wp\/v2\/product_brand?post=1000098435"},{"taxonomy":"product_cat","embeddable":true,"href":"https:\/\/cocosolis.com\/pt\/wp-json\/wp\/v2\/product_cat?post=1000098435"},{"taxonomy":"product_tag","embeddable":true,"href":"https:\/\/cocosolis.com\/pt\/wp-json\/wp\/v2\/product_tag?post=1000098435"},{"taxonomy":"product_template","embeddable":true,"href":"https:\/\/cocosolis.com\/pt\/wp-json\/wp\/v2\/product_template?post=1000098435"}],"curies":[{"name":"wp","href":"https:\/\/api.w.org\/{rel}","templated":true}]}}