{"id":467,"date":"2022-05-06T15:55:54","date_gmt":"2022-05-06T14:55:54","guid":{"rendered":"http:\/\/cocosolis.com\/en\/?page_id=467"},"modified":"2025-12-19T05:24:33","modified_gmt":"2025-12-19T05:24:33","slug":"delivery","status":"publish","type":"page","link":"https:\/\/cocosolis.com\/pt\/delivery\/","title":{"rendered":"Pedido e entrega"},"content":{"rendered":"\n<h5 class=\"wp-block-heading\">ORDEM DE PEDIDO E ENTREGA:<\/h5>\n\n\n\n<p><strong>Pode efetuar encomendas:<\/strong><\/p>\n\n\n\n<ul class=\"wp-block-list\">\n<li><strong>Atrav\u00e9s da nossa Loja Virtual em&nbsp;<a href=\"https:\/\/cocosolis.com\/pt\/store\/\">www.cocosolis.com\/pt\/store\/<\/a><\/strong><\/li>\n\n\n\n<li>Mensagem privada pelo Facebook.<\/li>\n\n\n\n<li>Atrav\u00e9s do numero +351 30 880 5536.<\/li>\n<\/ul>\n\n\n\n<p>Assim que recebemos o seu pedido, comfirmamos pelo email.<\/p>\n\n\n\n<h5 class=\"wp-block-heading\">PRE\u00c7O DE ENTREGA:<\/h5>\n\n\n\n<p>Entrega gratuita.<\/p>\n\n\n\n<h5 class=\"wp-block-heading\">PRAZO DE ENTREGA:<\/h5>\n\n\n\n<p>Para Portugal continental, os pedidos ser\u00e3o expedidos no dia seguinte ap\u00f3s a realiza\u00e7\u00e3o da encomenda e entregues no prazo de 2 a 4 dias \u00fateis.<br>Para as Ilhas da Madeira e dos A\u00e7ores, o prazo de entrega \u00e9 de at\u00e9 15 dias \u00fateis.<\/p>\n\n\n\n<h5 class=\"wp-block-heading\">ONDE PODEMOS ENTREGAR:<\/h5>\n\n\n\n<p>As entregas de pedidos normais s\u00e3o efetuadas apenas pela transportadora 2660express, para a morada indicada.<\/p>\n\n\n\n<p>Se ningu\u00e9m estiver presente no momento da entrega, a encomenda ser\u00e1 deixada num ponto de recolha, indicado no link de seguimento fornecido pela 2660express. Poder\u00e1 consultar a Rede de Lojas no site da 2660express em <a href=\"https:\/\/2660express.pt\/pt\" rel=\"noreferrer noopener\" target=\"_blank\">https:\/\/2660express.pt\/pt<\/a><\/p>\n\n\n\n<p>As entregas de pedidos urgentes s\u00e3o efetuadas pela transportadora DHL, tamb\u00e9m para a morada indicada.<\/p>\n\n\n\n<p>Caso ningu\u00e9m esteja presente, a encomenda ser\u00e1 deixada num ponto de recolha da DHL, cuja informa\u00e7\u00e3o pode ser consultada no link de seguimento disponibilizado pela empresa.<\/p>\n\n\n\n<p>As entregas s\u00e3o efetuadas nos dias \u00fateis entre as 09:00H e \u00e1s 18:00H<\/p>\n\n\n\n<p>Se o cliente n\u00e3o disponibilizar acesso e condi\u00e7\u00f5es adequadas para a entrega da mercadoria no endere\u00e7o e nas datas especificadas, ou n\u00e3o efetuar o levantamento na loja do pick up da transportadora, o vendedor fica isento da obriga\u00e7\u00e3o de cumprir a encomenda.<\/p>\n\n\n\n<p>Data da publica\u00e7\u00e3o: 13.11.2025<\/p>\n","protected":false},"excerpt":{"rendered":"<p>ORDEM DE PEDIDO E ENTREGA: Pode efetuar encomendas: Assim que recebemos o seu pedido, comfirmamos pelo email. PRE\u00c7O DE ENTREGA: Entrega gratuita. PRAZO DE ENTREGA: Para Portugal continental, os pedidos ser\u00e3o expedidos no dia seguinte ap\u00f3s a realiza\u00e7\u00e3o da encomenda e entregues no prazo de 2 a 4 dias \u00fateis.Para as Ilhas da Madeira e &hellip; <a href=\"https:\/\/cocosolis.com\/pt\/delivery\/\">Continued<\/a><\/p>\n","protected":false},"author":1,"featured_media":0,"parent":0,"menu_order":0,"comment_status":"closed","ping_status":"closed","template":"","meta":{"_acf_changed":false,"footnotes":""},"page_roles":[36],"class_list":["post-467","page","type-page","status-publish","hentry","page_roles-legal"],"acf":[],"_links":{"self":[{"href":"https:\/\/cocosolis.com\/pt\/wp-json\/wp\/v2\/pages\/467","targetHints":{"allow":["GET"]}}],"collection":[{"href":"https:\/\/cocosolis.com\/pt\/wp-json\/wp\/v2\/pages"}],"about":[{"href":"https:\/\/cocosolis.com\/pt\/wp-json\/wp\/v2\/types\/page"}],"author":[{"embeddable":true,"href":"https:\/\/cocosolis.com\/pt\/wp-json\/wp\/v2\/users\/1"}],"replies":[{"embeddable":true,"href":"https:\/\/cocosolis.com\/pt\/wp-json\/wp\/v2\/comments?post=467"}],"version-history":[{"count":15,"href":"https:\/\/cocosolis.com\/pt\/wp-json\/wp\/v2\/pages\/467\/revisions"}],"predecessor-version":[{"id":1000371381,"href":"https:\/\/cocosolis.com\/pt\/wp-json\/wp\/v2\/pages\/467\/revisions\/1000371381"}],"wp:attachment":[{"href":"https:\/\/cocosolis.com\/pt\/wp-json\/wp\/v2\/media?parent=467"}],"wp:term":[{"taxonomy":"page_roles","embeddable":true,"href":"https:\/\/cocosolis.com\/pt\/wp-json\/wp\/v2\/page_roles?post=467"}],"curies":[{"name":"wp","href":"https:\/\/api.w.org\/{rel}","templated":true}]}}