{"id":461,"date":"2022-05-06T15:54:55","date_gmt":"2022-05-06T14:54:55","guid":{"rendered":"http:\/\/cocosolis.com\/en\/?page_id=461"},"modified":"2025-12-19T05:22:14","modified_gmt":"2025-12-19T05:22:14","slug":"terms-of-sale","status":"publish","type":"page","link":"https:\/\/cocosolis.com\/pt\/terms-of-sale\/","title":{"rendered":"Condi\u00e7\u00f5es Gerais de Venda"},"content":{"rendered":"\n<p>As seguintes Condi\u00e7\u00f5es Gerais de Venda regem a oferta e venda de produtos em nosso site (\u201ccocosolis.com\u201d). Os produtos comprados em cocosolis.com s\u00e3o vendidos diretamente pela PURMERUL OOD, que est\u00e1 registada na Bulg\u00e1ria, 4002 Plovdiv, 22 Liuleburgas Str., Fl. 4, ap. 9, n\u00famero de registro comercial 201172065, c\u00f3digo tribut\u00e1rio e n\u00famero de IVA BG201172065.<\/p>\n\n\n\n<h5 class=\"wp-block-heading\">1. Nossa pol\u00edtica de neg\u00f3cios<\/h5>\n\n\n\n<p>1.1 COCOSOLIS oferece produtos \u00e0 venda em \u201c\u201dcocosolis.com\u201d\u201d.<br>1.2 A COCOSOLIS reserva-se o direito de n\u00e3o processar pedidos que n\u00e3o cumpram com a pol\u00edtica comercial da COCOSOLIS.<br>1.3 Estes Termos e Condi\u00e7\u00f5es Gerais de Venda regulam exclusivamente a oferta, transmiss\u00e3o e aceita\u00e7\u00e3o de ordens de compra relativas a produtos em cocosolis.com entre os utilizadores de cocosolis.com e COCOSOLIS.<\/p>\n\n\n\n<h5 class=\"wp-block-heading\">2. Como executar um contrato com COCOSOLIS<\/h5>\n\n\n\n<p>2.1 Para fazer um pedido para a compra de um ou mais produtos no cocosolis.com, voc\u00ea deve preencher o formul\u00e1rio de pedido on-line e envi\u00e1-lo eletronicamente para o COCOSOLIS, seguindo as instru\u00e7\u00f5es relevantes.<br>2.2 O formul\u00e1rio de pedido cont\u00e9m informa\u00e7\u00f5es sobre as principais caracter\u00edsticas de cada produto encomendado e o pre\u00e7o unit\u00e1rio relevante (incluindo todas as taxas e impostos aplic\u00e1veis), o tipo de pagamento que voc\u00ea pode usar para comprar cada produto, os termos de expedi\u00e7\u00e3o para os produtos comprados, custos de envio e envio. No site, voc\u00ea pode encontrar refer\u00eancias aos termos e condi\u00e7\u00f5es para devolver os produtos comprados, os custos de envio e entrega, bem como os detalhes do Vendedor, endere\u00e7os de e-mail e o prazo para o qual o Fornecedor promete entregar a mercadoria. Voc\u00ea tamb\u00e9m pode encontrar informa\u00e7\u00f5es sobre termos e condi\u00e7\u00f5es para exercer seu direito de retirada e os procedimentos e prazos para devolver a compra, informa\u00e7\u00f5es sobre as circunst\u00e2ncias em que voc\u00ea perderia o direito de se retirar do contrato, de acordo com a legisla\u00e7\u00e3o de prote\u00e7\u00e3o do consumidor.<br>2.3 Um pedido deve ser considerado enviado quando o COCOSOLIS receber seu formul\u00e1rio de pedido eletronicamente e as informa\u00e7\u00f5es do pedido foram verificadas como corretas.<br>2.4 A transmiss\u00e3o do formul\u00e1rio de pedido constitui uma obriga\u00e7\u00e3o de pagamento do pre\u00e7o indicado. O formul\u00e1rio de pedido ser\u00e1 arquivado em nosso banco de dados pelo tempo necess\u00e1rio para processar seu pedido e conforme previsto na lei.<br>2.5 Ap\u00f3s o envio do formul\u00e1rio de pedido, o COCOSOLIS processar\u00e1 o seu pedido.<br>2.6 O COCOSOLIS n\u00e3o pode processar quando as ordens est\u00e3o incompletas ou incorretas, ou os produtos n\u00e3o est\u00e3o mais dispon\u00edveis. Nos casos acima, devemos inform\u00e1-lo por e-mail de que o contrato n\u00e3o foi executado e que a COCOSOLIS n\u00e3o realizou seu pedido de compra especificando os motivos. Se os produtos exibidos em cocosolis.com n\u00e3o estiverem dispon\u00edveis no momento do seu \u00faltimo acesso ou, uma vez que o COCOSOLIS tenha recebido seu formul\u00e1rio de pedido, o COCOSOLIS ir\u00e1 inform\u00e1-lo sobre a indisponibilidade dos produtos pedidos no prazo de dez (10) dias a contar do dia seguinte ao COCOSOLIS ter recebido o seu pedido.<br>Se o formul\u00e1rio de pedido foi enviado e o pre\u00e7o foi pago por itens que n\u00e3o est\u00e3o mais dispon\u00edveis, a COCOSOLIS reembolsar\u00e1 o valor pago por esses itens, sem demora injustificada, e o contrato entre as partes ser\u00e1 considerado como encerrado.<br>2.7 Ao enviar um formul\u00e1rio de pedido \u00e0 COCOSOLIS, aceita incondicionalmente e compromete-se a observar as disposi\u00e7\u00f5es destes Termos e Condi\u00e7\u00f5es Gerais de Venda no seu contrato com a COCOSOLIS. Se voc\u00ea n\u00e3o concordar com certas disposi\u00e7\u00f5es destes Termos e Condi\u00e7\u00f5es Gerais de Venda, n\u00e3o envie seu formul\u00e1rio de pedido para a compra de produtos no cocosolis.com.<br>2.8 Uma vez que o contrato foi celebrado, o Vendedor enviar\u00e1 por e-mail um recibo do pedido. Ao enviar um formul\u00e1rio de pedido, voc\u00ea concorda e aceita estes Termos e condi\u00e7\u00f5es gerais de venda, bem como outras condi\u00e7\u00f5es contidas no cocosolis.com, tamb\u00e9m atrav\u00e9s de links, incluindo os Termos de Utiliza\u00e7\u00e3o, Pol\u00edtica de Privacidade e&nbsp;<a href=\"https:\/\/cocosolis.com\/pt\/return-policy\/\" target=\"_blank\" rel=\"noreferrer noopener\">Pol\u00edtica de Devolu\u00e7\u00e3o<\/a>.<br>2.9 Gostar\u00edamos de lembr\u00e1-lo de que todos os itens comprados est\u00e3o destinados a serem utilizados no pa\u00eds do qual foram encomendados. Se, no entanto, voc\u00ea decidir levar os itens para outro pa\u00eds, voc\u00ea ser\u00e1 respons\u00e1vel por aderir \u00e0 legisla\u00e7\u00e3o de exporta\u00e7\u00e3o do pa\u00eds do pedido e \u00e0 legisla\u00e7\u00e3o de importa\u00e7\u00e3o do pa\u00eds de destino. A COCOSOLIS n\u00e3o ser\u00e1 respons\u00e1vel.<\/p>\n\n\n\n<h5 class=\"wp-block-heading\">3. Garantias e indica\u00e7\u00e3o do pre\u00e7o do produto<\/h5>\n\n\n\n<p>3.1 No cocosolis.com, oferecemos produtos luxuosos e de alta qualidade.<br>3.2 As principais caracter\u00edsticas dos produtos s\u00e3o mostradas no cocosolis.com em cada p\u00e1gina do produto.<br>3.3 Os pre\u00e7os est\u00e3o sujeitos a altera\u00e7\u00f5es. Verifique o pre\u00e7o final da venda antes de enviar o formul\u00e1rio de pedido.<br>3.4 As encomendas feitas a partir de um site de um pa\u00eds diferente do que voc\u00ea est\u00e1 enviando ou para endere\u00e7os aos quais a COCOSOLIS n\u00e3o pode enviar, ser\u00e3o automaticamente canceladas.<br>3.5 De acordo com a legisla\u00e7\u00e3o de prote\u00e7\u00e3o ao consumidor, voc\u00ea ser\u00e1 respons\u00e1vel por qualquer redu\u00e7\u00e3o no valor dos produtos comprados na cocosolis.com resultantes de qualquer uso dos mesmos produtos que n\u00e3o seja o necess\u00e1rio para verificar sua natureza, caracter\u00edsticas e funcionalidade. Portanto, se voc\u00ea decidir exercer seu direito de devolu\u00e7\u00e3o de produtos comprados, a COCOSOLIS tem o direito de n\u00e3o aceitar produtos devolvidos ou n\u00e3o reembolsar completamente os valores pagos por produtos comprados que foram alterados de seu status original ou danificados.<\/p>\n\n\n\n<h5 class=\"wp-block-heading\">4. Pagamentos<\/h5>\n\n\n\n<p>4.1 O pagamento dos pre\u00e7os do produto e os custos relevantes para envio e entrega devem ser feitos usando um dos procedimentos indicados no formul\u00e1rio de pedido. Sob nenhuma circunst\u00e2ncia, voc\u00ea ser\u00e3o cobrado custos que sejam superiores aos efetivamente incorridos pelo Vendedor, em rela\u00e7\u00e3o ao seu m\u00e9todo de pagamento previamente selecionado.<br>4.2 Em caso de pagamento por cart\u00e3o de cr\u00e9dito ou cart\u00e3o de d\u00e9bito, todos os detalhes (por exemplo, n\u00famero de cart\u00e3o ou data de expira\u00e7\u00e3o) ser\u00e3o enviados por protocolo criptografado ao banco correspondente que fornece servi\u00e7os de pagamento eletr\u00f3nico remoto, sem terceiros que tenham acesso a ele. Esses detalhes n\u00e3o ser\u00e3o utilizados pelo COCOSOLIS, exceto pelo procedimento relevante para sua compra ou emiss\u00e3o de reembolsos no caso de devolu\u00e7\u00f5es, em conformidade com o exerc\u00edcio do seu direito de devolu\u00e7\u00e3o ou para denunciar casos de fraude \u00e0 pol\u00edcia. O pre\u00e7o da compra de produtos e os custos relevantes para envio e entrega, conforme indicado no formul\u00e1rio de pedido, ser\u00e3o cobrados na sua conta atual quando os produtos comprados forem realmente enviados.<br>5. C\u00f3digos de desconto<br>5.1 Os c\u00f3digos de desconto s\u00e3o c\u00f3digos personalizados, que permitem aproveitar o desconto em compras no COCOSOLIS.COM.<br>5.2 A caixa C\u00f3digo de desconto \u00e9 exibida na primeira p\u00e1gina do Checkout.<br>5.3 Os c\u00f3digos de desconto n\u00e3o podem, em caso algum, ser trocados por dinheiro;<br>5.4 Voc\u00ea n\u00e3o pode usar mais de um c\u00f3digo de desconto por pedido;<\/p>\n\n\n\n<h5 class=\"wp-block-heading\">6.Expedi\u00e7\u00e3o e entrega dos produtos<\/h5>\n\n\n\n<p>6.1 Para procedimentos espec\u00edficos de expedi\u00e7\u00e3o e entrega do produto, leia os termos de envio de cada produto.<\/p>\n\n\n\n<h5 class=\"wp-block-heading\">7. Direito de retorno de acordo com a prote\u00e7\u00e3o do consumidor<\/h5>\n\n\n\n<p>7.1 De acordo com a legisla\u00e7\u00e3o de prote\u00e7\u00e3o ao consumidor, voc\u00ea pode devolver os produtos comprados no cocosolis.com, sem qualquer penalidade e sem especificar o motivo, dentro de catorze (14) dias ap\u00f3s receber os produtos adquiridos no cocosolis.com.<br>7.2 Depois de ter exercido o seu direito de retirar o contrato, voc\u00ea deve devolver os produtos ao Vendedor, enviando-os para o agente de transporte para embarcar dentro de catorze (14) dias ap\u00f3s o qual voc\u00ea informou o Vendedor da sua decis\u00e3o de retirar o contrato .<br>7.3 Voc\u00ea pode encontrar mais detalhes sobre nossa pol\u00edtica de retorno na se\u00e7\u00e3o Pol\u00edtica de devolu\u00e7\u00e3o no nosso site.<\/p>\n\n\n\n<h5 class=\"wp-block-heading\">8. Privacidade<\/h5>\n\n\n\n<p>8.1 Voc\u00ea encontrar\u00e1 informa\u00e7\u00f5es sobre como processamos seus dados pessoais clicando em nossa Pol\u00edtica de Privacidade.<\/p>\n\n\n\n<h5 class=\"wp-block-heading\">9. Responsabilidade (Indemnification)<\/h5>\n\n\n\n<p>As informa\u00e7\u00f5es relativas aos ingredientes utilizados nos produtos cosm\u00e9ticos do COCOSOLIS.COM que aparecem no S\u00edtio, n\u00e3o s\u00e3o destinadas, nem devem ser interpretadas como conselhos ou recomenda\u00e7\u00f5es sobre a utiliza\u00e7\u00e3o de um produto cosm\u00e9tico. Se tiver d\u00favidas sobre a utiliza\u00e7\u00e3o de um produto cosm\u00e9tico, revise o r\u00f3tulo que aparece no produto, entre em contato conosco ou consulte um profissional m\u00e9dico.<\/p>\n\n\n\n<p>Utilizando o S\u00edtio, voc\u00ea reconhece e aceita que as informa\u00e7\u00f5es exibidas no S\u00edtio, incluindo qualquer informa\u00e7\u00e3o fornecida por especialistas ou profissionais m\u00e9dicos, s\u00e3o apenas para fins educacionais gerais. O nossos produtos n\u00e3o podem causar problemas de sa\u00fade. A seu crit\u00e9rio, sempre procure o conselho de um profissional m\u00e9dico ou outra ajuda qualificada em rela\u00e7\u00e3o a perguntas que pode ter em conex\u00e3o com qualquer condi\u00e7\u00e3o m\u00e9dica.<\/p>\n\n\n\n<p>Confiar em quaisquer informa\u00e7\u00f5es fornecidas pelo S\u00edtio \u00e9 somente de seu pr\u00f3prio risco.<\/p>\n\n\n\n<h5 class=\"wp-block-heading\">10. Direito aplic\u00e1vel<\/h5>\n\n\n\n<p>10.1 Estes Termos e Condi\u00e7\u00f5es Gerais de Venda s\u00e3o regidos pela lei Europ\u00e9ia.<br>Por favor, note que a Comiss\u00e3o Europeia fornece uma plataforma para a resolu\u00e7\u00e3o extrajudicial alternativa de lit\u00edgios, dispon\u00edvel no site http:\/\/ec.europa.eu\/odr<\/p>\n\n\n\n<h5 class=\"wp-block-heading\">11. Altera\u00e7\u00f5es e atualiza\u00e7\u00f5es<\/h5>\n\n\n\n<p>Os Termos e Condi\u00e7\u00f5es Gerais de Venda podem ser alterados de tempos em tempos devido a novas leis e regulamentos ou outros motivos. Os novos Termos e Condi\u00e7\u00f5es Gerais de Venda entrar\u00e3o em vigor a partir da data da sua publica\u00e7\u00e3o em cocosolis.com.<\/p>\n\n\n\n<p>Data da publica\u00e7\u00e3o: 9.07.2020<\/p>\n","protected":false},"excerpt":{"rendered":"<p>As seguintes Condi\u00e7\u00f5es Gerais de Venda regem a oferta e venda de produtos em nosso site (\u201ccocosolis.com\u201d). Os produtos comprados em cocosolis.com s\u00e3o vendidos diretamente pela PURMERUL OOD, que est\u00e1 registada na Bulg\u00e1ria, 4002 Plovdiv, 22 Liuleburgas Str., Fl. 4, ap. 9, n\u00famero de registro comercial 201172065, c\u00f3digo tribut\u00e1rio e n\u00famero de IVA BG201172065. 1. &hellip; <a href=\"https:\/\/cocosolis.com\/pt\/terms-of-sale\/\">Continued<\/a><\/p>\n","protected":false},"author":1,"featured_media":0,"parent":0,"menu_order":0,"comment_status":"closed","ping_status":"closed","template":"","meta":{"_acf_changed":false,"footnotes":""},"page_roles":[36],"class_list":["post-461","page","type-page","status-publish","hentry","page_roles-legal"],"acf":[],"_links":{"self":[{"href":"https:\/\/cocosolis.com\/pt\/wp-json\/wp\/v2\/pages\/461","targetHints":{"allow":["GET"]}}],"collection":[{"href":"https:\/\/cocosolis.com\/pt\/wp-json\/wp\/v2\/pages"}],"about":[{"href":"https:\/\/cocosolis.com\/pt\/wp-json\/wp\/v2\/types\/page"}],"author":[{"embeddable":true,"href":"https:\/\/cocosolis.com\/pt\/wp-json\/wp\/v2\/users\/1"}],"replies":[{"embeddable":true,"href":"https:\/\/cocosolis.com\/pt\/wp-json\/wp\/v2\/comments?post=461"}],"version-history":[{"count":5,"href":"https:\/\/cocosolis.com\/pt\/wp-json\/wp\/v2\/pages\/461\/revisions"}],"predecessor-version":[{"id":1000371379,"href":"https:\/\/cocosolis.com\/pt\/wp-json\/wp\/v2\/pages\/461\/revisions\/1000371379"}],"wp:attachment":[{"href":"https:\/\/cocosolis.com\/pt\/wp-json\/wp\/v2\/media?parent=461"}],"wp:term":[{"taxonomy":"page_roles","embeddable":true,"href":"https:\/\/cocosolis.com\/pt\/wp-json\/wp\/v2\/page_roles?post=461"}],"curies":[{"name":"wp","href":"https:\/\/api.w.org\/{rel}","templated":true}]}}