{"id":1000403261,"date":"2026-04-28T09:22:29","date_gmt":"2026-04-28T08:22:29","guid":{"rendered":"https:\/\/cocosolis.com\/pt\/?page_id=1000403261"},"modified":"2026-04-28T09:22:38","modified_gmt":"2026-04-28T08:22:38","slug":"mothers-day-2026","status":"publish","type":"page","link":"https:\/\/cocosolis.com\/pt\/terms-of-use\/mothers-day-2026\/","title":{"rendered":"Termos e condi\u00e7\u00f5es da promo\u00e7\u00e3o \u201cPROMO para o Dia da M\u00e3e\u201d"},"content":{"rendered":"\n<h2 class=\"wp-block-heading\"><strong>Termos e condi\u00e7\u00f5es da promo\u00e7\u00e3o <\/strong><strong>\u201cPROMO para o Dia da M\u00e3e\u201d<\/strong><strong>&nbsp;<\/strong><\/h2>\n\n\n\n<ol class=\"wp-block-list\">\n<li><strong>Organizador da promo\u00e7\u00e3o<\/strong>\n<ol class=\"wp-block-list\">\n<li>O organizador da promo\u00e7\u00e3o \u201cPROMO para o Dia da M\u00e3e\u201d \u00e9 a PURMERUL Ltd. com sede e endere\u00e7o registrado na Bulg\u00e1ria, Plovdiv. 4002, Rua Lyuleburgas 22, andar. 4, ap. 9, UIC 201172065.<\/li>\n<\/ol>\n<\/li>\n\n\n\n<li><strong>Regras oficiais<\/strong>\n<ol class=\"wp-block-list\">\n<li>Os participantes na Promo\u00e7\u00e3o devem cumprir os termos e condi\u00e7\u00f5es das regras descritas abaixo, denominadas como Regras Oficiais.<\/li>\n\n\n\n<li>As regras oficiais s\u00e3o publicadas antes do in\u00edcio da promo\u00e7\u00e3o em <a href=\"http:\/\/www.cocosolis.com\/pt\/\">www.cocosolis.com\/pt\/<\/a>. \u00c9 poss\u00edvel obter mais informa\u00e7\u00f5es ligando para +359 2 862 11 64 (a taxa da chamada varia conforme o tarif\u00e1rio pessoal) todos os dias \u00fateis, das 09:30 \u00e0s 18:00.<\/li>\n\n\n\n<li>O organizador da promo\u00e7\u00e3o preserva o direito de alterar ou adicionar mais Regras Oficiais a qualquer momento, anunciando o ato publicamente.<\/li>\n<\/ol>\n<\/li>\n\n\n\n<li><strong>O territ\u00f3rio da promo\u00e7\u00e3o<\/strong>\n<ol class=\"wp-block-list\">\n<li>A promo\u00e7\u00e3o \u00e9 organizada e realizada no territ\u00f3rio da Rep\u00fablica de Portugal.<\/li>\n<\/ol>\n<\/li>\n\n\n\n<li><strong>Direito de participa\u00e7\u00e3o<\/strong>\n<ol class=\"wp-block-list\">\n<li>Todos os indiv\u00edduos com 18 anos de idade ou mais, residentes no territ\u00f3rio da Rep\u00fablica de Portugal s\u00e3o eleg\u00edveis para participar na Promo\u00e7\u00e3o.<\/li>\n\n\n\n<li>Os funcion\u00e1rios da PURMERUL Ltd., todos os parceiros e ag\u00eancias relacionadas \u00e0 Promo\u00e7\u00e3o, bem como familiares de todas as pessoas acima mencionadas, n\u00e3o est\u00e3o autorizados a participar na Promo\u00e7\u00e3o.<\/li>\n<\/ol>\n<\/li>\n\n\n\n<li><strong>Dura\u00e7\u00e3o da promo\u00e7\u00e3o<\/strong>\n<ol class=\"wp-block-list\">\n<li>A promo\u00e7\u00e3o \u00e9 v\u00e1lida enquanto durarem os estoques.<\/li>\n<\/ol>\n<\/li>\n\n\n\n<li><strong>\u00a0Produtos participantes\u00a0<\/strong>\n<ol class=\"wp-block-list\">\n<li>A promo\u00e7\u00e3o inclui todos os produtos dispon\u00edveis em <a href=\"http:\/\/www.cocosolis.com\/pt\/\">www.cocosolis.com\/pt\/<\/a>.<\/li>\n<\/ol>\n<\/li>\n\n\n\n<li><strong>Descri\u00e7\u00e3o da promo\u00e7\u00e3o e mecanismo de participa\u00e7\u00e3o na promo\u00e7\u00e3o<\/strong>\n<ol class=\"wp-block-list\">\n<li>Esta promo\u00e7\u00e3o d\u00e1 aos clientes a possibilidade de encomendar 3 produtos \u00e0 escolha no site https:\/\/cocosolis.com\/pt\/ e pagar apenas 2. A oferta \u00e9 v\u00e1lida tanto para produtos individuais como para packs promocionais. Para usufruir das condi\u00e7\u00f5es promocionais, os clientes devem adicionar os produtos desejados ao carrinho \u2014 ao adicionar 3 produtos, o de menor valor ser\u00e1 oferecido gratuitamente.<\/li>\n\n\n\n<li>Em determinadas condi\u00e7\u00f5es (ap\u00f3s adicionar tr\u00eas produtos), os clientes podem receber uma oferta adicional \u2014 obter mais um produto gratuito ao adicionar \u00e0 sua encomenda mais um produto \u00e0 escolha com valor m\u00ednimo de \u20ac25. Ap\u00f3s adicionar um produto de valor m\u00ednimo de \u20ac25, o produto gratuito ser\u00e1 automaticamente adicionado ao carrinho.<\/li>\n\n\n\n<li>Ao atingir um determinado valor de encomenda, os clientes recebem tamb\u00e9m uma oferta: COCOSOLIS Gelato Bag.<\/li>\n\n\n\n<li>A oferta \u00e9 v\u00e1lida apenas no site oficial da COCOSOLIS, at\u00e9 ao fim do stock. Os clientes tamb\u00e9m podem adquirir produtos selecionados inclu\u00eddos em pacotes promocionais especiais com um desconto percentual predefinido.<\/li>\n\n\n\n<li>Durante a promo\u00e7\u00e3o, os clientes fi\u00e9is podem acumular pontos, mas n\u00e3o os utilizar.<\/li>\n\n\n\n<li>Para se beneficiar da promo\u00e7\u00e3o, al\u00e9m de <a href=\"https:\/\/cocosolis.com\/pt\/\">https:\/\/cocosolis.com\/pt\/<\/a> os participantes tamb\u00e9m podem fazer seus pedidos das seguintes maneiras:\n<ol class=\"wp-block-list\">\n<li>enviando uma mensagem privada para o perfil do COCOSOLIS no Facebook: <a href=\"http:\/\/www.facebook.com\/cocosolispt\">www.facebook.com\/cocosolispt<\/a>\u00a0<\/li>\n\n\n\n<li>enviando uma mensagem pessoal ao perfil do Instagram da COCOSOLIS: <a href=\"http:\/\/www.instagram.com\/cocosolis.official\">www.instagram.com\/cocosolis.official<\/a>\u00a0\u00a0<\/li>\n<\/ol>\n<\/li>\n<\/ol>\n<\/li>\n<\/ol>\n\n\n\n<ol start=\"7\" class=\"wp-block-list\">\n<li>A entrega \u00e9 feita atrav\u00e9s da empresa transportadora Rapidix no endere\u00e7o fornecido pelo participante ou no escrit\u00f3rio da empresa escolhido pelo participante. Se o usu\u00e1rio n\u00e3o fornecer acesso e condi\u00e7\u00f5es para a entrega das mercadorias no endere\u00e7o especificado dentro do prazo especificado ou n\u00e3o for ao escrit\u00f3rio especificado pela empresa de transporte Rapidix para receber as mercadorias a tempo, o Organizador fica isento da obriga\u00e7\u00e3o de cumprir a entrega solicitada.<\/li>\n\n\n\n<li>Todas as outras ofertas e c\u00f3digos promocionais de pacotes padr\u00e3o promocionais N\u00c3O s\u00e3o v\u00e1lidos durante o per\u00edodo da promo\u00e7\u00e3o mencionado no item 5.<\/li>\n<\/ol>\n\n\n\n<ol start=\"8\" class=\"wp-block-list\">\n<li><strong>Lit\u00edgios e responsabilidade<\/strong>\n<ol class=\"wp-block-list\">\n<li>As disputas entre o Organizador e os Participantes no mesmo ser\u00e3o resolvidas de comum acordo. O n\u00e3o cumprimento de tal acordo resultar\u00e1 na sua entrega aos respectivos tribunais competentes de Portugal.<\/li>\n\n\n\n<li>O organizador n\u00e3o ser\u00e1 respons\u00e1vel por fornecer pr\u00eamios enviados fora dos prazos e quantidades especificados nestas regras.\u00a0<\/li>\n\n\n\n<li>O organizador da promo\u00e7\u00e3o n\u00e3o \u00e9 respons\u00e1vel se o participante tiver fornecido um endere\u00e7o de e-mail ou n\u00famero de telefone de contato inv\u00e1lido.<\/li>\n<\/ol>\n<\/li>\n\n\n\n<li><strong>Substitui\u00e7\u00e3o e devolu\u00e7\u00f5es de produtos<\/strong>\n<ol class=\"wp-block-list\">\n<li>De acordo com a lei de prote\u00e7\u00e3o ao consumidor, o participante tem o direito de devolver os produtos adquiridos sem nenhuma penalidade e sem ter que declarar qualquer motivo. S\u00f3 \u00e9 necess\u00e1rio informar o COCOSOLIS.COM dentro de catorze (14) dias a partir da data de rece\u00e7\u00e3o da remessa.<\/li>\n\n\n\n<li>Os produtos devolvidos devem ser enviados de volta \u00e0 COCOSOLIS dentro de sete (7) dias a partir da data em que as informa\u00e7\u00f5es foram enviadas na decis\u00e3o de devolu\u00e7\u00e3o dos produtos adquiridos.<\/li>\n\n\n\n<li>Em certas circunst\u00e2ncias, \u00e9 poss\u00edvel trocar um produto por outro.\u00a0<\/li>\n\n\n\n<li>Leia a totalidade dos termos da nossa pol\u00edtica de devolu\u00e7\u00e3o e troca aqui: <a href=\"https:\/\/cocosolis.com\/pt\/return-policy\/\">https:\/\/cocosolis.com\/pt\/return-policy\/<\/a>\u00a0\u00a0<\/li>\n<\/ol>\n<\/li>\n\n\n\n<li><strong>Encerramento da promo\u00e7\u00e3o<\/strong>\n<ol class=\"wp-block-list\">\n<li>O Organizador tem o direito irrevog\u00e1vel de encerrar a Promo\u00e7\u00e3o a qualquer momento, anunciando-a de acordo com o ponto 2 destas Regras Oficiais, em caso de abuso, viola\u00e7\u00e3o das regras, bem como em caso de for\u00e7a maior ou por outras raz\u00f5es objetivas. Em caso de abuso, m\u00e1 conduta ou viola\u00e7\u00e3o das Regras Oficiais por um participante, o Organizador tem o direito de desqualific\u00e1-lo. Nestes casos, nenhuma compensa\u00e7\u00e3o \u00e9 devida aos participantes.\u00a0<\/li>\n<\/ol>\n<\/li>\n\n\n\n<li><strong>Prote\u00e7\u00e3o de dados pessoais. Publicidade\u00a0<\/strong>\n<ol class=\"wp-block-list\">\n<li>Leia os termos e condi\u00e7\u00f5es completos de nossa pol\u00edtica de privacidade aqui: <a href=\"https:\/\/cocosolis.com\/pt\/privacy-policy\/\">https:\/\/cocosolis.com\/pt\/privacy-policy\/<\/a><\/li>\n<\/ol>\n<\/li>\n\n\n\n<li><strong>O pre\u00e7o mais baixo pelo qual o produto foi vendido nos \u00faltimos 30 dias.<\/strong>\n<ol class=\"wp-block-list\">\n<li>\u00c9 determinado separadamente para cada promo\u00e7\u00e3o e significa o menor pre\u00e7o pelo qual o produto foi vendido no site nos \u00faltimos 30 dias antes do in\u00edcio da promo\u00e7\u00e3o atual.<\/li>\n\n\n\n<li>O produto para o qual apresentamos este pre\u00e7o poder\u00e1 ter sido adquirido por um pre\u00e7o inferior no per\u00edodo anterior, caso o cliente tenha utilizado um voucher\/c\u00f3digo promocional adicional para um desconto individual.<\/li>\n\n\n\n<li>Pode ser diferente do pre\u00e7o pelo qual o produto foi vendido imediatamente antes da promo\u00e7\u00e3o atual.<\/li>\n\n\n\n<li>Refere-se apenas ao pre\u00e7o do produto no site oficial da COCOSOLIS e n\u00e3o leva em considera\u00e7\u00e3o os pre\u00e7os nas lojas f\u00edsicas individuais onde o produto est\u00e1 dispon\u00edvel.\u00a0<\/li>\n\n\n\n<li>Pode haver diferen\u00e7a entre o \u201cmenor pre\u00e7o\u201d do mesmo produto para promo\u00e7\u00f5es diferentes.<\/li>\n\n\n\n<li>As promo\u00e7\u00f5es no site e as suas condi\u00e7\u00f5es podem diferir dos descontos e campanhas nas lojas f\u00edsicas onde est\u00e3o dispon\u00edveis os produtos COCOSOLIS. Ao encomendar no site, aplicam-se apenas os termos e condi\u00e7\u00f5es anunciados no site e aplic\u00e1veis \u200b\u200b\u00e0 loja online.<\/li>\n\n\n\n<li>Para os pacotes promocionais, o \u201cPre\u00e7o mais baixo dos \u00faltimos 30 dias\u201d corresponde ao pre\u00e7o normal dos produtos inclu\u00eddos no pacote promocional.<\/li>\n<\/ol>\n<\/li>\n<\/ol>\n","protected":false},"excerpt":{"rendered":"<p>Termos e condi\u00e7\u00f5es da promo\u00e7\u00e3o \u201cPROMO para o Dia da M\u00e3e\u201d&nbsp;<\/p>\n","protected":false},"author":1000000384,"featured_media":0,"parent":464,"menu_order":0,"comment_status":"closed","ping_status":"closed","template":"","meta":{"_acf_changed":false,"footnotes":""},"page_roles":[],"class_list":["post-1000403261","page","type-page","status-publish","hentry"],"acf":[],"_links":{"self":[{"href":"https:\/\/cocosolis.com\/pt\/wp-json\/wp\/v2\/pages\/1000403261","targetHints":{"allow":["GET"]}}],"collection":[{"href":"https:\/\/cocosolis.com\/pt\/wp-json\/wp\/v2\/pages"}],"about":[{"href":"https:\/\/cocosolis.com\/pt\/wp-json\/wp\/v2\/types\/page"}],"author":[{"embeddable":true,"href":"https:\/\/cocosolis.com\/pt\/wp-json\/wp\/v2\/users\/1000000384"}],"replies":[{"embeddable":true,"href":"https:\/\/cocosolis.com\/pt\/wp-json\/wp\/v2\/comments?post=1000403261"}],"version-history":[{"count":1,"href":"https:\/\/cocosolis.com\/pt\/wp-json\/wp\/v2\/pages\/1000403261\/revisions"}],"predecessor-version":[{"id":1000403263,"href":"https:\/\/cocosolis.com\/pt\/wp-json\/wp\/v2\/pages\/1000403261\/revisions\/1000403263"}],"up":[{"embeddable":true,"href":"https:\/\/cocosolis.com\/pt\/wp-json\/wp\/v2\/pages\/464"}],"wp:attachment":[{"href":"https:\/\/cocosolis.com\/pt\/wp-json\/wp\/v2\/media?parent=1000403261"}],"wp:term":[{"taxonomy":"page_roles","embeddable":true,"href":"https:\/\/cocosolis.com\/pt\/wp-json\/wp\/v2\/page_roles?post=1000403261"}],"curies":[{"name":"wp","href":"https:\/\/api.w.org\/{rel}","templated":true}]}}