{"id":1000276494,"date":"2025-04-07T09:18:56","date_gmt":"2025-04-07T08:18:56","guid":{"rendered":"https:\/\/cocosolis.com\/pt\/?page_id=1000276494"},"modified":"2025-04-07T09:18:56","modified_gmt":"2025-04-07T08:18:56","slug":"easter-2025","status":"publish","type":"page","link":"https:\/\/cocosolis.com\/pt\/terms-of-use\/easter-2025\/","title":{"rendered":"Termos e condi\u00e7\u00f5es da promo\u00e7\u00e3o \u201cEaster PROMO\u201d"},"content":{"rendered":"<h2><b>Termos e condi\u00e7\u00f5es da promo\u00e7\u00e3o <\/b><b>\u201cEaster PROMO\u201d<\/b><b>\u00a0<\/b><\/h2>\n<ul>\n<li aria-level=\"1\">\n<h3><b>Organizador da promo\u00e7\u00e3o<\/b><\/h3>\n<\/li>\n<\/ul>\n<ol>\n<li style=\"list-style-type: none;\">\n<ol>\n<li style=\"list-style-type: none;\">\n<ol>\n<li style=\"font-weight: 400;\" aria-level=\"2\"><span style=\"font-weight: 400;\">O organizador da promo\u00e7\u00e3o <\/span><span style=\"font-weight: 400;\">\u201cEaster PROMO\u201d<\/span><span style=\"font-weight: 400;\"> \u00e9 a PURMERUL Ltd. com sede e endere\u00e7o registrado na Bulg\u00e1ria, Plovdiv. 4002, Rua Lyuleburgas 22, andar. 4, ap. 9, UIC 201172065.<\/span><\/li>\n<\/ol>\n<\/li>\n<\/ol>\n<\/li>\n<\/ol>\n<ul>\n<li aria-level=\"1\">\n<h3><b>Regras oficiais<\/b><\/h3>\n<\/li>\n<\/ul>\n<ol>\n<li style=\"list-style-type: none;\">\n<ol>\n<li style=\"list-style-type: none;\">\n<ol>\n<li style=\"font-weight: 400;\" aria-level=\"2\"><span style=\"font-weight: 400;\">Os participantes na Promo\u00e7\u00e3o devem cumprir os termos e condi\u00e7\u00f5es das regras descritas abaixo, denominadas como Regras Oficiais.<\/span><\/li>\n<li style=\"font-weight: 400;\" aria-level=\"2\"><span style=\"font-weight: 400;\">As regras oficiais s\u00e3o publicadas antes do in\u00edcio da promo\u00e7\u00e3o em <\/span><a href=\"http:\/\/www.cocosolis.com\/pt\/\"><span style=\"font-weight: 400;\">www.cocosolis.com\/pt\/<\/span><\/a><span style=\"font-weight: 400;\">. \u00c9 poss\u00edvel obter mais informa\u00e7\u00f5es ligando para +359 2 862 11 64 (a taxa da chamada varia conforme o tarif\u00e1rio pessoal) todos os dias \u00fateis, das 09:30 \u00e0s 18:00.<\/span><\/li>\n<li style=\"font-weight: 400;\" aria-level=\"2\"><span style=\"font-weight: 400;\">O organizador da promo\u00e7\u00e3o preserva o direito de alterar ou adicionar mais Regras Oficiais a qualquer momento, anunciando o ato publicamente.<\/span><\/li>\n<\/ol>\n<\/li>\n<\/ol>\n<\/li>\n<\/ol>\n<ul>\n<li aria-level=\"1\">\n<h3><b>O territ\u00f3rio da promo\u00e7\u00e3o<\/b><\/h3>\n<\/li>\n<\/ul>\n<ol>\n<li style=\"list-style-type: none;\">\n<ol>\n<li style=\"list-style-type: none;\">\n<ol>\n<li style=\"font-weight: 400;\" aria-level=\"2\"><span style=\"font-weight: 400;\">A promo\u00e7\u00e3o \u00e9 organizada e realizada no territ\u00f3rio da Rep\u00fablica de Portugal.<\/span><\/li>\n<\/ol>\n<\/li>\n<\/ol>\n<\/li>\n<\/ol>\n<ul>\n<li aria-level=\"1\">\n<h3><b>Direito de participa\u00e7\u00e3o<\/b><\/h3>\n<\/li>\n<\/ul>\n<ol>\n<li style=\"list-style-type: none;\">\n<ol>\n<li style=\"list-style-type: none;\">\n<ol>\n<li style=\"font-weight: 400;\" aria-level=\"2\"><span style=\"font-weight: 400;\">Todos os indiv\u00edduos com 18 anos de idade ou mais, residentes no territ\u00f3rio da Rep\u00fablica de Portugal s\u00e3o eleg\u00edveis para participar na Promo\u00e7\u00e3o.<\/span><\/li>\n<li style=\"font-weight: 400;\" aria-level=\"2\"><span style=\"font-weight: 400;\">Os funcion\u00e1rios da PURMERUL Ltd., todos os parceiros e ag\u00eancias relacionadas \u00e0 Promo\u00e7\u00e3o, bem como familiares de todas as pessoas acima mencionadas, n\u00e3o est\u00e3o autorizados a participar na Promo\u00e7\u00e3o.<\/span><\/li>\n<\/ol>\n<\/li>\n<\/ol>\n<\/li>\n<\/ol>\n<ul>\n<li aria-level=\"1\">\n<h3><b>Dura\u00e7\u00e3o da promo\u00e7\u00e3o<\/b><\/h3>\n<\/li>\n<\/ul>\n<ol>\n<li style=\"list-style-type: none;\">\n<ol>\n<li style=\"list-style-type: none;\">\n<ol>\n<li style=\"font-weight: 400;\" aria-level=\"2\"><span style=\"font-weight: 400;\">A promo\u00e7\u00e3o \u00e9 v\u00e1lida enquanto durarem os estoques.<\/span><\/li>\n<\/ol>\n<\/li>\n<\/ol>\n<\/li>\n<\/ol>\n<ul>\n<li aria-level=\"1\">\n<h3><b>\u00a0Produtos participantes\u00a0<\/b><\/h3>\n<\/li>\n<\/ul>\n<ol>\n<li style=\"list-style-type: none;\">\n<ol>\n<li style=\"list-style-type: none;\">\n<ol>\n<li style=\"font-weight: 400;\" aria-level=\"2\"><span style=\"font-weight: 400;\">A promo\u00e7\u00e3o inclui todos os produtos dispon\u00edveis em <\/span><a href=\"http:\/\/www.cocosolis.com\/pt\/\"><span style=\"font-weight: 400;\">www.cocosolis.com\/pt\/<\/span><\/a><span style=\"font-weight: 400;\">.<\/span><\/li>\n<\/ol>\n<\/li>\n<\/ol>\n<\/li>\n<\/ol>\n<ul>\n<li aria-level=\"1\">\n<h3><b>Descri\u00e7\u00e3o da promo\u00e7\u00e3o e mecanismo de participa\u00e7\u00e3o na promo\u00e7\u00e3o<\/b><\/h3>\n<\/li>\n<\/ul>\n<ol>\n<li style=\"list-style-type: none;\">\n<ol>\n<li style=\"font-weight: 400;\" aria-level=\"2\"><span style=\"font-weight: 400;\">Ao visitar o site, aparece a caixa de oferta COCOSOLIS. Para ganhar um pr\u00e9mio, o utilizador deve primeiro inserir o seu e-mail. Ap\u00f3s introduzir o e-mail com sucesso, o utilizador pode abrir a caixa COCOSOLIS. O utilizador ter\u00e1 ent\u00e3o a oportunidade de ganhar um dos pr\u00e9mios anunciados antecipadamente antes do in\u00edcio do jogo:<\/span><\/li>\n<\/ol>\n<\/li>\n<\/ol>\n<ul>\n<li><span style=\"font-weight: 400;\"> GROW Hair Growth Serum Spray gratuito<\/span><\/li>\n<li><span style=\"font-weight: 400;\"> HAIR Oil Mask 3in1 gratuito<\/span><\/li>\n<li><span style=\"font-weight: 400;\"> SKIN Anti-cellulite Dry Oil 110 ml gratuito<\/span><\/li>\n<li><span style=\"font-weight: 400;\"> CHOCO Suntan &amp; Body Oil 110 ml gratuito<\/span><\/li>\n<li><span style=\"font-weight: 400;\"> SOLIS Self-tanning Face Serum gratuito<\/span><\/li>\n<li><span style=\"font-weight: 400;\"> AURA Peptide Shimmer Spray gratuito<\/span><\/li>\n<\/ul>\n<ol>\n<li style=\"font-weight: 400;\" aria-level=\"2\"><span style=\"font-weight: 400;\">Esta promo\u00e7\u00e3o d\u00e1 aos clientes a oportunidade de receber um produto gr\u00e1tis ao encomendar um produto da sua escolha no site https:\/\/cocosolis.com\/pt\/ com valor superior a \u20ac25. A recompensa ser\u00e1 aplicada automaticamente quando o usu\u00e1rio adicionar produto(s) ao carrinho. No caso de ganhar um produto gr\u00e1tis &#8211; o cliente recebe uma oferta adicional &#8211; para receber outro produto gr\u00e1tis, caso o cliente adicione ao pedido outro(s) produto(s) de sua escolha no valor m\u00ednimo de \u20ac25.<\/span><\/li>\n<li style=\"font-weight: 400;\" aria-level=\"2\"><span style=\"font-weight: 400;\">A oferta \u00e9 v\u00e1lida apenas no site oficial da COCOSOLIS enquanto durarem os estoques. Os clientes tamb\u00e9m t\u00eam a oportunidade de adquirir produtos selecionados pr\u00e9-inclu\u00eddos em pacotes promocionais especiais com um determinado percentual de desconto.<\/span><\/li>\n<li style=\"font-weight: 400;\" aria-level=\"2\"><span style=\"font-weight: 400;\">Para se beneficiar da promo\u00e7\u00e3o, al\u00e9m de <\/span><a href=\"https:\/\/cocosolis.com\/pt\/\"><span style=\"font-weight: 400;\">https:\/\/cocosolis.com\/pt\/<\/span><\/a><span style=\"font-weight: 400;\"> os participantes tamb\u00e9m podem fazer seus pedidos das seguintes maneiras:<\/span>\n<ol>\n<li style=\"font-weight: 400;\" aria-level=\"3\"><span style=\"font-weight: 400;\">enviando uma mensagem privada para o perfil do COCOSOLIS no Facebook: <\/span><a href=\"http:\/\/www.facebook.com\/cocosolispt\"><span style=\"font-weight: 400;\">www.facebook.com\/cocosolispt<\/span><\/a><span style=\"font-weight: 400;\">\u00a0<\/span><\/li>\n<li style=\"font-weight: 400;\" aria-level=\"3\"><span style=\"font-weight: 400;\">enviando uma mensagem pessoal ao perfil do Instagram da COCOSOLIS: <\/span><a href=\"http:\/\/www.instagram.com\/cocosolis.official\"><span style=\"font-weight: 400;\">www.instagram.com\/cocosolis.official<\/span><\/a><span style=\"font-weight: 400;\">\u00a0\u00a0<\/span><\/li>\n<\/ol>\n<\/li>\n<\/ol>\n<p>&nbsp;<\/p>\n<ol>\n<li style=\"font-weight: 400;\" aria-level=\"2\"><span style=\"font-weight: 400;\">A entrega \u00e9 feita atrav\u00e9s da empresa transportadora Rapidix no endere\u00e7o fornecido pelo participante ou no escrit\u00f3rio da empresa escolhido pelo participante. Se o usu\u00e1rio n\u00e3o fornecer acesso e condi\u00e7\u00f5es para a entrega das mercadorias no endere\u00e7o especificado dentro do prazo especificado ou n\u00e3o for ao escrit\u00f3rio especificado pela empresa de transporte Rapidix para receber as mercadorias a tempo, o Organizador fica isento da obriga\u00e7\u00e3o de cumprir a entrega solicitada.<\/span><\/li>\n<li style=\"font-weight: 400;\" aria-level=\"2\"><span style=\"font-weight: 400;\">Todas as outras ofertas e c\u00f3digos promocionais de pacotes padr\u00e3o promocionais N\u00c3O s\u00e3o v\u00e1lidos durante o per\u00edodo da promo\u00e7\u00e3o mencionado no item 5.<\/span><\/li>\n<\/ol>\n<ul>\n<li aria-level=\"1\">\n<h3><b>Lit\u00edgios e responsabilidade<\/b><\/h3>\n<\/li>\n<\/ul>\n<ol>\n<li style=\"list-style-type: none;\">\n<ol>\n<li style=\"list-style-type: none;\">\n<ol>\n<li style=\"font-weight: 400;\" aria-level=\"2\"><span style=\"font-weight: 400;\">As disputas entre o Organizador e os Participantes no mesmo ser\u00e3o resolvidas de comum acordo. O n\u00e3o cumprimento de tal acordo resultar\u00e1 na sua entrega aos respectivos tribunais competentes de Portugal.<\/span><\/li>\n<li style=\"font-weight: 400;\" aria-level=\"2\"><span style=\"font-weight: 400;\">O organizador n\u00e3o ser\u00e1 respons\u00e1vel por fornecer pr\u00eamios enviados fora dos prazos e quantidades especificados nestas regras.\u00a0<\/span><\/li>\n<li style=\"font-weight: 400;\" aria-level=\"2\"><span style=\"font-weight: 400;\">O organizador da promo\u00e7\u00e3o n\u00e3o \u00e9 respons\u00e1vel se o participante tiver fornecido um endere\u00e7o de e-mail ou n\u00famero de telefone de contato inv\u00e1lido.<\/span><\/li>\n<\/ol>\n<\/li>\n<\/ol>\n<\/li>\n<\/ol>\n<ul>\n<li aria-level=\"1\">\n<h3><b>Substitui\u00e7\u00e3o e devolu\u00e7\u00f5es de produtos<\/b><\/h3>\n<\/li>\n<\/ul>\n<ol>\n<li style=\"list-style-type: none;\">\n<ol>\n<li style=\"list-style-type: none;\">\n<ol>\n<li style=\"font-weight: 400;\" aria-level=\"2\"><span style=\"font-weight: 400;\">De acordo com a lei de prote\u00e7\u00e3o ao consumidor, o participante tem o direito de devolver os produtos adquiridos sem nenhuma penalidade e sem ter que declarar qualquer motivo. S\u00f3 \u00e9 necess\u00e1rio informar o COCOSOLIS.COM dentro de catorze (14) dias a partir da data de rece\u00e7\u00e3o da remessa.<\/span><\/li>\n<li style=\"font-weight: 400;\" aria-level=\"2\"><span style=\"font-weight: 400;\">Os produtos devolvidos devem ser enviados de volta \u00e0 COCOSOLIS dentro de sete (7) dias a partir da data em que as informa\u00e7\u00f5es foram enviadas na decis\u00e3o de devolu\u00e7\u00e3o dos produtos adquiridos.<\/span><\/li>\n<li style=\"font-weight: 400;\" aria-level=\"2\"><span style=\"font-weight: 400;\">Em certas circunst\u00e2ncias, \u00e9 poss\u00edvel trocar um produto por outro.\u00a0<\/span><\/li>\n<li style=\"font-weight: 400;\" aria-level=\"2\"><span style=\"font-weight: 400;\">Leia a totalidade dos termos da nossa pol\u00edtica de devolu\u00e7\u00e3o e troca aqui: <\/span><a href=\"https:\/\/cocosolis.com\/pt\/return-policy\/\"><span style=\"font-weight: 400;\">https:\/\/cocosolis.com\/pt\/return-policy\/<\/span><\/a><span style=\"font-weight: 400;\">\u00a0\u00a0<\/span><\/li>\n<\/ol>\n<\/li>\n<\/ol>\n<\/li>\n<\/ol>\n<ul>\n<li aria-level=\"1\">\n<h3><b>Encerramento da promo\u00e7\u00e3o<\/b><\/h3>\n<\/li>\n<\/ul>\n<ol>\n<li style=\"list-style-type: none;\">\n<ol>\n<li style=\"list-style-type: none;\">\n<ol>\n<li style=\"font-weight: 400;\" aria-level=\"2\"><span style=\"font-weight: 400;\">O Organizador tem o direito irrevog\u00e1vel de encerrar a Promo\u00e7\u00e3o a qualquer momento, anunciando-a de acordo com o ponto 2 destas Regras Oficiais, em caso de abuso, viola\u00e7\u00e3o das regras, bem como em caso de for\u00e7a maior ou por outras raz\u00f5es objetivas. Em caso de abuso, m\u00e1 conduta ou viola\u00e7\u00e3o das Regras Oficiais por um participante, o Organizador tem o direito de desqualific\u00e1-lo. Nestes casos, nenhuma compensa\u00e7\u00e3o \u00e9 devida aos participantes.\u00a0<\/span><\/li>\n<\/ol>\n<\/li>\n<\/ol>\n<\/li>\n<\/ol>\n<ul>\n<li aria-level=\"1\">\n<h3><b>Prote\u00e7\u00e3o de dados pessoais. Publicidade\u00a0<\/b><\/h3>\n<\/li>\n<\/ul>\n<ol>\n<li style=\"list-style-type: none;\">\n<ol>\n<li style=\"font-weight: 400;\" aria-level=\"2\"><span style=\"font-weight: 400;\">Leia os termos e condi\u00e7\u00f5es completos de nossa pol\u00edtica de privacidade aqui: <\/span><a href=\"https:\/\/cocosolis.com\/pt\/privacy-policy\/\"><span style=\"font-weight: 400;\">https:\/\/cocosolis.com\/pt\/privacy-policy\/<\/span><\/a><span style=\"font-weight: 400;\">\u00a0<\/span><\/li>\n<\/ol>\n<\/li>\n<\/ol>\n<p><b><\/b><\/p>\n<ul>\n<li aria-level=\"1\">\n<h3><b>O pre\u00e7o mais baixo pelo qual o produto foi vendido nos \u00faltimos 30 dias.<\/b><\/h3>\n<\/li>\n<\/ul>\n<ol>\n<li style=\"list-style-type: none;\">\n<ol>\n<li style=\"font-weight: 400;\" aria-level=\"2\"><span style=\"font-weight: 400;\">\u00c9 determinado separadamente para cada promo\u00e7\u00e3o e significa o menor pre\u00e7o pelo qual o produto foi vendido no site nos \u00faltimos 30 dias antes do in\u00edcio da promo\u00e7\u00e3o atual.<\/span><\/li>\n<li style=\"font-weight: 400;\" aria-level=\"2\"><span style=\"font-weight: 400;\">O produto para o qual apresentamos este pre\u00e7o poder\u00e1 ter sido adquirido por um pre\u00e7o inferior no per\u00edodo anterior, caso o cliente tenha utilizado um voucher\/c\u00f3digo promocional adicional para um desconto individual.<\/span><\/li>\n<li style=\"font-weight: 400;\" aria-level=\"2\"><span style=\"font-weight: 400;\">Pode ser diferente do pre\u00e7o pelo qual o produto foi vendido imediatamente antes da promo\u00e7\u00e3o atual.<\/span><\/li>\n<li style=\"font-weight: 400;\" aria-level=\"2\"><span style=\"font-weight: 400;\">Refere-se apenas ao pre\u00e7o do produto no site oficial da COCOSOLIS e n\u00e3o leva em considera\u00e7\u00e3o os pre\u00e7os nas lojas f\u00edsicas individuais onde o produto est\u00e1 dispon\u00edvel.\u00a0<\/span><\/li>\n<li style=\"font-weight: 400;\" aria-level=\"2\"><span style=\"font-weight: 400;\">Pode haver diferen\u00e7a entre o \u201cmenor pre\u00e7o\u201d do mesmo produto para promo\u00e7\u00f5es diferentes.<\/span><\/li>\n<li style=\"font-weight: 400;\" aria-level=\"2\"><span style=\"font-weight: 400;\">As promo\u00e7\u00f5es no site e as suas condi\u00e7\u00f5es podem diferir dos descontos e campanhas nas lojas f\u00edsicas onde est\u00e3o dispon\u00edveis os produtos COCOSOLIS. Ao encomendar no site, aplicam-se apenas os termos e condi\u00e7\u00f5es anunciados no site e aplic\u00e1veis \u200b\u200b\u00e0 loja online.<\/span><\/li>\n<li style=\"font-weight: 400;\" aria-level=\"2\"><span style=\"font-weight: 400;\">Para os pacotes promocionais, o \u201cPre\u00e7o mais baixo dos \u00faltimos 30 dias\u201d corresponde ao pre\u00e7o normal dos produtos inclu\u00eddos no pacote promocional.<\/span><\/li>\n<\/ol>\n<\/li>\n<\/ol>\n","protected":false},"excerpt":{"rendered":"<p>Termos e condi\u00e7\u00f5es da promo\u00e7\u00e3o \u201cEaster PROMO\u201d\u00a0 Organizador da promo\u00e7\u00e3o O organizador da promo\u00e7\u00e3o \u201cEaster PROMO\u201d \u00e9 a PURMERUL Ltd. com sede e endere\u00e7o registrado na Bulg\u00e1ria, Plovdiv. 4002, Rua Lyuleburgas 22, andar. 4, ap. 9, UIC 201172065. Regras oficiais Os participantes na Promo\u00e7\u00e3o devem cumprir os termos e condi\u00e7\u00f5es das regras descritas abaixo, denominadas &hellip; <a href=\"https:\/\/cocosolis.com\/pt\/terms-of-use\/easter-2025\/\">Continued<\/a><\/p>\n","protected":false},"author":1000000384,"featured_media":0,"parent":464,"menu_order":0,"comment_status":"closed","ping_status":"closed","template":"","meta":{"_acf_changed":false,"footnotes":""},"page_roles":[],"class_list":["post-1000276494","page","type-page","status-publish","hentry"],"acf":[],"_links":{"self":[{"href":"https:\/\/cocosolis.com\/pt\/wp-json\/wp\/v2\/pages\/1000276494","targetHints":{"allow":["GET"]}}],"collection":[{"href":"https:\/\/cocosolis.com\/pt\/wp-json\/wp\/v2\/pages"}],"about":[{"href":"https:\/\/cocosolis.com\/pt\/wp-json\/wp\/v2\/types\/page"}],"author":[{"embeddable":true,"href":"https:\/\/cocosolis.com\/pt\/wp-json\/wp\/v2\/users\/1000000384"}],"replies":[{"embeddable":true,"href":"https:\/\/cocosolis.com\/pt\/wp-json\/wp\/v2\/comments?post=1000276494"}],"version-history":[{"count":1,"href":"https:\/\/cocosolis.com\/pt\/wp-json\/wp\/v2\/pages\/1000276494\/revisions"}],"predecessor-version":[{"id":1000276495,"href":"https:\/\/cocosolis.com\/pt\/wp-json\/wp\/v2\/pages\/1000276494\/revisions\/1000276495"}],"up":[{"embeddable":true,"href":"https:\/\/cocosolis.com\/pt\/wp-json\/wp\/v2\/pages\/464"}],"wp:attachment":[{"href":"https:\/\/cocosolis.com\/pt\/wp-json\/wp\/v2\/media?parent=1000276494"}],"wp:term":[{"taxonomy":"page_roles","embeddable":true,"href":"https:\/\/cocosolis.com\/pt\/wp-json\/wp\/v2\/page_roles?post=1000276494"}],"curies":[{"name":"wp","href":"https:\/\/api.w.org\/{rel}","templated":true}]}}