{"id":1000051488,"date":"2024-06-06T08:24:14","date_gmt":"2024-06-06T07:24:14","guid":{"rendered":"https:\/\/cocosolis.com\/pt\/?page_id=1000051488"},"modified":"2024-06-06T08:24:15","modified_gmt":"2024-06-06T07:24:15","slug":"loyalty","status":"publish","type":"page","link":"https:\/\/cocosolis.com\/pt\/terms-of-use\/loyalty\/","title":{"rendered":"PROGRAMA DE LEALDADE"},"content":{"rendered":"\n<h2 class=\"wp-block-heading\">PROGRAMA DE LEALDADE<\/h2>\n\n\n\n<ol class=\"wp-block-list\">\n<li>Estes termos e condi\u00e7\u00f5es regem o Programa de Fidelidade COCOSOLIS, que inclui a coleta de Pontos do Programa de Fidelidade (\u201cPontos\u201d) e quaisquer recompensas do Programa de Fidelidade.<\/li>\n\n\n\n<li>O Programa de Fidelidade destina-se apenas ao uso pessoal para recompensar os clientes do Site www.cocosolis.com com recompensas e Pontos com base em gastos e atividades no Site e nas redes sociais. Quaisquer transa\u00e7\u00f5es ou atividades em outros sites n\u00e3o fornece nenhum Ponto.<\/li>\n\n\n\n<li>O Programa de Fidelidade est\u00e1 aberto a todos os clientes do Site com idade igual ou superior a 18 anos.<\/li>\n\n\n\n<li>Ser\u00e1 automaticamente inscrito no Programa de Fidelidade ao criar uma conta online ou fazer login em uma conta online existente no Site www.cocosolis.com. Os Membros t\u00eam direito apenas a uma conta do Programa de Fidelidade no Site www.cocosolis.com. Reservamo-nos o direito de recusar, fundir ou encerrar contas adicionais a qualquer momento e de perder os Pontos emitidos para essas contas sem responsabilidade.<\/li>\n\n\n\n<li>Come\u00e7ar\u00e1 a ganhar pontos ao aderir ao Programa de Fidelidade.<\/li>\n\n\n\n<li>Os Pontos s\u00e3o emitidos e permanecem propriedade da COCOSOLIS que pode, a qualquer momento, rescindir ou alterar o funcionamento do Programa de Fidelidade ou fazer altera\u00e7\u00f5es nestes Termos e Condi\u00e7\u00f5es e lhe dar\u00e1 um aviso razo\u00e1vel de quaisquer altera\u00e7\u00f5es. Ganhar Pontos ser\u00e1 visto como aceita\u00e7\u00e3o dos Termos e Condi\u00e7\u00f5es revisados.<\/li>\n\n\n\n<li>Pode cancelar o Programa de Fidelidade a qualquer momento, eliminando a sua conta no nosso site ou enviando um e-mail para dpo@cocosolis.com<\/li>\n<\/ol>\n\n\n\n<p><strong>PROGRAMA DE LEALDADE. GANHAR PONTOS<\/strong><\/p>\n\n\n\n<ol class=\"wp-block-list\" start=\"8\">\n<li>Voc\u00ea ganhar\u00e1 pontos registrando-se em nosso site, indicando um amigo, avaliando produtos, seguindo-nos nas m\u00eddias sociais, para seu anivers\u00e1rio e comprando produtos no site www.cocosolis.com<\/li>\n\n\n\n<li>Dependendo do n\u00edvel alcan\u00e7ado, ganhar\u00e1 entre um e dois pontos por cada 1\u20ac gasto no Site www.cocosolis.com.<\/li>\n\n\n\n<li>Para ganhar pontos em compras e na sua atividade no Site www.cocosolis.com, deve estar conectado\/a \u00e0 sua conta no momento da compra ou no momento da atividade.<\/li>\n\n\n\n<li>Os pontos ser\u00e3o adicionados \u00e0 sua conta dentro de 24 horas ap\u00f3s:<br>a. o envio da sua compra feita no site www.cocosolis.com<br>b. conclus\u00e3o de uma compra dum\/a amigo\/a com recomenda\u00e7\u00e3o<br>c. a publica\u00e7\u00e3o da sua avalia\u00e7\u00e3o on-line.<\/li>\n\n\n\n<li>Para todas as demais atividades que concedem pontos, os pontos s\u00e3o adicionados instantaneamente \u00e0 sua conta<\/li>\n\n\n\n<li>Quando um reembolso for emitido de acordo com a Pol\u00edtica de Devolu\u00e7\u00f5es do Site, quaisquer Pontos que ganhou pela compra reembolsada ser\u00e3o deduzidos da sua conta.<\/li>\n\n\n\n<li>Ocasionalmente, poderemos oferecer promo\u00e7\u00f5es nas quais poder\u00e1 ganhar pontos adicionais. Qualquer promo\u00e7\u00e3o desse tipo estar\u00e1 sujeita aos termos e condi\u00e7\u00f5es emitidos com essa promo\u00e7\u00e3o.<\/li>\n\n\n\n<li>A COCOSOLIS pode estabelecer um limite para o n\u00famero de vezes que os pontos podem ser concedidos para itens promocionais nos quais pontos adicionais est\u00e3o dispon\u00edveis. As promo\u00e7\u00f5es individuais podem ter limites diferentes conforme comunicado nas suas condi\u00e7\u00f5es de compra. Qualquer participa\u00e7\u00e3o em ofertas promocionais acima e al\u00e9m do que poderia ser objetivamente considerado comportamento do consumidor ou uso pessoal pode ser considerada abuso do Programa de Fidelidade.<\/li>\n\n\n\n<li>Pode verificar o seu saldo de pontos a qualquer momento atrav\u00e9s da sua conta no Site.&#8221;<\/li>\n\n\n\n<li>Os pontos s\u00e3o intransfer\u00edveis.<\/li>\n<\/ol>\n\n\n\n<p><strong>PROGRAMA DE LEALDADE. VALIDADE DOS PONTOS<\/strong><\/p>\n\n\n\n<ol class=\"wp-block-list\" start=\"18\">\n<li>Os pontos expirar\u00e3o depois de 365 dias de inatividade no Programa de Fidelidade.&#8221;<br>PROGRAMA DE FIDELIDADE. N\u00cdVEIS<\/li>\n\n\n\n<li>Ser-lhe-\u00e1 atribu\u00eddo um n\u00edvel (&#8216;N\u00edvel&#8217;) com base no valor gasto no nosso site.<\/li>\n\n\n\n<li>Permanecer\u00e1 no Seu N\u00edvel, a menos que o seu saldo de Pontos acumulados ou valor gasto seja necess\u00e1rio para atingir um limite de N\u00edvel mais alto, o que resultar\u00e1 na entrada de voc\u00ea num novo N\u00edvel.<\/li>\n\n\n\n<li>O seu N\u00edvel \u00e9 limitado aos n\u00edveis de gastos e atividades na sua conta. Qualquer gasto ou atividade fora da sua conta n\u00e3o contribuir\u00e1 para o seu n\u00edvel.<\/li>\n<\/ol>\n\n\n\n<p><strong>PROGRAMA DE LEALDADE. DESQUALIFICA\u00c7\u00c3O, CANCELAMENTO E RETIRADA<\/strong><\/p>\n\n\n\n<ol class=\"wp-block-list\" start=\"22\">\n<li>A COCOSOLIS pode recusar-se a emitir, retirar Pontos (sob qualquer forma) e\/ou remover um Membro do Programa de Fidelidade a qualquer momento quando tiver um motivo razo\u00e1vel de:<br>a. qualquer abuso ou tentativa de abuso do Programa de Fidelidade;<br>b. qualquer viola\u00e7\u00e3o ou tentativa de viola\u00e7\u00e3o destes Termos e Condi\u00e7\u00f5es;<br>c. qualquer comportamento relacionado ao Programa de Fidelidade que envolva roubo, m\u00e1 conduta, comportamento abusivo ou ofensivo, ou fornecimento de informa\u00e7\u00f5es falsas ou enganosas;<br>d. foram concedidos por engano.<\/li>\n<\/ol>\n","protected":false},"excerpt":{"rendered":"<p>PROGRAMA DE LEALDADE PROGRAMA DE LEALDADE. GANHAR PONTOS PROGRAMA DE LEALDADE. VALIDADE DOS PONTOS PROGRAMA DE LEALDADE. DESQUALIFICA\u00c7\u00c3O, CANCELAMENTO E RETIRADA<\/p>\n","protected":false},"author":1,"featured_media":0,"parent":464,"menu_order":0,"comment_status":"closed","ping_status":"closed","template":"","meta":{"_acf_changed":false,"footnotes":""},"page_roles":[36],"class_list":["post-1000051488","page","type-page","status-publish","hentry","page_roles-legal"],"acf":[],"_links":{"self":[{"href":"https:\/\/cocosolis.com\/pt\/wp-json\/wp\/v2\/pages\/1000051488","targetHints":{"allow":["GET"]}}],"collection":[{"href":"https:\/\/cocosolis.com\/pt\/wp-json\/wp\/v2\/pages"}],"about":[{"href":"https:\/\/cocosolis.com\/pt\/wp-json\/wp\/v2\/types\/page"}],"author":[{"embeddable":true,"href":"https:\/\/cocosolis.com\/pt\/wp-json\/wp\/v2\/users\/1"}],"replies":[{"embeddable":true,"href":"https:\/\/cocosolis.com\/pt\/wp-json\/wp\/v2\/comments?post=1000051488"}],"version-history":[{"count":1,"href":"https:\/\/cocosolis.com\/pt\/wp-json\/wp\/v2\/pages\/1000051488\/revisions"}],"predecessor-version":[{"id":1000051489,"href":"https:\/\/cocosolis.com\/pt\/wp-json\/wp\/v2\/pages\/1000051488\/revisions\/1000051489"}],"up":[{"embeddable":true,"href":"https:\/\/cocosolis.com\/pt\/wp-json\/wp\/v2\/pages\/464"}],"wp:attachment":[{"href":"https:\/\/cocosolis.com\/pt\/wp-json\/wp\/v2\/media?parent=1000051488"}],"wp:term":[{"taxonomy":"page_roles","embeddable":true,"href":"https:\/\/cocosolis.com\/pt\/wp-json\/wp\/v2\/page_roles?post=1000051488"}],"curies":[{"name":"wp","href":"https:\/\/api.w.org\/{rel}","templated":true}]}}