{"id":408,"date":"2022-05-06T14:49:07","date_gmt":"2022-05-06T12:49:07","guid":{"rendered":"http:\/\/cocosolis.com\/en\/?post_type=product&#038;p=408"},"modified":"2026-04-18T12:03:07","modified_gmt":"2026-04-18T10:03:07","slug":"hair-oil-mask-3in1","status":"publish","type":"product","link":"https:\/\/cocosolis.com\/pl\/product\/hair-oil-mask-3in1\/","title":{"rendered":"HAIR Oil Mask 3in1"},"content":{"rendered":"","protected":false},"excerpt":{"rendered":"","protected":false},"featured_media":1000004562,"template":"","meta":{"_acf_changed":false},"product_brand":[],"product_cat":[17],"product_tag":[],"product_template":[67],"class_list":{"0":"post-408","1":"product","2":"type-product","3":"status-publish","4":"has-post-thumbnail","6":"product_cat-hair","7":"product_template-v-2024-clean","9":"first","10":"instock","11":"shipping-taxable","12":"purchasable","13":"product-type-simple"},"acf":{"_v2024__listing_and_sharing_info__listing_category":"HAIR","_v2024__listing_and_sharing_info__product_type":"Oil Mask 3in1","_v2024__listing__and_sharing_info__listing_below_title_in_product_page":"Naturalny olejek-maska 3w1 do intensywnego od\u017cywiania i regeneracji w\u0142os\u00f3w.","_v2024__listing_and_sharing_info__listing_description":"Naturalny olejek-maska 3w1 do intensywnego od\u017cywiania i regeneracji w\u0142os\u00f3w.","_v2024__listing_and_sharing_info__image":1000000381,"_v2024__product_hero__hero_type":"carousel","_v2024__product_hero__product_slider_gallery":[{"_v2024__product_hero__product_slider_gallery__image":1000006601,"_v2024__product_hero__product_slider_gallery__video_link":""},{"_v2024__product_hero__product_slider_gallery__image":1000006602,"_v2024__product_hero__product_slider_gallery__video_link":""},{"_v2024__product_hero__product_slider_gallery__image":1000006603,"_v2024__product_hero__product_slider_gallery__video_link":""},{"_v2024__product_hero__product_slider_gallery__image":1000006604,"_v2024__product_hero__product_slider_gallery__video_link":""},{"_v2024__product_hero__product_slider_gallery__image":1000006605,"_v2024__product_hero__product_slider_gallery__video_link":""},{"_v2024__product_hero__product_slider_gallery__image":1000006606,"_v2024__product_hero__product_slider_gallery__video_link":""},{"_v2024__product_hero__product_slider_gallery__image":1000006608,"_v2024__product_hero__product_slider_gallery__video_link":"https:\/\/player.vimeo.com\/progressive_redirect\/playback\/1042811057\/rendition\/720p\/file.mp4?loc=external&amp;log_user=0&amp;signature=34269d159174ab72e8661398a6e9f49da3c4c74e4335f6758068a9969b6cdcdc&amp;user_id=110095091"}],"_v2024__before_and_after_image":1000006531,"_v2024__before_and_after_image_mobile":1000006532,"_v2024__product_hero__quantity":"110 ML","_v2024__product_hero__product_disclamer":"","_v2024__why_use__should_show":"visible","_v2024__why_use__description_text":"Leczy i odbudowuje zniszczone w\u0142osy. Zapobiega puszeniu si\u0119 w\u0142os\u00f3w, rozdwajaniu ko\u0144c\u00f3wek i pl\u0105taniu si\u0119 w\u0142os\u00f3w. Nadaje po\u0142ysk i jedwabist\u0105 mi\u0119kko\u015b\u0107.","_v2024__why_use__text_content":"<ul>\r\n \t<li>Stosowa\u0107 raz w tygodniu na sk\u00f3r\u0119 g\u0142owy i w\u0142osy przed myciem, aby intensywnie je wzmocni\u0107 i odbudowa\u0107<\/li>\r\n \t<li>Stosowa\u0107 jedn\u0105 kropl\u0119 po prysznicu na bardzo suche ko\u0144c\u00f3wki w\u0142os\u00f3w<\/li>\r\n \t<li>Na pla\u017cy zapobiega wysuszeniu i zniszczeniu w\u0142os\u00f3w, jednocze\u015bnie je od\u017cywiaj\u0105c<\/li>\r\n \t<li>Zawiera specjaln\u0105 mieszank\u0119 siedmiu naturalnych olejk\u00f3w organicznych wzbogaconych naturaln\u0105 witamin\u0105 E.<\/li>\r\n \t<li>Naturalny dostawca witamin, minera\u0142\u00f3w, substancji biologicznie czynnych i przeciwutleniaczy<\/li>\r\n \t<li>Zapach mleczka kokosowego<\/li>\r\n<\/ul>","_v2024__why_use__product_notes_and_remarks":"","_v2024__why_use__background_color":"#FBF1EB","_v2024__why_use__heading_color":"#816c65","_v2024__why_use__text_color":"#816c65","_v2024__why_use__image_desktop":1000006690,"_v2024__why_use__image_mobile":1000006691,"_v2024__stats_show":false,"_v2024__stats_repeater":null,"_v2024__stats_repeater_disclaimer":null,"_v2024__benefits__icons_repeater":[{"_v2024__benefit__icons_repeater_icon":1000006749,"_v2024__benefit__icons_repeater_text":"NADAJE BLASK I JEDWABIST\u0104 MI\u0118KKO\u015a\u0106"},{"_v2024__benefit__icons_repeater_icon":1000006740,"_v2024__benefit__icons_repeater_text":"INTENSYWNIE OD\u017bYWIA I REGENERUJE"},{"_v2024__benefit__icons_repeater_icon":1000006746,"_v2024__benefit__icons_repeater_text":"ORGANICZNE &amp; NATURALNE SK\u0141ADNIKI"},{"_v2024__benefit__icons_repeater_icon":1000006734,"_v2024__benefit__icons_repeater_text":"DELIKATNY KOKOSOWY ZAPACH"}],"_v2024__image_ingreddients__intro_text":"Po\u0142\u0105czenie olejk\u00f3w organicznych, kt\u00f3re wzajemnie uzupe\u0142niaj\u0105 swoje dzia\u0142anie, zapewnia wyra\u017anie bardziej l\u015bni\u0105ce, mi\u0119kkie i pe\u0142ne \u017cycia w\u0142osy ju\u017c po pierwszym u\u017cyciu.","_v2024__image_ingreddients__additional_description":"","_v2024__image_ingreddients__disclamer_inner":"","_v2024__image_ingredients__repeater":[{"_v2024__image_ingredients__ingredient_image":1000006710,"_v2024__image_ingredients__ingredient_title":"OLEJEK KAMELIOWY","_v2024__image_ingredients__ingredient_description":"Od\u017cywczy olejek, kt\u00f3ry \u0142atwo wnika we w\u0142osy i zapewnia im obj\u0119to\u015b\u0107, mi\u0119kko\u015b\u0107 i d\u0142ugotrwa\u0142\u0105 ochron\u0119."},{"_v2024__image_ingredients__ingredient_image":1000006728,"_v2024__image_ingredients__ingredient_title":"OLEJEK TAMANU","_v2024__image_ingredients__ingredient_description":"\u0141agodzi podra\u017cnienia sk\u00f3ry g\u0142owy, szybko si\u0119 wch\u0142ania, nie przet\u0142uszcza i u\u0142atwia rozczesywanie w\u0142os\u00f3w."},{"_v2024__image_ingredients__ingredient_image":1000006717,"_v2024__image_ingredients__ingredient_title":"OLEJEK JOJOBA","_v2024__image_ingredients__ingredient_description":"Silne w\u0142a\u015bciwo\u015bci regeneruj\u0105ce i r\u00f3wnowa\u017c\u0105ce sebum dla zdrowej sk\u00f3ry g\u0142owy i l\u015bni\u0105cych w\u0142os\u00f3w."},{"_v2024__image_ingredients__ingredient_image":1000006707,"_v2024__image_ingredients__ingredient_title":"OLEJEK ARGANOWY","_v2024__image_ingredients__ingredient_description":"Dostarcza witamin i kwas\u00f3w t\u0142uszczowych w\u0142osom i sk\u00f3rze g\u0142owy oraz chroni przed szkodliwym dzia\u0142aniem s\u0142o\u0144ca i wiatru."},{"_v2024__image_ingredients__ingredient_image":1000006712,"_v2024__image_ingredients__ingredient_title":"OLEJEK KOKOSOWY","_v2024__image_ingredients__ingredient_description":"Od\u017cywia i nawil\u017ca, chroni przed uszkodzeniami s\u0142onecznymi i sprawia, \u017ce w\u0142osy s\u0105 jedwabi\u015bcie g\u0142adkie i elastyczne."},{"_v2024__image_ingredients__ingredient_image":1000006724,"_v2024__image_ingredients__ingredient_title":"OLEJEK Z OLIWEK","_v2024__image_ingredients__ingredient_description":"Nawil\u017ca, wzmacnia i od\u017cywia w\u0142osy. Chroni je przed s\u0142o\u0144cem i skutkami zabieg\u00f3w termicznych, takich jak prostowanie i kr\u0119cenie w\u0142os\u00f3w lok\u00f3wk\u0105."},{"_v2024__image_ingredients__ingredient_image":1000006706,"_v2024__image_ingredients__ingredient_title":"OLEJEK ZE S\u0141ODKICH MIGDA\u0141\u00d3W","_v2024__image_ingredients__ingredient_description":"Wspomaga porost w\u0142os\u00f3w i zmniejsza ich wypadanie dzi\u0119ki bogatej zawarto\u015bci witamin i niezb\u0119dnych kwas\u00f3w t\u0142uszczowych."},{"_v2024__image_ingredients__ingredient_image":1000006730,"_v2024__image_ingredients__ingredient_title":"NATURALNA WITAMINA E","_v2024__image_ingredients__ingredient_description":"Silny przeciwutleniacz, kt\u00f3ry stymuluje porost w\u0142os\u00f3w i zapewnia zdrowie sk\u00f3ry g\u0142owy."}],"_v2024__image_ingredients__all_ingredients":"COCOS NUCIFERA OIL*, PRUNUS AMYGDALUS DULCIS OIL*, OLEA EUROPAEA FRUIT OIL*, SIMMONDSIA CHINENSIS SEED OIL*, CAMELLIA OLEIFERA SEED OIL*, ARGANIA SPINOSA KERNEL OIL*, CALOPHYLLUM INOPHYLLUM SEED OIL*, TOCOPHEROL, HELIANTHUS ANNUUS SEED OIL, PARFUM <strong>(COCONUT OIL*, SWEET ALMOND OIL*, OLIVE OIL*, JOJOBA OIL*, CAMELLIA OIL*, ARGAN OIL*, TAMANU OIL*, NATURAL VITAMIN E, SUNFLOWER SEED OIL, PARFUM)<\/strong>\r\n\r\n<em>* Certyfikowane sk\u0142adniki organiczne<\/em>\r\n\r\n<em>Nale\u017cy mie\u0107 na uwadze, \u017ce lista sk\u0142adnik\u00f3w mo\u017ce si\u0119 nieznacznie r\u00f3\u017cni\u0107 w czasie ze wzgl\u0119du na ulepszenia produktu. Najbardziej aktualne informacje mo\u017cna znale\u017a\u0107 na opakowaniu produktu.<\/em>","_v2024__usage_content__left_content":"<h4>INTENSYWNA MASKA PRZED K\u0104PIEL\u0104<\/h4>\r\n<ol>\r\n \t<li>Nanie\u015b\u0107 obfit\u0105 ilo\u015b\u0107 olejku na w\u0142osy i sk\u00f3r\u0119 g\u0142owy.<\/li>\r\n \t<li>Owin\u0105\u0107 foli\u0105 stretch i ciep\u0142ym r\u0119cznikiem.<\/li>\r\n \t<li>Odczeka\u0107 co najmniej 40 minut lub ca\u0142\u0105 noc.<\/li>\r\n \t<li>Zmy\u0107 szamponem.<\/li>\r\n<\/ol>\r\n<h4>OD\u017bYWIANIE PO K\u0104PIELI<\/h4>\r\nAby uzyska\u0107 dodatkowe od\u017cywienie i blask - na\u0142o\u017cy\u0107 bardzo niewielk\u0105 ilo\u015b\u0107 (jedn\u0105 kropl\u0119) olejku na ko\u0144c\u00f3wki w\u0142os\u00f3w.\r\n<h4>W S\u0141O\u0143CU I NA PLA\u017bY<\/h4>\r\nNa\u0142o\u017cy\u0107 niewielk\u0105 ilo\u015b\u0107 olejku na ko\u0144c\u00f3wki w\u0142os\u00f3w lub na ca\u0142e w\u0142osy i sk\u00f3r\u0119 g\u0142owy. Nie nale\u017cy przesadza\u0107, aby nie przet\u0142u\u015bci\u0107 w\u0142os\u00f3w. Pod koniec dnia dok\u0142adnie umy\u0107 w\u0142osy.","_v2024__usage_content__right_bottom_content":"","_v2024__usage_content__note":"Olejek nie zawiera filtra przeciws\u0142onecznego UV.","_v2024__usage_content__storage":"Przechowywa\u0107 w ch\u0142odnym i suchym miejscu.Nie przechowywa\u0107 w lod\u00f3wce. Produkt twardnieje, gdy jest przechowywany w niskiej temperaturze, a zawarto\u015b\u0107 fiolki nie wydostaje si\u0119 przez pompk\u0119. Aby si\u0119 up\u0142ynni\u0142, nale\u017cy pozostawi\u0107 go w temperaturze pokojowej powy\u017cej 25C\u00b0. Prosimy nie otwiera\u0107 fiolki gdy produkt jest stwardnia\u0142y, poniewa\u017c mo\u017ce to spowodowa\u0107 uszkodzenie pompki.\r\n\r\n&nbsp;\r\n\r\nWy\u0142\u0105cznie do u\u017cytku zewn\u0119trznego. W przypadku wyst\u0105pienia podra\u017cnienia nale\u017cy przerwa\u0107 stosowanie. Nie stosowa\u0107 na uszkodzon\u0105 lub zranion\u0105 sk\u00f3r\u0119 g\u0142owy. Unika\u0107 kontaktu z oczami. Trzyma\u0107 z dala od dzieci! Przechowywa\u0107 w suchym i ch\u0142odnym miejscu."},"_links":{"self":[{"href":"https:\/\/cocosolis.com\/pl\/wp-json\/wp\/v2\/product\/408","targetHints":{"allow":["GET"]}}],"collection":[{"href":"https:\/\/cocosolis.com\/pl\/wp-json\/wp\/v2\/product"}],"about":[{"href":"https:\/\/cocosolis.com\/pl\/wp-json\/wp\/v2\/types\/product"}],"wp:featuredmedia":[{"embeddable":true,"href":"https:\/\/cocosolis.com\/pl\/wp-json\/"}],"wp:attachment":[{"href":"https:\/\/cocosolis.com\/pl\/wp-json\/wp\/v2\/media?parent=408"}],"wp:term":[{"taxonomy":"product_brand","embeddable":true,"href":"https:\/\/cocosolis.com\/pl\/wp-json\/wp\/v2\/product_brand?post=408"},{"taxonomy":"product_cat","embeddable":true,"href":"https:\/\/cocosolis.com\/pl\/wp-json\/wp\/v2\/product_cat?post=408"},{"taxonomy":"product_tag","embeddable":true,"href":"https:\/\/cocosolis.com\/pl\/wp-json\/wp\/v2\/product_tag?post=408"},{"taxonomy":"product_template","embeddable":true,"href":"https:\/\/cocosolis.com\/pl\/wp-json\/wp\/v2\/product_template?post=408"}],"curies":[{"name":"wp","href":"https:\/\/api.w.org\/{rel}","templated":true}]}}