{"id":390,"date":"2022-05-06T13:33:20","date_gmt":"2022-05-06T11:33:20","guid":{"rendered":"http:\/\/cocosolis.com\/en\/?post_type=product&#038;p=390"},"modified":"2026-04-06T15:26:06","modified_gmt":"2026-04-06T13:26:06","slug":"skin-collagen-booster-dry-oil","status":"publish","type":"product","link":"https:\/\/cocosolis.com\/pl\/product\/skin-collagen-booster-dry-oil\/","title":{"rendered":"SKIN Collagen Booster Dry Oil"},"content":{"rendered":"","protected":false},"excerpt":{"rendered":"","protected":false},"featured_media":1000004575,"template":"","meta":{"_acf_changed":false},"product_brand":[],"product_cat":[19],"product_tag":[],"product_template":[67],"class_list":{"0":"post-390","1":"product","2":"type-product","3":"status-publish","4":"has-post-thumbnail","6":"product_cat-skin","7":"product_template-v-2024-clean","9":"first","10":"instock","11":"shipping-taxable","12":"purchasable","13":"product-type-simple"},"acf":{"_v2024__listing_and_sharing_info__listing_category":"SKIN","_v2024__listing_and_sharing_info__product_type":"Collagen Booster Dry Oil","_v2024__listing__and_sharing_info__listing_below_title_in_product_page":"Suchy olejek o naturalnym dzia\u0142aniu przeciwstarzeniowym. Regeneruje i witaminizuje sk\u00f3r\u0119.","_v2024__listing_and_sharing_info__listing_description":"Suchy olejek o naturalnym dzia\u0142aniu przeciwstarzeniowym. Regeneruje i witaminizuje sk\u00f3r\u0119.","_v2024__listing_and_sharing_info__image":1000000388,"_v2024__product_hero__hero_type":"carousel","_v2024__product_hero__product_slider_gallery":[{"_v2024__product_hero__product_slider_gallery__image":1000006655,"_v2024__product_hero__product_slider_gallery__video_link":""},{"_v2024__product_hero__product_slider_gallery__image":1000006657,"_v2024__product_hero__product_slider_gallery__video_link":""},{"_v2024__product_hero__product_slider_gallery__image":1000006658,"_v2024__product_hero__product_slider_gallery__video_link":""},{"_v2024__product_hero__product_slider_gallery__image":1000006659,"_v2024__product_hero__product_slider_gallery__video_link":""},{"_v2024__product_hero__product_slider_gallery__image":1000006660,"_v2024__product_hero__product_slider_gallery__video_link":""},{"_v2024__product_hero__product_slider_gallery__image":1000006661,"_v2024__product_hero__product_slider_gallery__video_link":""},{"_v2024__product_hero__product_slider_gallery__image":1000006662,"_v2024__product_hero__product_slider_gallery__video_link":"https:\/\/player.vimeo.com\/progressive_redirect\/playback\/1042663906\/rendition\/720p\/file.mp4?loc=external&amp;log_user=0&amp;signature=238d8a957ddf9f4279b519ffa65d3564d72b070ccb832dc58ea158b16d18c32d&amp;user_id=110095091"}],"_v2024__before_and_after_image":1000006537,"_v2024__before_and_after_image_mobile":1000006538,"_v2024__product_hero__quantity":"110 ML","_v2024__product_hero__product_disclamer":"","_v2024__why_use__should_show":"visible","_v2024__why_use__description_text":"Naturalny suchy olejek o dzia\u0142aniu przeciwstarzeniowym. Pomaga utrzyma\u0107 wysoki poziom kolagenu i zwi\u0119ksza elastyczno\u015b\u0107.","_v2024__why_use__text_content":"<ul>\r\n \t<li>Zmniejsza widoczno\u015b\u0107 drobnych linii i zmarszczek<\/li>\r\n \t<li>Doskonale regeneruje, nawil\u017ca i witaminizuje sk\u00f3r\u0119<\/li>\r\n \t<li>Utrzymuje sk\u00f3r\u0119 g\u0142adk\u0105, m\u0142odzie\u0144cz\u0105 i j\u0119drn\u0105<\/li>\r\n \t<li>Specjalna mieszanka 6 cennych organicznych olejk\u00f3w z superowoc\u00f3w i opatentowanego naturalnego sk\u0142adnika aktywnego. Wega\u0144ski<\/li>\r\n \t<li>Wch\u0142ania si\u0119 szybko i g\u0142\u0119boko<\/li>\r\n \t<li>Odpowiedni do twarzy i cia\u0142a, do sk\u00f3ry delikatnej i wra\u017cliwej<\/li>\r\n \t<li>O odurzaj\u0105cym zapachu egzotycznych owoc\u00f3w<\/li>\r\n<\/ul>","_v2024__why_use__product_notes_and_remarks":"","_v2024__why_use__background_color":"#FBF1EB","_v2024__why_use__heading_color":"#816c65","_v2024__why_use__text_color":"#816c65","_v2024__why_use__image_desktop":1000006698,"_v2024__why_use__image_mobile":1000006699,"_v2024__stats_show":false,"_v2024__stats_repeater":null,"_v2024__stats_repeater_disclaimer":null,"_v2024__benefits__icons_repeater":[{"_v2024__benefit__icons_repeater_icon":1000006731,"_v2024__benefit__icons_repeater_text":"EFEKT PRZECIWSTARZENIOWY"},{"_v2024__benefit__icons_repeater_icon":1000006742,"_v2024__benefit__icons_repeater_text":"OPATENTOWANY NATURALNY SK\u0141ADNIK AKTYWNY"},{"_v2024__benefit__icons_repeater_icon":1000006738,"_v2024__benefit__icons_repeater_text":"DO TWARZY I CIA\u0141A"},{"_v2024__benefit__icons_repeater_icon":1000006737,"_v2024__benefit__icons_repeater_text":"ZAPACH EGZOTYCZNYCH OWOC\u00d3W"}],"_v2024__image_ingreddients__intro_text":"Odkryj naturalne sk\u0142adniki tej wysoce skutecznej formu\u0142y przeciwstarzeniowej: opatentowany sk\u0142adnik aktywny i olejki z egzotycznych superowoc\u00f3w zapewniaj\u0105ce \u015bwie\u017c\u0105, promienn\u0105 i elastyczn\u0105 sk\u00f3r\u0119.","_v2024__image_ingreddients__additional_description":"","_v2024__image_ingreddients__disclamer_inner":"","_v2024__image_ingredients__repeater":[{"_v2024__image_ingredients__ingredient_image":1000006704,"_v2024__image_ingredients__ingredient_title":"SK\u0141ADNIK AKTYWNY ZE S\u0141ODKIM \u0141UBINEM\u00ae ","_v2024__image_ingredients__ingredient_description":"Stymuluje produkcj\u0119 wysokiej jako\u015bci kolagenu, uj\u0119drnia i uelastycznia sk\u00f3r\u0119, remodeluje zwiotcza\u0142\u0105 sk\u00f3r\u0119."},{"_v2024__image_ingredients__ingredient_image":1000006726,"_v2024__image_ingredients__ingredient_title":"OLEJ Z GRANATU","_v2024__image_ingredients__ingredient_description":"Zapewnia ochron\u0119 antyoksydacyjn\u0105 przed szkodliwym wp\u0142ywem \u015brodowiska. Zmniejsza pory i zmarszczki."},{"_v2024__image_ingredients__ingredient_image":1000006725,"_v2024__image_ingredients__ingredient_title":"OLEJEK Z MARAKUI","_v2024__image_ingredients__ingredient_description":"Nawil\u017ca i zmi\u0119kcza, rewitalizuje zm\u0119czon\u0105 sk\u00f3r\u0119 i przywraca jej m\u0142odzie\u0144czy blask."},{"_v2024__image_ingredients__ingredient_image":1000006715,"_v2024__image_ingredients__ingredient_title":"OLEJ Z JAG\u00d3D GOJI","_v2024__image_ingredients__ingredient_description":"Niezwykle bogaty w przeciwutleniacze, zapobiega przedwczesnemu starzeniu. Stymuluje produkcj\u0119 kolagenu i zapewnia promienn\u0105 sk\u00f3r\u0119."},{"_v2024__image_ingredients__ingredient_image":1000006727,"_v2024__image_ingredients__ingredient_title":"OLEJEK Z DZIKIEJ R\u00d3\u017bY","_v2024__image_ingredients__ingredient_description":"Rozja\u015bnia i wyr\u00f3wnuje koloryt sk\u00f3ry, sp\u0142yca blizny. Sprawia, \u017ce jest g\u0142adka i nieskazitelna."},{"_v2024__image_ingredients__ingredient_image":1000006712,"_v2024__image_ingredients__ingredient_title":"OLEJEK KOKOSOWY","_v2024__image_ingredients__ingredient_description":"\u0141atwo si\u0119 wch\u0142ania, g\u0142\u0119boko nawil\u017ca i pozostawia sk\u00f3r\u0119 mi\u0119kk\u0105 i elastyczn\u0105."},{"_v2024__image_ingredients__ingredient_image":1000006711,"_v2024__image_ingredients__ingredient_title":"MAS\u0141O KAKAOWE","_v2024__image_ingredients__ingredient_description":"Doskona\u0142e \"po\u017cywienie\" dla sk\u00f3ry. Regeneruje j\u0105 i zapobiega pojawianiu si\u0119 rozst\u0119p\u00f3w i drobnych zmarszczek."},{"_v2024__image_ingredients__ingredient_image":1000006705,"_v2024__image_ingredients__ingredient_title":"SK\u0141ADNIK AKTYWNY","_v2024__image_ingredients__ingredient_description":"Wyci\u0105g z wysokiej jako\u015bci oliwy z oliwek; zapewnia szybkie wch\u0142anianie olejk\u00f3w przez sk\u00f3r\u0119."},{"_v2024__image_ingredients__ingredient_image":1000006730,"_v2024__image_ingredients__ingredient_title":"NATURALNA WITAMINA E","_v2024__image_ingredients__ingredient_description":"Silny przeciwutleniacz; zwalcza oznaki starzenia i wspiera naturalny proces gojenia si\u0119 sk\u00f3ry."}],"_v2024__image_ingredients__all_ingredients":"CAPRYLIC\/CAPRIC TRIGLYCERIDE, COCOS NUCIFERA OIL*, OCTYLDODECYL OLIVATE, THEOBROMA CACAO SEED BUTTER*, PASSIFLORA EDULIS SEED OIL, HELIANTHUS ANNUUS SEED OIL*, LUPINUS ALBUS SEED EXTRACT, TOCOPHEROL, PUNICA GRANATUM SEED OIL*, ROSA CANINA SEED EXTRACT, LYCIUM BARBARUM SEED OIL*, PARFUM <strong>(NATURAL EMOLLIENT, COCONUT OIL*, OCTYLDODECYL OLIVATE (FROM OLIVE OIL), CACAO SEED BUTTER*, PASSION FRUIT SEED OIL*, SUNFLOWER SEED OIL*, WHITE LUPIN SEED EXTRACT, NATURAL VITAMIN E, POMEGRANATE SEED OIL*, ROSE HIP SEED OIL, GOJI BERRY SEED OIL*, PARFUM) <\/strong>\r\n\r\n<em>* Certyfikowane sk\u0142adniki organiczne<\/em>\r\n\r\n<em>Nale\u017cy mie\u0107 na uwadze, \u017ce lista sk\u0142adnik\u00f3w mo\u017ce si\u0119 nieznacznie r\u00f3\u017cni\u0107 w czasie ze wzgl\u0119du na ulepszenia produktu. Najbardziej aktualne informacje mo\u017cna znale\u017a\u0107 na opakowaniu produktu.<\/em>","_v2024__usage_content__left_content":"Odpowiedni do twarzy i cia\u0142a. Aby uzyska\u0107 najlepsze rezultaty, stosowa\u0107 rano i wieczorem na wybrane obszary lub na ca\u0142\u0105 twarz i cia\u0142o.\r\n\r\nNak\u0142ada\u0107 na such\u0105 lub wilgotn\u0105 sk\u00f3r\u0119. Najlepiej wch\u0142ania si\u0119 natychmiast po k\u0105pieli, na jeszcze wilgotnej sk\u00f3rze.","_v2024__usage_content__right_bottom_content":"","_v2024__usage_content__note":"","_v2024__usage_content__storage":"Przechowywa\u0107 w ch\u0142odnym i suchym miejscu.Nie przechowywa\u0107 w lod\u00f3wce. Produkt twardnieje, gdy jest przechowywany w niskiej temperaturze, a zawarto\u015b\u0107 fiolki nie wydostaje si\u0119 przez pompk\u0119. Aby si\u0119 up\u0142ynni\u0142, nale\u017cy pozostawi\u0107 go w temperaturze pokojowej powy\u017cej 25C\u00b0. Prosimy nie otwiera\u0107 fiolki gdy produkt jest stwardnia\u0142y, poniewa\u017c mo\u017ce to spowodowa\u0107 uszkodzenie pompki.\r\n\r\n&nbsp;\r\n\r\nWy\u0142\u0105cznie do u\u017cytku zewn\u0119trznego. W przypadku wyst\u0105pienia podra\u017cnienia nale\u017cy przerwa\u0107 stosowanie. Nie stosowa\u0107 na uszkodzon\u0105 lub zranion\u0105 sk\u00f3r\u0119. Unika\u0107 kontaktu z oczami. Trzyma\u0107 z dala od dzieci!"},"_links":{"self":[{"href":"https:\/\/cocosolis.com\/pl\/wp-json\/wp\/v2\/product\/390","targetHints":{"allow":["GET"]}}],"collection":[{"href":"https:\/\/cocosolis.com\/pl\/wp-json\/wp\/v2\/product"}],"about":[{"href":"https:\/\/cocosolis.com\/pl\/wp-json\/wp\/v2\/types\/product"}],"wp:featuredmedia":[{"embeddable":true,"href":"https:\/\/cocosolis.com\/pl\/wp-json\/"}],"wp:attachment":[{"href":"https:\/\/cocosolis.com\/pl\/wp-json\/wp\/v2\/media?parent=390"}],"wp:term":[{"taxonomy":"product_brand","embeddable":true,"href":"https:\/\/cocosolis.com\/pl\/wp-json\/wp\/v2\/product_brand?post=390"},{"taxonomy":"product_cat","embeddable":true,"href":"https:\/\/cocosolis.com\/pl\/wp-json\/wp\/v2\/product_cat?post=390"},{"taxonomy":"product_tag","embeddable":true,"href":"https:\/\/cocosolis.com\/pl\/wp-json\/wp\/v2\/product_tag?post=390"},{"taxonomy":"product_template","embeddable":true,"href":"https:\/\/cocosolis.com\/pl\/wp-json\/wp\/v2\/product_template?post=390"}],"curies":[{"name":"wp","href":"https:\/\/api.w.org\/{rel}","templated":true}]}}