{"id":386,"date":"2022-05-06T13:12:09","date_gmt":"2022-05-06T13:12:09","guid":{"rendered":"http:\/\/cocosolis.com\/en\/?post_type=product&#038;p=386"},"modified":"2026-04-15T10:15:22","modified_gmt":"2026-04-15T08:15:22","slug":"skin-anti-cellulite-dry-oil","status":"publish","type":"product","link":"https:\/\/cocosolis.com\/pl\/product\/skin-anti-cellulite-dry-oil\/","title":{"rendered":"SKIN Anti-cellulite Dry Oil"},"content":{"rendered":"","protected":false},"excerpt":{"rendered":"","protected":false},"featured_media":1000004573,"template":"","meta":{"_acf_changed":false},"product_brand":[],"product_cat":[19],"product_tag":[],"product_template":[67],"class_list":{"0":"post-386","1":"product","2":"type-product","3":"status-publish","4":"has-post-thumbnail","6":"product_cat-skin","7":"product_template-v-2024-clean","9":"first","10":"instock","11":"shipping-taxable","12":"purchasable","13":"product-type-variable","14":"has-default-attributes"},"acf":{"_v2024__listing_and_sharing_info__listing_category":"SKIN","_v2024__listing_and_sharing_info__product_type":"Anti-cellulite Dry Oil","_v2024__listing__and_sharing_info__listing_below_title_in_product_page":"Suchy olejek antycellulitowy. Remodeluje i kszta\u0142tuje sylwetk\u0119.","_v2024__listing_and_sharing_info__listing_description":"Suchy olejek antycellulitowy. Remodeluje i kszta\u0142tuje sylwetk\u0119.","_v2024__listing_and_sharing_info__image":1000000387,"_v2024__product_hero__hero_type":"carousel","_v2024__product_hero__product_slider_gallery":[{"_v2024__product_hero__product_slider_gallery__image":1000006640,"_v2024__product_hero__product_slider_gallery__video_link":""},{"_v2024__product_hero__product_slider_gallery__image":1000006642,"_v2024__product_hero__product_slider_gallery__video_link":""},{"_v2024__product_hero__product_slider_gallery__image":1000006644,"_v2024__product_hero__product_slider_gallery__video_link":""},{"_v2024__product_hero__product_slider_gallery__image":1000006648,"_v2024__product_hero__product_slider_gallery__video_link":""},{"_v2024__product_hero__product_slider_gallery__image":1000006650,"_v2024__product_hero__product_slider_gallery__video_link":""},{"_v2024__product_hero__product_slider_gallery__image":1000006652,"_v2024__product_hero__product_slider_gallery__video_link":""},{"_v2024__product_hero__product_slider_gallery__image":1000006654,"_v2024__product_hero__product_slider_gallery__video_link":"https:\/\/player.vimeo.com\/progressive_redirect\/playback\/1042663347\/rendition\/720p\/file.mp4?loc=external&amp;log_user=0&amp;signature=29fc6b4b2d0e8d5e65fdcdb9fd54acbe00beb382a0e54c015ca4f3f5f9c8c448&amp;user_id=110095091"}],"_v2024__before_and_after_image":1000006535,"_v2024__before_and_after_image_mobile":1000006536,"_v2024__product_hero__quantity":"","_v2024__product_hero__product_disclamer":"","_v2024__why_use__should_show":"visible","_v2024__why_use__description_text":"Naturalny olejek antycellulitowy. Rze\u017abi i modeluje sylwetk\u0119.","_v2024__why_use__text_content":"<ul>\r\n \t<li>Widocznie redukuje efekt \u201esk\u00f3rki pomara\u0144czy\u201d<\/li>\r\n \t<li>Uj\u0119drnia, uelastycznia i odm\u0142adza sk\u00f3r\u0119, poprawiaj\u0105c jej elastyczno\u015b\u0107 i struktur\u0119<\/li>\r\n \t<li>Skuteczna formu\u0142a na bazie naturalnych sk\u0142adnik\u00f3w, wega\u0144ska. Ze sprawdzonym, opatentowanym sk\u0142adnikiem aktywnym, organicznymi olejkami z jag\u00f3d, winogron i kawy, wzbogaconymi naturaln\u0105 witamin\u0105 E<\/li>\r\n \t<li>Wch\u0142ania si\u0119 szybko i g\u0142\u0119boko wnika w sk\u00f3r\u0119<\/li>\r\n \t<li>Odpowiedni dla sk\u00f3ry delikatnej i wra\u017cliwej<\/li>\r\n \t<li>Ma aromat muffinek jagodowych<\/li>\r\n<\/ul>","_v2024__why_use__product_notes_and_remarks":"","_v2024__why_use__background_color":"#FBF1EB","_v2024__why_use__heading_color":"#816c65","_v2024__why_use__text_color":"#816c65","_v2024__why_use__image_desktop":1000006696,"_v2024__why_use__image_mobile":1000006697,"_v2024__stats_show":false,"_v2024__stats_repeater":null,"_v2024__stats_repeater_disclaimer":null,"_v2024__benefits__icons_repeater":[{"_v2024__benefit__icons_repeater_icon":1000006750,"_v2024__benefit__icons_repeater_text":"MODELUJE I RZE\u0179BI SYLWETK\u0118"},{"_v2024__benefit__icons_repeater_icon":1000006740,"_v2024__benefit__icons_repeater_text":"WCH\u0141ANIA SI\u0118 SZYBKO I G\u0141\u0118BOKO WNIKA W SK\u00d3R\u0118"},{"_v2024__benefit__icons_repeater_icon":1000006746,"_v2024__benefit__icons_repeater_text":"SK\u0141ADNIKI NATURALNE I ORGANICZNE"},{"_v2024__benefit__icons_repeater_icon":1000006745,"_v2024__benefit__icons_repeater_text":"AROMAT MUFFINEK JAGODOWYCH"}],"_v2024__image_ingreddients__intro_text":"Odkryj pot\u0119\u017cne naturalne sk\u0142adniki modeluj\u0105ce sylwetk\u0119 i zwalczaj\u0105ce cellulit: organiczne olejki w po\u0142\u0105czeniu z opatentowanym sk\u0142adnikiem aktywnym o udowodnionej skuteczno\u015bci.","_v2024__image_ingreddients__additional_description":"","_v2024__image_ingreddients__disclamer_inner":"","_v2024__image_ingredients__repeater":[{"_v2024__image_ingredients__ingredient_image":1000006705,"_v2024__image_ingredients__ingredient_title":"NATURALNY SK\u0141ADNIK AKTYWNY\u00ae","_v2024__image_ingredients__ingredient_description":"Opatentowana formu\u0142a o potwierdzonej skuteczno\u015bci: przy regularnym stosowaniu koryguje \u201esk\u00f3rk\u0119 pomara\u0144czow\u0105\u201d, pomaga redukowa\u0107 z\u0142ogi t\u0142uszczu i hamuje ich powstawanie."},{"_v2024__image_ingredients__ingredient_image":1000006709,"_v2024__image_ingredients__ingredient_title":"OLEJEK Z JAG\u00d3D","_v2024__image_ingredients__ingredient_description":"Niezwykle bogaty w antyoksydanty i kwasy t\u0142uszczowe omega-3, spowalnia procesy starzenia, uj\u0119drnia kontur i wyg\u0142adza drobne zmarszczki."},{"_v2024__image_ingredients__ingredient_image":1000006713,"_v2024__image_ingredients__ingredient_title":"MAS\u0141O KAWOWE","_v2024__image_ingredients__ingredient_description":"Stymuluje detoksykacj\u0119 i syntez\u0119 kolagenu, pomagaj\u0105c w redukcji cellulitu. Pozostawia sk\u00f3r\u0119 jedwabi\u015bcie mi\u0119kk\u0105."},{"_v2024__image_ingredients__ingredient_image":1000006716,"_v2024__image_ingredients__ingredient_title":"OLEJ Z PESTEK WINOGRON","_v2024__image_ingredients__ingredient_description":"Pomaga w uj\u0119drnieniu, regeneracji i regulacji nawil\u017cenia sk\u00f3ry. Tonizuje i rozja\u015bnia cer\u0119."},{"_v2024__image_ingredients__ingredient_image":1000006717,"_v2024__image_ingredients__ingredient_title":"OLEJEK JOJOBA","_v2024__image_ingredients__ingredient_description":"G\u0142\u0119boko nawil\u017ca, naprawia uszkodzenia sk\u00f3ry i uj\u0119drnia j\u0105, tworz\u0105c warstw\u0119 ochronn\u0105 o unikalnym sk\u0142adzie podobnym do ludzkiego sebum."},{"_v2024__image_ingredients__ingredient_image":1000006712,"_v2024__image_ingredients__ingredient_title":"OLEJEK KOKOSOWY","_v2024__image_ingredients__ingredient_description":"\u0141atwo si\u0119 wch\u0142ania, g\u0142\u0119boko nawil\u017ca i pozostawia sk\u00f3r\u0119 mi\u0119kk\u0105 i elastyczn\u0105. Chroni przed przebarwieniami s\u0142onecznymi i starczymi oraz nadaje z\u0142ocist\u0105 opalenizn\u0119."},{"_v2024__image_ingredients__ingredient_image":1000006723,"_v2024__image_ingredients__ingredient_title":"SK\u0141ADNIK AKTYWNY","_v2024__image_ingredients__ingredient_description":"Wyci\u0105g z wysokiej jako\u015bci oliwy z oliwek; zapewnia szybkie wch\u0142anianie olejk\u00f3w przez sk\u00f3r\u0119."},{"_v2024__image_ingredients__ingredient_image":1000006730,"_v2024__image_ingredients__ingredient_title":"NATURALNA WITAMINA E","_v2024__image_ingredients__ingredient_description":"Silny przeciwutleniacz; zwalcza oznaki starzenia i wspiera naturalny proces gojenia si\u0119 sk\u00f3ry."}],"_v2024__image_ingredients__all_ingredients":"CAPRYLIC\/CAPRIC TRIGLYCERIDE, COCOS NUCIFERA OIL*, SIMMONDSIA CHINENSIS SEED OIL*, OCTYLDODECYL OLIVATE, VITIS VINIFERA SEED OIL*, SORBITAN LAURATE, TOCOPHEROL, LAUROYL PROLINE, HELIANTHUS ANNUUS SEED OIL, VACCINIUM MYRTILLUS SEED OIL, COFFEA ARABICA SEED OIL*, PARFUM, LINALOOL, LINALYL ACETATE, ALPHA-ISOMETHYL IONONE, CITRONELLOL, BENZYL ALCOHOL, VANILLIN <strong>(NATURAL EMOLLIENT, COCONUT OIL*, JOJOBA OIL*, OCTYLDODECYL OLIVATE (FROM OLIVE OIL), GRAPE SEED OIL*, SORBITANE LAUREATE, NATURAL VITAMIN E, LAUROYL PROLINE, SUNFLOWER SEED OIL, BLUEBERRY SEED OIL, COFFEE SEED OIL*, PARFUM, LINALOOL, LINALYL ACETATE, ALPHA-ISOMETHYL IONONE, CITRONELLOL, BENZYL ALCOHOL, VANILLIN)<\/strong>\r\n\r\n<em>* Certyfikowane sk\u0142adniki organiczne<\/em>\r\n\r\n<em>Nale\u017cy mie\u0107 na uwadze, \u017ce lista sk\u0142adnik\u00f3w mo\u017ce si\u0119 nieznacznie r\u00f3\u017cni\u0107 w czasie ze wzgl\u0119du na ulepszenia produktu. Najbardziej aktualne informacje mo\u017cna znale\u017a\u0107 na opakowaniu produktu.<\/em>","_v2024__usage_content__left_content":"<h4>INTENSYWNA CODZIENNA PIEL\u0118GNACJA<\/h4>\r\nNak\u0142ada\u0107 rano i wieczorem kolistymi ruchami na wybrane obszary lub na ca\u0142e cia\u0142o. Stosowa\u0107 bezpo\u015brednio po k\u0105pieli. Aby uzyska\u0107 optymalne rezultaty, zalecamy u\u017cycie narz\u0119dzia do masa\u017cu lub przyssawki. Olejek mo\u017cna stosowa\u0107 tak\u017ce podczas terapii masa\u017cem.\r\n<h4>ABY UZYSKA\u0106 JAK NAJLEPSZE WYNIKI<\/h4>\r\nNale\u017cy po\u0142\u0105czy\u0107 dzia\u0142anie olejku antycellulitowego z odpowiednim nawil\u017ceniem i aktywno\u015bci\u0105 fizyczn\u0105.","_v2024__usage_content__right_bottom_content":"","_v2024__usage_content__note":"","_v2024__usage_content__storage":"Przechowywa\u0107 w ch\u0142odnym i suchym miejscu.Nie przechowywa\u0107 w lod\u00f3wce. Produkt twardnieje, gdy jest przechowywany w niskiej temperaturze, a zawarto\u015b\u0107 fiolki nie wydostaje si\u0119 przez pompk\u0119. Aby si\u0119 up\u0142ynni\u0142, nale\u017cy pozostawi\u0107 go w temperaturze pokojowej powy\u017cej 25C\u00b0. Prosimy nie otwiera\u0107 fiolki gdy produkt jest stwardnia\u0142y, poniewa\u017c mo\u017ce to spowodowa\u0107 uszkodzenie pompki.\r\n\r\n&nbsp;\r\n\r\nWy\u0142\u0105cznie do u\u017cytku zewn\u0119trznego. W przypadku wyst\u0105pienia podra\u017cnienia nale\u017cy przerwa\u0107 stosowanie. Nie stosowa\u0107 na uszkodzon\u0105 lub zranion\u0105 sk\u00f3r\u0119. Unika\u0107 kontaktu z oczami. Trzyma\u0107 z dala od dzieci!"},"_links":{"self":[{"href":"https:\/\/cocosolis.com\/pl\/wp-json\/wp\/v2\/product\/386","targetHints":{"allow":["GET"]}}],"collection":[{"href":"https:\/\/cocosolis.com\/pl\/wp-json\/wp\/v2\/product"}],"about":[{"href":"https:\/\/cocosolis.com\/pl\/wp-json\/wp\/v2\/types\/product"}],"wp:featuredmedia":[{"embeddable":true,"href":"https:\/\/cocosolis.com\/pl\/wp-json\/"}],"wp:attachment":[{"href":"https:\/\/cocosolis.com\/pl\/wp-json\/wp\/v2\/media?parent=386"}],"wp:term":[{"taxonomy":"product_brand","embeddable":true,"href":"https:\/\/cocosolis.com\/pl\/wp-json\/wp\/v2\/product_brand?post=386"},{"taxonomy":"product_cat","embeddable":true,"href":"https:\/\/cocosolis.com\/pl\/wp-json\/wp\/v2\/product_cat?post=386"},{"taxonomy":"product_tag","embeddable":true,"href":"https:\/\/cocosolis.com\/pl\/wp-json\/wp\/v2\/product_tag?post=386"},{"taxonomy":"product_template","embeddable":true,"href":"https:\/\/cocosolis.com\/pl\/wp-json\/wp\/v2\/product_template?post=386"}],"curies":[{"name":"wp","href":"https:\/\/api.w.org\/{rel}","templated":true}]}}