{"id":385,"date":"2022-05-06T13:10:21","date_gmt":"2022-05-06T11:10:21","guid":{"rendered":"http:\/\/cocosolis.com\/en\/?post_type=product&#038;p=385"},"modified":"2026-04-06T15:26:03","modified_gmt":"2026-04-06T13:26:03","slug":"skin-stretch-mark-dry-oil","status":"publish","type":"product","link":"https:\/\/cocosolis.com\/pl\/product\/skin-stretch-mark-dry-oil\/","title":{"rendered":"SKIN Stretch Mark Dry Oil"},"content":{"rendered":"","protected":false},"excerpt":{"rendered":"","protected":false},"featured_media":1000004576,"template":"","meta":{"_acf_changed":false},"product_brand":[],"product_cat":[19],"product_tag":[],"product_template":[67],"class_list":{"0":"post-385","1":"product","2":"type-product","3":"status-publish","4":"has-post-thumbnail","6":"product_cat-skin","7":"product_template-v-2024-clean","9":"first","10":"instock","11":"shipping-taxable","12":"purchasable","13":"product-type-simple"},"acf":{"_v2024__listing_and_sharing_info__listing_category":"SKIN","_v2024__listing_and_sharing_info__product_type":"Stretch Mark Dry Oil","_v2024__listing__and_sharing_info__listing_below_title_in_product_page":"Suchy olejek przeciw rozst\u0119pom. Odpowiedni r\u00f3wnie\u017c dla sk\u00f3ry odwodnionej i starzej\u0105cej si\u0119.","_v2024__listing_and_sharing_info__listing_description":"Suchy olejek przeciw rozst\u0119pom. Odpowiedni r\u00f3wnie\u017c dla sk\u00f3ry odwodnionej i starzej\u0105cej si\u0119.","_v2024__listing_and_sharing_info__image":1000000389,"_v2024__product_hero__hero_type":"carousel","_v2024__product_hero__product_slider_gallery":[{"_v2024__product_hero__product_slider_gallery__image":1000006663,"_v2024__product_hero__product_slider_gallery__video_link":""},{"_v2024__product_hero__product_slider_gallery__image":1000006664,"_v2024__product_hero__product_slider_gallery__video_link":""},{"_v2024__product_hero__product_slider_gallery__image":1000006665,"_v2024__product_hero__product_slider_gallery__video_link":""},{"_v2024__product_hero__product_slider_gallery__image":1000006666,"_v2024__product_hero__product_slider_gallery__video_link":""},{"_v2024__product_hero__product_slider_gallery__image":1000006667,"_v2024__product_hero__product_slider_gallery__video_link":""},{"_v2024__product_hero__product_slider_gallery__image":1000006668,"_v2024__product_hero__product_slider_gallery__video_link":""},{"_v2024__product_hero__product_slider_gallery__image":1000006669,"_v2024__product_hero__product_slider_gallery__video_link":"https:\/\/player.vimeo.com\/progressive_redirect\/playback\/1042663930\/rendition\/540p\/file.mp4?loc=external&amp;log_user=0&amp;signature=78bb01a1fe3d2bf9676ed22a7bfa36db3f77502ecc6f889eb5d9c9c22c6d91f1"}],"_v2024__before_and_after_image":1000006539,"_v2024__before_and_after_image_mobile":1000006540,"_v2024__product_hero__quantity":"110 ML","_v2024__product_hero__product_disclamer":"","_v2024__why_use__should_show":"visible","_v2024__why_use__description_text":"Pomaga zmniejszy\u0107 ryzyko powstawania rozst\u0119p\u00f3w w czasie ci\u0105\u017cy, w przypadku nag\u0142ej zmiany wagi lub szybkiego wzrostu. Poprawia wygl\u0105d sk\u00f3ry i zwi\u0119ksza jej elastyczno\u015b\u0107.","_v2024__why_use__text_content":"<ul>\r\n \t<li>Pomaga utrzyma\u0107 wysoki poziom kolagenu w sk\u00f3rze<\/li>\r\n \t<li>Ma korzystny wp\u0142yw na such\u0105 i starzej\u0105c\u0105 si\u0119 sk\u00f3r\u0119<\/li>\r\n \t<li>Zawiera opatentowany naturalny sk\u0142adnik aktywny przeciw rozst\u0119pom z ekstraktem z nasion s\u0142odkiego bia\u0142ego \u0142ubinu<\/li>\r\n \t<li>Specjalna naturalna, wega\u0144ska formu\u0142a z wysokiej jako\u015bci t\u0142oczonych na zimno olejk\u00f3w organicznych: od\u017cywia i regeneruje<\/li>\r\n \t<li>Wch\u0142ania si\u0119 szybko i g\u0142\u0119boko<\/li>\r\n \t<li>Odpowiedni do sk\u00f3ry delikatnej i wra\u017cliwej<\/li>\r\n \t<li>O s\u0142odkim zapachu mandarynki<\/li>\r\n<\/ul>","_v2024__why_use__product_notes_and_remarks":"","_v2024__why_use__background_color":"#FBF1EB","_v2024__why_use__heading_color":"#816c65","_v2024__why_use__text_color":"#816c65","_v2024__why_use__image_desktop":1000006700,"_v2024__why_use__image_mobile":1000006701,"_v2024__stats_show":false,"_v2024__stats_repeater":null,"_v2024__stats_repeater_disclaimer":null,"_v2024__benefits__icons_repeater":[{"_v2024__benefit__icons_repeater_icon":1000006750,"_v2024__benefit__icons_repeater_text":"ZAPOBIEGA ROZST\u0118POM"},{"_v2024__benefit__icons_repeater_icon":1000006742,"_v2024__benefit__icons_repeater_text":"OPATENTOWANY NATURALNY SK\u0141ADNIK AKTYWNY"},{"_v2024__benefit__icons_repeater_icon":1000006746,"_v2024__benefit__icons_repeater_text":"ORGANICZNE &amp; NATURALNE SK\u0141ADNIKI"},{"_v2024__benefit__icons_repeater_icon":1000006751,"_v2024__benefit__icons_repeater_text":"ZAPACH MANDARYNKI"}],"_v2024__image_ingreddients__intro_text":"Ca\u0142kowicie naturalny sk\u0142ad. Dzia\u0142a regeneruj\u0105co, wyg\u0142adza sk\u00f3r\u0119, stymuluje produkcj\u0119 kolagenu, dzi\u0119ki czemu zapobiega powstawaniu rozst\u0119p\u00f3w, a sk\u00f3ra jest elastyczna, nawil\u017cona i g\u0142adka.","_v2024__image_ingreddients__additional_description":"","_v2024__image_ingreddients__disclamer_inner":"","_v2024__image_ingredients__repeater":[{"_v2024__image_ingredients__ingredient_image":1000006704,"_v2024__image_ingredients__ingredient_title":"SK\u0141ADNIK AKTYWNY ZE S\u0141ODKIM \u0141UBINEM\u00ae ","_v2024__image_ingredients__ingredient_description":"Stymuluje produkcj\u0119 wysokiej jako\u015bci kolagenu, uj\u0119drnia i uelastycznia sk\u00f3r\u0119, remodeluje zwiotcza\u0142\u0105 sk\u00f3r\u0119."},{"_v2024__image_ingredients__ingredient_image":1000006729,"_v2024__image_ingredients__ingredient_title":"OLEJEK ETERYCZNY Z MANDARYNKI","_v2024__image_ingredients__ingredient_description":"Regeneruje i wyg\u0142adza sk\u00f3r\u0119, przywraca jej r\u00f3wnowag\u0119 i zapobiega powstawaniu rozst\u0119p\u00f3w."},{"_v2024__image_ingredients__ingredient_image":1000006727,"_v2024__image_ingredients__ingredient_title":"OLEJEK Z DZIKIEJ R\u00d3\u017bY","_v2024__image_ingredients__ingredient_description":"Rozja\u015bnia i wyr\u00f3wnuje koloryt sk\u00f3ry, sp\u0142yca blizny. Sprawia, \u017ce jest g\u0142adka i nieskazitelna."},{"_v2024__image_ingredients__ingredient_image":1000006719,"_v2024__image_ingredients__ingredient_title":"EKSTRAKT Z NAGIETKA","_v2024__image_ingredients__ingredient_description":"\u0141agodzi i regeneruje sk\u00f3r\u0119, sprawiaj\u0105c, \u017ce istniej\u0105ce rozst\u0119py i blizny staj\u0105 si\u0119 mniej widoczne."},{"_v2024__image_ingredients__ingredient_image":1000006708,"_v2024__image_ingredients__ingredient_title":"OLEJ Z AWOKADO","_v2024__image_ingredients__ingredient_description":"Bogaty w niezb\u0119dne kwasy t\u0142uszczowe i witaminy, g\u0142\u0119boko nawil\u017ca sk\u00f3r\u0119 i pomaga zapobiega\u0107 pojawianiu si\u0119 rozst\u0119p\u00f3w."},{"_v2024__image_ingredients__ingredient_image":1000006712,"_v2024__image_ingredients__ingredient_title":"OLEJEK KOKOSOWY","_v2024__image_ingredients__ingredient_description":"\u0141atwo si\u0119 wch\u0142ania, g\u0142\u0119boko nawil\u017ca i pozostawia sk\u00f3r\u0119 mi\u0119kk\u0105 i elastyczn\u0105."},{"_v2024__image_ingredients__ingredient_image":1000006711,"_v2024__image_ingredients__ingredient_title":"MAS\u0141O KAKAOWE","_v2024__image_ingredients__ingredient_description":"Doskona\u0142e \"po\u017cywienie\" dla sk\u00f3ry. Regeneruje j\u0105 i zapobiega pojawianiu si\u0119 rozst\u0119p\u00f3w i drobnych zmarszczek."},{"_v2024__image_ingredients__ingredient_image":1000006706,"_v2024__image_ingredients__ingredient_title":"OLEJEK ZE S\u0141ODKICH MIGDA\u0141\u00d3W","_v2024__image_ingredients__ingredient_description":"\u0141agodzi i poprawia tekstur\u0119 i koloryt sk\u00f3ry. Zmniejsza zaczerwienienia i stany zapalne."},{"_v2024__image_ingredients__ingredient_image":1000006724,"_v2024__image_ingredients__ingredient_title":"OLEJEK Z OLIWEK","_v2024__image_ingredients__ingredient_description":"G\u0142\u0119boko nawil\u017ca sk\u00f3r\u0119, \u0142agodzi i od\u017cywia podra\u017cnion\u0105 sk\u00f3r\u0119."},{"_v2024__image_ingredients__ingredient_image":1000006705,"_v2024__image_ingredients__ingredient_title":"SK\u0141ADNIK AKTYWNY","_v2024__image_ingredients__ingredient_description":"Wyci\u0105g z wysokiej jako\u015bci oliwy z oliwek; zapewnia szybkie wch\u0142anianie olejk\u00f3w przez sk\u00f3r\u0119."},{"_v2024__image_ingredients__ingredient_image":1000006730,"_v2024__image_ingredients__ingredient_title":"NATURALNA WITAMINA E","_v2024__image_ingredients__ingredient_description":"Silny przeciwutleniacz; zwalcza oznaki starzenia i wspiera naturalny proces gojenia si\u0119 sk\u00f3ry."}],"_v2024__image_ingredients__all_ingredients":"COCOS NUCIFERA OIL*, HELIANTHUS ANNUUS SEED OIL*, CALENDULA OFFICINALIS FLOWER EXTRACT*, SIMMONDSIA CHINENSIS SEED OIL*, PRUNUS AMYGDALUS DULCIS OIL*, THEOBROMA CACAO SEED BUTTER*, CUCUMIS SATIVUS SEED OIL*, ARGANIA SPINOSA KERNEL OIL*, OCTYLDODECYL OLIVATE, CAPRYLIC\/ CAPRIC TRIGLYCERIDE, TOCOPHEROL, MENTHA VIRIDIS LEAF OIL*, LIMONENE <strong>(COCONUT OIL*, SUNFLOWER SEED OIL*, CALENDULA FLOWER EXTRACT*, JOJOBA OIL*, SWEET ALMOND OIL*, CACAO SEED BUTTER*, CUCUMBER OIL*, ARGAN OIL*, OCTYLDODECYL OLIVATE FROM OLIVE OIL, CAPRYLIC CAPRIC TRIGLYCERIDE, NATURAL VITAMIN \u0415, SPEARMINT ESSENTIAL OIL*, LIMONENE)<\/strong>\r\n\r\n<em>* Certyfikowane sk\u0142adniki organiczne<\/em>\r\n\r\n<em>Nale\u017cy mie\u0107 na uwadze, \u017ce lista sk\u0142adnik\u00f3w mo\u017ce si\u0119 nieznacznie r\u00f3\u017cni\u0107 w czasie ze wzgl\u0119du na ulepszenia produktu. Najbardziej aktualne informacje mo\u017cna znale\u017a\u0107 na opakowaniu produktu.<\/em>","_v2024__usage_content__left_content":"Nak\u0142ada\u0107 rano i wieczorem na wybrane obszary lub na ca\u0142e cia\u0142o masuj\u0105cymi ruchami.\r\n\r\nAby uzyska\u0107 optymalny efekt, nak\u0142ada\u0107 bezpo\u015brednio po k\u0105pieli, gdy pory s\u0105 otwarte i gotowe do wch\u0142oni\u0119cia maksymalnej ilo\u015bci sk\u0142adnik\u00f3w czystych, surowych olejk\u00f3w.","_v2024__usage_content__right_bottom_content":"","_v2024__usage_content__note":"* <em>*Podczas ci\u0105\u017cy - wa\u017cne, aby wiedzie\u0107: Pomimo ca\u0142kowicie naturalnych sk\u0142adnik\u00f3w zastosowanych w tym produkcie, zalecamy przeprowadzenie indywidualnego testu zgodno\u015bci ze sk\u00f3r\u0105 na niewielkim obszarze cia\u0142a 24 godziny przed u\u017cyciem.<\/em>","_v2024__usage_content__storage":"Przechowywa\u0107 w ch\u0142odnym i suchym miejscu.Nie przechowywa\u0107 w lod\u00f3wce. Produkt twardnieje, gdy jest przechowywany w niskiej temperaturze, a zawarto\u015b\u0107 fiolki nie wydostaje si\u0119 przez pompk\u0119. Aby si\u0119 up\u0142ynni\u0142, nale\u017cy pozostawi\u0107 go w temperaturze pokojowej powy\u017cej 25C\u00b0. Prosimy nie otwiera\u0107 fiolki gdy produkt jest stwardnia\u0142y, poniewa\u017c mo\u017ce to spowodowa\u0107 uszkodzenie pompki.\r\n\r\n&nbsp;\r\n\r\nWy\u0142\u0105cznie do u\u017cytku zewn\u0119trznego. W przypadku wyst\u0105pienia podra\u017cnienia nale\u017cy przerwa\u0107 stosowanie. Nie stosowa\u0107 na uszkodzon\u0105 lub zranion\u0105 sk\u00f3r\u0119. Unika\u0107 kontaktu z oczami. Trzyma\u0107 z dala od dzieci!"},"_links":{"self":[{"href":"https:\/\/cocosolis.com\/pl\/wp-json\/wp\/v2\/product\/385","targetHints":{"allow":["GET"]}}],"collection":[{"href":"https:\/\/cocosolis.com\/pl\/wp-json\/wp\/v2\/product"}],"about":[{"href":"https:\/\/cocosolis.com\/pl\/wp-json\/wp\/v2\/types\/product"}],"wp:featuredmedia":[{"embeddable":true,"href":"https:\/\/cocosolis.com\/pl\/wp-json\/"}],"wp:attachment":[{"href":"https:\/\/cocosolis.com\/pl\/wp-json\/wp\/v2\/media?parent=385"}],"wp:term":[{"taxonomy":"product_brand","embeddable":true,"href":"https:\/\/cocosolis.com\/pl\/wp-json\/wp\/v2\/product_brand?post=385"},{"taxonomy":"product_cat","embeddable":true,"href":"https:\/\/cocosolis.com\/pl\/wp-json\/wp\/v2\/product_cat?post=385"},{"taxonomy":"product_tag","embeddable":true,"href":"https:\/\/cocosolis.com\/pl\/wp-json\/wp\/v2\/product_tag?post=385"},{"taxonomy":"product_template","embeddable":true,"href":"https:\/\/cocosolis.com\/pl\/wp-json\/wp\/v2\/product_template?post=385"}],"curies":[{"name":"wp","href":"https:\/\/api.w.org\/{rel}","templated":true}]}}