{"id":377,"date":"2022-05-06T09:39:32","date_gmt":"2022-05-06T07:39:32","guid":{"rendered":"http:\/\/cocosolis.com\/en\/?post_type=product&#038;p=377"},"modified":"2026-04-06T15:25:55","modified_gmt":"2026-04-06T13:25:55","slug":"glow-shimmer-oil","status":"publish","type":"product","link":"https:\/\/cocosolis.com\/pl\/product\/glow-shimmer-oil\/","title":{"rendered":"GLOW Shimmer Oil"},"content":{"rendered":"","protected":false},"excerpt":{"rendered":"","protected":false},"featured_media":1000004560,"template":"","meta":{"_acf_changed":false},"product_brand":[],"product_cat":[64],"product_tag":[],"product_template":[67],"class_list":{"0":"post-377","1":"product","2":"type-product","3":"status-publish","4":"has-post-thumbnail","6":"product_cat-shimmer","7":"product_template-v-2024-clean","9":"first","10":"instock","11":"shipping-taxable","12":"purchasable","13":"product-type-simple"},"acf":{"_v2024__listing_and_sharing_info__listing_category":"GLOW","_v2024__listing_and_sharing_info__product_type":"Shimmer Oil","_v2024__listing__and_sharing_info__listing_below_title_in_product_page":"Naturalnie roz\u015bwietlaj\u0105cy i nawil\u017caj\u0105cy olejek z b\u0142yszcz\u0105cymi drobinkami.","_v2024__listing_and_sharing_info__listing_description":"Naturalnie roz\u015bwietlaj\u0105cy i nawil\u017caj\u0105cy olejek z b\u0142yszcz\u0105cymi drobinkami.","_v2024__listing_and_sharing_info__image":1000000379,"_v2024__product_hero__hero_type":"carousel","_v2024__product_hero__product_slider_gallery":[{"_v2024__product_hero__product_slider_gallery__image":1000006589,"_v2024__product_hero__product_slider_gallery__video_link":""},{"_v2024__product_hero__product_slider_gallery__image":1000006590,"_v2024__product_hero__product_slider_gallery__video_link":""},{"_v2024__product_hero__product_slider_gallery__image":1000006592,"_v2024__product_hero__product_slider_gallery__video_link":""},{"_v2024__product_hero__product_slider_gallery__image":1000006595,"_v2024__product_hero__product_slider_gallery__video_link":""},{"_v2024__product_hero__product_slider_gallery__image":1000006597,"_v2024__product_hero__product_slider_gallery__video_link":""},{"_v2024__product_hero__product_slider_gallery__image":1000006598,"_v2024__product_hero__product_slider_gallery__video_link":""},{"_v2024__product_hero__product_slider_gallery__image":1000006599,"_v2024__product_hero__product_slider_gallery__video_link":""},{"_v2024__product_hero__product_slider_gallery__image":1000006600,"_v2024__product_hero__product_slider_gallery__video_link":"https:\/\/player.vimeo.com\/progressive_redirect\/playback\/1042663294\/rendition\/720p\/file.mp4?loc=external&amp;log_user=0&amp;signature=4a77c550e32d5a6556d523b51f504f302c104dcb23b05e46be97bc1ceb5db6e0&amp;user_id=110095091"}],"_v2024__before_and_after_image":1000006529,"_v2024__before_and_after_image_mobile":1000006530,"_v2024__product_hero__quantity":"110 ML","_v2024__product_hero__product_disclamer":"","_v2024__why_use__should_show":"visible","_v2024__why_use__description_text":"Naturalny olejek roz\u015bwietlaj\u0105cy. Nadaje sk\u00f3rze zniewalaj\u0105cy blask i promienno\u015b\u0107. Do stosowania na pla\u017cy, na co dzie\u0144 lub na specjalne okazje.","_v2024__why_use__text_content":"<ul>\r\n \t<li>Wzmacnia opalenizn\u0119 i koloryt sk\u00f3ry<\/li>\r\n \t<li>G\u0142\u0119boko nawil\u017ca i od\u017cywia<\/li>\r\n \t<li>Sprawia, \u017ce sk\u00f3ra jest jedwabi\u015bcie g\u0142adka i mi\u0119kka<\/li>\r\n \t<li>Zawiera organiczne i naturalne sk\u0142adniki w po\u0142\u0105czeniu z naturaln\u0105 witamin\u0105 E. Wega\u0144ski<\/li>\r\n \t<li>Szybko si\u0119 wch\u0142ania, nie pozostawia t\u0142ustych \u015blad\u00f3w<\/li>\r\n \t<li>Odpowiedni do twarzy i cia\u0142a, dla delikatnej i wra\u017cliwej sk\u00f3ry<\/li>\r\n \t<li>O kusz\u0105cym zapachu ciasteczek<\/li>\r\n<\/ul>","_v2024__why_use__product_notes_and_remarks":"<strong>WA\u017bNE<\/strong>: Mo\u017ce lekko poplami\u0107 jasne ubrania.","_v2024__why_use__background_color":"#FBF1EB","_v2024__why_use__heading_color":"#816c65","_v2024__why_use__text_color":"#816c65","_v2024__why_use__image_desktop":1000006688,"_v2024__why_use__image_mobile":1000006689,"_v2024__stats_show":false,"_v2024__stats_repeater":null,"_v2024__stats_repeater_disclaimer":null,"_v2024__benefits__icons_repeater":[{"_v2024__benefit__icons_repeater_icon":1000006749,"_v2024__benefit__icons_repeater_text":"ZNIEWALAJ\u0104CY BLASK I PROMIENNO\u015a\u0106"},{"_v2024__benefit__icons_repeater_icon":1000006740,"_v2024__benefit__icons_repeater_text":"OD\u017bYWIA I NAWIL\u017bA"},{"_v2024__benefit__icons_repeater_icon":1000006738,"_v2024__benefit__icons_repeater_text":"DO TWARZY I CIA\u0141A"},{"_v2024__benefit__icons_repeater_icon":1000006735,"_v2024__benefit__icons_repeater_text":"ZAPACH CIASTECZEK"}],"_v2024__image_ingreddients__intro_text":"Po\u0142\u0105czenie organicznych olejk\u00f3w, naturalnej witaminy E i naturalnej miki ( drobne cz\u0105steczki mineralne), kt\u00f3re nadaj\u0105 sk\u00f3rze blasku.","_v2024__image_ingreddients__additional_description":"","_v2024__image_ingreddients__disclamer_inner":"","_v2024__image_ingredients__repeater":[{"_v2024__image_ingredients__ingredient_image":1000006720,"_v2024__image_ingredients__ingredient_title":"NATURALNA MIKA","_v2024__image_ingredients__ingredient_description":"Drobne cz\u0105steczki miki, pozyskiwane z naturalnych minera\u0142\u00f3w, o sprawdzonym pochodzeniu Fair Trade. Elegancko roz\u015bwietlaj\u0105 sk\u00f3r\u0119."},{"_v2024__image_ingredients__ingredient_image":1000006714,"_v2024__image_ingredients__ingredient_title":"OLEJ Z NASION OG\u00d3RKA","_v2024__image_ingredients__ingredient_description":"Intensywnie nawil\u017caj\u0105cy: szybko si\u0119 wch\u0142ania, od\u015bwie\u017ca i rewitalizuje. \u0141agodzi poparzenia s\u0142oneczne."},{"_v2024__image_ingredients__ingredient_image":1000006712,"_v2024__image_ingredients__ingredient_title":"OLEJEK KOKOSOWY","_v2024__image_ingredients__ingredient_description":"\u0141atwo si\u0119 wch\u0142ania, g\u0142\u0119boko nawil\u017ca i pozostawia sk\u00f3r\u0119 mi\u0119kk\u0105 i elastyczn\u0105. Chroni przed przebarwieniami s\u0142onecznymi i starczymi oraz nadaje z\u0142ocist\u0105 opalenizn\u0119."},{"_v2024__image_ingredients__ingredient_image":1000006711,"_v2024__image_ingredients__ingredient_title":"MAS\u0141O KAKAOWE","_v2024__image_ingredients__ingredient_description":"Doskona\u0142e \"po\u017cywienie\" dla sk\u00f3ry. Regeneruje j\u0105 i zapobiega pojawianiu si\u0119 rozst\u0119p\u00f3w i drobnych zmarszczek."},{"_v2024__image_ingredients__ingredient_image":1000006717,"_v2024__image_ingredients__ingredient_title":"OLEJEK JOJOBA","_v2024__image_ingredients__ingredient_description":"R\u00f3wnowa\u017cy wydzielanie sebum, \u0142agodzi sk\u00f3r\u0119 i utrzymuje j\u0105 g\u0142adk\u0105 i czyst\u0105, woln\u0105 od wyprysk\u00f3w."},{"_v2024__image_ingredients__ingredient_image":1000006706,"_v2024__image_ingredients__ingredient_title":"OLEJEK ZE S\u0141ODKICH MIGDA\u0141\u00d3W","_v2024__image_ingredients__ingredient_description":"\u0141agodzi i poprawia tekstur\u0119 i koloryt sk\u00f3ry. Zmniejsza zaczerwienienia i stany zapalne."},{"_v2024__image_ingredients__ingredient_image":1000006730,"_v2024__image_ingredients__ingredient_title":"NATURALNA WITAMINA E","_v2024__image_ingredients__ingredient_description":"Silny przeciwutleniacz; zwalcza oznaki starzenia i wspiera naturalny proces gojenia si\u0119 sk\u00f3ry."}],"_v2024__image_ingredients__all_ingredients":"CAPRYLIC\/CAPRIC TRIGLYCERIDE, COCOS NUCIFERA OIL*, PRUNUS AMYGDALUS DULCIS OIL*, STEARALKONIUM HECTORITE, PROPYLENE CARBONATE, OCTYLDODECYL OLIVATE, SIMMONDSIA CHINENSIS SEED OIL*, HYDROGENATED RAPESEED OIL, THEOBROMA CACAO SEED BUTTER*, CUCUMIS SATIVUS SEED OIL*, TOCOPHEROL, HELIANTHUS ANNUUS SEED OIL, PARFUM, MICA, CI 77891, CI 77491 <strong>(CAPRYLIC CAPRIC TRIGLYCERIDE, COCONUT OIL*, SWEET ALMOND OIL*, STEARALKONIUM HECTORITE, PROPYLENE CARBONATE, OCTYLDODECYL OLIVATE FROM OLIVE OIL, JOJOBA OIL*, HYDROGENATED RAPESEED OIL, CACAO SEED BUTTER*, CUCUMBER SEED OIL*, NATURAL VITAMIN \u0415, SUNFLOWER SEED OIL, PARFUM, MICA (SPARKLING MINERAL PIGMENTS), CI 77891, CI 77491)<\/strong>\r\n\r\n<em>* Certyfikowane sk\u0142adniki organiczne<\/em>\r\n\r\n<em>Nale\u017cy mie\u0107 na uwadze, \u017ce lista sk\u0142adnik\u00f3w mo\u017ce si\u0119 nieznacznie r\u00f3\u017cni\u0107 w czasie ze wzgl\u0119du na ulepszenia produktu. Najbardziej aktualne informacje mo\u017cna znale\u017a\u0107 na opakowaniu produktu.<\/em>","_v2024__usage_content__left_content":"<h4>BLASK NA PLA\u017bY<\/h4>\r\nNa pla\u017cy nak\u0142ada\u0107 na nogi, ramiona, brzuch, dekolt i ko\u015bci policzkowe. Zalecamy stosowanie GLOW jako ostatni, trzeci krok po balsamie z filtrem przeciws\u0142onecznym COCOSOLIS i olejku do opalania.\r\n<h4>PROMIENNA TWARZ<\/h4>\r\nNanie\u015b\u0107 na twarz i dekolt jako akcent po makija\u017cu lub wymiesza\u0107 z kilkoma kroplami podk\u0142adu.\r\n<h4>WIECZORNY BLASK<\/h4>\r\nNanie\u015b\u0107 na nogi, ramiona, dekolt i ko\u015bci policzkowe i poczu\u0107 si\u0119 jak gwiazda wieczoru.\r\n<h4><\/h4>","_v2024__usage_content__right_bottom_content":"","_v2024__usage_content__note":"<strong>UWAGA<\/strong>: Mo\u017ce lekko poplami\u0107 jasne ubrania. Olejek nie zawiera filtru przeciws\u0142onecznego UV. W przypadku wystawienia na bezpo\u015brednie dzia\u0142anie promieni s\u0142onecznych zaleca si\u0119 stosowanie go w po\u0142\u0105czeniu z produktem z filtrem przeciws\u0142onecznym. Produkt nie jest samoopalaczem. Nadmierne przebywanie na s\u0142o\u0144cu stanowi powa\u017cne zagro\u017cenie dla zdrowia. Przechowywa\u0107 w ch\u0142odnym i suchym miejscu.Nie przechowywa\u0107 w lod\u00f3wce.","_v2024__usage_content__storage":"Wy\u0142\u0105cznie do u\u017cytku zewn\u0119trznego. W przypadku wyst\u0105pienia podra\u017cnienia nale\u017cy przerwa\u0107 stosowanie. Nie stosowa\u0107 na uszkodzon\u0105 lub zranion\u0105 sk\u00f3r\u0119. Unika\u0107 kontaktu z oczami. Trzyma\u0107 z dala od dzieci!"},"_links":{"self":[{"href":"https:\/\/cocosolis.com\/pl\/wp-json\/wp\/v2\/product\/377","targetHints":{"allow":["GET"]}}],"collection":[{"href":"https:\/\/cocosolis.com\/pl\/wp-json\/wp\/v2\/product"}],"about":[{"href":"https:\/\/cocosolis.com\/pl\/wp-json\/wp\/v2\/types\/product"}],"wp:featuredmedia":[{"embeddable":true,"href":"https:\/\/cocosolis.com\/pl\/wp-json\/"}],"wp:attachment":[{"href":"https:\/\/cocosolis.com\/pl\/wp-json\/wp\/v2\/media?parent=377"}],"wp:term":[{"taxonomy":"product_brand","embeddable":true,"href":"https:\/\/cocosolis.com\/pl\/wp-json\/wp\/v2\/product_brand?post=377"},{"taxonomy":"product_cat","embeddable":true,"href":"https:\/\/cocosolis.com\/pl\/wp-json\/wp\/v2\/product_cat?post=377"},{"taxonomy":"product_tag","embeddable":true,"href":"https:\/\/cocosolis.com\/pl\/wp-json\/wp\/v2\/product_tag?post=377"},{"taxonomy":"product_template","embeddable":true,"href":"https:\/\/cocosolis.com\/pl\/wp-json\/wp\/v2\/product_template?post=377"}],"curies":[{"name":"wp","href":"https:\/\/api.w.org\/{rel}","templated":true}]}}