{"id":1000066352,"date":"2026-04-24T15:53:35","date_gmt":"2026-04-24T13:53:35","guid":{"rendered":"https:\/\/cocosolis.com\/pl\/product\/one-all-in-one-leave-in-conditioner\/"},"modified":"2026-05-12T14:59:42","modified_gmt":"2026-05-12T12:59:42","slug":"one-all-in-one-leave-in-conditioner","status":"publish","type":"product","link":"https:\/\/cocosolis.com\/pl\/product\/one-all-in-one-leave-in-conditioner\/","title":{"rendered":"ONE. ALL IN ONE LEAVE-IN CONDITIONER"},"content":{"rendered":"","protected":false},"excerpt":{"rendered":"","protected":false},"featured_media":10000010295,"template":"","meta":{"_acf_changed":false},"product_brand":[],"product_cat":[17],"product_tag":[],"product_template":[67],"class_list":{"0":"post-1000066352","1":"product","2":"type-product","3":"status-publish","4":"has-post-thumbnail","6":"product_cat-hair","7":"product_template-v-2024-clean","9":"first","10":"instock","11":"shipping-taxable","12":"purchasable","13":"product-type-simple"},"acf":{"_v2024__listing_and_sharing_info__listing_category":"ONE","_v2024__listing_and_sharing_info__product_type":"All-in-one Leave-in Conditioner","_v2024__listing__and_sharing_info__listing_below_title_in_product_page":"Od\u017cywka bez sp\u0142ukiwania z 12 korzy\u015bciami w jednej lekkiej formule. Nawil\u017ca i regeneruje. Wyg\u0142adza i nadaje blask. U\u0142atwia rozczesywanie i stylizacj\u0119, redukuje puszenie i skraca czas suszenia. Zapewnia ochron\u0119 UV i termoochron\u0119. Chroni kolor przed blakni\u0119ciem.","_v2024__listing_and_sharing_info__listing_description":"Od\u017cywka bez sp\u0142ukiwania z 12 korzy\u015bciami dla w\u0142os\u00f3w. Nawil\u017ca, regeneruje i chroni w\u0142osy, nie obci\u0105\u017caj\u0105c ich.","_v2024__listing_and_sharing_info__image":10000010296,"_v2024__product_hero__hero_type":"carousel","_v2024__product_hero__product_slider_gallery":[{"_v2024__product_hero__product_slider_gallery__image":10000010314,"_v2024__product_hero__product_slider_gallery__video_link":""},{"_v2024__product_hero__product_slider_gallery__image":10000010315,"_v2024__product_hero__product_slider_gallery__video_link":""},{"_v2024__product_hero__product_slider_gallery__image":10000010316,"_v2024__product_hero__product_slider_gallery__video_link":""},{"_v2024__product_hero__product_slider_gallery__image":10000010312,"_v2024__product_hero__product_slider_gallery__video_link":""},{"_v2024__product_hero__product_slider_gallery__image":10000010313,"_v2024__product_hero__product_slider_gallery__video_link":""},{"_v2024__product_hero__product_slider_gallery__image":10000010311,"_v2024__product_hero__product_slider_gallery__video_link":""},{"_v2024__product_hero__product_slider_gallery__image":10000010310,"_v2024__product_hero__product_slider_gallery__video_link":""},{"_v2024__product_hero__product_slider_gallery__image":10000010308,"_v2024__product_hero__product_slider_gallery__video_link":""},{"_v2024__product_hero__product_slider_gallery__image":10000010309,"_v2024__product_hero__product_slider_gallery__video_link":""}],"_v2024__before_and_after_image":10000010294,"_v2024__before_and_after_image_mobile":10000010293,"_v2024__product_hero__quantity":"150ml","_v2024__product_hero__product_disclamer":"","_v2024__why_use__should_show":"visible","_v2024__why_use__description_text":"<p><strong>Lekka jak krem, mocna jak profesjonalna kuracja. Formu\u0142a nowej generacji. Wch\u0142ania si\u0119 b\u0142yskawicznie, nie obci\u0105\u017ca w\u0142os\u00f3w. Must-have dla ka\u017cdego rodzaju w\u0142os\u00f3w:<\/strong><\/p>","_v2024__why_use__text_content":"<ol><li><strong>Nawil\u017cenie:<\/strong> nawet o 30% lepsze zatrzymanie wilgoci*<\/li><li><strong>Jedwabisty blask:<\/strong> a\u017c do 51% wi\u0119cej blasku ju\u017c po 5 u\u017cyciach*<\/li><li><strong>\u0141atwe rozczesywanie:<\/strong> nawet do 83% \u0142atwiejsze rozczesywanie i stylizacja*<\/li><li><strong>Kontrola puszenia:<\/strong> ujarzmia odstaj\u0105ce kosmyki i elektryzowanie si\u0119 w\u0142os\u00f3w*<\/li><li><strong>Efekt szybkiego suszenia:<\/strong> nawet do 42% kr\u00f3tszy czas suszenia w\u0142os\u00f3w*<\/li><li><strong>Uszczelnia:<\/strong> \u201czamyka\u201d rozdwojone ko\u0144c\u00f3wki ochronn\u0105 warstw\u0105*<\/li><li><strong>Regeneracja:<\/strong> naprawia mikrouszkodzenia i struktur\u0119 w\u0142osa, od\u017cywia*<\/li><li><strong>Mi\u0119kko\u015b\u0107 i wyg\u0142adzenie:<\/strong> wyg\u0142adza powierzchni\u0119 w\u0142osa, nadaje mi\u0119kko\u015b\u0107*<\/li><li><strong>Wytrzyma\u0142o\u015b\u0107:<\/strong> a\u017c o 21% wi\u0119ksza odporno\u015b\u0107 na \u0142amanie*<\/li><li><strong>Termoochrona:<\/strong> chroni w\u0142osy podczas stylizacji do 220\u00b0C*<\/li><li><strong>Ochrona UV i antyoksydacyjna:<\/strong> aktywna ochrona do 3 dni*.<\/li><li><strong>Ochrona koloru:<\/strong> nawet do 50% lepsze utrzymanie koloru, skuteczna ochrona przed blakni\u0119ciem*<\/li><\/ol>","_v2024__why_use__product_notes_and_remarks":"*Na podstawie bada\u0144 laboratoryjnych i test\u00f3w instrumentalnych sk\u0142adnik\u00f3w aktywnych.","_v2024__why_use__background_color":"#FBF1EB","_v2024__why_use__heading_color":"#816c65","_v2024__why_use__text_color":"#816c65","_v2024__why_use__image_desktop":10000010297,"_v2024__why_use__image_mobile":10000010298,"_v2024__stats_show":true,"_v2024__stats_repeater":[{"_v2024__stats_repeater_id":"hydration","_v2024__stats_repeater_number":30,"_v2024__stats_repeater_description_title":"NAWIL\u017bENIE*","_v2024__stats_repeater_description":"","_v2024__stats_repeater_asterisks":"*"},{"_v2024__stats_repeater_id":"shine","_v2024__stats_repeater_number":51,"_v2024__stats_repeater_description_title":"BLASK*","_v2024__stats_repeater_description":"","_v2024__stats_repeater_asterisks":"*"},{"_v2024__stats_repeater_id":"easier_detangling","_v2024__stats_repeater_number":83,"_v2024__stats_repeater_description_title":"\u0141ATWIEJSZE ROZCZESYWANIE*","_v2024__stats_repeater_description":"","_v2024__stats_repeater_asterisks":"*"},{"_v2024__stats_repeater_id":"faster_drying","_v2024__stats_repeater_number":42,"_v2024__stats_repeater_description_title":"SZYBSZE SUSZENIE*","_v2024__stats_repeater_description":"","_v2024__stats_repeater_asterisks":"*"}],"_v2024__stats_repeater_disclaimer":[{"_v2024__stats_repeater_disclaimer_text":"Wed\u0142ug bada\u0144 laboratoryjnych i test\u00f3w instrumentalnych sk\u0142adnik\u00f3w aktywnych."}],"_v2024__benefits__icons_repeater":[{"_v2024__benefit__icons_repeater_icon":10000010291,"_v2024__benefit__icons_repeater_text":"WZMOCNIENIE I NAWIL\u017bENIE"},{"_v2024__benefit__icons_repeater_icon":10000010289,"_v2024__benefit__icons_repeater_text":"KONTROLA NAD W\u0141OSAMI"},{"_v2024__benefit__icons_repeater_icon":10000010290,"_v2024__benefit__icons_repeater_text":"BLASK I MI\u0118KKO\u015a\u0106"},{"_v2024__benefit__icons_repeater_icon":10000010288,"_v2024__benefit__icons_repeater_text":"PE\u0141NA OCHRONA"}],"_v2024__image_ingreddients__intro_text":"<strong>Inteligentna, naturalna formu\u0142a. Cztery nowoczesne sk\u0142adniki aktywne w po\u0142\u0105czeniu z organicznym olejkiem kokosowym wzmacniaj\u0105 w\u0142osy od \u015brodka, tworz\u0105 ochronn\u0105 warstw\u0119 na zewn\u0105trz i sprawiaj\u0105, \u017ce w\u0142osy s\u0105 widocznie g\u0142adsze i bardziej l\u015bni\u0105ce.<\/strong>","_v2024__image_ingreddients__additional_description":"","_v2024__image_ingreddients__disclamer_inner":"","_v2024__image_ingredients__repeater":[{"_v2024__image_ingredients__ingredient_image":1000008646,"_v2024__image_ingredients__ingredient_title":"BIO-STRUCTURE PRO","_v2024__image_ingredients__ingredient_description":"<p>Aktywna substancja z zielonych orzech\u00f3w w\u0142oskich, pozyskiwana dzi\u0119ki opatentowanej technologii gwarantuj\u0105cej 100% biodost\u0119pno\u015bci cennych sk\u0142adnik\u00f3w. Bogata w fenole strukturalne, tworzy siln\u0105 antyoksydacyjn\u0105 tarcz\u0119 przed wolnymi rodnikami i szkodliwym promieniowaniem UV. Klinicznie potwierdzona ochrona koloru w\u0142os\u00f3w przed blakni\u0119ciem. W\u0142osy staj\u0105 si\u0119 \u0142atwe do rozczesywania, mi\u0119kkie i pe\u0142ne blasku.<\/p>"},{"_v2024__image_ingredients__ingredient_image":10000010286,"_v2024__image_ingredients__ingredient_title":"HYDRO-SAVE BIO","_v2024__image_ingredients__ingredient_description":"<p>Aktywna substancja z ekologicznych kasztan\u00f3w, pozyskiwana w opatentowanym procesie enzymatycznym dla maksymalnej przyswajalno\u015bci. Bogata w proteiny, kwasy t\u0142uszczowe i cukry \u2013 tworzy niewidzialn\u0105 warstw\u0119, kt\u00f3ra zamyka \u0142uski i otula w\u0142osy. Zapewnia mocn\u0105 ochron\u0119 termiczn\u0105, chroni przed przesuszeniem i uszkodzeniami od prostownicy czy suszarki. Regeneruje zniszczone ko\u0144c\u00f3wki, intensywnie od\u017cywia i klinicznie potwierdza popraw\u0119 nawil\u017cenia. Twoje w\u0142osy? Jedwabi\u015bcie g\u0142adkie!<\/p>"},{"_v2024__image_ingredients__ingredient_image":10000010287,"_v2024__image_ingredients__ingredient_title":"QUINOA GLOSS","_v2024__image_ingredients__ingredient_description":"<p>Aktywna substancja z nasion komosy ry\u017cowej \u2013 naturalne bia\u0142ko o pe\u0142nym profilu aminokwasowym. Dzi\u0119ki innowacyjnej technologii hydrolizowanego bia\u0142ka NPNF\u2122 wnika w struktur\u0119 w\u0142osa i regeneruje nawet mocno zniszczone w\u0142osy. Tworzy ochronn\u0105 warstw\u0119, wyg\u0142adza w\u0142osy, nadaje im naturalny blask i mi\u0119kko\u015b\u0107. U\u0142atwia rozczesywanie i podkre\u015bla skr\u0119t lok\u00f3w.<\/p>"},{"_v2024__image_ingredients__ingredient_image":10000010285,"_v2024__image_ingredients__ingredient_title":"AMARANTH-SHIELD 3D","_v2024__image_ingredients__ingredient_description":"<p>Aktywna substancja z nasion amarantusa z technologi\u0105 3D Matrix \u2013 stopniowo uwalnia sk\u0142adniki w g\u0142\u0105b w\u0142osa. Klinicznie potwierdzone wzmocnienie wewn\u0119trznej struktury w\u0142osa oraz poprawa elastyczno\u015bci i odporno\u015bci. Wyg\u0142adza powierzchni\u0119 w\u0142os\u00f3w, redukuje tarcie \u2013 dla mi\u0119kko\u015bci, blasku i \u0142atwego rozczesywania. Skraca czas suszenia, minimalizuje uszkodzenia termiczne i utrzymuje optymalne nawil\u017cenie.<\/p>"},{"_v2024__image_ingredients__ingredient_image":1000006712,"_v2024__image_ingredients__ingredient_title":"KOKOS","_v2024__image_ingredients__ingredient_description":"<p>Organiczny olejek t\u0142oczony na zimno, bogaty w kwas laurynowy, kt\u00f3ry wnika w struktur\u0119 w\u0142osa i ogranicza utrat\u0119 bia\u0142ka. Pomaga zatrzyma\u0107 wilgo\u0107 i chroni przed wysuszeniem. Sprawia, \u017ce w\u0142osy staj\u0105 si\u0119 bardziej mi\u0119kkie, g\u0142adkie i l\u015bni\u0105ce.<\/p>"}],"_v2024__image_ingredients__all_ingredients":"<p>AQUA*, MYRISTYL ALCOHOL*, COCONUT ALKANES*, BEHENTRIMONIUM CHLORIDE, COCOS NUCIFERA OIL*, PARFUM, HYDROLYZED CHESTNUT EXTRACT*, HYDROLYZED QUINOA*, HYDROLYZED WALNUT EXTRACT*, AMARANTHUS CAUDATUS SEED EXTRACT*, LYSINE*, LEVULINIC ACID*, GLYCERIN*, CETRIMONIUM CHLORIDE, SCLEROTIUM GUM*, PCA GLYCERYL OLEATE*, GLYCERYL CAPRYLATE*, ZEA MAYS STARCH*, CETYL ALCOHOL*, LAURYL ALCOHOL*, CITRIC ACID*, SODIUM LEVULINATE*, PENTYLENE GLYCOL*, SODIUM BENZOATE, POTASSIUM SORBATE, BENZYL ALCOHOL, CI 14720, BENZYL SALICYLATE<\/p><p>Nale\u017cy mie\u0107 na uwadze, \u017ce lista sk\u0142adnik\u00f3w mo\u017ce si\u0119 nieznacznie r\u00f3\u017cni\u0107 w czasie, ze wzgl\u0119du na ulepszenia produktu. Najbardziej aktualne informacje mo\u017cna znale\u017a\u0107 na opakowaniu produktu.<\/p>","_v2024__usage_content__left_content":"<p><strong>GDZIE:<\/strong> na d\u0142ugo\u015bci w\u0142os\u00f3w<\/p><p><strong>ILE:<\/strong><\/p><p><strong>JAK:<\/strong> na\u0142\u00f3\u017c na czyste, wilgotne w\u0142osy, rozczesz i u\u0142\u00f3\u017c wed\u0142ug uznania<\/p><p><strong>JAK CZ\u0118STO:<\/strong> po ka\u017cdym myciu w\u0142os\u00f3w; mo\u017cesz stosowa\u0107 codziennie<\/p><p><strong>PROSZ\u0118 ZWR\u00d3CI\u0106 UWAG\u0118:<\/strong> Wy\u0142\u0105cznie do u\u017cytku zewn\u0119trznego. W przypadku wyst\u0105pienia podra\u017cnienia nale\u017cy przerwa\u0107 stosowanie. Unika\u0107 kontaktu z oczami. Trzyma\u0107 z dala od dzieci! Przechowywa\u0107 w suchym i ch\u0142odnym miejscu.<\/p>","_v2024__usage_content__right_bottom_content":"","_v2024__usage_content__note":"","_v2024__usage_content__storage":""},"_links":{"self":[{"href":"https:\/\/cocosolis.com\/pl\/wp-json\/wp\/v2\/product\/1000066352","targetHints":{"allow":["GET"]}}],"collection":[{"href":"https:\/\/cocosolis.com\/pl\/wp-json\/wp\/v2\/product"}],"about":[{"href":"https:\/\/cocosolis.com\/pl\/wp-json\/wp\/v2\/types\/product"}],"wp:featuredmedia":[{"embeddable":true,"href":"https:\/\/cocosolis.com\/pl\/wp-json\/"}],"wp:attachment":[{"href":"https:\/\/cocosolis.com\/pl\/wp-json\/wp\/v2\/media?parent=1000066352"}],"wp:term":[{"taxonomy":"product_brand","embeddable":true,"href":"https:\/\/cocosolis.com\/pl\/wp-json\/wp\/v2\/product_brand?post=1000066352"},{"taxonomy":"product_cat","embeddable":true,"href":"https:\/\/cocosolis.com\/pl\/wp-json\/wp\/v2\/product_cat?post=1000066352"},{"taxonomy":"product_tag","embeddable":true,"href":"https:\/\/cocosolis.com\/pl\/wp-json\/wp\/v2\/product_tag?post=1000066352"},{"taxonomy":"product_template","embeddable":true,"href":"https:\/\/cocosolis.com\/pl\/wp-json\/wp\/v2\/product_template?post=1000066352"}],"curies":[{"name":"wp","href":"https:\/\/api.w.org\/{rel}","templated":true}]}}