{"id":1000064237,"date":"2026-04-01T12:51:25","date_gmt":"2026-04-01T10:51:25","guid":{"rendered":"https:\/\/cocosolis.com\/pl\/product\/solis-gradual-tan-body-milk\/"},"modified":"2026-04-20T12:49:13","modified_gmt":"2026-04-20T10:49:13","slug":"solis-gradual-tan-body-milk","status":"publish","type":"product","link":"https:\/\/cocosolis.com\/pl\/product\/solis-gradual-tan-body-milk\/","title":{"rendered":"SOLIS Gradual Tan Body Milk"},"content":{"rendered":"","protected":false},"excerpt":{"rendered":"","protected":false},"featured_media":0,"template":"","meta":{"_acf_changed":false},"product_brand":[],"product_cat":[43],"product_tag":[],"product_template":[67],"class_list":{"0":"post-1000064237","1":"product","2":"type-product","3":"status-publish","5":"product_cat-self-tanner","6":"product_template-v-2024-clean","8":"first","9":"instock","10":"shipping-taxable","11":"purchasable","12":"product-type-simple"},"acf":{"_v2024__listing_and_sharing_info__listing_category":"SOLIS","_v2024__listing_and_sharing_info__product_type":"Gradual Tan Body Milk","_v2024__listing__and_sharing_info__listing_below_title_in_product_page":"Naturalne samoopalaj\u0105ce mleczko do cia\u0142a. Do codziennego nawil\u017cania i stopniowego uzyskiwania br\u0105zowej opalenizny.Lekka, szybko wch\u0142aniaj\u0105ca si\u0119 formu\u0142a.","_v2024__listing_and_sharing_info__listing_description":"Naturalne samoopalaj\u0105ce mleczko do cia\u0142a. Do codziennego nawil\u017cania i stopniowego uzyskiwania br\u0105zowej opalenizny.","_v2024__listing_and_sharing_info__image":1000009847,"_v2024__product_hero__hero_type":"carousel","_v2024__product_hero__product_slider_gallery":[{"_v2024__product_hero__product_slider_gallery__image":1000009930,"_v2024__product_hero__product_slider_gallery__video_link":""},{"_v2024__product_hero__product_slider_gallery__image":1000009931,"_v2024__product_hero__product_slider_gallery__video_link":""},{"_v2024__product_hero__product_slider_gallery__image":1000009932,"_v2024__product_hero__product_slider_gallery__video_link":""},{"_v2024__product_hero__product_slider_gallery__image":1000009933,"_v2024__product_hero__product_slider_gallery__video_link":""},{"_v2024__product_hero__product_slider_gallery__image":1000009934,"_v2024__product_hero__product_slider_gallery__video_link":""},{"_v2024__product_hero__product_slider_gallery__image":1000009935,"_v2024__product_hero__product_slider_gallery__video_link":""},{"_v2024__product_hero__product_slider_gallery__image":1000009936,"_v2024__product_hero__product_slider_gallery__video_link":""},{"_v2024__product_hero__product_slider_gallery__image":1000009937,"_v2024__product_hero__product_slider_gallery__video_link":""}],"_v2024__before_and_after_image":1000009963,"_v2024__before_and_after_image_mobile":1000009962,"_v2024__product_hero__quantity":"200ml","_v2024__product_hero__product_disclamer":"","_v2024__why_use__should_show":"visible","_v2024__why_use__description_text":"<strong>Czysta formu\u0142a skincare-first, \u0142\u0105cz\u0105ca naturalny DHA, organiczny olej z kakaowca, ceniony jako naturalny retinol, organiczny olej z maruli o dzia\u0142aniu przeciwstarzeniowym i kwas hialuronowy. Pozostawia sk\u00f3r\u0119 jedwabi\u015bcie g\u0142adk\u0105, a opalenizna rozwija si\u0119 w ci\u0105gu 8 godzin i mo\u017cna j\u0105 pog\u0142\u0119bia\u0107 dzie\u0144 po dniu.<\/strong>","_v2024__why_use__text_content":"<ul>\r\n \t<li>Nadaje naturalny odcie\u0144, kt\u00f3ry intensyfikuje si\u0119 z ka\u017cdym kolejnym na\u0142o\u017ceniem<\/li>\r\n \t<li>G\u0142\u0119bokie nawil\u017cenie i piel\u0119gnacja przeciwstarzeniowa dzi\u0119ki mocy naturalnego retinolu z oleju z kakaowca<\/li>\r\n \t<li>Innowacyjna formu\u0142a, kt\u00f3ra dostosowuje si\u0119 do koloru sk\u00f3ry<\/li>\r\n \t<li>Lekka, szybko wch\u0142aniaj\u0105ca si\u0119 emulsja, kt\u00f3ra nie brudzi<\/li>\r\n \t<li>Nak\u0142ada si\u0119 r\u00f3wnomiernie, bez plam<\/li>\r\n \t<li>Idealny dla pocz\u0105tkuj\u0105cych u\u017cytkownik\u00f3w samoopalaczy<\/li>\r\n \t<li>Aby uzyska\u0107 najlepsze rezultaty, nak\u0142ada\u0107 r\u0119kawic\u0105 Self-tanning Mitt<\/li>\r\n \t<li>Zapach karmelowego latte<\/li>\r\n<\/ul>","_v2024__why_use__product_notes_and_remarks":"","_v2024__why_use__background_color":"#eddacd","_v2024__why_use__heading_color":"#816c65","_v2024__why_use__text_color":"#816c65","_v2024__why_use__image_desktop":1000009848,"_v2024__why_use__image_mobile":1000009849,"_v2024__stats_show":false,"_v2024__stats_repeater":null,"_v2024__stats_repeater_disclaimer":null,"_v2024__benefits__icons_repeater":[{"_v2024__benefit__icons_repeater_icon":10000010005,"_v2024__benefit__icons_repeater_text":"NATURALNIE WYGL\u0104DAJ\u0104CA OPALENIZNA"},{"_v2024__benefit__icons_repeater_icon":10000010004,"_v2024__benefit__icons_repeater_text":"STOPNIOWE POG\u0141\u0118BIANIE KOLORU"},{"_v2024__benefit__icons_repeater_icon":10000010003,"_v2024__benefit__icons_repeater_text":"CODZIENNE NAWIL\u017bANIE"},{"_v2024__benefit__icons_repeater_icon":10000010002,"_v2024__benefit__icons_repeater_text":"ZAPACH KARMELOWEGO LATTE"}],"_v2024__image_ingreddients__intro_text":"<strong>Po\u0142\u0105czenie naturalnego aktywatora opalenizny, kwasu hialuronowego oraz g\u0142\u0119boko nawil\u017caj\u0105cych, t\u0142oczonych na zimno olejk\u00f3w organicznych. Lekka formu\u0142a zapewnia r\u00f3wnomiern\u0105, naturalnie wygl\u0105daj\u0105c\u0105 opalenizn\u0119, kt\u00f3ra stopniowo si\u0119 pog\u0142\u0119bia, a nast\u0119pnie r\u00f3wnomiernie blaknie.<\/strong>","_v2024__image_ingreddients__additional_description":"","_v2024__image_ingreddients__disclamer_inner":"","_v2024__image_ingredients__repeater":[{"_v2024__image_ingredients__ingredient_image":1000009843,"_v2024__image_ingredients__ingredient_title":"NATURALNY DHA","_v2024__image_ingredients__ingredient_description":"Sk\u0142adnik aktywny pochodzenia ro\u015blinnego, uzyskiwany w procesie fermentacji. Reaguje z aminokwasami sk\u00f3ry, aby uzyska\u0107 naturalnie wygl\u0105daj\u0105c\u0105 opalenizn\u0119 bez ekspozycji na s\u0142o\u0144ce."},{"_v2024__image_ingredients__ingredient_image":1000009842,"_v2024__image_ingredients__ingredient_title":"KWAS HIALURONOWY","_v2024__image_ingredients__ingredient_description":"Silny humektant pochodzenia naturalnego. Zapewnia g\u0142\u0119bokie nawil\u017cenie, kt\u00f3re pomaga opaleni\u017anie rozwija\u0107 si\u0119 r\u00f3wnomiernie i utrzymywa\u0107 si\u0119 d\u0142u\u017cej. Chroni przed powstawaniem plam i smug."},{"_v2024__image_ingredients__ingredient_image":1000009841,"_v2024__image_ingredients__ingredient_title":"MARULA","_v2024__image_ingredients__ingredient_description":"Lekki, g\u0142\u0119boko nawil\u017caj\u0105cy olejek, bogaty w przeciwutleniacze i niezb\u0119dne kwasy t\u0142uszczowe. Wch\u0142ania si\u0119 szybko i g\u0142\u0119boko, przygotowuj\u0105c sk\u00f3r\u0119 do r\u00f3wnomiernej opalenizny. Wspiera zdrow\u0105 barier\u0119 sk\u00f3rn\u0105, zapewniaj\u0105c jej stopniowe, r\u00f3wnomierne blakni\u0119cie."},{"_v2024__image_ingredients__ingredient_image":1000009844,"_v2024__image_ingredients__ingredient_title":"CACAY","_v2024__image_ingredients__ingredient_description":"Nazywany \u201ez\u0142otem Amazonii\u201d, ten olejek ma silne dzia\u0142anie przeciwstarzeniowe i nawil\u017caj\u0105ce. Wyj\u0105tkowo bogaty w witamin\u0119 A, ceniony jako naturalny retinol. Zapewnia g\u0142adk\u0105, odnowion\u0105 baz\u0119 pod r\u00f3wnomiern\u0105 opalenizn\u0119."},{"_v2024__image_ingredients__ingredient_image":1000006712,"_v2024__image_ingredients__ingredient_title":"KOKOS","_v2024__image_ingredients__ingredient_description":"\u0141atwo si\u0119 wch\u0142ania, g\u0142\u0119boko nawil\u017ca i utrzymuje wilgo\u0107 w sk\u00f3rze. Tworzy barier\u0119 ochronn\u0105 i zapobiega powstawaniu ciemnych przebarwie\u0144 w suchych miejscach, takich jak \u0142okcie i kolana."}],"_v2024__image_ingredients__all_ingredients":"INCI: AQUA*, CAPRYLIC\/CAPRIC TRIGLYCERIDE*, COCO-CAPRYLATE\/CAPRATE*, DIHYDROXYACETONE*, PENTYLENE GLYCOL*, MAGNESIUM SULFATE, POLYGLYCERYL-6 STEARATE*, XANTHAN GUM*, COCOS NUCIFERA OIL*, SCLEROCARYA BIRREA SEED OIL*, CARYODENDRON ORINOCENSE SEED OIL*, SODIUM HYALURONATE*, LECITHIN*, PULLULAN*, CITRIC ACID*, C14-22 ALCOHOLS*, C12-20 ALKYL GLUCOSIDE*, MICROCRYSTALLINE CELLULOSE*, CELLULOSE GUM*, SCLEROTIUM GUM*, POLYGLYCERYL-6 BEHENATE*, POLYGLYCERYL-4 DIISOSTEARATE\/POLYHYDROXYSTEARATE\/SEBACATE*, POLYGLYCERYL-3 OLEATE*, DIISOSTEAROYL POLYGLYCERYL-3 DIMER DILINOLEATE*, HYDRATED SILICA*, TETRASODIUM GLUTAMATE DIACETATE, PARFUM*, VANILLIN, LINALOOL, CITRAL, BENZALDEHYDE\r\n\r\n*Sk\u0142adniki pochodzenia naturalnego\r\n\r\nNale\u017cy mie\u0107 na uwadze, \u017ce lista sk\u0142adnik\u00f3w mo\u017ce si\u0119 nieznacznie r\u00f3\u017cni\u0107 w czasie ze wzgl\u0119du na ulepszenia produktu. Najbardziej aktualne informacje mo\u017cna znale\u017a\u0107 na opakowaniu produktu.","_v2024__usage_content__left_content":"<strong>GDZIE:<\/strong> ca\u0142e cia\u0142o\r\n\r\n<strong>JAK CZ\u0118STO:<\/strong> Codziennie jako nawil\u017caj\u0105ce mleczko do cia\u0142a, a\u017c do uzyskania br\u0105zowej opalenizny o po\u017c\u0105danej intensywno\u015bci.\r\n\r\nIm cz\u0119\u015bciej stosujesz SOLIS Gradual Tan Body Milk, tym bardziej intensywna staje si\u0119 Twoja opalenizna.\r\n\r\n<strong>JAK:<\/strong>\r\n<ul>\r\n \t<li>1. Aby uzyska\u0107 najlepsze rezultaty, 24 godziny przed pierwszym zastosowaniem z\u0142uszcz sk\u00f3r\u0119 cia\u0142a r\u0119kawic\u0105 Exfoliating Mitt.<\/li>\r\n \t<li>2. Na czyst\u0105, such\u0105 sk\u00f3r\u0119 na\u0142\u00f3\u017c mleczko za pomoc\u0105 r\u0119kawicy Self-tanning Mitt, wykonuj\u0105c delikatne ruchy masuj\u0105ce. Na\u0142\u00f3\u017c oszcz\u0119dnie na \u0142okcie, kolana, kostki, stopy i d\u0142onie.<\/li>\r\n \t<li>3. Je\u015bli nak\u0142adasz produkt bez r\u0119kawicy, dok\u0142adnie umyj r\u0119ce. Aby chroni\u0107 d\u0142onie przed ewentualnym zabarwieniem, zalecamy u\u017cycie Self-tanning Mitt.<\/li>\r\n \t<li>4. Poczekaj, a\u017c produkt ca\u0142kowicie si\u0119 wch\u0142onie, zanim si\u0119 ubierzesz.<\/li>\r\n<\/ul>\r\n<strong>PROSZ\u0118 ZWR\u00d3CI\u0106 UWAG\u0118:<\/strong> Przechowywa\u0107 w ch\u0142odnym, ciemnym i suchym miejscu. Ze wzgl\u0119du na naturalny sk\u0142ad, kolor balsamu mo\u017ce si\u0119 zmienia\u0107 z czasem, ale nie wp\u0142ywa to na jego jako\u015b\u0107 ani skuteczno\u015b\u0107. Tylko do u\u017cytku zewn\u0119trznego. Przetestowa\u0107 pod k\u0105tem alergii 24 godziny przed u\u017cyciem. Przerwa\u0107 stosowanie, je\u015bli wyst\u0105pi podra\u017cnienie. Nie stosowa\u0107 na uszkodzon\u0105 lub zranion\u0105 sk\u00f3r\u0119. Unika\u0107 kontaktu z oczami. Produkt nie zawiera filtr\u00f3w przeciws\u0142onecznych i nie chroni przed oparzeniami s\u0142onecznymi. Trzyma\u0107 z dala od dzieci!","_v2024__usage_content__right_bottom_content":"","_v2024__usage_content__note":"","_v2024__usage_content__storage":""},"_links":{"self":[{"href":"https:\/\/cocosolis.com\/pl\/wp-json\/wp\/v2\/product\/1000064237","targetHints":{"allow":["GET"]}}],"collection":[{"href":"https:\/\/cocosolis.com\/pl\/wp-json\/wp\/v2\/product"}],"about":[{"href":"https:\/\/cocosolis.com\/pl\/wp-json\/wp\/v2\/types\/product"}],"wp:attachment":[{"href":"https:\/\/cocosolis.com\/pl\/wp-json\/wp\/v2\/media?parent=1000064237"}],"wp:term":[{"taxonomy":"product_brand","embeddable":true,"href":"https:\/\/cocosolis.com\/pl\/wp-json\/wp\/v2\/product_brand?post=1000064237"},{"taxonomy":"product_cat","embeddable":true,"href":"https:\/\/cocosolis.com\/pl\/wp-json\/wp\/v2\/product_cat?post=1000064237"},{"taxonomy":"product_tag","embeddable":true,"href":"https:\/\/cocosolis.com\/pl\/wp-json\/wp\/v2\/product_tag?post=1000064237"},{"taxonomy":"product_template","embeddable":true,"href":"https:\/\/cocosolis.com\/pl\/wp-json\/wp\/v2\/product_template?post=1000064237"}],"curies":[{"name":"wp","href":"https:\/\/api.w.org\/{rel}","templated":true}]}}