{"id":1000048353,"date":"2025-07-07T15:12:03","date_gmt":"2025-07-07T13:12:03","guid":{"rendered":"https:\/\/cocosolis.com\/pl\/product\/lift-anti-aging-serum\/"},"modified":"2026-04-06T15:27:07","modified_gmt":"2026-04-06T13:27:07","slug":"lift-anti-aging-serum","status":"publish","type":"product","link":"https:\/\/cocosolis.com\/pl\/product\/lift-anti-aging-serum\/","title":{"rendered":"LIFT+ Anti-aging Serum"},"content":{"rendered":"","protected":false},"excerpt":{"rendered":"","protected":false},"featured_media":1000008657,"template":"","meta":{"_acf_changed":false},"product_brand":[],"product_cat":[19],"product_tag":[],"product_template":[67],"class_list":{"0":"post-1000048353","1":"product","2":"type-product","3":"status-publish","4":"has-post-thumbnail","6":"product_cat-skin","7":"product_template-v-2024-clean","9":"first","10":"instock","11":"shipping-taxable","12":"purchasable","13":"product-type-simple"},"acf":{"_v2024__listing_and_sharing_info__listing_category":"LIFT+","_v2024__listing_and_sharing_info__product_type":"Anti-aging Serum","_v2024__listing__and_sharing_info__listing_below_title_in_product_page":"Odm\u0142adzaj\u0105ce serum-booster. Wysoce skoncentrowana formu\u0142a o dzia\u0142aniu liftinguj\u0105cym.<br><strong>Obszar zastosowania: szyja, dekolt i biust<\/strong>","_v2024__listing_and_sharing_info__listing_description":"Odm\u0142adzaj\u0105ce serum-booster. Wysoce skoncentrowana formu\u0142a o dzia\u0142aniu liftinguj\u0105cym.<br><strong>Obszar zastosowania: szyja, dekolt i biust<\/strong>","_v2024__listing_and_sharing_info__image":1000008658,"_v2024__product_hero__hero_type":"carousel","_v2024__product_hero__product_slider_gallery":[{"_v2024__product_hero__product_slider_gallery__image":1000008339,"_v2024__product_hero__product_slider_gallery__video_link":""},{"_v2024__product_hero__product_slider_gallery__image":1000008413,"_v2024__product_hero__product_slider_gallery__video_link":""},{"_v2024__product_hero__product_slider_gallery__image":1000008414,"_v2024__product_hero__product_slider_gallery__video_link":""},{"_v2024__product_hero__product_slider_gallery__image":1000008415,"_v2024__product_hero__product_slider_gallery__video_link":""},{"_v2024__product_hero__product_slider_gallery__image":1000008416,"_v2024__product_hero__product_slider_gallery__video_link":""},{"_v2024__product_hero__product_slider_gallery__image":1000008417,"_v2024__product_hero__product_slider_gallery__video_link":""},{"_v2024__product_hero__product_slider_gallery__image":1000008418,"_v2024__product_hero__product_slider_gallery__video_link":""},{"_v2024__product_hero__product_slider_gallery__image":1000008340,"_v2024__product_hero__product_slider_gallery__video_link":""}],"_v2024__before_and_after_image":"","_v2024__before_and_after_image_mobile":"","_v2024__product_hero__quantity":"50 ML","_v2024__product_hero__product_disclamer":"","_v2024__why_use__should_show":"visible","_v2024__why_use__description_text":"Liftinguj\u0105ce serum-spray do szyi, dekoltu i biustu. Zawiera 9 silnie dzia\u0142aj\u0105cych sk\u0142adnik\u00f3w o udowodnionym klinicznie dzia\u0142aniu uj\u0119drniaj\u0105cym, wyg\u0142adzaj\u0105cym i wzmacniaj\u0105cym kolagen \u2013 zapewniaj\u0105c widoczne rezultaty ju\u017c po miesi\u0105cu.","_v2024__why_use__text_content":"<ul>\r\n \t<li><strong>Efekt transformuj\u0105cy<\/strong>: liftinguje i uj\u0119drnia sk\u00f3r\u0119 szyi i biustu<\/li>\r\n \t<li><strong>Dzia\u0142anie uzupe\u0142niaj\u0105ce<\/strong>: wyg\u0142adza zmarszczki i odm\u0142adza<\/li>\r\n \t<li><strong>Zapach<\/strong>: delikatna gruszka<\/li>\r\n \t<li><strong>Obszar zastosowania<\/strong>: szyja, dekolt i biust<\/li>\r\n<\/ul>","_v2024__why_use__product_notes_and_remarks":"","_v2024__why_use__background_color":"#FBF1EB","_v2024__why_use__heading_color":"#816c65","_v2024__why_use__text_color":"#816c65","_v2024__why_use__image_desktop":1000008629,"_v2024__why_use__image_mobile":1000008630,"_v2024__stats_show":false,"_v2024__stats_repeater":null,"_v2024__stats_repeater_disclaimer":null,"_v2024__benefits__icons_repeater":[{"_v2024__benefit__icons_repeater_icon":1000008669,"_v2024__benefit__icons_repeater_text":"DZIA\u0141A LIFTINGUJ\u0104CO"},{"_v2024__benefit__icons_repeater_icon":1000008668,"_v2024__benefit__icons_repeater_text":"UJ\u0118DRNIA"},{"_v2024__benefit__icons_repeater_icon":1000008674,"_v2024__benefit__icons_repeater_text":"ODM\u0141ADZA"},{"_v2024__benefit__icons_repeater_icon":1000008670,"_v2024__benefit__icons_repeater_text":"PACHNIE DELIKATN\u0104 GRUSZK\u0104"}],"_v2024__image_ingreddients__intro_text":"Pot\u0119\u017cna mieszanka wzmacniaczy kolagenu, przeciwstarzeniowych i nawil\u017caj\u0105cych sk\u0142adnik\u00f3w aktywnych dzia\u0142a synergicznie z ekstraktami ro\u015blinnymi, aby odm\u0142odzi\u0107 szyj\u0119, dekolt i biust.","_v2024__image_ingreddients__additional_description":"","_v2024__image_ingreddients__disclamer_inner":"","_v2024__image_ingredients__repeater":[{"_v2024__image_ingredients__ingredient_image":1000008643,"_v2024__image_ingredients__ingredient_title":"DERMOSCULPT\u2122","_v2024__image_ingredients__ingredient_description":"Innowacja przeciw rozst\u0119pom z efektem 360\u00b0 Green Collagen Builder. Silny sk\u0142adnik aktywny, kt\u00f3ry stymuluje produkcj\u0119 kolagenu i kluczowych glikozaminoglikan\u00f3w (GAG), takich jak kwas hialuronowy. Wzmacnia struktur\u0119 sk\u00f3ry, zwi\u0119ksza elastyczno\u015b\u0107, zapewnia g\u0142\u0119bokie nawil\u017cenie i efekt liftingu."},{"_v2024__image_ingredients__ingredient_image":1000008639,"_v2024__image_ingredients__ingredient_title":"BODYFERM\u2122","_v2024__image_ingredients__ingredient_description":"Uj\u0119drnia problematyczne obszary, wspomaga mikrokr\u0105\u017cenie i uruchamia proces spalania podsk\u00f3rnej tkanki t\u0142uszczowej."},{"_v2024__image_ingredients__ingredient_image":1000008651,"_v2024__image_ingredients__ingredient_title":"RHODYSSEY\u2122","_v2024__image_ingredients__ingredient_description":"Stymuluje aktywno\u015b\u0107 mitochondri\u00f3w i syntez\u0119 kwasu hialuronowego, zapewniaj\u0105c g\u0142\u0119bokie nawil\u017cenie i regeneracj\u0119 sk\u00f3ry. Uj\u0119drnia, wyg\u0142adza i wzmacnia barier\u0119 ochronn\u0105 sk\u00f3ry. Zwi\u0119ksza elastyczno\u015b\u0107 i przywraca m\u0142ody wygl\u0105d."},{"_v2024__image_ingredients__ingredient_image":1000008648,"_v2024__image_ingredients__ingredient_title":"PEPTYDY","_v2024__image_ingredients__ingredient_description":"Innowacyjny kompleks peptydowy, kt\u00f3ry stymuluje regeneracj\u0119 sk\u00f3ry, redukuje zmarszczki i poprawia elastyczno\u015b\u0107. Regeneruje sie\u0107 kolagenow\u0105, spowalnia starzenie kom\u00f3rkowe i wzmacnia struktur\u0119 sk\u00f3ry, nadaj\u0105c jej m\u0142odzie\u0144czy wygl\u0105d."},{"_v2024__image_ingredients__ingredient_image":1000008647,"_v2024__image_ingredients__ingredient_title":"GUARANA","_v2024__image_ingredients__ingredient_description":"Ekstrakt bogaty w kofein\u0119, kt\u00f3ry stymuluje rozk\u0142ad t\u0142uszczu i poprawia mikrokr\u0105\u017cenie. Zmniejsza retencj\u0119 p\u0142yn\u00f3w."},{"_v2024__image_ingredients__ingredient_image":1000008650,"_v2024__image_ingredients__ingredient_title":"OPUNCJA FIGOWA","_v2024__image_ingredients__ingredient_description":"Ekstrakt ten zmniejsza widoczno\u015b\u0107 cellulitu, poprawiaj\u0105c struktur\u0119 i elastyczno\u015b\u0107 sk\u00f3ry. Nawil\u017ca, detoksykuje i wspomaga regeneracj\u0119."},{"_v2024__image_ingredients__ingredient_image":1000008646,"_v2024__image_ingredients__ingredient_title":"ZIELONY ORZECH","_v2024__image_ingredients__ingredient_description":"Ekstrakt o silnych w\u0142a\u015bciwo\u015bciach antyoksydacyjnych i detoksykuj\u0105cych. Wspomaga metabolizm t\u0142uszcz\u00f3w, poprawia elastyczno\u015b\u0107 i modeluje sylwetk\u0119."},{"_v2024__image_ingredients__ingredient_image":1000008644,"_v2024__image_ingredients__ingredient_title":"PITAJA (SMOCZY OWOC)","_v2024__image_ingredients__ingredient_description":"Ekstrakt ten poprawia elastyczno\u015b\u0107, promienno\u015b\u0107 i odbudowuje struktur\u0119 sk\u00f3ry."},{"_v2024__image_ingredients__ingredient_image":1000004197,"_v2024__image_ingredients__ingredient_title":"ORZECH KOKOSOWY","_v2024__image_ingredients__ingredient_description":"G\u0142\u0119boko nawil\u017caj\u0105cy, od\u017cywczy i zmi\u0119kczaj\u0105cy ekstrakt. Wspiera barier\u0119 ochronn\u0105 sk\u00f3ry, poprawia jej elastyczno\u015b\u0107 i nadaje g\u0142adki i j\u0119drny wygl\u0105d."}],"_v2024__image_ingredients__all_ingredients":"AQUA*, GLYCERIN*, POLYSORBATE 20, CHLORELLA VULGARIS EXTRACT*, PUNICA GRANATUM PERICARP EXTRACT*, CORYLUS AVELLANA SEED EXTRACT*, SACCHAROMYCES FERMENT LYSATE FILTRATE*, HYDROLYZED RHODOPHYCEAE EXTRACT*, MARIS AQUA*, HYDROLYZED WALNUT EXTRACT*, PALMITOYL TRIPEPTIDE-1, PALMITOYL TETRAPEPTIDE-7, COCOS NUCIFERA FRUIT EXTRACT*, CITRIC ACID*, SODIUM LEVULINATE*, LACTIC ACID*, SODIUM LACTATE*, PARFUM, SODIUM PHYTATE*, CARBOMER, BUTYLENE GLYCOL, PHENETHYL ALCOHOL*, SODIUM BENZOATE, POTASSIUM SORBATE, DIMETHYL PHENETHYL ACETATE, ROSE KETONES\r\n\r\n<em>* Sk\u0142adniki pochodzenia naturalnego<\/em>\r\n\r\n<em>Nale\u017cy mie\u0107 na uwadze, \u017ce lista sk\u0142adnik\u00f3w mo\u017ce si\u0119 nieznacznie r\u00f3\u017cni\u0107 w czasie, ze wzgl\u0119du na ulepszenia produktu. Najbardziej aktualne informacje mo\u017cna znale\u017a\u0107 na opakowaniu produktu.<\/em>","_v2024__usage_content__left_content":"<strong>GDZIE<\/strong>: szyja, dekolt i biust\r\n\r\n<strong>KIEDY<\/strong>: rano i wieczorem\r\n\r\n<strong>JAK<\/strong>: spryska\u0107 czyst\u0105, such\u0105 sk\u00f3r\u0119 i delikatnie wmasowa\u0107 do wch\u0142oni\u0119cia","_v2024__usage_content__right_bottom_content":"","_v2024__usage_content__note":"<strong>UWAGA<\/strong>\r\n\r\nPrzechowywa\u0107 w ch\u0142odnym, ciemnym i suchym miejscu. Tylko do u\u017cytku zewn\u0119trznego. Przerwa\u0107 stosowanie, je\u015bli wyst\u0105pi podra\u017cnienie. Nie stosowa\u0107 na uszkodzon\u0105 lub zranion\u0105 sk\u00f3r\u0119. Unika\u0107 kontaktu z oczami.","_v2024__usage_content__storage":""},"_links":{"self":[{"href":"https:\/\/cocosolis.com\/pl\/wp-json\/wp\/v2\/product\/1000048353","targetHints":{"allow":["GET"]}}],"collection":[{"href":"https:\/\/cocosolis.com\/pl\/wp-json\/wp\/v2\/product"}],"about":[{"href":"https:\/\/cocosolis.com\/pl\/wp-json\/wp\/v2\/types\/product"}],"wp:featuredmedia":[{"embeddable":true,"href":"https:\/\/cocosolis.com\/pl\/wp-json\/"}],"wp:attachment":[{"href":"https:\/\/cocosolis.com\/pl\/wp-json\/wp\/v2\/media?parent=1000048353"}],"wp:term":[{"taxonomy":"product_brand","embeddable":true,"href":"https:\/\/cocosolis.com\/pl\/wp-json\/wp\/v2\/product_brand?post=1000048353"},{"taxonomy":"product_cat","embeddable":true,"href":"https:\/\/cocosolis.com\/pl\/wp-json\/wp\/v2\/product_cat?post=1000048353"},{"taxonomy":"product_tag","embeddable":true,"href":"https:\/\/cocosolis.com\/pl\/wp-json\/wp\/v2\/product_tag?post=1000048353"},{"taxonomy":"product_template","embeddable":true,"href":"https:\/\/cocosolis.com\/pl\/wp-json\/wp\/v2\/product_template?post=1000048353"}],"curies":[{"name":"wp","href":"https:\/\/api.w.org\/{rel}","templated":true}]}}