{"id":1000048352,"date":"2025-07-07T15:12:03","date_gmt":"2025-07-07T13:12:03","guid":{"rendered":"https:\/\/cocosolis.com\/pl\/product\/slim-shaping-serum\/"},"modified":"2026-04-06T15:27:06","modified_gmt":"2026-04-06T13:27:06","slug":"slim-shaping-serum","status":"publish","type":"product","link":"https:\/\/cocosolis.com\/pl\/product\/slim-shaping-serum\/","title":{"rendered":"SLIM+ Shaping Serum"},"content":{"rendered":"","protected":false},"excerpt":{"rendered":"","protected":false},"featured_media":1000008661,"template":"","meta":{"_acf_changed":false},"product_brand":[],"product_cat":[19],"product_tag":[],"product_template":[67],"class_list":{"0":"post-1000048352","1":"product","2":"type-product","3":"status-publish","4":"has-post-thumbnail","6":"product_cat-skin","7":"product_template-v-2024-clean","9":"first","10":"instock","11":"shipping-taxable","12":"purchasable","13":"product-type-simple"},"acf":{"_v2024__listing_and_sharing_info__listing_category":"SLIM+","_v2024__listing_and_sharing_info__product_type":"Shaping Serum","_v2024__listing__and_sharing_info__listing_below_title_in_product_page":"Modeluj\u0105cy serum-koncentrat. Ukierunkowane dzia\u0142anie przeciw t\u0142uszczowi, wiotkiej sk\u00f3rze i rozst\u0119pom. Zmniejsza obw\u00f3dy.<br><strong>Obszar zastosowania: brzuch i ramiona<\/strong>","_v2024__listing_and_sharing_info__listing_description":"Modeluj\u0105cy serum-koncentrat. Ukierunkowane dzia\u0142anie przeciw t\u0142uszczowi, wiotkiej sk\u00f3rze i rozst\u0119pom.<br><strong>Obszar zastosowania: brzuch i ramiona<\/strong>","_v2024__listing_and_sharing_info__image":1000008662,"_v2024__product_hero__hero_type":"carousel","_v2024__product_hero__product_slider_gallery":[{"_v2024__product_hero__product_slider_gallery__image":1000008529,"_v2024__product_hero__product_slider_gallery__video_link":""},{"_v2024__product_hero__product_slider_gallery__image":1000008603,"_v2024__product_hero__product_slider_gallery__video_link":""},{"_v2024__product_hero__product_slider_gallery__image":1000008604,"_v2024__product_hero__product_slider_gallery__video_link":""},{"_v2024__product_hero__product_slider_gallery__image":1000008605,"_v2024__product_hero__product_slider_gallery__video_link":""},{"_v2024__product_hero__product_slider_gallery__image":1000008606,"_v2024__product_hero__product_slider_gallery__video_link":""},{"_v2024__product_hero__product_slider_gallery__image":1000008607,"_v2024__product_hero__product_slider_gallery__video_link":""},{"_v2024__product_hero__product_slider_gallery__image":1000008608,"_v2024__product_hero__product_slider_gallery__video_link":""},{"_v2024__product_hero__product_slider_gallery__image":1000008530,"_v2024__product_hero__product_slider_gallery__video_link":""}],"_v2024__before_and_after_image":"","_v2024__before_and_after_image_mobile":"","_v2024__product_hero__quantity":"100 ML","_v2024__product_hero__product_disclamer":"","_v2024__why_use__should_show":"visible","_v2024__why_use__description_text":"Ukierunkowana formu\u0142a na brzuch i ramiona. 9 naturalnych sk\u0142adnik\u00f3w o udowodnionym klinicznie dzia\u0142aniu zwalczaj\u0105 tkank\u0119 t\u0142uszczow\u0105 i uj\u0119drniaj\u0105 sk\u00f3r\u0119. Widoczne rezultaty ju\u017c po miesi\u0105cu.","_v2024__why_use__text_content":"<ul>\r\n \t<li><strong>Efekt transformuj\u0105cy<\/strong>: zmniejsza obw\u00f3d, uj\u0119drnia i modeluje<\/li>\r\n \t<li><strong>Dzia\u0142anie uzupe\u0142niaj\u0105ce<\/strong>: zwi\u0119ksza elastyczno\u015b\u0107 sk\u00f3ry i zapobiega powstawaniu rozst\u0119p\u00f3w<\/li>\r\n \t<li><strong>Zapach<\/strong>: pomara\u0144cza krwista<\/li>\r\n \t<li><strong>Obszar zastosowania<\/strong>: brzuch i ramiona<\/li>\r\n<\/ul>","_v2024__why_use__product_notes_and_remarks":"","_v2024__why_use__background_color":"#FBF1EB","_v2024__why_use__heading_color":"#816c65","_v2024__why_use__text_color":"#816c65","_v2024__why_use__image_desktop":1000008633,"_v2024__why_use__image_mobile":1000008634,"_v2024__stats_show":false,"_v2024__stats_repeater":null,"_v2024__stats_repeater_disclaimer":null,"_v2024__benefits__icons_repeater":[{"_v2024__benefit__icons_repeater_icon":1000008673,"_v2024__benefit__icons_repeater_text":"ZMNIEJSZA OBWODY"},{"_v2024__benefit__icons_repeater_icon":1000008666,"_v2024__benefit__icons_repeater_text":"UJ\u0118DRNIA I MODELUJE"},{"_v2024__benefit__icons_repeater_icon":1000008671,"_v2024__benefit__icons_repeater_text":"ZAPOBIEGA POWSTAWANIU ROZST\u0118P\u00d3W"},{"_v2024__benefit__icons_repeater_icon":1000008663,"_v2024__benefit__icons_repeater_text":"PACHNIE POMARA\u0143CZ\u0104 KRWIST\u0104"}],"_v2024__image_ingreddients__intro_text":"Bogata, naturalna formu\u0142a z innowacyjnymi sk\u0142adnikami, kt\u00f3re spalaj\u0105 t\u0142uszcz, stymuluj\u0105 kolagen i nawil\u017caj\u0105 sk\u00f3r\u0119. 5 ekstrakt\u00f3w botanicznych wzmacnia ich dzia\u0142anie.","_v2024__image_ingreddients__additional_description":"","_v2024__image_ingreddients__disclamer_inner":"","_v2024__image_ingredients__repeater":[{"_v2024__image_ingredients__ingredient_image":1000008649,"_v2024__image_ingredients__ingredient_title":"PINK PEPPERSLIM\u2122","_v2024__image_ingredients__ingredient_description":"Zawarty w podw\u00f3jnej dawce, promuje aktywne spalanie t\u0142uszczu i mikrokr\u0105\u017cenie. Ogranicza magazynowanie t\u0142uszczu i odprowadza nadmiar p\u0142yn\u00f3w."},{"_v2024__image_ingredients__ingredient_image":1000008643,"_v2024__image_ingredients__ingredient_title":"DERMOSCULPT\u2122","_v2024__image_ingredients__ingredient_description":"Innowacja przeciw rozst\u0119pom z efektem 360\u00b0 Green Collagen Builder. Silny sk\u0142adnik aktywny, kt\u00f3ry stymuluje produkcj\u0119 kolagenu i kluczowych glikozaminoglikan\u00f3w (GAG), takich jak kwas hialuronowy. Wzmacnia struktur\u0119 sk\u00f3ry, zwi\u0119ksza elastyczno\u015b\u0107, zapewnia g\u0142\u0119bokie nawil\u017cenie i efekt liftingu."},{"_v2024__image_ingredients__ingredient_image":1000008639,"_v2024__image_ingredients__ingredient_title":"BODYFERM\u2122","_v2024__image_ingredients__ingredient_description":"Udowodnione dzia\u0142anie zmniejszaj\u0105ce obw\u00f3d brzucha i ramion. Uj\u0119drnia problematyczne obszary, wspomaga mikrokr\u0105\u017cenie i uruchamia proces spalania podsk\u00f3rnej tkanki t\u0142uszczowej."},{"_v2024__image_ingredients__ingredient_image":1000002902,"_v2024__image_ingredients__ingredient_title":"AQUAXYL\u2122 + GLYCERIN","_v2024__image_ingredients__ingredient_description":"Po\u0142\u0105czenie zapewniaj\u0105ce silne nawil\u017cenie. Synteza ceramid\u00f3w i dzia\u0142anie przeciwstarzeniowe. Sk\u00f3ra pozostaje promienna, g\u0142adka i nawil\u017cona przez ponad 24 godziny."},{"_v2024__image_ingredients__ingredient_image":1000008647,"_v2024__image_ingredients__ingredient_title":"GUARANA","_v2024__image_ingredients__ingredient_description":"Ekstrakt bogaty w kofein\u0119, kt\u00f3ry stymuluje rozk\u0142ad t\u0142uszczu i poprawia mikrokr\u0105\u017cenie. Zmniejsza retencj\u0119 p\u0142yn\u00f3w."},{"_v2024__image_ingredients__ingredient_image":1000008650,"_v2024__image_ingredients__ingredient_title":"OPUNCJA FIGOWA","_v2024__image_ingredients__ingredient_description":"Ekstrakt ten zmniejsza widoczno\u015b\u0107 cellulitu, poprawiaj\u0105c struktur\u0119 i elastyczno\u015b\u0107 sk\u00f3ry. Nawil\u017ca, detoksykuje i wspomaga regeneracj\u0119."},{"_v2024__image_ingredients__ingredient_image":1000008638,"_v2024__image_ingredients__ingredient_title":"POMARA\u0143CZA KRWISTA","_v2024__image_ingredients__ingredient_description":"Ekstrakt, kt\u00f3ry stymuluje kr\u0105\u017cenie i redukuje gromadzenie si\u0119 t\u0142uszczu. Wzmacnia sk\u00f3r\u0119 dzi\u0119ki przeciwutleniaczom, poprawia jej elastyczno\u015b\u0107 i zwi\u0119ksza witalno\u015b\u0107."},{"_v2024__image_ingredients__ingredient_image":1000008645,"_v2024__image_ingredients__ingredient_title":"KAWA ZIELONA","_v2024__image_ingredients__ingredient_description":"Ekstrakt, kt\u00f3ry stymuluje termogenez\u0119, przyspiesza metabolizm sk\u00f3ry i wspomaga rozk\u0142ad t\u0142uszczu. Bogaty w kwas chlorogenowy, kt\u00f3ry poprawia mikrokr\u0105\u017cenie i redukuje widoczny cellulit."},{"_v2024__image_ingredients__ingredient_image":1000004197,"_v2024__image_ingredients__ingredient_title":"ORZECH KOKOSOWY","_v2024__image_ingredients__ingredient_description":"G\u0142\u0119boko nawil\u017caj\u0105cy, od\u017cywczy i zmi\u0119kczaj\u0105cy ekstrakt. Wspiera barier\u0119 ochronn\u0105 sk\u00f3ry, poprawia jej elastyczno\u015b\u0107 i nadaje g\u0142adki i j\u0119drny wygl\u0105d."}],"_v2024__image_ingredients__all_ingredients":"AQUA*, GLYCERIN*, POLYSORBATE 20, PUNICA GRANATUM PERICARP EXTRACT*, CORYLUS AVELLANA SEED EXTRACT*, SACCHAROMYCES FERMENT LYSATE FILTRATE*, CHLORELLA VULGARIS EXTRACT*, SCHINUS TEREBINTHIFOLIA SEED EXTRACT*, XYLITYLGLUCOSIDE*, ANHYDROXYLITOL*, XYLITOL*, VACCINIUM MYRTILLUS FRUIT EXTRACT*, COFFEA ARABICA SEED EXTRACT*, OPUNTIA FICUS-INDICA FLOWER EXTRACT*, HYLOCEREUS UNDATUS FRUIT EXTRACT*, COCOS NUCIFERA FRUIT EXTRACT*, CAPSICUM FRUTESCENS FRUIT EXTRACT*, PAULLINIA CUPANA SEED EXTRACT*, CITRIC ACID*, ACACIA SENEGAL GUM*, XANTHAN GUM*, LACTIC ACID*, SODIUM LEVULINATE*, CITRUS AURANTIUM PEEL OIL*, SODIUM PHYTATE*, SODIUM BENZOATE, POTASSIUM SORBATE, LIMONENE, PINENE, LINALOOL\r\n\r\n<em>Nale\u017cy mie\u0107 na uwadze, \u017ce lista sk\u0142adnik\u00f3w mo\u017ce si\u0119 nieznacznie r\u00f3\u017cni\u0107 w czasie, ze wzgl\u0119du na ulepszenia produktu. Najbardziej aktualne informacje mo\u017cna znale\u017a\u0107 na opakowaniu produktu.<\/em>","_v2024__usage_content__left_content":"<strong>GDZIE<\/strong>: brzuch i ramiona\r\n\r\n<strong>KIEDY<\/strong>: rano i wieczorem\r\n\r\n<strong>JAK<\/strong>: nak\u0142ada\u0107 na czyst\u0105, such\u0105 sk\u00f3r\u0119 masuj\u0105cymi ruchami a\u017c do ca\u0142kowitego wch\u0142oni\u0119cia\r\n\r\n<strong>DLA NAJLEPSZYCH REZULTAT\u00d3W<\/strong>: po\u0142\u0105czy\u0107 z naszym masa\u017cerem BODY GUA SHA i olejkiem SKIN zgodnie z podstawowymi potrzebami sk\u00f3ry","_v2024__usage_content__right_bottom_content":"","_v2024__usage_content__note":"<strong>UWAGA<\/strong>\r\n\r\nPrzechowywa\u0107 w ch\u0142odnym, ciemnym i suchym miejscu. Tylko do u\u017cytku zewn\u0119trznego. Przerwa\u0107 stosowanie, je\u015bli wyst\u0105pi podra\u017cnienie. Nie stosowa\u0107 na uszkodzon\u0105 lub zranion\u0105 sk\u00f3r\u0119.","_v2024__usage_content__storage":""},"_links":{"self":[{"href":"https:\/\/cocosolis.com\/pl\/wp-json\/wp\/v2\/product\/1000048352","targetHints":{"allow":["GET"]}}],"collection":[{"href":"https:\/\/cocosolis.com\/pl\/wp-json\/wp\/v2\/product"}],"about":[{"href":"https:\/\/cocosolis.com\/pl\/wp-json\/wp\/v2\/types\/product"}],"wp:featuredmedia":[{"embeddable":true,"href":"https:\/\/cocosolis.com\/pl\/wp-json\/"}],"wp:attachment":[{"href":"https:\/\/cocosolis.com\/pl\/wp-json\/wp\/v2\/media?parent=1000048352"}],"wp:term":[{"taxonomy":"product_brand","embeddable":true,"href":"https:\/\/cocosolis.com\/pl\/wp-json\/wp\/v2\/product_brand?post=1000048352"},{"taxonomy":"product_cat","embeddable":true,"href":"https:\/\/cocosolis.com\/pl\/wp-json\/wp\/v2\/product_cat?post=1000048352"},{"taxonomy":"product_tag","embeddable":true,"href":"https:\/\/cocosolis.com\/pl\/wp-json\/wp\/v2\/product_tag?post=1000048352"},{"taxonomy":"product_template","embeddable":true,"href":"https:\/\/cocosolis.com\/pl\/wp-json\/wp\/v2\/product_template?post=1000048352"}],"curies":[{"name":"wp","href":"https:\/\/api.w.org\/{rel}","templated":true}]}}