{"id":1000048351,"date":"2025-07-07T15:12:03","date_gmt":"2025-07-07T13:12:03","guid":{"rendered":"https:\/\/cocosolis.com\/pl\/product\/skin-anti-cellulite-serum\/"},"modified":"2026-04-30T09:14:47","modified_gmt":"2026-04-30T07:14:47","slug":"skin-anti-cellulite-serum","status":"publish","type":"product","link":"https:\/\/cocosolis.com\/pl\/product\/skin-anti-cellulite-serum\/","title":{"rendered":"SKIN+ Anti-cellulite Serum"},"content":{"rendered":"","protected":false},"excerpt":{"rendered":"","protected":false},"featured_media":1000008659,"template":"","meta":{"_acf_changed":false},"product_brand":[],"product_cat":[19],"product_tag":[],"product_template":[67],"class_list":{"0":"post-1000048351","1":"product","2":"type-product","3":"status-publish","4":"has-post-thumbnail","6":"product_cat-skin","7":"product_template-v-2024-clean","9":"first","10":"instock","11":"shipping-taxable","12":"purchasable","13":"product-type-simple"},"acf":{"_v2024__listing_and_sharing_info__listing_category":"SKIN+","_v2024__listing_and_sharing_info__product_type":"Anti-cellulite Serum","_v2024__listing__and_sharing_info__listing_below_title_in_product_page":"Antycellulitowy serum-koncentrat. Naukowo potwierdzone rozwi\u0105zanie zapewniaj\u0105ce widoczn\u0105 redukcj\u0119 cellulitu, uj\u0119drnienie i wyg\u0142adzenie.<br><strong>Obszar zastosowania: po\u015bladki i uda<\/strong>","_v2024__listing_and_sharing_info__listing_description":"Antycellulitowy serum-koncentrat. Naukowo potwierdzone rozwi\u0105zanie zapewniaj\u0105ce widoczne rezultaty.<br><strong>Obszar zastosowania: po\u015bladki i uda<\/strong>","_v2024__listing_and_sharing_info__image":1000008660,"_v2024__product_hero__hero_type":"carousel","_v2024__product_hero__product_slider_gallery":[{"_v2024__product_hero__product_slider_gallery__image":1000008437,"_v2024__product_hero__product_slider_gallery__video_link":""},{"_v2024__product_hero__product_slider_gallery__image":1000008505,"_v2024__product_hero__product_slider_gallery__video_link":""},{"_v2024__product_hero__product_slider_gallery__image":1000008506,"_v2024__product_hero__product_slider_gallery__video_link":""},{"_v2024__product_hero__product_slider_gallery__image":1000008507,"_v2024__product_hero__product_slider_gallery__video_link":""},{"_v2024__product_hero__product_slider_gallery__image":1000008508,"_v2024__product_hero__product_slider_gallery__video_link":""},{"_v2024__product_hero__product_slider_gallery__image":1000008509,"_v2024__product_hero__product_slider_gallery__video_link":""},{"_v2024__product_hero__product_slider_gallery__image":1000008510,"_v2024__product_hero__product_slider_gallery__video_link":""},{"_v2024__product_hero__product_slider_gallery__image":1000008438,"_v2024__product_hero__product_slider_gallery__video_link":""}],"_v2024__before_and_after_image":"","_v2024__before_and_after_image_mobile":"","_v2024__product_hero__quantity":"100 ML","_v2024__product_hero__product_disclamer":"","_v2024__why_use__should_show":"visible","_v2024__why_use__description_text":"Naukowo poparte rozwi\u0105zanie antycellulitowe zapewniaj\u0105ce widoczne rezultaty w ci\u0105gu zaledwie jednego miesi\u0105ca. 10+ naturalnych kluczowych sk\u0142adnik\u00f3w w wysokim st\u0119\u017ceniu i ukierunkowanym dzia\u0142aniu na po\u015bladki i uda.","_v2024__why_use__text_content":"<ul>\r\n \t<li><strong>Efekt transformuj\u0105cy<\/strong>: widocznie redukuje cellulit, zwi\u0119ksza kolagen, wyg\u0142adza i modeluje<\/li>\r\n \t<li><strong>Dzia\u0142anie uzupe\u0142niaj\u0105ce<\/strong>: spala t\u0142uszcz, drenuje, nawil\u017ca, wype\u0142nia przeciwutleniaczami i nadaje blasku<\/li>\r\n \t<li><strong>Zapach<\/strong>: lody jagodowe<\/li>\r\n \t<li><strong>Obszar zastosowania<\/strong>: po\u015bladki i uda<\/li>\r\n<\/ul>","_v2024__why_use__product_notes_and_remarks":"","_v2024__why_use__background_color":"#FBF1EB","_v2024__why_use__heading_color":"#816c65","_v2024__why_use__text_color":"#816c65","_v2024__why_use__image_desktop":1000008631,"_v2024__why_use__image_mobile":1000008632,"_v2024__stats_show":false,"_v2024__stats_repeater":null,"_v2024__stats_repeater_disclaimer":null,"_v2024__benefits__icons_repeater":[{"_v2024__benefit__icons_repeater_icon":1000008679,"_v2024__benefit__icons_repeater_text":"REDUKUJE CELLULIT"},{"_v2024__benefit__icons_repeater_icon":1000008675,"_v2024__benefit__icons_repeater_text":"SPALA T\u0141USZCZ"},{"_v2024__benefit__icons_repeater_icon":1000008676,"_v2024__benefit__icons_repeater_text":"WYG\u0141ADZA"},{"_v2024__benefit__icons_repeater_icon":1000008664,"_v2024__benefit__icons_repeater_text":"PACHNIE LODAMI JAGODOWYMI"}],"_v2024__image_ingreddients__intro_text":"Innowacyjna formu\u0142a 10 naturalnych sk\u0142adnik\u00f3w, kt\u00f3re dzia\u0142aj\u0105 synergicznie: wysokie st\u0119\u017cenie sk\u0142adnik\u00f3w aktywnych o udowodnionym klinicznie dzia\u0142aniu antycellulitowym, humektanty i ekstrakty ro\u015blinne.","_v2024__image_ingreddients__additional_description":"","_v2024__image_ingreddients__disclamer_inner":"","_v2024__image_ingredients__repeater":[{"_v2024__image_ingredients__ingredient_image":1000008637,"_v2024__image_ingredients__ingredient_title":"ACTIPORINE 8G\u2122","_v2024__image_ingredients__ingredient_description":"Innowacja w walce z cellulitem w najwy\u017cszym st\u0119\u017ceniu. Widocznie redukuje cellulit, g\u0142\u0119boko w niego celuj\u0105c. Dzia\u0142a jak silny wzmacniacz kolagenu, uj\u0119drnia problematyczne obszary i wyg\u0142adza powierzchni\u0119 sk\u00f3ry."},{"_v2024__image_ingredients__ingredient_image":1000008649,"_v2024__image_ingredients__ingredient_title":"PINK PEPPERSLIM\u2122","_v2024__image_ingredients__ingredient_description":"Zawarty w podw\u00f3jnej dawce, promuje aktywne spalanie t\u0142uszczu i mikrokr\u0105\u017cenie. Ogranicza magazynowanie t\u0142uszczu i odprowadza nadmiar p\u0142yn\u00f3w."},{"_v2024__image_ingredients__ingredient_image":1000008639,"_v2024__image_ingredients__ingredient_title":"BODYFERM\u2122","_v2024__image_ingredients__ingredient_description":"Udowodnione dzia\u0142anie zmniejszaj\u0105ce obw\u00f3d talii i ud. Uj\u0119drnia problematyczne obszary, wspomaga mikrokr\u0105\u017cenie i uruchamia proces spalania podsk\u00f3rnej tkanki t\u0142uszczowej."},{"_v2024__image_ingredients__ingredient_image":1000002902,"_v2024__image_ingredients__ingredient_title":"AQUAXYL\u2122 + GLYCERIN","_v2024__image_ingredients__ingredient_description":"Po\u0142\u0105czenie zapewniaj\u0105ce silne nawil\u017cenie. Synteza ceramid\u00f3w i dzia\u0142anie przeciwstarzeniowe. Sk\u00f3ra pozostaje promienna, g\u0142adka i nawil\u017cona przez ponad 24 godziny."},{"_v2024__image_ingredients__ingredient_image":1000008647,"_v2024__image_ingredients__ingredient_title":"GUARANA","_v2024__image_ingredients__ingredient_description":"Ekstrakt bogaty w kofein\u0119, kt\u00f3ry stymuluje rozk\u0142ad t\u0142uszczu i poprawia mikrokr\u0105\u017cenie. Zmniejsza retencj\u0119 p\u0142yn\u00f3w."},{"_v2024__image_ingredients__ingredient_image":1000008650,"_v2024__image_ingredients__ingredient_title":"OPUNCJA FIGOWA","_v2024__image_ingredients__ingredient_description":"Ekstrakt ten zmniejsza widoczno\u015b\u0107 cellulitu, poprawiaj\u0105c struktur\u0119 i elastyczno\u015b\u0107 sk\u00f3ry. Nawil\u017ca, detoksykuje i wspomaga regeneracj\u0119."},{"_v2024__image_ingredients__ingredient_image":1000008646,"_v2024__image_ingredients__ingredient_title":"ZIELONY ORZECH","_v2024__image_ingredients__ingredient_description":"Ekstrakt o silnych w\u0142a\u015bciwo\u015bciach antyoksydacyjnych i detoksykuj\u0105cych. Wspomaga metabolizm t\u0142uszcz\u00f3w, poprawia elastyczno\u015b\u0107 i modeluje sylwetk\u0119."},{"_v2024__image_ingredients__ingredient_image":1000008644,"_v2024__image_ingredients__ingredient_title":"PITAJA (SMOCZY OWOC)","_v2024__image_ingredients__ingredient_description":"Ekstrakt ten poprawia elastyczno\u015b\u0107, promienno\u015b\u0107 i odbudowuje struktur\u0119 sk\u00f3ry."},{"_v2024__image_ingredients__ingredient_image":1000006709,"_v2024__image_ingredients__ingredient_title":"BOR\u00d3WKA AMERYKA\u0143SKA","_v2024__image_ingredients__ingredient_description":"Ekstrakt ten chroni przed wolnymi rodnikami, wspomaga detoksykacj\u0119 i poprawia mikrokr\u0105\u017cenie. Uj\u0119drnia, wyg\u0142adza i tonizuje."},{"_v2024__image_ingredients__ingredient_image":1000004197,"_v2024__image_ingredients__ingredient_title":"ORZECH KOKOSOWY","_v2024__image_ingredients__ingredient_description":"G\u0142\u0119boko nawil\u017caj\u0105cy, od\u017cywczy i zmi\u0119kczaj\u0105cy ekstrakt. Wspiera barier\u0119 ochronn\u0105 sk\u00f3ry, poprawia jej elastyczno\u015b\u0107 i nadaje g\u0142adki i j\u0119drny wygl\u0105d."}],"_v2024__image_ingredients__all_ingredients":"AQUA*, GLYCERIN*, POLYSORBATE 20, JANIA RUBENS EXTRACT*, SCHINUS TEREBINTHIFOLIA SEED EXTRACT*, PUNICA GRANATUM PERICARP EXTRACT*, CORYLUS AVELLANA SEED EXTRACT*, SACCHAROMYCES FERMENT LYSATE FILTRATE*, HYDROLYZED WALNUT EXTRACT*, XYLITYLGLUCOSIDE*, ANHYDROXYLITOL*, XYLITOL*, VACCINIUM MYRTILLUS FRUIT EXTRACT*, COFFEA ARABICA SEED EXTRACT*, OPUNTIA FICUS-INDICA FLOWER EXTRACT*, HYLOCEREUS UNDATUS FRUIT EXTRACT*, COCOS NUCIFERA FRUIT EXTRACT*, CAPSICUM FRUTESCENS FRUIT EXTRACT*, PAULLINIA CUPANA SEED EXTRACT*, CITRIC ACID*, ACACIA SENEGAL GUM*, XANTHAN GUM*, LACTIC ACID*, SODIUM LEVULINATE*, AROMA, SODIUM PHYTATE*, SODIUM BENZOATE, POTASSIUM SORBATE, LINALOOL, LINALYL ACETATE, VANILLIN, CITRONELLOL\r\n\r\n*Nat\u00fcrliche Inhaltsstoffe\r\n\r\n*Sk\u0142adniki pochodzenia naturalnego\r\n\r\nNale\u017cy mie\u0107 na uwadze, \u017ce lista sk\u0142adnik\u00f3w mo\u017ce si\u0119 nieznacznie r\u00f3\u017cni\u0107 w czasie, ze wzgl\u0119du na ulepszenia produktu. Najbardziej aktualne informacje mo\u017cna znale\u017a\u0107 na opakowaniu produktu.","_v2024__usage_content__left_content":"<strong>GDZIE<\/strong>: po\u015bladki i uda\r\n\r\n<strong>KIEDY<\/strong>: rano i wieczorem\r\n\r\n<strong>JAK<\/strong>: nak\u0142ada\u0107 na czyst\u0105, such\u0105 sk\u00f3r\u0119 masuj\u0105cymi ruchami a\u017c do ca\u0142kowitego wch\u0142oni\u0119cia\r\n\r\n<strong>DLA NAJLEPSZYCH REZULTAT\u00d3W<\/strong>: stosowa\u0107 przed ulubionym suchym olejkiem antycellulitowym SKIN i po\u0142\u0105czy\u0107 z masa\u017cerem GUA SHA","_v2024__usage_content__right_bottom_content":"","_v2024__usage_content__note":"<strong>UWAGA<\/strong>\r\n\r\nPrzechowywa\u0107 w ch\u0142odnym, ciemnym i suchym miejscu. Tylko do u\u017cytku zewn\u0119trznego. W przypadku wyst\u0105pienia podra\u017cnienia nale\u017cy przerwa\u0107 stosowanie. Nie stosowa\u0107 na uszkodzon\u0105 lub poranion\u0105 sk\u00f3r\u0119.","_v2024__usage_content__storage":""},"_links":{"self":[{"href":"https:\/\/cocosolis.com\/pl\/wp-json\/wp\/v2\/product\/1000048351","targetHints":{"allow":["GET"]}}],"collection":[{"href":"https:\/\/cocosolis.com\/pl\/wp-json\/wp\/v2\/product"}],"about":[{"href":"https:\/\/cocosolis.com\/pl\/wp-json\/wp\/v2\/types\/product"}],"wp:featuredmedia":[{"embeddable":true,"href":"https:\/\/cocosolis.com\/pl\/wp-json\/"}],"wp:attachment":[{"href":"https:\/\/cocosolis.com\/pl\/wp-json\/wp\/v2\/media?parent=1000048351"}],"wp:term":[{"taxonomy":"product_brand","embeddable":true,"href":"https:\/\/cocosolis.com\/pl\/wp-json\/wp\/v2\/product_brand?post=1000048351"},{"taxonomy":"product_cat","embeddable":true,"href":"https:\/\/cocosolis.com\/pl\/wp-json\/wp\/v2\/product_cat?post=1000048351"},{"taxonomy":"product_tag","embeddable":true,"href":"https:\/\/cocosolis.com\/pl\/wp-json\/wp\/v2\/product_tag?post=1000048351"},{"taxonomy":"product_template","embeddable":true,"href":"https:\/\/cocosolis.com\/pl\/wp-json\/wp\/v2\/product_template?post=1000048351"}],"curies":[{"name":"wp","href":"https:\/\/api.w.org\/{rel}","templated":true}]}}