{"id":1000048350,"date":"2025-07-07T15:12:03","date_gmt":"2025-07-07T13:12:03","guid":{"rendered":"https:\/\/cocosolis.com\/pl\/product\/hot-fat-burning-serum\/"},"modified":"2026-04-06T15:27:02","modified_gmt":"2026-04-06T13:27:02","slug":"hot-fat-burning-serum","status":"publish","type":"product","link":"https:\/\/cocosolis.com\/pl\/product\/hot-fat-burning-serum\/","title":{"rendered":"HOT+ Fat-burning Serum"},"content":{"rendered":"","protected":false},"excerpt":{"rendered":"","protected":false},"featured_media":1000008635,"template":"","meta":{"_acf_changed":false},"product_brand":[],"product_cat":[19],"product_tag":[],"product_template":[67],"class_list":{"0":"post-1000048350","1":"product","2":"type-product","3":"status-publish","4":"has-post-thumbnail","6":"product_cat-skin","7":"product_template-v-2024-clean","9":"first","10":"instock","11":"shipping-taxable","12":"purchasable","13":"product-type-simple"},"acf":{"_v2024__listing_and_sharing_info__listing_category":"HOT+","_v2024__listing_and_sharing_info__product_type":"Fat-burning Serum","_v2024__listing__and_sharing_info__listing_below_title_in_product_page":"Termoaktywne serum wyszczuplaj\u0105ce. Formu\u0142a z klinicznie potwierdzonymi sk\u0142adnikami redukuj\u0105cymi tkank\u0119 t\u0142uszczow\u0105, uj\u0119drniaj\u0105cymi i wyg\u0142adzaj\u0105cymi.<br><strong>Obszar zastosowania: po\u015bladki i uda<br>Efekt rozgrzewaj\u0105cy<\/strong>","_v2024__listing_and_sharing_info__listing_description":"Termoaktywne serum wyszczuplaj\u0105ce. Formu\u0142a z klinicznie potwierdzonymi sk\u0142adnikami redukuj\u0105cymi tkank\u0119 t\u0142uszczow\u0105.<br><strong>Obszar zastosowania: po\u015bladki i uda.<\/strong>","_v2024__listing_and_sharing_info__image":1000008636,"_v2024__product_hero__hero_type":"carousel","_v2024__product_hero__product_slider_gallery":[{"_v2024__product_hero__product_slider_gallery__image":1000008241,"_v2024__product_hero__product_slider_gallery__video_link":""},{"_v2024__product_hero__product_slider_gallery__image":1000008315,"_v2024__product_hero__product_slider_gallery__video_link":""},{"_v2024__product_hero__product_slider_gallery__image":1000008316,"_v2024__product_hero__product_slider_gallery__video_link":""},{"_v2024__product_hero__product_slider_gallery__image":1000008317,"_v2024__product_hero__product_slider_gallery__video_link":""},{"_v2024__product_hero__product_slider_gallery__image":1000008318,"_v2024__product_hero__product_slider_gallery__video_link":""},{"_v2024__product_hero__product_slider_gallery__image":1000008319,"_v2024__product_hero__product_slider_gallery__video_link":""},{"_v2024__product_hero__product_slider_gallery__image":1000008320,"_v2024__product_hero__product_slider_gallery__video_link":""},{"_v2024__product_hero__product_slider_gallery__image":1000008242,"_v2024__product_hero__product_slider_gallery__video_link":""}],"_v2024__before_and_after_image":"","_v2024__before_and_after_image_mobile":"","_v2024__product_hero__quantity":"100 ML","_v2024__product_hero__product_disclamer":"","_v2024__why_use__should_show":"visible","_v2024__why_use__description_text":"Intensywne serum o dzia\u0142aniu rozgrzewaj\u0105cym do spalania t\u0142uszczu i modelowania sylwetki. 11 silnie dzia\u0142aj\u0105cych sk\u0142adnik\u00f3w w wysokim st\u0119\u017ceniu modeluje po\u015bladki i uda w zaledwie miesi\u0105c.","_v2024__why_use__text_content":"<ul>\r\n \t<li><strong>Efekt transformuj\u0105cy:<\/strong> stapia t\u0142uszcz i zmniejsza obw\u00f3d<\/li>\r\n \t<li><strong>Dzia\u0142anie uzupe\u0142niaj\u0105ce:<\/strong> ogranicza odk\u0142adanie si\u0119 t\u0142uszczu, redukuje cellulit, uj\u0119drnia i modeluje sk\u00f3r\u0119<\/li>\r\n \t<li><strong>Zapach:<\/strong> czerwona mandarynka<\/li>\r\n \t<li><strong>Obszar zastosowania:<\/strong> po\u015bladki i uda<\/li>\r\n<\/ul>","_v2024__why_use__product_notes_and_remarks":"","_v2024__why_use__background_color":"#FBF1EB","_v2024__why_use__heading_color":"#816c65","_v2024__why_use__text_color":"#816c65","_v2024__why_use__image_desktop":1000008627,"_v2024__why_use__image_mobile":1000008628,"_v2024__stats_show":false,"_v2024__stats_repeater":null,"_v2024__stats_repeater_disclaimer":null,"_v2024__benefits__icons_repeater":[{"_v2024__benefit__icons_repeater_icon":1000008665,"_v2024__benefit__icons_repeater_text":"SPALA T\u0141USZCZ"},{"_v2024__benefit__icons_repeater_icon":1000008667,"_v2024__benefit__icons_repeater_text":"ZMNIEJSZA OBWODY"},{"_v2024__benefit__icons_repeater_icon":1000008673,"_v2024__benefit__icons_repeater_text":"UJ\u0118DRNIA"},{"_v2024__benefit__icons_repeater_icon":1000008672,"_v2024__benefit__icons_repeater_text":"PACHNIE CZERWON\u0104 MANDARYNK\u0104"}],"_v2024__image_ingreddients__intro_text":"Pot\u0119\u017cna naturalna formu\u0142a z najnowszymi innowacjami naukowymi do spalania t\u0142uszczu poprzez termogenez\u0119, ograniczaj\u0105c ich p\u00f3\u017aniejsze gromadzenie si\u0119 i redukuj\u0105c cellulit. Sk\u0142adniki aktywne, ekstrakty ro\u015blinne i sk\u0142adniki nawil\u017caj\u0105ce zapewniaj\u0105 synergiczne dzia\u0142anie i promienne wyko\u0144czenie.","_v2024__image_ingreddients__additional_description":"","_v2024__image_ingreddients__disclamer_inner":"","_v2024__image_ingredients__repeater":[{"_v2024__image_ingredients__ingredient_image":1000008649,"_v2024__image_ingredients__ingredient_title":"PINK PEPPERSLIM\u2122","_v2024__image_ingredients__ingredient_description":"Zawarty w podw\u00f3jnej dawce, promuje aktywne spalanie t\u0142uszczu i mikrokr\u0105\u017cenie. Ogranicza magazynowanie t\u0142uszczu i odprowadza nadmiar p\u0142yn\u00f3w."},{"_v2024__image_ingredients__ingredient_image":1000008642,"_v2024__image_ingredients__ingredient_title":"CONCENTRE CORALLINE\u2122","_v2024__image_ingredients__ingredient_description":"Specjalnie opracowany do skutecznego spalania t\u0142uszczu w okolicy po\u015bladk\u00f3w i ud. W nocy zmniejsza \u201eapetyt\u201d kom\u00f3rek t\u0142uszczowych, a w ci\u0105gu dnia spala t\u0142uszcz. Zwi\u0119ksza syntez\u0119 kolagenu w sk\u00f3rze, zapewniaj\u0105c j\u0119drniejszy wygl\u0105d i wyrze\u017abione kr\u0105g\u0142o\u015bci."},{"_v2024__image_ingredients__ingredient_image":1000008637,"_v2024__image_ingredients__ingredient_title":"ACTIPORINE 8G\u2122","_v2024__image_ingredients__ingredient_description":"Innowacja w walce z cellulitem w najwy\u017cszym st\u0119\u017ceniu. Widocznie redukuje cellulit, g\u0142\u0119boko w niego celuj\u0105c. Dzia\u0142a jak silny wzmacniacz kolagenu, uj\u0119drnia problematyczne obszary i wyg\u0142adza powierzchni\u0119 sk\u00f3ry."},{"_v2024__image_ingredients__ingredient_image":1000002902,"_v2024__image_ingredients__ingredient_title":"AQUAXYL\u2122 + GLYCERIN","_v2024__image_ingredients__ingredient_description":"Po\u0142\u0105czenie zapewniaj\u0105ce silne nawil\u017cenie. Synteza ceramid\u00f3w i dzia\u0142anie przeciwstarzeniowe. Sk\u00f3ra pozostaje promienna, g\u0142adka i nawil\u017cona przez ponad 24 godziny."},{"_v2024__image_ingredients__ingredient_image":1000006713,"_v2024__image_ingredients__ingredient_title":"KOFEINA","_v2024__image_ingredients__ingredient_description":"Stymuluje rozk\u0142ad t\u0142uszczu, poprawia mikrokr\u0105\u017cenie i odprowadza nadmiar p\u0142yn\u00f3w. Rezultat to: zmniejszenie obrz\u0119k\u00f3w, redukcja widocznego cellulitu i g\u0142adsza sk\u00f3ra."},{"_v2024__image_ingredients__ingredient_image":1000008647,"_v2024__image_ingredients__ingredient_title":"GUARANA","_v2024__image_ingredients__ingredient_description":"Ekstrakt bogaty w kofein\u0119, kt\u00f3ry stymuluje rozk\u0142ad t\u0142uszczu i poprawia mikrokr\u0105\u017cenie. Zmniejsza retencj\u0119 p\u0142yn\u00f3w."},{"_v2024__image_ingredients__ingredient_image":1000008641,"_v2024__image_ingredients__ingredient_title":"PIEPRZ CAYENNE","_v2024__image_ingredients__ingredient_description":"Ekstrakt ten zawiera kapsaicyn\u0119, kt\u00f3ra stymuluje termogenez\u0119 (proces, w kt\u00f3rym organizm spala wi\u0119cej kalorii poprzez wytwarzanie ciep\u0142a). Poprawia kr\u0105\u017cenie, przyspiesza metabolizm i pomaga w rozbijaniu z\u0142og\u00f3w t\u0142uszczu."},{"_v2024__image_ingredients__ingredient_image":1000008645,"_v2024__image_ingredients__ingredient_title":"KAWA ZIELONA","_v2024__image_ingredients__ingredient_description":"Ekstrakt, kt\u00f3ry stymuluje termogenez\u0119, przyspiesza metabolizm sk\u00f3ry i wspomaga rozk\u0142ad t\u0142uszczu. Bogaty w kwas chlorogenowy, kt\u00f3ry poprawia mikrokr\u0105\u017cenie i redukuje widoczny cellulit."},{"_v2024__image_ingredients__ingredient_image":1000008678,"_v2024__image_ingredients__ingredient_title":"CZERWONA MANDARYNKA","_v2024__image_ingredients__ingredient_description":"Ekstrakt, kt\u00f3ry stymuluje kr\u0105\u017cenie limfatyczne, wspomaga rozk\u0142ad t\u0142uszczu i tonizuje sk\u00f3r\u0119. Zapewnia efekt antycellulitowy."},{"_v2024__image_ingredients__ingredient_image":1000006712,"_v2024__image_ingredients__ingredient_title":"ORZECH KOKOSOWY","_v2024__image_ingredients__ingredient_description":"G\u0142\u0119boko nawil\u017caj\u0105cy, od\u017cywczy i zmi\u0119kczaj\u0105cy ekstrakt. Wspiera barier\u0119 ochronn\u0105 sk\u00f3ry, poprawia jej elastyczno\u015b\u0107 i nadaje g\u0142adki i j\u0119drny wygl\u0105d."},{"_v2024__image_ingredients__ingredient_image":1000008640,"_v2024__image_ingredients__ingredient_title":"WZMACNIACZ SK\u0141ADNIK\u00d3W AKTYWNYCH","_v2024__image_ingredients__ingredient_description":"Delikatny dla sk\u00f3ry, poprawia wch\u0142anianie sk\u0142adnik\u00f3w aktywnych, zapewniaj\u0105c g\u0142\u0119bokie nawil\u017cenie i zwi\u0119kszaj\u0105c ich skuteczno\u015b\u0107."}],"_v2024__image_ingredients__all_ingredients":"AQUA, GLYCERIN*, PROPANEDIOL*, CAFFEINE, POLYSORBATE 20, CORALLINA OFFICINALIS EXTRACT*, SCHINUS TEREBINTHIFOLIA SEED EXTRACT*, JANIA RUBENS EXTRACT*, VACCINIUM MYRTILLUS FRUIT EXTRACT*, COFFEA ARABICA SEED EXTRACT*, OPUNTIA FICUS-INDICA FLOWER EXTRACT*, HYLOCEREUS UNDATUS FRUIT EXTRACT*, COCOS NUCIFERA FRUIT EXTRACT*, CAPSICUM FRUTESCENS FRUIT EXTRACT*, PAULLINIA CUPANA SEED EXTRACT*, XYLITYLGLUCOSIDE*, ANHYDROXYLITOL*, XYLITOL*, CITRUS NOBILIS PEEL OIL*, ACACIA SENEGAL GUM*, XANTHAN GUM*, LACTIC ACID*, CITRIC ACID*, SODIUM PHYTATE*, SODIUM LEVULINATE*, VANILLYL BUTYL ETHER, SODIUM BENZOATE, POTASSIUM SORBATE, LIMONENE, PINENE, TERPINOLENE, LINALOOL\r\n\r\n*Sk\u0142adniki pochodzenia naturalnego\r\n\r\nNale\u017cy mie\u0107 na uwadze, \u017ce lista sk\u0142adnik\u00f3w mo\u017ce si\u0119 nieznacznie r\u00f3\u017cni\u0107 w czasie, ze wzgl\u0119du na ulepszenia produktu. Najbardziej aktualne informacje mo\u017cna znale\u017a\u0107 na opakowaniu produktu.","_v2024__usage_content__left_content":"<strong>GDZIE<\/strong>: po\u015bladki i uda\r\n\r\n<strong>KIEDY<\/strong>: rano i wieczorem\r\n\r\n<strong>JAK<\/strong>: nak\u0142ada\u0107 na czyst\u0105, such\u0105 sk\u00f3r\u0119 masuj\u0105cymi ruchami a\u017c do ca\u0142kowitego wch\u0142oni\u0119cia\r\n\r\n<strong>NIE ZAPOMINAJ<\/strong>: umyj r\u0119ce po u\u017cyciu\r\n\r\n<strong>WZMOCNIJ EFEKT<\/strong>:\r\n<ul>\r\n \t<li>po HOT+ na\u0142o\u017cy\u0107 suchy olejek SKIN Anti-cellulite za pomoc\u0105 masa\u017cera BODY GUA SHA<\/li>\r\n \t<li>aby uzyska\u0107 jeszcze lepsze rezultaty, po\u0142\u0105cz HOT+ z innym serum z tej serii, w zale\u017cno\u015bci od obszaru cia\u0142a i celu<\/li>\r\n<\/ul>","_v2024__usage_content__right_bottom_content":"","_v2024__usage_content__note":"<strong>OSTRZE\u017bENIA:<\/strong>\r\n\r\nTen produkt ma efekt rozgrzewaj\u0105cy, co jest normaln\u0105 cz\u0119\u015bci\u0105 jego dzia\u0142ania. Odczucie rozgrzewania mo\u017ce si\u0119 r\u00f3\u017cni\u0107 w zale\u017cno\u015bci od wra\u017cliwo\u015bci sk\u00f3ry i mo\u017ce si\u0119 zmienia\u0107 w trakcie stosowania. Nie stosowa\u0107 na uszkodzonej, podra\u017cnionej lub wra\u017cliwej sk\u00f3rze. Unika\u0107 kontaktu z oczami lub b\u0142onami \u015bluzowymi. Przed pe\u0142nym u\u017cyciem wykona\u0107 test na ma\u0142ym obszarze i przerwa\u0107 stosowanie, je\u015bli wyst\u0105pi podra\u017cnienie. Nie nadaje si\u0119 do stosowania w czasie ci\u0105\u017cy lub karmienia piersi\u0105. Przechowywa\u0107 w miejscu niedost\u0119pnym dla dzieci. Wy\u0142\u0105cznie do u\u017cytku zewn\u0119trznego. Przechowywa\u0107 w ch\u0142odnym, ciemnym i suchym miejscu.","_v2024__usage_content__storage":""},"_links":{"self":[{"href":"https:\/\/cocosolis.com\/pl\/wp-json\/wp\/v2\/product\/1000048350","targetHints":{"allow":["GET"]}}],"collection":[{"href":"https:\/\/cocosolis.com\/pl\/wp-json\/wp\/v2\/product"}],"about":[{"href":"https:\/\/cocosolis.com\/pl\/wp-json\/wp\/v2\/types\/product"}],"wp:featuredmedia":[{"embeddable":true,"href":"https:\/\/cocosolis.com\/pl\/wp-json\/"}],"wp:attachment":[{"href":"https:\/\/cocosolis.com\/pl\/wp-json\/wp\/v2\/media?parent=1000048350"}],"wp:term":[{"taxonomy":"product_brand","embeddable":true,"href":"https:\/\/cocosolis.com\/pl\/wp-json\/wp\/v2\/product_brand?post=1000048350"},{"taxonomy":"product_cat","embeddable":true,"href":"https:\/\/cocosolis.com\/pl\/wp-json\/wp\/v2\/product_cat?post=1000048350"},{"taxonomy":"product_tag","embeddable":true,"href":"https:\/\/cocosolis.com\/pl\/wp-json\/wp\/v2\/product_tag?post=1000048350"},{"taxonomy":"product_template","embeddable":true,"href":"https:\/\/cocosolis.com\/pl\/wp-json\/wp\/v2\/product_template?post=1000048350"}],"curies":[{"name":"wp","href":"https:\/\/api.w.org\/{rel}","templated":true}]}}