{"id":1000047605,"date":"2025-07-02T05:21:11","date_gmt":"2025-07-02T03:21:11","guid":{"rendered":"https:\/\/cocosolis.com\/pl\/product\/body-gua-sha-anti-cellulite-sculpting-massager\/"},"modified":"2026-03-23T14:56:38","modified_gmt":"2026-03-23T13:56:38","slug":"body-gua-sha-anti-cellulite-sculpting-massager","status":"publish","type":"product","link":"https:\/\/cocosolis.com\/pl\/product\/body-gua-sha-anti-cellulite-sculpting-massager\/","title":{"rendered":"BODY GUA SHA Anti-cellulite &amp; Sculpting Massager"},"content":{"rendered":"","protected":false},"excerpt":{"rendered":"<p>Masa\u017cer do cia\u0142a z naturalnego drewna. Wyg\u0142adza cellulit i modeluje sylwetk\u0119.<\/p>\n","protected":false},"featured_media":1000008683,"template":"","meta":{"_acf_changed":false},"product_brand":[],"product_cat":[19],"product_tag":[],"product_template":[67],"class_list":{"0":"post-1000047605","1":"product","2":"type-product","3":"status-publish","4":"has-post-thumbnail","6":"product_cat-skin","7":"product_template-v-2024-clean","9":"first","10":"instock","11":"shipping-taxable","12":"purchasable","13":"product-type-simple"},"acf":{"_v2024__listing_and_sharing_info__listing_category":"BODY GUA SHA","_v2024__listing_and_sharing_info__product_type":"Anti-cellulite &amp; Sculpting Massager","_v2024__listing__and_sharing_info__listing_below_title_in_product_page":"Masa\u017cer do cia\u0142a z naturalnego drewna. Wyg\u0142adza cellulit i modeluje sylwetk\u0119. Stymuluje kr\u0105\u017cenie krwi i drena\u017c limfatyczny.","_v2024__listing_and_sharing_info__listing_description":"Masa\u017cer do cia\u0142a z naturalnego drewna. Wyg\u0142adza cellulit i modeluje sylwetk\u0119.","_v2024__listing_and_sharing_info__image":1000008683,"_v2024__product_hero__hero_type":"carousel","_v2024__product_hero__product_slider_gallery":[{"_v2024__product_hero__product_slider_gallery__image":1000008055,"_v2024__product_hero__product_slider_gallery__video_link":""},{"_v2024__product_hero__product_slider_gallery__image":1000008152,"_v2024__product_hero__product_slider_gallery__video_link":""},{"_v2024__product_hero__product_slider_gallery__image":1000008056,"_v2024__product_hero__product_slider_gallery__video_link":""},{"_v2024__product_hero__product_slider_gallery__image":1000008153,"_v2024__product_hero__product_slider_gallery__video_link":""},{"_v2024__product_hero__product_slider_gallery__image":1000008154,"_v2024__product_hero__product_slider_gallery__video_link":""},{"_v2024__product_hero__product_slider_gallery__image":1000008155,"_v2024__product_hero__product_slider_gallery__video_link":""}],"_v2024__before_and_after_image":"","_v2024__before_and_after_image_mobile":"","_v2024__product_hero__quantity":"","_v2024__product_hero__product_disclamer":"","_v2024__why_use__should_show":"visible","_v2024__why_use__description_text":"","_v2024__why_use__text_content":"<ul>\r\n \t<li>Widocznie redukuje cellulit poprzez rozbijanie w\u0142\u00f3knistych z\u0142og\u00f3w<\/li>\r\n \t<li>Zwalcza uporczywe z\u0142ogi t\u0142uszczu na udach, brzuchu i po\u015bladkach<\/li>\r\n \t<li>Kszta\u0142tuje sylwetk\u0119 i zwi\u0119ksza elastyczno\u015b\u0107 sk\u00f3ry<\/li>\r\n \t<li>Stymuluje kr\u0105\u017cenie krwi, drena\u017c limfatyczny i usuwanie toksyn<\/li>\r\n \t<li>Oferuje maksymalny efekt antycellulitowy i lipolityczny w po\u0142\u0105czeniu z naszym bestsellerowym olejkiem do cia\u0142a SKIN Anti-cellulite<\/li>\r\n \t<li>Lekki, ergonomiczny, wykonany z wysokiej jako\u015bci drewna bukowego o wysokiej trwa\u0142o\u015bci<\/li>\r\n<\/ul>","_v2024__why_use__product_notes_and_remarks":"","_v2024__why_use__background_color":"#FBF1EB","_v2024__why_use__heading_color":"#816c65","_v2024__why_use__text_color":"#816c65","_v2024__why_use__image_desktop":1000008061,"_v2024__why_use__image_mobile":1000008062,"_v2024__stats_show":false,"_v2024__stats_repeater":null,"_v2024__stats_repeater_disclaimer":null,"_v2024__benefits__icons_repeater":null,"_v2024__image_ingreddients__intro_text":"","_v2024__image_ingreddients__additional_description":"","_v2024__image_ingreddients__disclamer_inner":"","_v2024__image_ingredients__repeater":null,"_v2024__image_ingredients__all_ingredients":"","_v2024__usage_content__left_content":"<strong>GDZIE<\/strong>: uda, po\u015bladki, brzuch, ramiona i twarz\r\n\r\n<strong>JAK CZ\u0118STO<\/strong>: codziennie lub co najmniej 4 razy w tygodniu\r\n<p class=\"product_guaSha_advice\"><strong>WSKAZ\u00d3WKA: zawsze u\u017cywaj z olejkiem do cia\u0142a, dla maksymalnego efektu zalecamy <a href=\"https:\/\/cocosolis.com\/pl\/product\/skin-anti-cellulite-dry-oil\/\" target=\"_blank\" rel=\"noopener\">SKIN Anti-cellulite<\/a><\/strong><\/p>\r\n\r\n<ol>\r\n \t<li>Na\u0142\u00f3\u017c du\u017c\u0105 ilo\u015b\u0107 olejku do cia\u0142a z serii SKIN na czyst\u0105 i such\u0105 sk\u00f3r\u0119.<\/li>\r\n \t<li>Masuj ka\u017cdy obszar przez 5-10 minut, wykonuj\u0105c p\u0142ynne ruchy zgodnie z kierunkiem przep\u0142ywu limfy - od zewn\u0119trznych cz\u0119\u015bci cia\u0142a w kierunku \u015brodka.<\/li>\r\n \t<li>Oczy\u015b\u0107 mi\u0119kk\u0105, such\u0105 lub lekko wilgotn\u0105 \u015bciereczk\u0105. Zaleca si\u0119 nie my\u0107 wod\u0105.<\/li>\r\n \t<li>Przechowywa\u0107 w suchym miejscu (najlepiej nie w \u0142azience) i z dala od \u017ar\u00f3de\u0142 ciep\u0142a.<\/li>\r\n<\/ol>\r\n<h4 class=\"ingredientsAndUsage_usage_grid_left_title\">MATERIA\u0141<\/h4>\r\n100% drewno bukowe\r\n\r\n<em>Do wielokrotnego u\u017cytku. Stosowa\u0107 z odpowiednim olejkiem do cia\u0142a. Nie stosowa\u0107 na podra\u017cnion\u0105, uszkodzon\u0105 lub zapalon\u0105 sk\u00f3r\u0119. Przerwa\u0107 stosowanie, je\u017celi wyst\u0105pi podra\u017cnienie lub dyskomfort. Nie jest zabawk\u0105. Przechowywa\u0107 w suchym miejscu, z dala od wilgoci i ciep\u0142a, poza zasi\u0119giem dzieci. Po u\u017cyciu wyczy\u015bci\u0107 mi\u0119kk\u0105, such\u0105 lub lekko wilgotn\u0105 \u015bciereczk\u0105. Nie sp\u0142ukiwa\u0107 wod\u0105. Sk\u0142ad: 100% buk.<\/em>\r\n\r\n&nbsp;","_v2024__usage_content__right_bottom_content":"","_v2024__usage_content__note":"","_v2024__usage_content__storage":""},"_links":{"self":[{"href":"https:\/\/cocosolis.com\/pl\/wp-json\/wp\/v2\/product\/1000047605","targetHints":{"allow":["GET"]}}],"collection":[{"href":"https:\/\/cocosolis.com\/pl\/wp-json\/wp\/v2\/product"}],"about":[{"href":"https:\/\/cocosolis.com\/pl\/wp-json\/wp\/v2\/types\/product"}],"wp:featuredmedia":[{"embeddable":true,"href":"https:\/\/cocosolis.com\/pl\/wp-json\/"}],"wp:attachment":[{"href":"https:\/\/cocosolis.com\/pl\/wp-json\/wp\/v2\/media?parent=1000047605"}],"wp:term":[{"taxonomy":"product_brand","embeddable":true,"href":"https:\/\/cocosolis.com\/pl\/wp-json\/wp\/v2\/product_brand?post=1000047605"},{"taxonomy":"product_cat","embeddable":true,"href":"https:\/\/cocosolis.com\/pl\/wp-json\/wp\/v2\/product_cat?post=1000047605"},{"taxonomy":"product_tag","embeddable":true,"href":"https:\/\/cocosolis.com\/pl\/wp-json\/wp\/v2\/product_tag?post=1000047605"},{"taxonomy":"product_template","embeddable":true,"href":"https:\/\/cocosolis.com\/pl\/wp-json\/wp\/v2\/product_template?post=1000047605"}],"curies":[{"name":"wp","href":"https:\/\/api.w.org\/{rel}","templated":true}]}}