{"id":1000044328,"date":"2025-06-02T14:09:45","date_gmt":"2025-06-02T12:09:45","guid":{"rendered":"https:\/\/cocosolis.com\/pl\/product\/capri-after-sun-tan-extending-lotion\/"},"modified":"2026-04-06T15:27:01","modified_gmt":"2026-04-06T13:27:01","slug":"capri-after-sun-tan-extending-lotion","status":"publish","type":"product","link":"https:\/\/cocosolis.com\/pl\/product\/capri-after-sun-tan-extending-lotion\/","title":{"rendered":"CAPRI After Sun Tan-Extending Lotion"},"content":{"rendered":"","protected":false},"excerpt":{"rendered":"<p>Przed\u0142u\u017caj\u0105cy opalenizn\u0119 balsam po opalaniu z TOSOLIN\u2122. Regeneruje i nawil\u017ca.<\/p>\n","protected":false},"featured_media":1000007980,"template":"","meta":{"_acf_changed":false},"product_brand":[],"product_cat":[15],"product_tag":[],"product_template":[67],"class_list":{"0":"post-1000044328","1":"product","2":"type-product","3":"status-publish","4":"has-post-thumbnail","6":"product_cat-suntan-body","7":"product_template-v-2024-clean","9":"first","10":"instock","11":"shipping-taxable","12":"purchasable","13":"product-type-simple"},"acf":{"_v2024__listing_and_sharing_info__listing_category":"CAPRI","_v2024__listing_and_sharing_info__product_type":"After Sun Tan-Extending Lotion","_v2024__listing__and_sharing_info__listing_below_title_in_product_page":"Przed\u0142u\u017caj\u0105cy opalenizn\u0119 balsam po opalaniu z TOSOLIN\u2122. Od\u015bwie\u017ca, \u0142agodzi i nawil\u017ca sk\u00f3r\u0119. Utrzymuje opalenizn\u0119 do 3 miesi\u0119cy przy codziennym stosowaniu.","_v2024__listing_and_sharing_info__listing_description":"Przed\u0142u\u017caj\u0105cy opalenizn\u0119 balsam po opalaniu z TOSOLIN\u2122. Regeneruje i nawil\u017ca.","_v2024__listing_and_sharing_info__image":1000007981,"_v2024__product_hero__hero_type":"carousel","_v2024__product_hero__product_slider_gallery":[{"_v2024__product_hero__product_slider_gallery__image":1000007893,"_v2024__product_hero__product_slider_gallery__video_link":""},{"_v2024__product_hero__product_slider_gallery__image":1000007988,"_v2024__product_hero__product_slider_gallery__video_link":""},{"_v2024__product_hero__product_slider_gallery__image":1000007989,"_v2024__product_hero__product_slider_gallery__video_link":""},{"_v2024__product_hero__product_slider_gallery__image":1000007990,"_v2024__product_hero__product_slider_gallery__video_link":""},{"_v2024__product_hero__product_slider_gallery__image":1000007991,"_v2024__product_hero__product_slider_gallery__video_link":""},{"_v2024__product_hero__product_slider_gallery__image":1000007992,"_v2024__product_hero__product_slider_gallery__video_link":""},{"_v2024__product_hero__product_slider_gallery__image":"","_v2024__product_hero__product_slider_gallery__video_link":""},{"_v2024__product_hero__product_slider_gallery__image":"","_v2024__product_hero__product_slider_gallery__video_link":""}],"_v2024__before_and_after_image":1000007863,"_v2024__before_and_after_image_mobile":1000007864,"_v2024__product_hero__quantity":"100 ML","_v2024__product_hero__product_disclamer":"","_v2024__why_use__should_show":"visible","_v2024__why_use__description_text":"Zapewnij swojej sk\u00f3rze piel\u0119gnacj\u0119, na jak\u0105 zas\u0142uguje po ca\u0142ym dniu sp\u0119dzonym na s\u0142o\u0144cu i zachowaj promienn\u0105 opalenizn\u0119 na d\u0142ugo po zako\u0144czeniu wakacji. Wszystko, czego potrzebujesz, to ten balsam z naturalnymi substancjami czynnymi, organicznymi olejkami, witaminami i zapachem w\u0142oskiej letniej ucieczki.","_v2024__why_use__text_content":"<ul>\r\n \t<li>Klinicznie udowodniono, \u017ce utrzymuje opalenizn\u0119 do 3 miesi\u0119cy przy codziennym stosowaniu.<\/li>\r\n \t<li>Natychmiast od\u015bwie\u017ca i \u0142agodzi sk\u00f3r\u0119 po ekspozycji na s\u0142o\u0144ce<\/li>\r\n \t<li>Zmniejsza zaczerwienienie i uczucie napi\u0119tej, \u201egor\u0105cej\u201d sk\u00f3ry<\/li>\r\n \t<li>G\u0142\u0119boko nawil\u017ca, wspomaga regeneracj\u0119 i wzmacnia barier\u0119 ochronn\u0105 sk\u00f3ry.<\/li>\r\n \t<li>\u015ar\u00f3dziemnomorski zapach Dolce Capri ze \u015bwie\u017c\u0105 gruszk\u0105 i ja\u015bminem<\/li>\r\n \t<li>Idealny do cia\u0142a i twarzy<\/li>\r\n<\/ul>","_v2024__why_use__product_notes_and_remarks":"","_v2024__why_use__background_color":"#FBF1EB","_v2024__why_use__heading_color":"#816c65","_v2024__why_use__text_color":"#816c65","_v2024__why_use__image_desktop":1000007978,"_v2024__why_use__image_mobile":1000007979,"_v2024__stats_show":false,"_v2024__stats_repeater":null,"_v2024__stats_repeater_disclaimer":null,"_v2024__benefits__icons_repeater":[{"_v2024__benefit__icons_repeater_icon":1000007987,"_v2024__benefit__icons_repeater_text":"\u0141AGODZI"},{"_v2024__benefit__icons_repeater_icon":1000007985,"_v2024__benefit__icons_repeater_text":"NAWIL\u017bA"},{"_v2024__benefit__icons_repeater_icon":1000007984,"_v2024__benefit__icons_repeater_text":"PRZED\u0141U\u017bA OPALENIZN\u0118"},{"_v2024__benefit__icons_repeater_icon":1000007986,"_v2024__benefit__icons_repeater_text":"ZAPACH DOLCE CAPRI GRUSZKA I JA\u015aMIN"}],"_v2024__image_ingreddients__intro_text":"Podstaw\u0105 unikalnych w\u0142a\u015bciwo\u015bci CAPRI jest naturalny sk\u0142adnik aktywny TOSOLIN\u2122, kt\u00f3ry zapewnia kompleksow\u0105 piel\u0119gnacj\u0119 po opalaniu i przed\u0142u\u017ca opalenizn\u0119 nawet do 3 miesi\u0119cy. Mieszanka silnych humektant\u00f3w, witamin i olejk\u00f3w organicznych uzupe\u0142nia i wzmacnia jego dzia\u0142anie, utrzymuj\u0105c br\u0105zow\u0105 i promienn\u0105 sk\u00f3r\u0119.","_v2024__image_ingreddients__additional_description":"","_v2024__image_ingreddients__disclamer_inner":"","_v2024__image_ingredients__repeater":[{"_v2024__image_ingredients__ingredient_image":7983,"_v2024__image_ingredients__ingredient_title":"TOSOLIN\u2122","_v2024__image_ingredients__ingredient_description":"<p>Naturalny sk\u0142adnik aktywny, o udowodnionym klinicznie dzia\u0142aniu przed\u0142u\u017caj\u0105cym opalenizn\u0119 poprzez stymulacj\u0119 produkcji melaniny i stabilizacj\u0119 pigmentacji. \u0141agodzi sk\u00f3r\u0119, zmniejszaj\u0105c zaczerwienienia i stany zapalne. Zapewnia siln\u0105 ochron\u0119 antyoksydacyjn\u0105 przed uszkodzeniami spowodowanymi promieniowaniem UV. Wzmacnia barier\u0119 ochronn\u0105 sk\u00f3ry, wspomaga regeneracj\u0119 kolagenu i zapewnia d\u0142ugotrwa\u0142e nawil\u017cenie.<\/p>"},{"_v2024__image_ingredients__ingredient_image":7982,"_v2024__image_ingredients__ingredient_title":"BISABOLOL","_v2024__image_ingredients__ingredient_description":"<p>Ma silne dzia\u0142anie przeciwzapalne, \u0142agodzi zaczerwienienia i podra\u017cnienia po ekspozycji na s\u0142o\u0144ce. Pomaga odbudowa\u0107 barier\u0119 ochronn\u0105 sk\u00f3ry i chroni przed stresem oksydacyjnym. Wzmacnia dzia\u0142anie innych sk\u0142adnik\u00f3w aktywnych.<\/p>\n"},{"_v2024__image_ingredients__ingredient_image":2911,"_v2024__image_ingredients__ingredient_title":"KWAS HIALURONOWY","_v2024__image_ingredients__ingredient_description":"<p>Zapewnia g\u0142\u0119bokie i d\u0142ugotrwa\u0142e nawil\u017cenie po ekspozycji na s\u0142o\u0144ce, zatrzymuj\u0105c wilgo\u0107. \u0141agodzi podra\u017cnienia i wspomaga regeneracj\u0119 bariery ochronnej sk\u00f3ry.<\/p>\n"},{"_v2024__image_ingredients__ingredient_image":7074,"_v2024__image_ingredients__ingredient_title":"PANTHENOL","_v2024__image_ingredients__ingredient_description":"<p>Przywraca nawil\u017cenie i poprawia elastyczno\u015b\u0107 sk\u00f3ry. \u0141agodzi i wspomaga regeneracj\u0119 po ekspozycji na s\u0142o\u0144ce.<\/p>\n"},{"_v2024__image_ingredients__ingredient_image":6730,"_v2024__image_ingredients__ingredient_title":"NATURALNA WITAMINA E","_v2024__image_ingredients__ingredient_description":"<p>Silny przeciwutleniacz, kt\u00f3ry chroni sk\u00f3r\u0119 przed uszkodzeniami spowodowanymi promieniowaniem UV, nawil\u017ca i \u0142agodzi. Zmniejsza stany zapalne i przed\u0142u\u017ca zdrowy wygl\u0105d opalenizny.<\/p>\n"},{"_v2024__image_ingredients__ingredient_image":2909,"_v2024__image_ingredients__ingredient_title":"GLICERYNA","_v2024__image_ingredients__ingredient_description":"<p>Silny humektant, kt\u00f3ry zatrzymuje wilgo\u0107 i utrzymuje sk\u00f3r\u0119 mi\u0119kk\u0105 i g\u0142adk\u0105. Pomaga uzyska\u0107 bardziej r\u00f3wnomiern\u0105 i d\u0142ugotrwa\u0142\u0105 opalenizn\u0119.<\/p>\n"},{"_v2024__image_ingredients__ingredient_image":2906,"_v2024__image_ingredients__ingredient_title":"OLEJ KOKOSOWY","_v2024__image_ingredients__ingredient_description":"<p>Nawil\u017ca i od\u017cywia sk\u00f3r\u0119 po ekspozycji na s\u0142o\u0144ce. Zapobiega \u0142uszczeniu si\u0119 i wysuszeniu sk\u00f3ry oraz pomaga utrzyma\u0107 opalenizn\u0119 na d\u0142u\u017cej.<\/p>\n"},{"_v2024__image_ingredients__ingredient_image":3680,"_v2024__image_ingredients__ingredient_title":"OLEJ Z PESTEK ARBUZA","_v2024__image_ingredients__ingredient_description":"<p>Zawiera przeciwutleniacze, witaminy A, C i niezb\u0119dne kwasy t\u0142uszczowe. G\u0142\u0119boko nawil\u017ca, odm\u0142adza i chroni sk\u00f3r\u0119.<\/p>\n"},{"_v2024__image_ingredients__ingredient_image":6717,"_v2024__image_ingredients__ingredient_title":"OLEJ JOJOBA","_v2024__image_ingredients__ingredient_description":"<p>R\u00f3wnowa\u017cy produkcj\u0119 sebum, \u0142agodzi sk\u00f3r\u0119 i utrzymuje j\u0105 g\u0142adk\u0105 i czyst\u0105, woln\u0105 od wyprysk\u00f3w.<\/p>\n"}],"_v2024__image_ingredients__all_ingredients":"AQUA*, CAPRYLYL CAPRYLATE\/CAPRATE*, POLYGLYCERYL-6 STEARATE*, CETEARYL ALCOHOL*, PENTYLENE GLYCOL*, 4-T-BUTYLCYCLOHEXANOL, COCOS NUCIFERA OIL*, GLYCERIN*, BISABOLOL*, SODIUMHYALURONATE*, MANNOSE*, GLUCOSE*, BETA-GLUCAN*, PANTHENOL, CITRULLUS LANATUS SEED OIL*, SIMMONDSIA CHINENSIS SEED OIL*, TOCOPHEROL*, HELIANTHUS ANNUUS SEED OIL*, CITRIC ACID*, XANTHAN GUM*, POLYGLYCERYL-6 BEHENATE*, ARACHIDYL ALCOHOL*, BEHENYL ALCOHOL*, ARACHIDYL GLUCOSIDE*, PARFUM, TETRASODIUM GLUTAMATE DIACETATE, PHENOXYETHANOL, BENZYL ALCOHOL, DEHYDROACETIC ACID, DIMETHYL PHENETHYL ACETATE, ROSE KETONES\r\n\r\n<em>* Ingredients from natural origin<\/em>\r\n\r\n<em>Nale\u017cy mie\u0107 na uwadze, \u017ce lista sk\u0142adnik\u00f3w mo\u017ce si\u0119 nieznacznie r\u00f3\u017cni\u0107 w czasie, ze wzgl\u0119du na ulepszenia produktu. Najbardziej aktualne informacje mo\u017cna znale\u017a\u0107 na opakowaniu produktu.<\/em>","_v2024__usage_content__left_content":"<strong>GDZIE<\/strong>: twarz i cia\u0142o\r\n\r\n<strong>KIEDY<\/strong>:\r\n<ul>\r\n \t<li><strong>PRZED PLA\u017b\u0104<\/strong>: codziennie przed ekspozycj\u0105 na s\u0142o\u0144ce, aby przygotowa\u0107 sk\u00f3r\u0119 i zmniejszy\u0107 ryzyko zaczerwienienia<\/li>\r\n \t<li><strong>PO PLA\u017bY<\/strong>: codziennie po ekspozycji na s\u0142o\u0144ce, aby ukoi\u0107 i nawil\u017cy\u0107 sk\u00f3r\u0119<\/li>\r\n \t<li><strong>PO WAKACJACH<\/strong>: codziennie, zamiast codziennego balsamu, aby przed\u0142u\u017cy\u0107 opalenizn\u0119 do 3 miesi\u0119cy<\/li>\r\n<\/ul>\r\n<strong>JAK<\/strong>: nak\u0142ada\u0107 obficie na czyst\u0105 sk\u00f3r\u0119, wykonuj\u0105c lekkie ruchy masuj\u0105ce\r\n<p class=\"freshIdea\"><strong>\u015aWIE\u017bA WSKAZ\u00d3WKA<\/strong>: przechowywa\u0107 balsam w lod\u00f3wce, aby doda\u0107 efekt ch\u0142odzenia podczas stosowania po dniu sp\u0119dzonym na pla\u017cy<\/p>","_v2024__usage_content__right_bottom_content":"","_v2024__usage_content__note":"<strong>UWAGA<\/strong>: Przechowywa\u0107 w ch\u0142odnym, suchym miejscu. Tylko do u\u017cytku zewn\u0119trznego. Przerwa\u0107 stosowanie, je\u015bli wyst\u0105pi podra\u017cnienie. Nie stosowa\u0107 na uszkodzon\u0105 lub zranion\u0105 sk\u00f3r\u0119. Ze wzgl\u0119du na naturalny sk\u0142ad, kolor balsamu mo\u017ce si\u0119 zmienia\u0107 z czasem, ale nie wp\u0142ywa to na jego jako\u015b\u0107 ani skuteczno\u015b\u0107.","_v2024__usage_content__storage":""},"_links":{"self":[{"href":"https:\/\/cocosolis.com\/pl\/wp-json\/wp\/v2\/product\/1000044328","targetHints":{"allow":["GET"]}}],"collection":[{"href":"https:\/\/cocosolis.com\/pl\/wp-json\/wp\/v2\/product"}],"about":[{"href":"https:\/\/cocosolis.com\/pl\/wp-json\/wp\/v2\/types\/product"}],"wp:featuredmedia":[{"embeddable":true,"href":"https:\/\/cocosolis.com\/pl\/wp-json\/"}],"wp:attachment":[{"href":"https:\/\/cocosolis.com\/pl\/wp-json\/wp\/v2\/media?parent=1000044328"}],"wp:term":[{"taxonomy":"product_brand","embeddable":true,"href":"https:\/\/cocosolis.com\/pl\/wp-json\/wp\/v2\/product_brand?post=1000044328"},{"taxonomy":"product_cat","embeddable":true,"href":"https:\/\/cocosolis.com\/pl\/wp-json\/wp\/v2\/product_cat?post=1000044328"},{"taxonomy":"product_tag","embeddable":true,"href":"https:\/\/cocosolis.com\/pl\/wp-json\/wp\/v2\/product_tag?post=1000044328"},{"taxonomy":"product_template","embeddable":true,"href":"https:\/\/cocosolis.com\/pl\/wp-json\/wp\/v2\/product_template?post=1000044328"}],"curies":[{"name":"wp","href":"https:\/\/api.w.org\/{rel}","templated":true}]}}