{"id":1000042404,"date":"2025-05-08T17:08:44","date_gmt":"2025-05-08T15:08:44","guid":{"rendered":"https:\/\/cocosolis.com\/pl\/product\/peach-suntan-body-oil\/"},"modified":"2026-04-06T15:26:59","modified_gmt":"2026-04-06T13:26:59","slug":"peach-suntan-body-oil","status":"publish","type":"product","link":"https:\/\/cocosolis.com\/pl\/product\/peach-suntan-body-oil\/","title":{"rendered":"PEACH Suntan &amp; Body Oil"},"content":{"rendered":"","protected":false},"excerpt":{"rendered":"<p>Na szybk\u0105, intensywn\u0105 opalenizn\u0119 i promienn\u0105 sk\u00f3r\u0119. Soczysty brzoskwiniowy zapach.<\/p>\n","protected":false},"featured_media":1000007778,"template":"","meta":{"_acf_changed":false},"product_brand":[],"product_cat":[15],"product_tag":[],"product_template":[67],"class_list":{"0":"post-1000042404","1":"product","2":"type-product","3":"status-publish","4":"has-post-thumbnail","6":"product_cat-suntan-body","7":"product_template-v-2024-clean","9":"first","10":"instock","11":"shipping-taxable","12":"purchasable","13":"product-type-simple"},"acf":{"_v2024__listing_and_sharing_info__listing_category":"PEACH","_v2024__listing_and_sharing_info__product_type":"Suntan &amp; Body Oil","_v2024__listing__and_sharing_info__listing_below_title_in_product_page":"Naturalny olejek zapewniaj\u0105cy szybk\u0105, intensywn\u0105 opalenizn\u0119 na s\u0142o\u0144cu i w solarium. Odpowiedni r\u00f3wnie\u017c do codziennego stosowania dla od\u017cywionej i promiennej sk\u00f3ry. Soczysty brzoskwiniowy zapach.","_v2024__listing_and_sharing_info__listing_description":"Na szybk\u0105, intensywn\u0105 opalenizn\u0119 i promienn\u0105 sk\u00f3r\u0119. Soczysty brzoskwiniowy zapach.","_v2024__listing_and_sharing_info__image":1000007779,"_v2024__product_hero__hero_type":"carousel","_v2024__product_hero__product_slider_gallery":[{"_v2024__product_hero__product_slider_gallery__image":1000007768,"_v2024__product_hero__product_slider_gallery__video_link":""},{"_v2024__product_hero__product_slider_gallery__image":1000007769,"_v2024__product_hero__product_slider_gallery__video_link":""},{"_v2024__product_hero__product_slider_gallery__image":1000007770,"_v2024__product_hero__product_slider_gallery__video_link":""},{"_v2024__product_hero__product_slider_gallery__image":1000007771,"_v2024__product_hero__product_slider_gallery__video_link":""},{"_v2024__product_hero__product_slider_gallery__image":1000007772,"_v2024__product_hero__product_slider_gallery__video_link":""},{"_v2024__product_hero__product_slider_gallery__image":1000007773,"_v2024__product_hero__product_slider_gallery__video_link":""}],"_v2024__before_and_after_image":1000007766,"_v2024__before_and_after_image_mobile":1000007767,"_v2024__product_hero__quantity":"100 ML","_v2024__product_hero__product_disclamer":"","_v2024__why_use__should_show":"visible","_v2024__why_use__description_text":"Naturalny olejek zapewniaj\u0105cy szybk\u0105, intensywn\u0105, r\u00f3wnomiern\u0105 i d\u0142ugotrwa\u0142\u0105 opalenizn\u0119 na pla\u017cy i w solarium. Przyspiesz opalanie lub stosuj codziennie, aby od\u017cywi\u0107 i nawil\u017cy\u0107 sk\u00f3r\u0119.","_v2024__why_use__text_content":"<ul>\r\n \t<li>Szybkie i widoczne rezultaty przy kr\u00f3tszym czasie przebywania na s\u0142o\u0144cu<\/li>\r\n \t<li>Skuteczna formu\u0142a z naturalnymi i organicznymi sk\u0142adnikami, wega\u0144ska<\/li>\r\n \t<li>Odpowiedni do codziennego stosowania<\/li>\r\n \t<li>Odpowiedni do twarzy i cia\u0142a, delikatnej i wra\u017cliwej sk\u00f3ry<\/li>\r\n \t<li>Soczysty brzoskwiniowy zapach<\/li>\r\n<\/ul>","_v2024__why_use__product_notes_and_remarks":"* Olejek nie zawiera filtru przeciws\u0142onecznego UV.","_v2024__why_use__background_color":"#FBF1EB","_v2024__why_use__heading_color":"#816c65","_v2024__why_use__text_color":"#816c65","_v2024__why_use__image_desktop":1000007774,"_v2024__why_use__image_mobile":1000007775,"_v2024__stats_show":false,"_v2024__stats_repeater":null,"_v2024__stats_repeater_disclaimer":null,"_v2024__benefits__icons_repeater":[{"_v2024__benefit__icons_repeater_icon":1000006739,"_v2024__benefit__icons_repeater_text":"SZYBKA, INTENSYWNA I D\u0141UGOTRWA\u0141A OPALENIZNA"},{"_v2024__benefit__icons_repeater_icon":1000003691,"_v2024__benefit__icons_repeater_text":"WIDOCZNE REZULTATY PRZY KR\u00d3TSZYM CZASIE PRZEBYWANIA NA S\u0141O\u0143CU"},{"_v2024__benefit__icons_repeater_icon":1000002892,"_v2024__benefit__icons_repeater_text":"ORGANICZNE &amp; NATURALNE SK\u0141ADNIKI"},{"_v2024__benefit__icons_repeater_icon":1000007780,"_v2024__benefit__icons_repeater_text":"SOCZYSTY BRZOSKWINIOWY ZAPACH"}],"_v2024__image_ingreddients__intro_text":"Po\u0142\u0105czenie organicznych olejk\u00f3w i naturalnej witaminy E dostarcza sk\u00f3rze bogactwa sk\u0142adnik\u00f3w od\u017cywczych i zapewnia maksymalne rezultaty na pla\u017cy i w solarium.","_v2024__image_ingreddients__additional_description":"","_v2024__image_ingreddients__disclamer_inner":"","_v2024__image_ingredients__repeater":[{"_v2024__image_ingredients__ingredient_image":1000007776,"_v2024__image_ingredients__ingredient_title":"OLEJEK BRZOSKWINIOWY","_v2024__image_ingredients__ingredient_description":"G\u0142\u0119boko nawil\u017ca, poprawia elastyczno\u015b\u0107 i zmi\u0119kcza. Pomaga uzyska\u0107 r\u00f3wnomiern\u0105 i d\u0142ugotrwa\u0142\u0105 opalenizn\u0119."},{"_v2024__image_ingredients__ingredient_image":1000006712,"_v2024__image_ingredients__ingredient_title":"OLEJEK KOKOSOWY","_v2024__image_ingredients__ingredient_description":"\u0141atwo si\u0119 wch\u0142ania, g\u0142\u0119boko nawil\u017ca i pozostawia sk\u00f3r\u0119 mi\u0119kk\u0105 i elastyczn\u0105. Chroni przed s\u0142o\u0144cem i plamami starczymi oraz sprawia, \u017ce opalenizna staje si\u0119 z\u0142ocista."},{"_v2024__image_ingredients__ingredient_image":1000006711,"_v2024__image_ingredients__ingredient_title":"MAS\u0141O KAKAOWE","_v2024__image_ingredients__ingredient_description":"Doskona\u0142e \"po\u017cywienie\" dla sk\u00f3ry. Regeneruje j\u0105 i zapobiega pojawianiu si\u0119 rozst\u0119p\u00f3w. Wspomaga tworzenie r\u00f3wnomiernej, g\u0142\u0119bokiej i intensywnej opalenizny."},{"_v2024__image_ingredients__ingredient_image":1000003242,"_v2024__image_ingredients__ingredient_title":"OLEJEK JOJOBA","_v2024__image_ingredients__ingredient_description":"R\u00f3wnowa\u017cy wydzielanie sebum, \u0142agodzi sk\u00f3r\u0119 i utrzymuje j\u0105 g\u0142adk\u0105 i czyst\u0105, woln\u0105 od wyprysk\u00f3w."},{"_v2024__image_ingredients__ingredient_image":1000006706,"_v2024__image_ingredients__ingredient_title":"OLEJEK ZE S\u0141ODKICH MIGDA\u0141\u00d3W","_v2024__image_ingredients__ingredient_description":"\u0141agodzi i poprawia tekstur\u0119 i koloryt sk\u00f3ry. Zmniejsza zaczerwienienia i stany zapalne."},{"_v2024__image_ingredients__ingredient_image":1000006730,"_v2024__image_ingredients__ingredient_title":"NATURALNA WITAMINA E","_v2024__image_ingredients__ingredient_description":"Silny przeciwutleniacz, kt\u00f3ry zwalcza oznaki starzenia i wspomaga naturalny proces gojenia si\u0119 sk\u00f3ry."}],"_v2024__image_ingredients__all_ingredients":"COCOS NUCIFERA OIL*, CAPRYLIC\/CAPRIC TRIGLYCERIDE, COCONUT ALKANES, PRUNUS AMYGDALUS DULCIS OIL*, SIMMONDSIA CHINENSIS SEED OIL*, AROMA, TOCOPHEROL, PRUNUS PERSICA KERNEL OIL*, THEOBROMA CACAO SEED BUTTER*, HELIANTHUS ANNUUS SEED OIL, LINALOOL, LIMONENE, CITRONELLOL, TERPINEOL, CITRAL, CITRUS LIMON PEEL OIL, PINENE, TERPINOLENE, BENZALDEHYDE <strong>(COCONUT OIL*, PLANT-DERIVED EMOLLIENT, EMOLLIENT FROM COCONUT OIL, SWEET ALMOND OIL*, JOJOBA OIL*, AROMA, VITAMIN E, PEACH OIL*, CACAO BUTTER*, SUNFLOWER OIL, LINALOOL, LIMONENE, CITRONELLOL, TERPINEOL, CITRAL, CITRUS LIMON PEEL OIL, PINENE, TERPINOLENE, BENZALDEHYDE)<\/strong>\r\n\r\n<em>* Certyfikowane sk\u0142adniki organiczne<\/em>\r\n\r\n<em>Nale\u017cy mie\u0107 na uwadze, \u017ce lista sk\u0142adnik\u00f3w mo\u017ce si\u0119 nieznacznie r\u00f3\u017cni\u0107 w czasie, ze wzgl\u0119du na ulepszenia produktu. Najbardziej aktualne informacje mo\u017cna znale\u017a\u0107 na opakowaniu produktu.<\/em>","_v2024__usage_content__left_content":"<h4>DO OPALANIA NA S\u0141O\u0143CU I W SOLARIUM<\/h4>\r\nW przypadku ekspozycji na s\u0142o\u0144ce zalecamy stosowanie w po\u0142\u0105czeniu z filtrem przeciws\u0142onecznym:\r\n<ol>\r\n \t<li>Na\u0142o\u017cy\u0107 filtr przeciws\u0142oneczny i odczeka\u0107 15 minut, a\u017c si\u0119 wch\u0142onie.<\/li>\r\n \t<li>Na\u0142o\u017cy\u0107 olejek do opalania.<\/li>\r\n \t<li>Powtarza\u0107 co 2 godziny i po wyj\u015bciu z wody.<\/li>\r\n<\/ol>\r\n<h4>DO CODZIENNEGO STOSOWANIA<\/h4>\r\nStosowa\u0107 bezpo\u015brednio po k\u0105pieli na mokr\u0105 lub such\u0105 sk\u00f3r\u0119, gdy pory s\u0105 otwarte i wch\u0142aniaj\u0105 maksymaln\u0105 ilo\u015b\u0107 sk\u0142adnik\u00f3w.\r\n<h4>DO MASA\u017bU<\/h4>\r\nIdealny do stosowania jako olejek do masa\u017cu.","_v2024__usage_content__right_bottom_content":"","_v2024__usage_content__note":"<strong>PROSZ\u0118 ZWR\u00d3CI\u0106 UWAG\u0118<\/strong>: Olejek nie zawiera filtru przeciws\u0142onecznego UV. W przypadku wystawienia na bezpo\u015brednie dzia\u0142anie promieni s\u0142onecznych zaleca si\u0119 stosowanie go w po\u0142\u0105czeniu z produktem z filtrem przeciws\u0142onecznym. Produkt nie jest samoopalaczem. Nadmierne przebywanie na s\u0142o\u0144cu stanowi powa\u017cne zagro\u017cenie dla zdrowia.","_v2024__usage_content__storage":"Przechowywa\u0107 w ch\u0142odnym i suchym miejscu.Nie przechowywa\u0107 w lod\u00f3wce. Produkt twardnieje, gdy jest przechowywany w niskiej temperaturze, a zawarto\u015b\u0107 fiolki nie wydostaje si\u0119 przez pompk\u0119. Aby si\u0119 up\u0142ynni\u0142, nale\u017cy pozostawi\u0107 go w temperaturze pokojowej powy\u017cej 25C\u00b0. Prosimy nie otwiera\u0107 fiolki gdy produkt jest stwardnia\u0142y, poniewa\u017c mo\u017ce to spowodowa\u0107 uszkodzenie pompki.\r\n\r\n&nbsp;\r\n\r\nWy\u0142\u0105cznie do u\u017cytku zewn\u0119trznego. W przypadku wyst\u0105pienia podra\u017cnienia nale\u017cy przerwa\u0107 stosowanie. Nie stosowa\u0107 na uszkodzon\u0105 lub zranion\u0105 sk\u00f3r\u0119. Unika\u0107 kontaktu z oczami. Trzyma\u0107 z dala od dzieci!"},"_links":{"self":[{"href":"https:\/\/cocosolis.com\/pl\/wp-json\/wp\/v2\/product\/1000042404","targetHints":{"allow":["GET"]}}],"collection":[{"href":"https:\/\/cocosolis.com\/pl\/wp-json\/wp\/v2\/product"}],"about":[{"href":"https:\/\/cocosolis.com\/pl\/wp-json\/wp\/v2\/types\/product"}],"wp:featuredmedia":[{"embeddable":true,"href":"https:\/\/cocosolis.com\/pl\/wp-json\/"}],"wp:attachment":[{"href":"https:\/\/cocosolis.com\/pl\/wp-json\/wp\/v2\/media?parent=1000042404"}],"wp:term":[{"taxonomy":"product_brand","embeddable":true,"href":"https:\/\/cocosolis.com\/pl\/wp-json\/wp\/v2\/product_brand?post=1000042404"},{"taxonomy":"product_cat","embeddable":true,"href":"https:\/\/cocosolis.com\/pl\/wp-json\/wp\/v2\/product_cat?post=1000042404"},{"taxonomy":"product_tag","embeddable":true,"href":"https:\/\/cocosolis.com\/pl\/wp-json\/wp\/v2\/product_tag?post=1000042404"},{"taxonomy":"product_template","embeddable":true,"href":"https:\/\/cocosolis.com\/pl\/wp-json\/wp\/v2\/product_template?post=1000042404"}],"curies":[{"name":"wp","href":"https:\/\/api.w.org\/{rel}","templated":true}]}}