{"id":1000037139,"date":"2025-03-20T10:03:01","date_gmt":"2025-03-20T09:03:01","guid":{"rendered":"https:\/\/cocosolis.com\/pl\/product\/grow-hair-growth-massager\/"},"modified":"2026-04-06T15:26:56","modified_gmt":"2026-04-06T13:26:56","slug":"grow-hair-growth-massager","status":"publish","type":"product","link":"https:\/\/cocosolis.com\/pl\/product\/grow-hair-growth-massager\/","title":{"rendered":"GROW Scalp Massager"},"content":{"rendered":"","protected":false},"excerpt":{"rendered":"<p>Masa\u017cer do sk\u00f3ry g\u0142owy. Stymuluje porost w\u0142os\u00f3w. Oczyszcza delikatnie i g\u0142\u0119boko.<\/p>\n","protected":false},"featured_media":1000007069,"template":"","meta":{"_acf_changed":false},"product_brand":[],"product_cat":[17],"product_tag":[],"product_template":[67],"class_list":{"0":"post-1000037139","1":"product","2":"type-product","3":"status-publish","4":"has-post-thumbnail","6":"product_cat-hair","7":"product_template-v-2024-clean","9":"first","10":"instock","11":"shipping-taxable","12":"purchasable","13":"product-type-simple"},"acf":{"_v2024__listing_and_sharing_info__listing_category":"GROW","_v2024__listing_and_sharing_info__product_type":"Scalp Massager","_v2024__listing__and_sharing_info__listing_below_title_in_product_page":"Masa\u017cer do sk\u00f3ry g\u0142owy. Stymuluje porost w\u0142os\u00f3w. Spienia szampon, zapewniaj\u0105c g\u0142\u0119bokie, delikatne oczyszczenie. Z\u0142uszcza.","_v2024__listing_and_sharing_info__listing_description":"Masa\u017cer do sk\u00f3ry g\u0142owy. Stymuluje porost w\u0142os\u00f3w. Oczyszcza delikatnie i g\u0142\u0119boko.","_v2024__listing_and_sharing_info__image":1000007068,"_v2024__product_hero__hero_type":"carousel","_v2024__product_hero__product_slider_gallery":[{"_v2024__product_hero__product_slider_gallery__image":1000007047,"_v2024__product_hero__product_slider_gallery__video_link":""},{"_v2024__product_hero__product_slider_gallery__image":1000007183,"_v2024__product_hero__product_slider_gallery__video_link":""},{"_v2024__product_hero__product_slider_gallery__image":1000007048,"_v2024__product_hero__product_slider_gallery__video_link":""},{"_v2024__product_hero__product_slider_gallery__image":1000007049,"_v2024__product_hero__product_slider_gallery__video_link":""},{"_v2024__product_hero__product_slider_gallery__image":1000007050,"_v2024__product_hero__product_slider_gallery__video_link":""},{"_v2024__product_hero__product_slider_gallery__image":1000007184,"_v2024__product_hero__product_slider_gallery__video_link":""}],"_v2024__before_and_after_image":"","_v2024__before_and_after_image_mobile":"","_v2024__product_hero__quantity":"","_v2024__product_hero__product_disclamer":"","_v2024__why_use__should_show":"visible","_v2024__why_use__description_text":"","_v2024__why_use__text_content":"<ul>\r\n \t<li>Tworzy obfit\u0105 pian\u0119 zapewniaj\u0105c\u0105 g\u0142\u0119bokie i r\u00f3wnomierne oczyszczanie<\/li>\r\n \t<li>Delikatnie z\u0142uszcza i usuwa osady z innych produkt\u00f3w oraz martwe kom\u00f3rki nask\u00f3rka<\/li>\r\n \t<li>Stymuluje kr\u0105\u017cenie w sk\u00f3rze g\u0142owy<\/li>\r\n \t<li>Wspomaga wch\u0142anianie produkt\u00f3w nak\u0142adanych p\u00f3\u017aniej, takich jak serum<\/li>\r\n \t<li>Przyspiesza porost w\u0142os\u00f3w<\/li>\r\n \t<li>Odpowiedni dla wszystkich rodzaj\u00f3w w\u0142os\u00f3w, w tym cienkich, g\u0119stych, kr\u0119conych, a tak\u017ce dla dzieci i m\u0119\u017cczyzn<\/li>\r\n \t<li>Wykonana z wysokiej jako\u015bci mi\u0119kkiego w dotyku silikonu, o ergonomicznym kszta\u0142cie i bardzo delikatnych ko\u0144c\u00f3wkach<\/li>\r\n<\/ul>","_v2024__why_use__product_notes_and_remarks":"","_v2024__why_use__background_color":"#FBF1EB","_v2024__why_use__heading_color":"#816c65","_v2024__why_use__text_color":"#816c65","_v2024__why_use__image_desktop":1000007062,"_v2024__why_use__image_mobile":1000007063,"_v2024__stats_show":false,"_v2024__stats_repeater":null,"_v2024__stats_repeater_disclaimer":null,"_v2024__benefits__icons_repeater":null,"_v2024__image_ingreddients__intro_text":"","_v2024__image_ingreddients__additional_description":"","_v2024__image_ingreddients__disclamer_inner":"","_v2024__image_ingredients__repeater":null,"_v2024__image_ingredients__all_ingredients":"","_v2024__usage_content__left_content":"<ol>\r\n \t<li>Zwil\u017c w\u0142osy i sk\u00f3r\u0119 g\u0142owy.<\/li>\r\n \t<li>Na\u0142\u00f3\u017c <a href=\"\/pl\/product\/grow-hair-growth-shampoo\/\">szampon GROW<\/a>, wykonuj\u0105c delikatne ruchy masuj\u0105ce.<\/li>\r\n \t<li>U\u017cyj masa\u017cera do sk\u00f3ry g\u0142owy GROW. Delikatnie wykonuj ma\u0142e ruchy okr\u0119\u017cne przez 2-3 minuty.<\/li>\r\n \t<li>Dobrze sp\u0142ucz szampon.<\/li>\r\n \t<li>Na\u0142\u00f3\u017c <a href=\"\/pl\/product\/grow-hair-growth-conditioner\">balsam GROW<\/a> na sk\u00f3r\u0119 g\u0142owy (je\u015bli nie masz przet\u0142uszczaj\u0105cych si\u0119 w\u0142os\u00f3w) i d\u0142ugo\u015bci w\u0142os\u00f3w i sp\u0142ucz po 5 minutach.<\/li>\r\n<\/ol>\r\n<h4>MATERIA\u0141<\/h4>\r\n100% mi\u0119kki w dotyku silikon, wolny od BPA (bisfenolu A)","_v2024__usage_content__right_bottom_content":"","_v2024__usage_content__note":"","_v2024__usage_content__storage":""},"_links":{"self":[{"href":"https:\/\/cocosolis.com\/pl\/wp-json\/wp\/v2\/product\/1000037139","targetHints":{"allow":["GET"]}}],"collection":[{"href":"https:\/\/cocosolis.com\/pl\/wp-json\/wp\/v2\/product"}],"about":[{"href":"https:\/\/cocosolis.com\/pl\/wp-json\/wp\/v2\/types\/product"}],"wp:featuredmedia":[{"embeddable":true,"href":"https:\/\/cocosolis.com\/pl\/wp-json\/"}],"wp:attachment":[{"href":"https:\/\/cocosolis.com\/pl\/wp-json\/wp\/v2\/media?parent=1000037139"}],"wp:term":[{"taxonomy":"product_brand","embeddable":true,"href":"https:\/\/cocosolis.com\/pl\/wp-json\/wp\/v2\/product_brand?post=1000037139"},{"taxonomy":"product_cat","embeddable":true,"href":"https:\/\/cocosolis.com\/pl\/wp-json\/wp\/v2\/product_cat?post=1000037139"},{"taxonomy":"product_tag","embeddable":true,"href":"https:\/\/cocosolis.com\/pl\/wp-json\/wp\/v2\/product_tag?post=1000037139"},{"taxonomy":"product_template","embeddable":true,"href":"https:\/\/cocosolis.com\/pl\/wp-json\/wp\/v2\/product_template?post=1000037139"}],"curies":[{"name":"wp","href":"https:\/\/api.w.org\/{rel}","templated":true}]}}