{"id":1000037137,"date":"2025-03-20T10:02:57","date_gmt":"2025-03-20T09:02:57","guid":{"rendered":"https:\/\/cocosolis.com\/pl\/product\/grow-hair-growth-shampoo\/"},"modified":"2026-04-06T15:26:53","modified_gmt":"2026-04-06T13:26:53","slug":"grow-hair-growth-shampoo","status":"publish","type":"product","link":"https:\/\/cocosolis.com\/pl\/product\/grow-hair-growth-shampoo\/","title":{"rendered":"GROW Growth &amp; Anti-aging Shampoo"},"content":{"rendered":"","protected":false},"excerpt":{"rendered":"<p>Szampon na porost w\u0142os\u00f3w z KERASCALP\u2122. Z efektem przeciwstarzeniowym.<\/p>\n","protected":false},"featured_media":1000007071,"template":"","meta":{"_acf_changed":false},"product_brand":[],"product_cat":[17],"product_tag":[],"product_template":[67],"class_list":{"0":"post-1000037137","1":"product","2":"type-product","3":"status-publish","4":"has-post-thumbnail","6":"product_cat-hair","7":"product_template-v-2024-clean","9":"first","10":"instock","11":"shipping-taxable","12":"purchasable","13":"product-type-simple"},"acf":{"_v2024__listing_and_sharing_info__listing_category":"GROW","_v2024__listing_and_sharing_info__product_type":"Growth &amp; Anti-aging Shampoo","_v2024__listing__and_sharing_info__listing_below_title_in_product_page":"Szampon na porost w\u0142os\u00f3w z KERASCALP\u2122. Z efektem przeciwstarzeniowym. Klinicznie udowodniono, \u017ce sprawia, \u017ce w\u0142osy staj\u0105 si\u0119 g\u0119stsze, grubsze i bardziej l\u015bni\u0105ce.","_v2024__listing_and_sharing_info__listing_description":"Szampon na porost w\u0142os\u00f3w z KERASCALP\u2122. Z efektem przeciwstarzeniowym.","_v2024__listing_and_sharing_info__image":1000007070,"_v2024__product_hero__hero_type":"carousel","_v2024__product_hero__product_slider_gallery":[{"_v2024__product_hero__product_slider_gallery__image":1000007053,"_v2024__product_hero__product_slider_gallery__video_link":""},{"_v2024__product_hero__product_slider_gallery__image":1000007246,"_v2024__product_hero__product_slider_gallery__video_link":""},{"_v2024__product_hero__product_slider_gallery__image":1000007247,"_v2024__product_hero__product_slider_gallery__video_link":""},{"_v2024__product_hero__product_slider_gallery__image":1000007248,"_v2024__product_hero__product_slider_gallery__video_link":""},{"_v2024__product_hero__product_slider_gallery__image":1000007249,"_v2024__product_hero__product_slider_gallery__video_link":""},{"_v2024__product_hero__product_slider_gallery__image":1000007054,"_v2024__product_hero__product_slider_gallery__video_link":""},{"_v2024__product_hero__product_slider_gallery__image":1000007250,"_v2024__product_hero__product_slider_gallery__video_link":""}],"_v2024__before_and_after_image":1000007037,"_v2024__before_and_after_image_mobile":1000007038,"_v2024__product_hero__quantity":"250 ML","_v2024__product_hero__product_disclamer":"","_v2024__why_use__should_show":"visible","_v2024__why_use__description_text":"Osi\u0105gnij grubsze, mocniejsze i bardziej l\u015bni\u0105ce w\u0142osy, wzmacniaj\u0105c mieszki w\u0142osowe i rewitalizuj\u0105c sk\u00f3r\u0119 g\u0142owy dzi\u0119ki szamponowi przeciwstarzeniowemu z KERASCALP\u2122.","_v2024__why_use__text_content":"<ul>\r\n \t<li>Delikatnie i g\u0142\u0119boko myje w\u0142osy dzi\u0119ki naturalnej formule opracowanej przez ekspert\u00f3w<\/li>\r\n \t<li>Tworzy optymalne warunki na porost w\u0142os\u00f3w<\/li>\r\n \t<li>Odmienia cienkie, pozbawione \u017cycia w\u0142osy i wzmacnia mieszki w\u0142osowe<\/li>\r\n \t<li>Odm\u0142adza sk\u00f3r\u0119 g\u0142owy i w\u0142osy oraz znacznie redukuje siwe w\u0142osy<\/li>\r\n \t<li>Dzia\u0142a na wszystkie rodzaje w\u0142os\u00f3w<\/li>\r\n \t<li>Nie zawiera paraben\u00f3w, SLES, SLS, parafiny, silikon\u00f3w, sk\u0142adnik\u00f3w pochodzenia zwierz\u0119cego<\/li>\r\n \t<li>Urzeka zmys\u0142y owocowym zapachem<\/li>\r\n<\/ul>","_v2024__why_use__product_notes_and_remarks":"","_v2024__why_use__background_color":"#FBF1EB","_v2024__why_use__heading_color":"#816c65","_v2024__why_use__text_color":"#816c65","_v2024__why_use__image_desktop":1000007064,"_v2024__why_use__image_mobile":1000007065,"_v2024__stats_show":true,"_v2024__stats_repeater":[{"_v2024__stats_repeater_id":"stats_stronger_follicles","_v2024__stats_repeater_number":60,"_v2024__stats_repeater_description_title":"silniejsze mieszki w\u0142osowe","_v2024__stats_repeater_description":"","_v2024__stats_repeater_asterisks":""},{"_v2024__stats_repeater_id":"stats_more_thickness","_v2024__stats_repeater_number":56,"_v2024__stats_repeater_description_title":"grubsze w\u0142osy","_v2024__stats_repeater_description":"","_v2024__stats_repeater_asterisks":""},{"_v2024__stats_repeater_id":"stats_more_density","_v2024__stats_repeater_number":49,"_v2024__stats_repeater_description_title":"wi\u0119cej w\u0142os\u00f3w","_v2024__stats_repeater_description":"","_v2024__stats_repeater_asterisks":""},{"_v2024__stats_repeater_id":"stats_more_shine","_v2024__stats_repeater_number":51,"_v2024__stats_repeater_description_title":"wi\u0119cej blasku","_v2024__stats_repeater_description":"","_v2024__stats_repeater_asterisks":""}],"_v2024__stats_repeater_disclaimer":[{"_v2024__stats_repeater_disclaimer_text":"Zgodnie z badaniami in vitro i in vivo sk\u0142adnika aktywnego Kerascalp\u2122"}],"_v2024__benefits__icons_repeater":[{"_v2024__benefit__icons_repeater_icon":1000007083,"_v2024__benefit__icons_repeater_text":"PRZYSPIESZONY POROST"},{"_v2024__benefit__icons_repeater_icon":1000007081,"_v2024__benefit__icons_repeater_text":"EFEKT PRZECIWSTARZENIOWY"},{"_v2024__benefit__icons_repeater_icon":1000007082,"_v2024__benefit__icons_repeater_text":"WI\u0118CEJ G\u0118STO\u015aCI I BLASKU"},{"_v2024__benefit__icons_repeater_icon":1000007084,"_v2024__benefit__icons_repeater_text":"OPRACOWANY PRZEZ EKSPERT\u00d3W"}],"_v2024__image_ingreddients__intro_text":"Podstaw\u0105 transformuj\u0105cego dzia\u0142ania szamponu GROW jest naturalny sk\u0142adnik aktywny KERASCALP\u2122, b\u0119d\u0105cy po\u0142\u0105czeniem tysi\u0119cy lat ajurwedyjskiej tradycji i aktualnych bada\u0144 naukowych. W po\u0142\u0105czeniu z czystymi ekstraktami ro\u015blinnymi i witaminami zapewnia mocne i pi\u0119kne w\u0142osy, kt\u00f3re rosn\u0105.","_v2024__image_ingreddients__additional_description":"","_v2024__image_ingreddients__disclamer_inner":"","_v2024__image_ingredients__repeater":[{"_v2024__image_ingredients__ingredient_image":1000007073,"_v2024__image_ingredients__ingredient_title":"KERASCALP\u2122","_v2024__image_ingredients__ingredient_description":"Naturalny sk\u0142adnik aktywny, ekstrakt z owoc\u00f3w amla, znany ze swoich w\u0142a\u015bciwo\u015bci adaptogennych i przeciwstarzeniowych, stosowany w medycynie ajurwedyjskiej. Stymuluje produkcj\u0119 kolagenu XVII, kt\u00f3ry wzmacnia mieszki w\u0142osowe i spowalnia procesy przerzedzania, wypadania i siwienia w\u0142os\u00f3w, a tak\u017ce obni\u017ca aktywno\u015b\u0107 elastazy, kt\u00f3ra uszkadza mieszki w\u0142osowe i prowadzi do ich starzenia. Klinicznie udowodniono, \u017ce w\u0142osy staj\u0105 si\u0119 g\u0119stsze, grubsze, odporniejsze i bardziej l\u015bni\u0105ce."},{"_v2024__image_ingredients__ingredient_image":1000007074,"_v2024__image_ingredients__ingredient_title":"PANTENOL","_v2024__image_ingredients__ingredient_description":"Nawil\u017ca i \u0142agodzi sk\u00f3r\u0119 g\u0142owy, wzmacnia mieszki w\u0142osowe i zmniejsza \u0142amliwo\u015b\u0107 w\u0142os\u00f3w, nadaj\u0105c im g\u0142adko\u015b\u0107 i blask."},{"_v2024__image_ingredients__ingredient_image":1000006707,"_v2024__image_ingredients__ingredient_title":"OLEJEK ARGANOWY","_v2024__image_ingredients__ingredient_description":"Dostarcza witamin i kwas\u00f3w t\u0142uszczowych w\u0142osom i sk\u00f3rze g\u0142owy oraz chroni przed szkodliwym dzia\u0142aniem s\u0142o\u0144ca i wiatru."},{"_v2024__image_ingredients__ingredient_image":1000006712,"_v2024__image_ingredients__ingredient_title":"EKSTRAKT Z KOKOSA","_v2024__image_ingredients__ingredient_description":"Nawil\u017ca bez przet\u0142uszczania i obci\u0105\u017cania. Od\u017cywia i stymuluje przywr\u00f3cenie naturalnej r\u00f3wnowagi sk\u00f3ry g\u0142owy."},{"_v2024__image_ingredients__ingredient_image":1000007075,"_v2024__image_ingredients__ingredient_title":"EKSTRAKT Z DZIKIEJ R\u00d3\u017bY","_v2024__image_ingredients__ingredient_description":"Dostarcza w\u0142osom i sk\u00f3rze g\u0142owy witamin i przeciwutleniaczy, rewitalizuje je i czyni bardziej odpornymi."},{"_v2024__image_ingredients__ingredient_image":1000007072,"_v2024__image_ingredients__ingredient_title":"EKSTRAKT Z WRZOSU","_v2024__image_ingredients__ingredient_description":"Dzi\u0119ki swoim w\u0142a\u015bciwo\u015bciom przeciwutleniaj\u0105cym i przeciwzapalnym wzmacnia mieszki w\u0142osowe i sprawia, \u017ce w\u0142osy staj\u0105 si\u0119 mocniejsze i bardziej spr\u0119\u017cyste."},{"_v2024__image_ingredients__ingredient_image":1000007076,"_v2024__image_ingredients__ingredient_title":"EKSTRAKT Z FIO\u0141KA TR\u00d3JBARWNEGO","_v2024__image_ingredients__ingredient_description":"Intensywnie od\u017cywia, nawil\u017ca i poprawia kr\u0105\u017cenie krwi, wspomagaj\u0105c porost w\u0142os\u00f3w."},{"_v2024__image_ingredients__ingredient_image":1000007077,"_v2024__image_ingredients__ingredient_title":"EKSTRAKT Z WERBENY","_v2024__image_ingredients__ingredient_description":"Dzi\u0119ki dzia\u0142aniu antyseptycznemu pomaga odbudowa\u0107 sk\u00f3r\u0119 g\u0142owy i wzmocni\u0107 w\u0142osy."},{"_v2024__image_ingredients__ingredient_image":1000006730,"_v2024__image_ingredients__ingredient_title":"NATURALNA WITAMINA E","_v2024__image_ingredients__ingredient_description":"Silny przeciwutleniacz, kt\u00f3ry stymuluje porost w\u0142os\u00f3w i zapewnia zdrowie sk\u00f3ry g\u0142owy."}],"_v2024__image_ingredients__all_ingredients":"Aqua, Sodium Coco-Sulfate**, Cocamidopropyl Betaine**, Propanediol**, Coco-Glucoside**, Glyceryl Oleate**, Phyllanthus Emblica Fruit Extract**, Panthenol, Glycerin**, Argania Spinosa Kernel Oil*, Cocos Nucifera Fruit Extract*, Rosa Canina Flower Extract*, Calluna Vulgaris Flower Extract*, Viola Tricolor Extract*, Centaurium Erythraea Flower Extract*, Verbena Officinalis Flower Extract*, Hydrogenated Vegetable Glycerides Citrate**, Tocopherol**, Citric Acid**, Lactic Acid**, Parfum, Sodium Benzoate, Potassium Sorbate, Benzyl Alcohol, Limonene, Citrus Aurantium Peel Oil, Hexyl Cinnamal, Linalool, Tetramethyl Acetyloctahydronaphthalenes, Citrus Limon Oil\r\n\r\n<em>*Certified Organic Ingredients <\/em>\r\n<em>**Ingredients From Natural Origin<\/em>\r\n\r\n<em>Nale\u017cy mie\u0107 na uwadze, \u017ce lista sk\u0142adnik\u00f3w mo\u017ce si\u0119 nieznacznie r\u00f3\u017cni\u0107 w czasie ze wzgl\u0119du na ulepszenia produktu. Najbardziej aktualne informacje mo\u017cna znale\u017a\u0107 na opakowaniu produktu.<\/em>","_v2024__usage_content__left_content":"<strong>GDZIE<\/strong>: sk\u00f3ra g\u0142owy i w\u0142osy\r\n\r\n<strong>JAK<\/strong>: na\u0142o\u017cy\u0107 na wilgotn\u0105 sk\u00f3r\u0119 g\u0142owy i w\u0142osy delikatnymi ruchami masuj\u0105cymi, pozostawi\u0107 na co najmniej 2 minuty, a nast\u0119pnie sp\u0142uka\u0107\r\n\r\n<strong>JAK CZ\u0118STO<\/strong>: w zale\u017cno\u015bci od zwyczajnej rutyny mycia w\u0142os\u00f3w, mo\u017cna stosowa\u0107 codziennie\r\n\r\n<strong>DLA NAJLEPSZYCH REZULTAT\u00d3W<\/strong>: po\u0142\u0105czy\u0107 z <a href=\"https:\/\/cocosolis.com\/pl\/product\/grow-hair-growth-conditioner\/\">balsamem GROW<\/a> i <a href=\"https:\/\/cocosolis.com\/pl\/product\/grow-hair-growth-serum-spray\/\">serum w sprayu GROW<\/a>","_v2024__usage_content__right_bottom_content":"","_v2024__usage_content__note":"","_v2024__usage_content__storage":"Wy\u0142\u0105cznie do u\u017cytku zewn\u0119trznego. W przypadku wyst\u0105pienia podra\u017cnienia nale\u017cy przerwa\u0107 stosowanie. Nie stosowa\u0107 na uszkodzon\u0105 lub zranion\u0105 sk\u00f3r\u0119 g\u0142owy. Unika\u0107 kontaktu z oczami. Trzyma\u0107 z dala od dzieci! Przechowywa\u0107 w suchym i ch\u0142odnym miejscu."},"_links":{"self":[{"href":"https:\/\/cocosolis.com\/pl\/wp-json\/wp\/v2\/product\/1000037137","targetHints":{"allow":["GET"]}}],"collection":[{"href":"https:\/\/cocosolis.com\/pl\/wp-json\/wp\/v2\/product"}],"about":[{"href":"https:\/\/cocosolis.com\/pl\/wp-json\/wp\/v2\/types\/product"}],"wp:featuredmedia":[{"embeddable":true,"href":"https:\/\/cocosolis.com\/pl\/wp-json\/"}],"wp:attachment":[{"href":"https:\/\/cocosolis.com\/pl\/wp-json\/wp\/v2\/media?parent=1000037137"}],"wp:term":[{"taxonomy":"product_brand","embeddable":true,"href":"https:\/\/cocosolis.com\/pl\/wp-json\/wp\/v2\/product_brand?post=1000037137"},{"taxonomy":"product_cat","embeddable":true,"href":"https:\/\/cocosolis.com\/pl\/wp-json\/wp\/v2\/product_cat?post=1000037137"},{"taxonomy":"product_tag","embeddable":true,"href":"https:\/\/cocosolis.com\/pl\/wp-json\/wp\/v2\/product_tag?post=1000037137"},{"taxonomy":"product_template","embeddable":true,"href":"https:\/\/cocosolis.com\/pl\/wp-json\/wp\/v2\/product_template?post=1000037137"}],"curies":[{"name":"wp","href":"https:\/\/api.w.org\/{rel}","templated":true}]}}