{"id":1000015653,"date":"2024-07-01T12:18:49","date_gmt":"2024-07-01T10:18:49","guid":{"rendered":"https:\/\/cocosolis.com\/pl\/product\/aura-peptide-shimmer-spray\/"},"modified":"2026-04-06T15:26:50","modified_gmt":"2026-04-06T13:26:50","slug":"aura-peptide-shimmer-spray-nude","status":"publish","type":"product","link":"https:\/\/cocosolis.com\/pl\/product\/aura-peptide-shimmer-spray-nude\/","title":{"rendered":"AURA Peptide Shimmer Spray"},"content":{"rendered":"","protected":false},"excerpt":{"rendered":"","protected":false},"featured_media":1000004972,"template":"","meta":{"_acf_changed":false},"product_brand":[],"product_cat":[64],"product_tag":[],"product_template":[67],"class_list":{"0":"post-1000015653","1":"product","2":"type-product","3":"status-publish","4":"has-post-thumbnail","6":"product_cat-shimmer","7":"product_template-v-2024-clean","9":"first","10":"instock","11":"shipping-taxable","12":"purchasable","13":"product-type-simple"},"acf":{"_v2024__listing_and_sharing_info__listing_category":"AURA NUDE","_v2024__listing_and_sharing_info__product_type":"Peptide Shimmer Spray","_v2024__listing__and_sharing_info__listing_below_title_in_product_page":"Naturalny spray roz\u015bwietlaj\u0105cy z peptydami do twarzy, cia\u0142a i w\u0142os\u00f3w. Roz\u015bwietla, nawil\u017ca i odm\u0142adza.\n<br><strong>Po\u0142ysk: Nude<\/strong>","_v2024__listing_and_sharing_info__listing_description":"Naturalny spray roz\u015bwietlaj\u0105cy z peptydami do twarzy, cia\u0142a i w\u0142os\u00f3w. Roz\u015bwietla, nawil\u017ca i odm\u0142adza.\n<br><strong>Po\u0142ysk: Nude<\/strong>","_v2024__listing_and_sharing_info__image":1000004987,"_v2024__product_hero__hero_type":"carousel","_v2024__product_hero__product_slider_gallery":[{"_v2024__product_hero__product_slider_gallery__image":1000006868,"_v2024__product_hero__product_slider_gallery__video_link":""},{"_v2024__product_hero__product_slider_gallery__image":1000006907,"_v2024__product_hero__product_slider_gallery__video_link":""},{"_v2024__product_hero__product_slider_gallery__image":1000006908,"_v2024__product_hero__product_slider_gallery__video_link":""},{"_v2024__product_hero__product_slider_gallery__image":1000006909,"_v2024__product_hero__product_slider_gallery__video_link":""},{"_v2024__product_hero__product_slider_gallery__image":1000006869,"_v2024__product_hero__product_slider_gallery__video_link":""},{"_v2024__product_hero__product_slider_gallery__image":1000006870,"_v2024__product_hero__product_slider_gallery__video_link":""}],"_v2024__before_and_after_image":1000006866,"_v2024__before_and_after_image_mobile":1000006867,"_v2024__product_hero__quantity":"100ml","_v2024__product_hero__product_disclamer":"","_v2024__why_use__should_show":"visible","_v2024__why_use__description_text":"<p>Po\u0142\u0105cz elegancki blask z aktywn\u0105 piel\u0119gnacj\u0105 przeciwstarzeniow\u0105 sk\u00f3ry. Poczuj si\u0119 promiennie i \u015bwie\u017co od st\u00f3p do g\u0142\u00f3w.<\/p>\n","_v2024__why_use__text_content":"<ul>\n<li>Delikatnie roz\u015bwietla dzi\u0119ki ultradrobnym cz\u0105steczkom naturalnej miki<\/li>\n<li>Natychmiast nawil\u017ca, zatrzymuje wilgo\u0107 i odm\u0142adza sk\u00f3r\u0119<\/li>\n<li>\u0141\u0105czy peptydy o wysokiej zawarto\u015bci z kwasem hialuronowym, gliceryn\u0105, pantenolem i wod\u0105 kokosow\u0105<\/li>\n<li>Czaruj\u0105cy malinowy zapach<\/li>\n<li>Idealny do twarzy, cia\u0142a i w\u0142os\u00f3w<\/li>\n<\/ul>\n","_v2024__why_use__product_notes_and_remarks":"","_v2024__why_use__background_color":"#FBF1EB","_v2024__why_use__heading_color":"#816c65","_v2024__why_use__text_color":"#816c65","_v2024__why_use__image_desktop":1000004974,"_v2024__why_use__image_mobile":1000004975,"_v2024__stats_show":false,"_v2024__stats_repeater":null,"_v2024__stats_repeater_disclaimer":null,"_v2024__benefits__icons_repeater":[{"_v2024__benefit__icons_repeater_icon":1000002896,"_v2024__benefit__icons_repeater_text":"ELEGANCKO ROZ\u015aWIETLA"},{"_v2024__benefit__icons_repeater_icon":1000002891,"_v2024__benefit__icons_repeater_text":"B\u0141YSKAWICZNIE NAWIL\u017bA"},{"_v2024__benefit__icons_repeater_icon":1000004600,"_v2024__benefit__icons_repeater_text":"ODM\u0141ADZA "},{"_v2024__benefit__icons_repeater_icon":1000004978,"_v2024__benefit__icons_repeater_text":"PACHNIE SOCZYSTYMI MALINAMI"}],"_v2024__image_ingreddients__intro_text":"<p>Ultradrobne cz\u0105steczki naturalnej miki wsp\u00f3\u0142dzia\u0142aj\u0105 z mocnymi sk\u0142adnikami aktywnymi i wod\u0105 kokosow\u0105, tworz\u0105c prawdziwie promienn\u0105 sk\u00f3r\u0119 i w\u0142osy.<\/p>\n","_v2024__image_ingreddients__additional_description":"","_v2024__image_ingreddients__disclamer_inner":"","_v2024__image_ingredients__repeater":[{"_v2024__image_ingredients__ingredient_image":1000004979,"_v2024__image_ingredients__ingredient_title":"PEPTYDY","_v2024__image_ingredients__ingredient_description":"<p>Udowodniono klinicznie, \u017ce te naturalne peptydy spowalniaj\u0105 proces starzenia poprzez stymulacj\u0119 produkcji kolagenu i elastyny. Tonizuj\u0105 i widocznie uj\u0119drniaj\u0105 sk\u00f3r\u0119, wyr\u00f3wnuj\u0105 koloryt i zmniejszaj\u0105 ciemne plamy. Poprawiaj\u0105 nawil\u017cenie, zatrzymuj\u0105c i zwi\u0119kszaj\u0105c poziom wilgoci w sk\u00f3rze.<\/p>\n"},{"_v2024__image_ingredients__ingredient_image":1000004599,"_v2024__image_ingredients__ingredient_title":"KWAS HIALURONOWY","_v2024__image_ingredients__ingredient_description":"<p>Tworzy film ochronny na sk\u00f3rze, kt\u00f3ry wzmacnia funkcj\u0119 ochronn\u0105 i zmniejsza utrat\u0119 wody. Natychmiast uj\u0119drnia i wyg\u0142adza sk\u00f3r\u0119.<\/p>\n"},{"_v2024__image_ingredients__ingredient_image":1000004605,"_v2024__image_ingredients__ingredient_title":"PANTENOL","_v2024__image_ingredients__ingredient_description":"<p>Nawil\u017ca i uj\u0119drnia sk\u00f3r\u0119, przyci\u0105gaj\u0105c i zatrzymuj\u0105c wilgo\u0107. \u0141agodzi, wspomaga naturalne procesy gojenia i odbudowuje sk\u00f3r\u0119 po ekspozycji na s\u0142o\u0144ce.<\/p>\n"},{"_v2024__image_ingredients__ingredient_image":1000004197,"_v2024__image_ingredients__ingredient_title":"WODA KOKOSOWA","_v2024__image_ingredients__ingredient_description":"<p>Od\u015bwie\u017ca i rewitalizuje sk\u00f3r\u0119, zapewniaj\u0105c jej nawil\u017cenie i uzupe\u0142niaj\u0105c witaminy, minera\u0142y i przeciwutleniacze. Nawil\u017ca i od\u017cywia w\u0142osy, u\u0142atwia rozczesywanie.<\/p>\n"},{"_v2024__image_ingredients__ingredient_image":1000002909,"_v2024__image_ingredients__ingredient_title":"GLICERYNA","_v2024__image_ingredients__ingredient_description":"<p>Silny humektant: przyci\u0105ga wilgo\u0107 i zatrzymuje j\u0105 w sk\u00f3rze. Wype\u0142nia drobne zmarszczki i sprawia, \u017ce sk\u00f3ra jest g\u0142adka i elastyczna.<\/p>\n"}],"_v2024__image_ingredients__all_ingredients":"<p>AQUA*, PENTYLENE GLYCOL*, HEXAPEPTIDE-11*, COCOS NUCIFERA (COCONUT) WATER*, SODIUM HYALURONATE, PROPANEDIOL*, PANTHENOL, PROPYLENE GLYCOL, GLYCERIN*, CITRIC ACID*, SODIUM BENZOATE, POLYGLYCERYL-6 CAPRYLATE*, POLYGLYCERYL-4 CAPRATE*, PARFUM, CALCIUM TITANIUM BOROSILICATE*, TIN OXIDE*, MICA*, CI 77891*, CI 77491*<\/p>\n<p><em>*Sk\u0142adniki pochodzenia naturalnego<\/em><br \/>\n<em>**Sk\u0142adniki naturalnych zapach\u00f3w<\/em><\/p>\n<p>Nale\u017cy mie\u0107 na uwadze, \u017ce lista sk\u0142adnik\u00f3w mo\u017ce si\u0119 nieznacznie r\u00f3\u017cni\u0107 w czasie ze wzgl\u0119du na ulepszenia produktu. Najbardziej aktualne informacje mo\u017cna znale\u017a\u0107 na opakowaniu produktu.<\/p>\n","_v2024__usage_content__left_content":"<p><strong>Efekt glow jest najbardziej widoczny w bezpo\u015brednim \u015bwietle.<\/strong><\/p>\n<p><strong>GDZIE<\/strong>: twarz, cia\u0142o i w\u0142osy<br \/>\n<strong>NA CO DZIE\u0143<\/strong>: po makija\u017cu dla delikatnego blasku<br \/>\n<strong>NA IMPREZY<\/strong>: kilka warstw dla efektownego wygl\u0105du<br \/>\n<strong>NA PLA\u017bY<\/strong>: dla promiennego nawil\u017cenia<br \/>\n<strong>PO PLA\u017bY<\/strong>: aby ukoi\u0107 i zregenerowa\u0107 sk\u00f3r\u0119<\/p>\n<p><strong>JAK<\/strong>:<\/p>\n<ol>\n<li>Dobrze wstrz\u0105sn\u0105\u0107 przed u\u017cyciem!<\/li>\n<li>Spryska\u0107 z odleg\u0142o\u015bci 20 \u2013 50 cm, aby zapewni\u0107 r\u00f3wnomierne pokrycie.<\/li>\n<li>Unika\u0107 rozmazywania r\u0119kami lub p\u0119dzlem.<\/li>\n<li>Na\u0142o\u017cy\u0107 jedn\u0105 warstw\u0119 i pozostawi\u0107 do wyschni\u0119cia.<\/li>\n<li>Aby uzyska\u0107 bardziej intensywny blask, nanie\u015b\u0107 kolejne warstwy.<\/li>\n<\/ol>\n","_v2024__usage_content__right_bottom_content":"","_v2024__usage_content__note":"","_v2024__usage_content__storage":"<p>UWAGA: Przechowywa\u0107 w ch\u0142odnym, suchym miejscu. Wy\u0142\u0105cznie do u\u017cytku zewn\u0119trznego. W przypadku wyst\u0105pienia podra\u017cnienia nale\u017cy przerwa\u0107 stosowanie. Nie stosowa\u0107 na uszkodzon\u0105 lub zranion\u0105 sk\u00f3r\u0119. Unika\u0107 kontaktu z oczami. Trzyma\u0107 z dala od dzieci!<\/p>\n<p>&nbsp;<\/p>\n<p>Produkt nie zawiera filtru przeciws\u0142onecznego UV. W przypadku wystawienia na bezpo\u015brednie dzia\u0142anie promieni s\u0142onecznych zaleca si\u0119 stosowanie go w po\u0142\u0105czeniu z produktem z filtrem przeciws\u0142onecznym. Produkt nie jest samoopalaczem. Nadmierne przebywanie na s\u0142o\u0144cu stanowi powa\u017cne zagro\u017cenie dla zdrowia.<\/p>\n"},"_links":{"self":[{"href":"https:\/\/cocosolis.com\/pl\/wp-json\/wp\/v2\/product\/1000015653","targetHints":{"allow":["GET"]}}],"collection":[{"href":"https:\/\/cocosolis.com\/pl\/wp-json\/wp\/v2\/product"}],"about":[{"href":"https:\/\/cocosolis.com\/pl\/wp-json\/wp\/v2\/types\/product"}],"wp:featuredmedia":[{"embeddable":true,"href":"https:\/\/cocosolis.com\/pl\/wp-json\/"}],"wp:attachment":[{"href":"https:\/\/cocosolis.com\/pl\/wp-json\/wp\/v2\/media?parent=1000015653"}],"wp:term":[{"taxonomy":"product_brand","embeddable":true,"href":"https:\/\/cocosolis.com\/pl\/wp-json\/wp\/v2\/product_brand?post=1000015653"},{"taxonomy":"product_cat","embeddable":true,"href":"https:\/\/cocosolis.com\/pl\/wp-json\/wp\/v2\/product_cat?post=1000015653"},{"taxonomy":"product_tag","embeddable":true,"href":"https:\/\/cocosolis.com\/pl\/wp-json\/wp\/v2\/product_tag?post=1000015653"},{"taxonomy":"product_template","embeddable":true,"href":"https:\/\/cocosolis.com\/pl\/wp-json\/wp\/v2\/product_template?post=1000015653"}],"curies":[{"name":"wp","href":"https:\/\/api.w.org\/{rel}","templated":true}]}}