{"id":467,"date":"2022-05-06T15:55:54","date_gmt":"2022-05-06T13:55:54","guid":{"rendered":"http:\/\/cocosolis.com\/en\/?page_id=467"},"modified":"2025-10-27T13:14:12","modified_gmt":"2025-10-27T12:14:12","slug":"delivery","status":"publish","type":"page","link":"https:\/\/cocosolis.com\/pl\/delivery\/","title":{"rendered":"Zam\u00f3wienie &#038; dostawa"},"content":{"rendered":"\n<h2 class=\"wp-block-heading\">ZAM\u00d3WIENIE &amp; DOSTAWA<\/h2>\n\n\n\n<h5 class=\"wp-block-heading\">MOG\u0104 PA\u0143STWO ZAM\u00d3WI\u0106:<\/h5>\n\n\n\n<ul class=\"wp-block-list\">\n<li>za po\u015brednictwem naszego sklepu internetowego:&nbsp;<a href=\"https:\/\/www.cocosolis.com\/pl\/store\/\" target=\"_blank\" rel=\"noreferrer noopener\">www.cocosolis.com\/pl\/store\/<\/a><\/li>\n\n\n\n<li>wysy\u0142\u0105j\u0105c do nas wiadomo\u015b\u0107 na Facebooku:&nbsp;<a href=\"https:\/\/www.facebook.com\/cocosolispl\/\" target=\"_blank\" rel=\"noreferrer noopener\">www.facebook.com\/cocosolispl\/<\/a><\/li>\n\n\n\n<li>(12) 3988138<\/li>\n<\/ul>\n\n\n\n<p>Po z\u0142o\u017ceniu zam\u00f3wienia, u\u017cytkownik otrzymuje potwierdzenie e-mailem.<\/p>\n\n\n\n<h5 class=\"wp-block-heading\">CENA DOSTAWY<\/h5>\n\n\n\n<p>Darmowa wysy\u0142ka obejmuje zam\u00f3wienia o warto\u015bci powy\u017cej 180 z\u0142.<\/p>\n\n\n\n<p>Koszt wysy\u0142ki dla zam\u00f3wie\u0144 poni\u017cej 180 z\u0142 wynosi 9,90 z\u0142.<\/p>\n\n\n\n<h5 class=\"wp-block-heading\">CZAS DOSTAWY<\/h5>\n\n\n\n<p>Dostawa do 2-3 dni roboczych.<\/p>\n\n\n\n<h5 class=\"wp-block-heading\">W JAKI SPOS\u00d3B REALIZUJEMY DOSTAWY<\/h5>\n\n\n\n<p>Dostawy realizowane s\u0105 za po\u015brednictwem firmy kurierskiej Inpost pod wskazany przez Pa\u0144stwa adres.<\/p>\n\n\n\n<p>W dni powszednie zwyk\u0142e godziny dostawy to mi\u0119dzy 9.00 a 17.30.<\/p>\n\n\n\n<p>Je\u017celi Klient nie zapewni dost\u0119pu i warunk\u00f3w dostawy towaru pod wskazanym adresem w wyznaczonym terminie w celu odbioru towaru, Sprzedawca jest zwolniony z obowi\u0105zku wykonania zam\u00f3wionej dostawy.<\/p>\n\n\n\n<p>Data publikacji: 06.04.2023<\/p>\n","protected":false},"excerpt":{"rendered":"<p>ZAM\u00d3WIENIE &amp; DOSTAWA MOG\u0104 PA\u0143STWO ZAM\u00d3WI\u0106: Po z\u0142o\u017ceniu zam\u00f3wienia, u\u017cytkownik otrzymuje potwierdzenie e-mailem. CENA DOSTAWY Darmowa wysy\u0142ka obejmuje zam\u00f3wienia o warto\u015bci powy\u017cej 180 z\u0142. Koszt wysy\u0142ki dla zam\u00f3wie\u0144 poni\u017cej 180 z\u0142 wynosi 9,90 z\u0142. CZAS DOSTAWY Dostawa do 2-3 dni roboczych. W JAKI SPOS\u00d3B REALIZUJEMY DOSTAWY Dostawy realizowane s\u0105 za po\u015brednictwem firmy kurierskiej Inpost pod &hellip; <a href=\"https:\/\/cocosolis.com\/pl\/delivery\/\">Dalszy<\/a><\/p>\n","protected":false},"author":1,"featured_media":0,"parent":0,"menu_order":0,"comment_status":"closed","ping_status":"closed","template":"","meta":{"_acf_changed":false,"footnotes":""},"page_roles":[36],"class_list":["post-467","page","type-page","status-publish","hentry","page_roles-legal"],"acf":[],"_links":{"self":[{"href":"https:\/\/cocosolis.com\/pl\/wp-json\/wp\/v2\/pages\/467","targetHints":{"allow":["GET"]}}],"collection":[{"href":"https:\/\/cocosolis.com\/pl\/wp-json\/wp\/v2\/pages"}],"about":[{"href":"https:\/\/cocosolis.com\/pl\/wp-json\/wp\/v2\/types\/page"}],"author":[{"embeddable":true,"href":"https:\/\/cocosolis.com\/pl\/wp-json\/wp\/v2\/users\/1"}],"replies":[{"embeddable":true,"href":"https:\/\/cocosolis.com\/pl\/wp-json\/wp\/v2\/comments?post=467"}],"version-history":[{"count":7,"href":"https:\/\/cocosolis.com\/pl\/wp-json\/wp\/v2\/pages\/467\/revisions"}],"predecessor-version":[{"id":1000058171,"href":"https:\/\/cocosolis.com\/pl\/wp-json\/wp\/v2\/pages\/467\/revisions\/1000058171"}],"wp:attachment":[{"href":"https:\/\/cocosolis.com\/pl\/wp-json\/wp\/v2\/media?parent=467"}],"wp:term":[{"taxonomy":"page_roles","embeddable":true,"href":"https:\/\/cocosolis.com\/pl\/wp-json\/wp\/v2\/page_roles?post=467"}],"curies":[{"name":"wp","href":"https:\/\/api.w.org\/{rel}","templated":true}]}}