{"id":464,"date":"2022-05-06T15:55:17","date_gmt":"2022-05-06T13:55:17","guid":{"rendered":"http:\/\/cocosolis.com\/en\/?page_id=464"},"modified":"2024-06-19T16:04:25","modified_gmt":"2024-06-19T14:04:25","slug":"terms-of-use","status":"publish","type":"page","link":"https:\/\/cocosolis.com\/pl\/terms-of-use\/","title":{"rendered":"Warunki korzystania ze strony"},"content":{"rendered":"\n<h2 class=\"wp-block-heading\">Warunki korzystania ze strony<\/h2>\n\n\n\n<p>Witamy na naszej stronie internetowej (\u201ecocosolis.com\u201d) Niniejsze \u201eWarunki korzystania\u201d reguluj\u0105 dost\u0119p do strony COCOSOLIS.COM i korzystanie z niej.<br>Dost\u0119p do strony i korzystanie z niej oraz zakup produkt\u00f3w ze strony COCOSOLIS.COM oparte s\u0105 na za\u0142o\u017ceniu, \u017ce faktem \u0142adowania strony na urz\u0105dzeniu ko\u0144cowym U\u017cytkownik wyra\u017ca swoj\u0105 zgod\u0119 na zapoznanie si\u0119 z niniejszymi Og\u00f3lnymi warunkami korzystania ze strony i z za\u0142\u0105cznikami do nich.<br>Niniejsze Warunki stanowi\u0105 porozumienie reguluj\u0105ce stosunki mi\u0119dzy \u201ePURMERUL\u201d OOD w jej funkcji administratora strony internetowejwww.cocosolis.com i jej u\u017cytkownikami ko\u0144cowymi.<\/p>\n\n\n\n<p>Niniejsze porozumienie ma zastosowanie do us\u0142ug i system\u00f3w informatycznych dost\u0119pnych na Stronie, do jej wersji mobilnych, a tak\u017ce do wszelkich innych aplikacji lub us\u0142ug, kt\u00f3re mog\u0105 by\u0107 lub s\u0105 zwi\u0105zane ze stron\u0105. Niniejsze porozumienie pozostaje w mocy do chwili zaprzestania korzystania przez U\u017cytkownika z Us\u0142ug dost\u0119pnych na Stronie.<\/p>\n\n\n\n<p>PURMERUL OOD jest sp\u00f3\u0142k\u0105 handlow\u0105 z siedzib\u0105 i adresem zarz\u0105dzania: m. Plovdiv, 4002, rejon Centralny, ul. \u201eLyuleburgaz\u201d 22, p. 4, lok. 9. Sp\u00f3\u0142ka zosta\u0142a wpisana do rejestru dzia\u0142alno\u015bci gospodarczej i rejestru os\u00f3b prawnych nienastawionych na zysk pod numerem \u0415\u0418\u041a 201172065.<\/p>\n\n\n\n<p>Wi\u0119cej informacji prawnej mo\u017cna uzyska\u0107 w rozdzia\u0142ach:&nbsp;<a href=\"https:\/\/cocosolis.com\/pl\/terms-of-sale\/\" target=\"_blank\" rel=\"noreferrer noopener\">Og\u00f3lne warunki sprzeda\u017cy<\/a>,&nbsp;<a href=\"https:\/\/cocosolis.com\/pl\/return-policy\/\" target=\"_blank\" rel=\"noreferrer noopener\">Polityka zwrot\u00f3w<\/a>&nbsp;i&nbsp;<a href=\"https:\/\/cocosolis.com\/pl\/privacy-policy\/\" target=\"_blank\" rel=\"noreferrer noopener\">Polityka danych osobowych<\/a>&nbsp;na stronie COCOSOLIS.COM.<br>Cel Strony wyra\u017cony zosta\u0142 w nast\u0119puj\u0105cych podstawowych kierunkach:<\/p>\n\n\n\n<p>1. Informowanie U\u017cytkownika o dzia\u0142alno\u015bci sp\u00f3\u0142ki, jej historii, wizji, misji, warto\u015bci, odpowiedzialno\u015bci korporacyjnej i spo\u0142ecznej oraz o oferowanych przez sp\u00f3\u0142k\u0119 produktach i us\u0142ugach.<br>2. Zapewnienie dost\u0119pu do platformy, za po\u015brednictwem kt\u00f3rej U\u017cytkownicy mog\u0105 robi\u0107 zakupy towar\u00f3w online, zawiera\u0107 umowy kupna-sprzeda\u017cy oferowanych przez Sp\u00f3\u0142k\u0119 towar\u00f3w i dzieli\u0107 si\u0119 opiniami i ocenami oferowanych towar\u00f3w.<br>3. Udost\u0119pnienie U\u017cytkownikom strony danych do kontaktu ze Sp\u00f3\u0142k\u0105 w przypadku potrzeby dodatkowych informacji, zapyta\u0144 dotycz\u0105cych oferowanych produkt\u00f3w i us\u0142ug, komentarzy lub zalece\u0144 oraz informowanie o przys\u0142uguj\u0105cych im prawach i o sposobie ich wykonywania.<\/p>\n\n\n\n<p>Dost\u0119p do strony COCOSOLIS.COM i korzystanie z niej, w tym wy\u015bwietlanie stron internetowych, komunikacja z COCOSOLIS.COM, zwi\u0105zane ze stronami i z mediami spo\u0142eczno\u015bciowymi zasoby, robienie zakupy na stronie internetowej, wykonywane s\u0105 przez naszych u\u017cytkownik\u00f3w wy\u0142\u0105cznie do cel\u00f3w osobistych, kt\u00f3re w \u017caden spos\u00f3b nie powinny kojarzy\u0107 si\u0119 z jak\u0105kolwiek dzia\u0142alno\u015bci\u0105 handlow\u0105, gospodarcz\u0105 lub zawodow\u0105.<\/p>\n\n\n\n<p>COCOSOLIS.COM nie ponosi odpowiedzialno\u015bci za jakiekolwiek korzystanie ze strony i jej tre\u015bci przez jakiegokolwiek u\u017cytkownika, kt\u00f3re jest niezgodne z prawem i przepisami prawnymi. W szczeg\u00f3lno\u015bci mog\u0105 Pa\u0144stwo zosta\u0107 poci\u0105gni\u0119ci do odpowiedzialno\u015bci za dostarczanie niezgodnych z prawd\u0105, fa\u0142szywych informacji lub danych dotycz\u0105cych os\u00f3b trzecich (w przypadku braku udzielonej zgody osoby trzeciej) oraz za wszelkie niew\u0142a\u015bciwe wykorzystanie takich danych lub informacji.<\/p>\n\n\n\n<h5 class=\"wp-block-heading\">1. Rejestracja i komunikacja<\/h5>\n\n\n\n<p>Je\u015bli chc\u0105 Pa\u0144stwo skorzysta\u0107 z naszych us\u0142ug, powinni Pa\u0144stwo by\u0107 osobami pe\u0142noletnimi i powinni Pa\u0144stwo zaakceptowa\u0107 niniejsze Warunki. Akceptuj\u0105c niniejsze Warunki, U\u017cytkownik zgadza si\u0119 by komunikacja z nim odbywa\u0142a si\u0119 za po\u015brednictwem udost\u0119pnionych kana\u0142\u00f3w komunikacyjnych \u2013 telefonu, poczty elektronicznej, SMS lub innych kana\u0142\u00f3w elektronicznych. U\u017cytkownik zgadza si\u0119 by\u0107 odbiorc\u0105 i dostawa\u0107 komunikaty elektroniczne od Strony i jej administratora.<\/p>\n\n\n\n<p>Strony zgadzaj\u0105 si\u0119, \u017ce wiadomo\u015bci przesy\u0142ane poczt\u0105 elektroniczn\u0105 stanowi\u0105 komunikaty elektroniczne i towarzysz\u0105ce informacje stanowi\u0105 zidentyfikowanie autora jako posiadacza tych komunikat\u00f3w elektronicznych i podpis elektroniczny, kt\u00f3rym strony nadaj\u0105 znaczenie w\u0142asnor\u0119cznego podpisu w ramach ich stosunk\u00f3w.<\/p>\n\n\n\n<p>\u017beby skorzysta\u0107 z naszych us\u0142ug, mog\u0105 Pa\u0144stwo kupi\u0107 nasze produkty, rejestruj\u0105c si\u0119 na stronie. Rejestracja jest bezp\u0142atna. U\u017cytkownik mo\u017ce w dowolnej chwili zrezygnowa\u0107 z rejestracji. U\u017cytkownik zgadza si\u0119 do udost\u0119pnienia kompletnej, prawid\u0142owej i dok\u0142adnej informacji zar\u00f3wno podczas rejestracji, jak i podczas sk\u0142adania zam\u00f3wienia bez rejestracji profilu. Prawa dost\u0119pu s\u0105 osobiste i nie mog\u0105 zosta\u0107 przeniesione na osoby trzecie. Nie ponosimy odpowiedzialno\u015bci za nieautoryzowany dost\u0119p do Pa\u0144stwa profilu.<\/p>\n\n\n\n<h5 class=\"wp-block-heading\">2. Prawa w\u0142asno\u015bci intelektualnej<\/h5>\n\n\n\n<p>U\u017cytkownik ma prawo dost\u0119pu w czasie rzeczywistym (online) do Us\u0142ug oferowanych na Stronie z zachowaniem wymaga\u0144 dotycz\u0105cych dost\u0119pu.<\/p>\n\n\n\n<p>Prawo dost\u0119pu przys\u0142uguj\u0105ce U\u017cytkownikowi nie obejmuje prawa kopiowania lub powielania informacji lub korzystania z zastrze\u017conych przedmiot\u00f3w w\u0142asno\u015bci intelektualnej lub przemys\u0142owej, z wyj\u0105tkiem nieznacznej ilo\u015bci informacji przeznaczonej wy\u0142\u0105cznie do u\u017cytku osobistego, pod warunkiem, \u017ce taki u\u017cytek nie szkodzi prawnie uzasadnionym interesom autor\u00f3w lub innych posiadaczy praw w\u0142asno\u015bci intelektualnej lub przemys\u0142owej i kopiowanie lub powielanie wykonano w celach niekomercyjnych.<\/p>\n\n\n\n<p>Tre\u015b\u0107 COCOSOLIS.COM, w tym, lecz nie wy\u0142\u0105cznie: utwory, zdj\u0119cia, obrazy, dialogi, muzyka, d\u017awi\u0119ki, klipy wideo, dokumenty, rysunki, figury, logo oraz wszelkie inne materia\u0142y publikowane na COCOSOLIS.COM w dowolnym formacie, w tym menu, strony internetowe, wykresy, kolory, schematy, narz\u0119dzie, czcionki, design strony internetowej, diagramy, plany, metody, procesy, funkcje i oprogramowanie stanowi\u0105ce cz\u0119\u015b\u0107 COCOSOLIS.COM, chronione s\u0105 prawem autorskim i ka\u017cdym innym prawem w\u0142asno\u015bci intelektualnej COCOSOLIS.COM oraz odpowiednich posiadaczy praw. Powielanie, w ca\u0142o\u015bci lub w cz\u0119\u015bci, w dowolnej formie, strony COCOSOLIS.COM i jej tre\u015bci jest niedozwolone bez pisemnej zgody COCOSOLIS.COM.<\/p>\n\n\n\n<p>COCOSOLIS.COM ma wy\u0142\u0105czne prawo do autoryzowania lub zakazania powielania (niezale\u017cnie czy bezpo\u015bredniego, czy po\u015bredniego, tymczasowego czy sta\u0142ego, powstaj\u0105cego z jakiejkolwiek przyczyny lub w jakiejkolwiek formie, w ca\u0142o\u015bci lub w cz\u0119\u015bci) strony COCOSOLIS.COM i jej tre\u015bci.<\/p>\n\n\n\n<p>Autorzy utwor\u00f3w publikowanych na stronie COCOSOLIS.COM maj\u0105 prawo w dowolnej chwili zg\u0142osi\u0107 autorstwo swoich utwor\u00f3w i sprzeciwi\u0107 si\u0119 ka\u017cdemu zniekszta\u0142ceniu lub innej modyfikacji ich pracy, w tym wszelkim zmianom ich utwor\u00f3w, kt\u00f3re mog\u0105 negatywnie wp\u0142yn\u0105\u0107 na honor i reputacj\u0119 odpowiednich autor\u00f3w.<\/p>\n\n\n\n<p>U\u017cytkownicy naszej stronie powinni przestrzega\u0107 praw autorskich autor\u00f3w, kt\u00f3rzy wybrali publikowa\u0107 w\u0142asn\u0105 prac\u0119 na stronie COCOSOLIS.COM albo wsp\u00f3\u0142pracowa\u0107 z COCOSOLIS.COM przy tworzeniu nowych ekspresyjnych i artystycznych utwor\u00f3w przeznaczonych do publikowania nie tylko na stronie lub stanowi\u0105cych nieod\u0142\u0105czn\u0105 cz\u0119\u015b\u0107 strony.<\/p>\n\n\n\n<p>W ka\u017cdym razie korzystanie w jakimkolwiek sposobie lub w jakiejkolwiek formie z tre\u015bci strony lub z ka\u017cdego poszczeg\u00f3lnego utworu chronionego prawem autorskim i ka\u017cdym innym prawem w\u0142asno\u015bci intelektualnej, jest niedozwolone.<\/p>\n\n\n\n<h5 class=\"wp-block-heading\">3. Znaki towarowe i nazwy domen<\/h5>\n\n\n\n<p>PURMERUL OOD jest wy\u0142\u0105cznym posiadaczem loga i rejestrowanego znaku towarowego \u201eCOCOSOLIS\u201d oraz ka\u017cdej innej jednostki zawieraj\u0105cej s\u0142owo \u201eCOCOSOLIS\u201d i nazw\u0119 domeny \u201cCOCOSOLIS.COM\u201d.<\/p>\n\n\n\n<p>PURMERUL OOD ma prawo do wy\u0142\u0105cznego wykorzystania w\u0142asnych znak\u00f3w towarowych.<br>Nie wolno u\u017cywa\u0107 bez zgody PURMERUL OOD tych znak\u00f3w towarowych do innych produkt\u00f3w lub us\u0142ug.<\/p>\n\n\n\n<h5 class=\"wp-block-heading\">4. Linki do innych stron<\/h5>\n\n\n\n<p>Cocosolis.com zawiera linki do innych stron, kt\u00f3re w \u017caden spos\u00f3b nie s\u0105 zwi\u0105zane z COCOSOLIS.COM.<\/p>\n\n\n\n<p>COCOSOLIS.COM nie kontroluje tych stron internetowych lub ich tre\u015bci. COCOSOLIS.COM nie ponosi odpowiedzialno\u015bci za tre\u015b\u0107 tych stron i\/lub za zasady przyj\u0119te przez nich w stosunku do, lecz nie wy\u0142\u0105cznie, Pa\u0144stwa danych osobowych, kiedy Pa\u0144stwo odwiedzaj\u0105 te strony. Te trzecie strony prawdopodobnie zbieraj\u0105 dane osobowe u\u017cytkownik\u00f3w, a tryb tego procesu regulowany jest przyj\u0119tymi przez nich og\u00f3lnymi warunkami korzystania i ochrony danych osobowych. Kiedy Pa\u0144stwo trafi\u0105 na tych stronach za po\u015brednictwem link\u00f3w udost\u0119pnionych przez COCOSOLIS.COM, prosimy dok\u0142adnie zapozna\u0107 si\u0119 z ich zasadami i warunkami korzystania oraz z ich polityk\u0105 prywatno\u015bci. Nasze Warunki korzystania i Polityka danych osobowych nie maj\u0105 zastosowanie na stronach os\u00f3b trzecich.<\/p>\n\n\n\n<h5 class=\"wp-block-heading\">5. Warunki korzystania z tre\u015bci<\/h5>\n\n\n\n<p>COCOSOLIS.COM stara si\u0119 zapobiega\u0107 publikowaniu na swojej stronie internetowej tre\u015bci, kt\u00f3re mo\u017ce uzna\u0107 za naruszaj\u0105ce przekonania obywatelskie lub prawa i godno\u015bci cz\u0142owieka we wszelkich swoich postaciach i przejawach. Ale COCOSOLIS.COM nie gwarantuje, \u017ce tre\u015b\u0107 strony jest w\u0142a\u015bciwa i legalna dla ka\u017cdej grupy odbiorc\u00f3w lub \u017ce jest legalna we wszystkich krajach.<br>W przypadku gdy tre\u015b\u0107 strony uwa\u017cana jest za nielegalna w niekt\u00f3rym z tych kraj\u00f3w, my nie ponosimy odpowiedzialno\u015bci za Pa\u0144stwa decyzj\u0119 odwiedzania i korzystania z naszej strony. Je\u017celi niezale\u017cnie od tego Pa\u0144stwo postanowi\u0105 korzysta\u0107 z naszej strony, informujemy, \u017ce korzystanie z us\u0142ug oferowanych przez COCOSOLIS. COM odbywa si\u0119 wy\u0142\u0105cznie na w\u0142asn\u0105 odpowiedzialno\u015b\u0107 Pa\u0144stwa.<\/p>\n\n\n\n<p>COCOSOLIS.COM wdro\u017cy\u0142a \u015brodki do zagwarantowania rzetelno\u015bci tre\u015bci strony COCOSOLIS.COM i braku zawarto\u015bci niezgodnych z prawd\u0105 lub niezaktualizowanych informacji. Niezale\u017cnie od tego COCOSOLIS.COM nie ponosi odpowiedzialno\u015bci za dok\u0142adno\u015b\u0107 i kompletno\u015b\u0107 tre\u015bci publikowanej na jej stronie internetowej.<\/p>\n\n\n\n<p>COCOSOLIS.COM nie mo\u017ce zagwarantowa\u0107, \u017ce strona b\u0119dzie dzia\u0142a\u0142a nieustannie, bez \u017cadnych przerw i b\u0142\u0119d\u00f3w spowodowanych po\u0142\u0105czeniem internetowym. W razie problem\u00f3w podczas korzystania z naszej stronie, prosimy o kontakt. Przedstawiciel COCOSOLIS.COM b\u0119dzie do Pa\u0144stwa dyspozycji, aby udziela\u0107 pomocy i w miar\u0119 mo\u017cliwo\u015bci przywr\u00f3ci\u0107 Pa\u0144stwa dost\u0119p do strony.<\/p>\n\n\n\n<p>COCOSOLIS.COM stosuje odpowiednie \u015brodki techniczne i organizacyjne w celu zapewnienia bezpiecze\u0144stwa us\u0142ug COCOSOLIS.COM i zapobiegania nieautoryzowanego korzystania lub dost\u0119pu do danych oraz ryzyku rozpowszechniania, niszczenia i utraty danych i informacji poufnych dotycz\u0105cych u\u017cytkownik\u00f3w COCOSOLIS.COM, a tak\u017ce nieautoryzowanego lub nielegalnego dost\u0119pu do takich danych i informacji.<\/p>\n\n\n\n<h5 class=\"wp-block-heading\">6. Prawa i obowi\u0105zki u\u017cytkownika<\/h5>\n\n\n\n<p>U\u017cytkownik ma prawo do korzystania ze strony przy zachowaniu ogranicze\u0144 wskazanych wy\u017cej w pkt. 2 Prawa w\u0142asno\u015bci intelektualnej.<\/p>\n\n\n\n<p>Podczas korzystania z oferowanych Us\u0142ug U\u017cytkownik jest zobowi\u0105zany:<\/p>\n\n\n\n<p>1. nie dopuszcza\u0107 si\u0119 z\u0142o\u015bliwych dzia\u0142a\u0144 w rozumieniu niniejszych Warunk\u00f3w korzystania;<br>2. nie wyci\u0105ga\u0107 za pomoc\u0105 \u015brodk\u00f3w technicznych lub w spos\u00f3b techniczny zasob\u00f3w informacyjnych lub ich cz\u0119\u015bci zawartych w bazach danych dost\u0119pnych na Stronie, tworz\u0105c w ten spos\u00f3b w\u0142asn\u0105 baz\u0119 danych w formie elektronicznej lub jakiejkolwiek innej.<br>3. nie podszywa\u0107 si\u0119 pod inn\u0105 osob\u0119 lub przedstawiciela osoby, do reprezentacji kt\u00f3rej nie zosta\u0142 upe\u0142nomocniony, nie wprowadza\u0107 w b\u0142\u0105d Stron\u0119 lub osoby trzecie co do swojej to\u017csamo\u015bci lub przynale\u017cno\u015bci do danej grupy spo\u0142ecznej.<br>4. niezw\u0142ocznie zawiadomi\u0107 Sp\u00f3\u0142k\u0119 o ka\u017cdym przypadku pope\u0142nionego lub wykrytego naruszenia podczas korzystania ze oferowanych Us\u0142ug;<br>5. Nie wykonywa\u0107 czynno\u015bci obejmuj\u0105cych wykorzystanie wirus\u00f3w, bot\u00f3w, robak\u00f3w lub innego kodu komputerowego, plik\u00f3w lub oprogramowa\u0144, kt\u00f3re zak\u0142\u00f3caj\u0105, niszcz\u0105 lub ograniczaj\u0105 funkcjonalno\u015b\u0107 oprogramowania komputerowego lub sprz\u0119tu lub urz\u0105dzenia telekomunikacyjnego, lub w inny spos\u00f3b umo\u017cliwiaj\u0105 nieautoryzowane korzystanie lub dost\u0119p do sprz\u0119tu komputerowego lub do sieci komputerowej.<\/p>\n\n\n\n<h5 class=\"wp-block-heading\">7. Ograniczenie odpowiedzialno\u015bci Sp\u00f3\u0142ki<\/h5>\n\n\n\n<p>Za po\u015brednictwem Strony Sp\u00f3\u0142ka udost\u0119pnia Us\u0142ugi do korzystania przez U\u017cytkownik\u00f3w \u201etak jak s\u0105\u201d i \u201etak jak s\u0105 dost\u0119pne\u201d. Sp\u00f3\u0142ka nie gwarantuje i nie obiecuje okre\u015blonych wynik\u00f3w korzystania lub d\u0142ugotrwa\u0142ej mo\u017cliwo\u015bci korzystania z Us\u0142ug.<\/p>\n\n\n\n<p>Sp\u00f3\u0142ka nie udziela gwarancji, \u017ce:<\/p>\n\n\n\n<p>1. korzystanie z Us\u0142ug przez u\u017cytkownika b\u0119dzie nieprzerwane, na czas, pewne i niezawodne lub bezb\u0142\u0119dne;<br>2. ewentualne wady Us\u0142ug zostan\u0105 usuni\u0119te;<br>3. \u015bwiadczone Us\u0142ugi lub us\u0142ugi, na podstawie kt\u00f3rych te zosta\u0142y wybudowane, nie maj\u0105 \u017cadnych wirus\u00f3w lub innych szkodliwych sk\u0142adnik\u00f3w;<\/p>\n\n\n\n<p>W \u017cadnym wypadku Sp\u00f3\u0142ka nie ponosi odpowiedzialno\u015bci za jakiekolwiek straty, szkody lub obra\u017cenia wynikaj\u0105ce z:<\/p>\n\n\n\n<p>1. korzystania z Us\u0142ug;<br>2. problem\u00f3w lub technicznych usterek zwi\u0105zanych z korzystaniem z Us\u0142ug;<br>3. materia\u0142\u00f3w \u015bci\u0105gni\u0119tych za pomoc\u0105 Us\u0142ug lub w zwi\u0105zku z Us\u0142ugami;<br>4. tre\u015bci stworzonej przez u\u017cytkownika;<br>5. zachowania U\u017cytkownik\u00f3w w zwi\u0105zku z Us\u0142ugami, niezale\u017cnie czy w czasie rzeczywistym (online) lub nie (offline).<\/p>\n\n\n\n<p>Sp\u00f3\u0142ka nie ponosi odpowiedzialno\u015bci, je\u017celi dany U\u017cytkownik nie jest w stanie wej\u015b\u0107 na stron\u0119 z powodu problem\u00f3w poza kontrol\u0105 Strony \u2013 problem z oprogramowaniem, sprz\u0119tem, po\u0142\u0105czeniem internetowym lub dzia\u0142anie si\u0142y wy\u017cszej.<\/p>\n\n\n\n<p>U\u017cytkownik zgadza si\u0119, \u017ce ponosi odpowiedzialno\u015b\u0107 za wszystkie koszty zwi\u0105zane z utrzymaniem, sprawno\u015bci\u0105 lub po\u0142\u0105czeniem w\u0142asnego systemu komputerowego lub innego sprz\u0119tu potrzebnego do korzystania z Us\u0142ug przez U\u017cytkownika.<br>Sp\u00f3\u0142ka zastrzega sobie prawo do systemowej interwencji w ca\u0142\u0105 funkcjonalno\u015b\u0107 Strony, w tym, lecz nie wy\u0142\u0105cznie, w celu wstrzymania dost\u0119pu do niej w razie obecno\u015bci uzasadnionego powodu do tego.<\/p>\n\n\n\n<h5 class=\"wp-block-heading\">8. Kary umowne<\/h5>\n\n\n\n<p>W pe\u0142nym zakresie, dozwolonym przez obowi\u0105zuj\u0105ce prawo, Sp\u00f3\u0142ka nie ponosi odpowiedzialno\u015bci za szkody poniesione przez U\u017cytkownika, kt\u00f3re s\u0105: 1. po\u015brednie; 2. nast\u0119pcze; 3. przypadkowe; 4. karne, w tym szkody w postaci utraconych korzy\u015bci, wynikaj\u0105ce z korzystania lub niemo\u017cliwo\u015bci korzystania z Us\u0142ug.<\/p>\n\n\n\n<p>Niezale\u017cnie od powy\u017cszego odpowiedzialno\u015b\u0107 Sp\u00f3\u0142ki w stosunku do U\u017cytkownika za jak\u0105kolwiek czynno\u015b\u0107 lub zaniedbanie zwi\u0105zane z korzystaniem lub spowodowane przez korzystanie z Us\u0142ug, zawsze b\u0119dzie ograniczona do kary umownej w wysoko\u015bci warto\u015bci dokonanego zakupu. W przypadku braku zakupu Sp\u00f3\u0142ka nie ponosi odpowiedzialno\u015bci za jak\u0105kolwiek czynno\u015b\u0107 lub zaniedbanie.<\/p>\n\n\n\n<h5 class=\"wp-block-heading\">9. Zmiana<\/h5>\n\n\n\n<p>COCOSOLIS.COM mo\u017ce zmieni\u0107 lub zaktualizowa\u0107 wszystkie lub cz\u0119\u015b\u0107 niniejszych \u201eWarunk\u00f3w korzystania\u201d. W takim razie aktualne informacje zostan\u0105 opublikowane w tym rozdziale. Nowe \u201eWarunki korzystania\u201d wejd\u0105 w \u017cycie od dnia opublikowania na COCOSOLIS.COM.<br>Je\u017celi Pa\u0144stwo nie zgadzaj\u0105 si\u0119 ze wszystkimi lub z cz\u0119\u015bci\u0105 \u201eWarunk\u00f3w korzystania\u201d, my nie ponosimy odpowiedzialno\u015bci za Pa\u0144stwa decyzj\u0119 odwiedzania i korzystania z naszej strony.<\/p>\n\n\n\n<h5 class=\"wp-block-heading\">10. Okres obowi\u0105zywania i rozwi\u0105zanie porozumienia<\/h5>\n\n\n\n<p>Niniejsze porozumienie wchodzi w \u017cycie niezw\u0142ocznie od chwili jego zaakceptowania przez U\u017cytkownika i w mocy do chwili zaprzestania korzystania z us\u0142ug.<\/p>\n\n\n\n<h5 class=\"wp-block-heading\">11. Obowi\u0105zuj\u0105ce prawo<\/h5>\n\n\n\n<p>Jako podstawow\u0105 zasad\u0119 wykonania niniejszego porozumienia strony postrzegaj\u0105 wzajemne zrozumienie i dopuszczalne ust\u0119pstwa. W tym sensie strony zgadzaj\u0105 si\u0119 rozwi\u0105zywa\u0107 powsta\u0142e mi\u0119dzy nimi spory w duchu dobrej woli i poprzez negocjacje.<\/p>\n\n\n\n<p>Wszelkie spory, niezgody lub roszczenia wynikaj\u0105ce z wykonania lub w zwi\u0105zku z wykonaniem i odpowiednio \u2013 z niewykonaniem niniejszego porozumienia b\u0119d\u0105 rozstrzygane przez Strony w drodze negocjacji i przy dobrej woli ka\u017cdej z nich.<\/p>\n\n\n\n<p>W razie niemo\u017cliwo\u015bci rozstrzygni\u0119cia spor\u00f3w wynik\u0142ych na tle i z powodu niniejszego porozumienia, z jego wykonaniem i odpowiednio z niewykonaniem, strony zgadzaj\u0105 si\u0119, \u017ce spory rozstrzygnie w\u0142a\u015bciwy s\u0105d okre\u015blony zgodnie z zasadami jurysdykcji. W przypadku sprawy z zakresu prawa prywatnego z elementem mi\u0119dzynarodowym s\u0105d w\u0142a\u015bciwy do rozpoznania sprawy powinien by\u0107 okre\u015blony zgodnie z przepisami prawa prywatnego mi\u0119dzynarodowego.<\/p>\n\n\n\n<p>Prawem w\u0142a\u015bciwym dla niniejszego porozumienia jest prawo kraju, w kt\u00f3rym administrator jest zarejestrowany, w tym przypadku jest to prawo Republiki Bu\u0142garii.<\/p>\n\n\n\n<p>Data publikacji: 9.07.2020 r.<\/p>\n","protected":false},"excerpt":{"rendered":"<p>Warunki korzystania ze strony Witamy na naszej stronie internetowej (\u201ecocosolis.com\u201d) Niniejsze \u201eWarunki korzystania\u201d reguluj\u0105 dost\u0119p do strony COCOSOLIS.COM i korzystanie z niej.Dost\u0119p do strony i korzystanie z niej oraz zakup produkt\u00f3w ze strony COCOSOLIS.COM oparte s\u0105 na za\u0142o\u017ceniu, \u017ce faktem \u0142adowania strony na urz\u0105dzeniu ko\u0144cowym U\u017cytkownik wyra\u017ca swoj\u0105 zgod\u0119 na zapoznanie si\u0119 z niniejszymi Og\u00f3lnymi &hellip; <a href=\"https:\/\/cocosolis.com\/pl\/terms-of-use\/\">Dalszy<\/a><\/p>\n","protected":false},"author":1,"featured_media":0,"parent":0,"menu_order":0,"comment_status":"closed","ping_status":"closed","template":"","meta":{"_acf_changed":false,"footnotes":""},"page_roles":[36],"class_list":["post-464","page","type-page","status-publish","hentry","page_roles-legal"],"acf":[],"_links":{"self":[{"href":"https:\/\/cocosolis.com\/pl\/wp-json\/wp\/v2\/pages\/464","targetHints":{"allow":["GET"]}}],"collection":[{"href":"https:\/\/cocosolis.com\/pl\/wp-json\/wp\/v2\/pages"}],"about":[{"href":"https:\/\/cocosolis.com\/pl\/wp-json\/wp\/v2\/types\/page"}],"author":[{"embeddable":true,"href":"https:\/\/cocosolis.com\/pl\/wp-json\/wp\/v2\/users\/1"}],"replies":[{"embeddable":true,"href":"https:\/\/cocosolis.com\/pl\/wp-json\/wp\/v2\/comments?post=464"}],"version-history":[{"count":6,"href":"https:\/\/cocosolis.com\/pl\/wp-json\/wp\/v2\/pages\/464\/revisions"}],"predecessor-version":[{"id":1000011814,"href":"https:\/\/cocosolis.com\/pl\/wp-json\/wp\/v2\/pages\/464\/revisions\/1000011814"}],"wp:attachment":[{"href":"https:\/\/cocosolis.com\/pl\/wp-json\/wp\/v2\/media?parent=464"}],"wp:term":[{"taxonomy":"page_roles","embeddable":true,"href":"https:\/\/cocosolis.com\/pl\/wp-json\/wp\/v2\/page_roles?post=464"}],"curies":[{"name":"wp","href":"https:\/\/api.w.org\/{rel}","templated":true}]}}