{"id":461,"date":"2022-05-06T15:54:55","date_gmt":"2022-05-06T13:54:55","guid":{"rendered":"http:\/\/cocosolis.com\/en\/?page_id=461"},"modified":"2022-06-17T12:04:50","modified_gmt":"2022-06-17T10:04:50","slug":"terms-of-sale","status":"publish","type":"page","link":"https:\/\/cocosolis.com\/pl\/terms-of-sale\/","title":{"rendered":"Regulamin zakupu"},"content":{"rendered":"\n<h2 class=\"wp-block-heading\">Regulamin zakupu<\/h2>\n\n\n\n<p>Poni\u017csze warunki sprzeda\u017cy reguluj\u0105 dostawy i sprzeda\u017c produkt\u00f3w na naszej stronie internetowej (\u201ecocosolis.com\u201d). Produkty zakupione w cocosolis.com s\u0105 sprzedawane bezpo\u015brednio przez PURERMER Sp.z.o.o. z siedzib\u0105 w Bu\u0142garii, P\u0142owdiw 4002, ul. Liuleburgas 22, pi\u0119tro 4, m. 9, REGON 201172065, NIP BG201172065.<\/p>\n\n\n\n<h5 class=\"wp-block-heading\">1. Zasady sprzeda\u017cy w cocosolis.com<\/h5>\n\n\n\n<p>1.1 PURERMELL oferuje produkty na sprzeda\u017c na stronie \u201ecocosolis.com\u201d.<br>1.2 PURERMER Ltd. zastrzega sobie prawo do nie przetwarzania i realizacji zam\u00f3wie\u0144, kt\u00f3re nie spe\u0142niaj\u0105 zasad sprzeda\u017cy cocosolis.com.<br>1.3 Niniejsze Warunki sprzeda\u017cy reguluj\u0105 przyjmowanie i realizacj\u0119 zam\u00f3wie\u0144 zakupu obejmuj\u0105cych produkty cocosolis.com mi\u0119dzy u\u017cytkownikami cocosolis.com i PURERMER Sp.z.o.o.<\/p>\n\n\n\n<h5 class=\"wp-block-heading\">2. Jak z\u0142o\u017cy\u0107 zam\u00f3wienie na cocosolis.com<\/h5>\n\n\n\n<p>2.1 Aby z\u0142o\u017cy\u0107 zam\u00f3wienie na zakup jednego lub wi\u0119cej produkt\u00f3w na stronie cocosolis.com, nale\u017cy wype\u0142ni\u0107 formularz zam\u00f3wienia online i wys\u0142a\u0107 go elektronicznie, zgodnie z odpowiednimi instrukcjami.<br>2.2 Formularz zam\u00f3wienia (zlecenia) zawiera informacje o podstawowych cechach ka\u017cdego zam\u00f3wionego produktu i cenie (w tym wszystkie obowi\u0105zuj\u0105ce podatki i op\u0142aty), rodzaju p\u0142atno\u015bci, kt\u00f3rej mo\u017cna u\u017cy\u0107 do zakupu ka\u017cdego produktu, warunkach zakupu zakupionych produkt\u00f3w , koszty dostawy i transportu. Na stronie internetowej mo\u017cna znale\u017a\u0107 odniesienia do warunk\u00f3w i do zwrotu zakupionych produkt\u00f3w, transportu i koszt\u00f3w dostawy, jak r\u00f3wnie\u017c szczeg\u00f3\u0142owe informacje na temat sprzedawcy, adresy pocztowe i e-mail, r\u00f3wnie\u017c termin, w kt\u00f3rym producent obiecuje dostarczy\u0107 towar. Informacje na temat warunk\u00f3w korzystania z prawa do odst\u0105pienia od umowy, procedur i termin\u00f3w zwrotu zakupu, informacji o okoliczno\u015bciach, w kt\u00f3rych straci\u0142by\u015b prawo do odst\u0105pienia od umowy, mo\u017cna znale\u017a\u0107 zgodnie z przepisami o ochronie konsument\u00f3w.<br>2.3 Zam\u00f3wienie uwa\u017ca si\u0119 za dostarczone, gdy PURERMEL otrzyma\u0142 formularz zam\u00f3wienia (zlecenia) elektronicznie, a informacje o zam\u00f3wieniu zosta\u0142y potwierdzone jako poprawne.<br>2.4 Przekazanie formularza zam\u00f3wienia jest obowi\u0105zkiem zap\u0142aty okre\u015blonej kwoty. Formularz zam\u00f3wienia zostanie zapisany w naszej bazie danych na czas potrzebny do realizacji zam\u00f3wienia i zgodnie z przepisami prawa.<br>2.5 Po otrzymaniu formularza zam\u00f3wienia, PURERMER Sp.z.o.o. przetworzy Twoje zam\u00f3wienie.<br>2.6 PURERMER Sp.z.o.o. zastrzega sobie prawo do nieprzetworzenia zam\u00f3wie\u0144, kt\u00f3re s\u0105 niepe\u0142ne lub niedok\u0142adne lub produkty nie s\u0105 ju\u017c dost\u0119pne (w magazynie). W powy\u017cszych przypadkach poinformujemy Ci\u0119 poczt\u0105 elektroniczn\u0105, \u017ce umowa nie zosta\u0142a zawarta, a PURERMER Sp.z.o.o.. nie wykona\u0142 zam\u00f3wienia, podaj\u0105c przyczyny. Je\u017celi produkty pokazane na stronie cocosolis.com nie b\u0119d\u0105 ju\u017c dost\u0119pne podczas ostatniej wizyty na stronie lub po otrzymaniu przez PURERMEL formularza zam\u00f3wienia, PURERMER poinformuje Ci\u0119 o braku zam\u00f3wionych produkt\u00f3w w ci\u0105gu dziesi\u0119ciu (10) dni od daty otrzymania zam\u00f3wienia przez PURMERUL Sp.z.o.o.<br>Je\u017celi formularz zam\u00f3wienia (zlecenia) zostanie wys\u0142any, a op\u0142ata zosta\u0142a op\u0142acona za produkty, kt\u00f3re nie s\u0105 ju\u017c dost\u0119pne, PURERMEL zwr\u00f3ci kwot\u0119 zap\u0142acon\u0105 za te produkty bez zb\u0119dnej zw\u0142oki i umowa mi\u0119dzy stronami zostanie uznana za rozwi\u0105zan\u0105.<br>2.7 Przesy\u0142aj\u0105c formularz zam\u00f3wienia (zlecenia) do PURERMER LTD, przyjmujesz i zgadzasz si\u0119 przestrzega\u0107 postanowie\u0144 niniejszych Og\u00f3lnych warunk\u00f3w sprzeda\u017cy z PURERMER Sp.z.o.o. Je\u017celi nie zgadzasz si\u0119 z kt\u00f3rymkolwiek z postanowie\u0144 niniejszych warunk\u00f3w sprzeda\u017cy, nie wysy\u0142aj formularza zam\u00f3wienia zakupu (zlecenia) do cocosolis.com.<br>2.8 Po wej\u015bciu w \u017cycie umowy Sprzedaj\u0105cy prze\u015ble e-mailem potwierdzenie otrzymania wniosku o zakup. Przesy\u0142aj\u0105c formularz zam\u00f3wienia, zgadzasz si\u0119 i akceptujesz warunki sprzeda\u017cy, a tak\u017ce dodatkowe warunki zawarte w cocosolis.com za po\u015brednictwem link\u00f3w, w tym Warunk\u00f3w \u015bwiadczenia us\u0142ug, Polityki prywatno\u015bci i Polityki zwrot\u00f3w.<br>2.9 Pragniemy przypomnie\u0107, \u017ce wszystkie zakupione produkty s\u0105 przeznaczone do u\u017cytku w kraju, z kt\u00f3rego s\u0105 zamawiane. Je\u017celi jednak zdecydowa\u0142e\u015b si\u0119 wywie\u015b\u0107 produkty do innego kraju, b\u0119dziesz odpowiedzialny za przestrzeganie prawa eksportowego kraju zakupu i prawa importowego kraju, w kt\u00f3rym je importujesz. PURERMELL Sp.z.o.o nie ponosi za to odpowiedzialno\u015bci.<\/p>\n\n\n\n<h5 class=\"wp-block-heading\">3. Gwarancja produkt\u00f3w. Ceny produkt\u00f3w<\/h5>\n\n\n\n<p>3.1 W cocosolis.com oferujemy na sprzeda\u017c luksusowe i wysokiej jako\u015bci produkty.<br>3.2 G\u0142\u00f3wne cechy produkt\u00f3w s\u0105 wy\u015bwietlane na stronie cocosolis.com na ka\u017cdej stronie produktu.<br>3.3 Ceny mog\u0105 ulec zmianie. Sprawd\u017a ostateczn\u0105 cen\u0119 sprzeda\u017cy przed z\u0142o\u017ceniem formularza zam\u00f3wienia (zlecenia).<br>3.4 Zam\u00f3wienia z\u0142o\u017cone na stronie z kraj\u00f3w i adres\u00f3w, do kt\u00f3rych PURERMEL Sp.z.o.o. nie mo\u017ce dostarczy\u0107, zostan\u0105 automatycznie anulowane.<br>3.5 Zgodnie z przepisami o ochronie konsument\u00f3w, b\u0119dziesz odpowiedzialny za jakiekolwiek zmniejszenie warto\u015bci produkt\u00f3w zakupionych w cocosolis.com, wynikaj\u0105ce z u\u017cycia tych samych produkt\u00f3w, innych ni\u017c ich przeznaczenie. Dlatego, je\u017celi zdecydujesz si\u0119 skorzysta\u0107 z prawa do zwrotu zakupionych produkt\u00f3w, COCOSOLIS ma prawo nie przyjmowa\u0107 zwr\u00f3conych produkt\u00f3w lub nie zwr\u00f3ci\u0107 w pe\u0142ni zap\u0142aconej kwoty za zakupione produkty, kt\u00f3re zosta\u0142y zmienione od ich pierwotnego wygl\u0105du lub uszkodzone.<\/p>\n\n\n\n<h5 class=\"wp-block-heading\">4. P\u0142atno\u015b\u0107<\/h5>\n\n\n\n<p>4.1 Zap\u0142acenie za warto\u015b\u0107 produkt\u00f3w i odpowiednich koszt\u00f3w transportu i dostawy musi by\u0107 dokonane wedle procedur okre\u015blonych w formularzu zam\u00f3wienia. W \u017cadnym wypadku nie b\u0119dziesz obci\u0105\u017cony kwot\u0105 wy\u017csz\u0105 ni\u017c kwota okre\u015blona przez Sprzedaj\u0105cego w odniesieniu do wybranej przez Ciebie metody p\u0142atno\u015bci.<br>4.2 W przypadku p\u0142atno\u015bci kart\u0105 kredytow\u0105 lub debetow\u0105, wszystkie dane (na przyk\u0142ad numer karty lub data wa\u017cno\u015bci) zostan\u0105 wys\u0142ane szyfrowanym protoko\u0142em do banku, kt\u00f3ry umo\u017cliwia zdalne us\u0142ugi p\u0142atno\u015bci elektronicznych, bez dost\u0119pu do nich os\u00f3b trzecich. Dane te nie b\u0119d\u0105 wykorzystywane przez PURMERUL Sp.z.o.o. z wyj\u0105tkiem wykonania procedury odnosz\u0105cej si\u0119 do zakupu lub wydawania refundacji w przypadku zwrotu towaru, zgodnie ze swoimi prawami do odwo\u0142ania lub zg\u0142aszania przypadk\u00f3w nadu\u017cy\u0107 przez policj\u0119.<\/p>\n\n\n\n<h5 class=\"wp-block-heading\">5. Kody rabatowe<\/h5>\n\n\n\n<p>5.1 Kody rabatowe to spersonalizowane kody, kt\u00f3re umo\u017cliwiaj\u0105 korzystanie ze zni\u017cek na zakupy na cocosolis.com.<br>5.2 Kody rabatowe w \u017cadnym wypadku nie mog\u0105 by\u0107 wymieniane na pieni\u0105dze;<\/p>\n\n\n\n<h5 class=\"wp-block-heading\">6. Prawo do zwrotu zgodnie z przepisami o ochronie konsument\u00f3w<\/h5>\n\n\n\n<p>6.1 Zgodnie z przepisami dotycz\u0105cymi ochrony konsument\u00f3w, mo\u017cesz zwr\u00f3ci\u0107 produkty zakupione od cocosolis.com bez \u017cadnych kar i bez podania przyczyny w ci\u0105gu czternastu (14) dni od otrzymania zakupionych na cocosolis.com produkt\u00f3w.<br>6.2 Po skorzystaniu z prawa do odst\u0105pienia od umowy, nale\u017cy zwr\u00f3ci\u0107 Produkty Sprzedaj\u0105cemu, wysy\u0142aj\u0105c je kurierem w ci\u0105gu czternastu (14) dni od poinformowania Sprzedaj\u0105cego o decyzji anulowaniu umowy (zakupu).<\/p>\n\n\n\n<h5 class=\"wp-block-heading\">7. Odpowiedzialno\u015b\u0107 (Indemnification)<\/h5>\n\n\n\n<p>Informacje dotycz\u0105ce sk\u0142adnik\u00f3w produkt\u00f3w kosmetycznych COCOSOLIS.COM zamieszczone na Stronie nie s\u0105 przeznaczone i nie nale\u017cy je interpretowa\u0107 jako porady lub zalecenia w zakresie u\u017cycia produktu kosmetycznego. W razie pyta\u0144 w sprawie u\u017cycia danego produktu kosmetycznego, prosimy zapozna\u0107 si\u0119 z etykiet\u0105 produktu, skontaktowa\u0107 si\u0119 z nami lub skonsultowa\u0107 si\u0119 ze specjalist\u0105 ds. medycznych.<\/p>\n\n\n\n<p>Korzystaj\u0105c ze Strony, Pa\u0144stwo potwierdzaj\u0105 oraz zgadzaj\u0105 si\u0119, \u017ce informacje zawarte na Stronie, w tym wszystkie informacje dostarczone przez ekspert\u00f3w lub specjalist\u00f3w ds. medycznych, s\u0105 przeznaczone tylko na cele og\u00f3lnoedukacyjne. Nasze produkty nie mog\u0105 prowadzi\u0107 do problem\u00f3w zdrowotnych. Wed\u0142ug w\u0142asnego uznania Pa\u0144stwo nale\u017cy zawsze zasi\u0119gn\u0105\u0107 porady osoby wykonuj\u0105cej zaw\u00f3d medyczny lub innej wykwalifikowanej pomocy we wszelkich sprawach, kt\u00f3re mog\u0142yby powsta\u0107 w zwi\u0105zki z jakimkolwiek stanem medycznym.<\/p>\n\n\n\n<p>Odczytywanie dowolnych informacji zawartych na Stronie jest wy\u0142\u0105cznie na Pa\u0144stwa w\u0142asne ryzyko.<\/p>\n\n\n\n<h5 class=\"wp-block-heading\">8. Prawo<\/h5>\n\n\n\n<p>8.1 Niniejsze Og\u00f3lne Warunki Sprzeda\u017cy podlegaj\u0105 prawu bu\u0142garskiemu.<\/p>\n\n\n\n<h5 class=\"wp-block-heading\">9. Poprawki i aktualizacje<\/h5>\n\n\n\n<p>Og\u00f3lne warunki sprzeda\u017cy mog\u0105 zosta\u0107 zmienione ze wzgl\u0119du na nowe przepisy ustawowe i wykonawcze lub z innych powod\u00f3w. Nowe warunki sprzeda\u017cy powinny obowi\u0105zywa\u0107 od daty ich publikacji na stronie cocosolis.com.<\/p>\n\n\n\n<p>Data publikacji: 9.07.2020 r.<\/p>\n","protected":false},"excerpt":{"rendered":"<p>Regulamin zakupu Poni\u017csze warunki sprzeda\u017cy reguluj\u0105 dostawy i sprzeda\u017c produkt\u00f3w na naszej stronie internetowej (\u201ecocosolis.com\u201d). Produkty zakupione w cocosolis.com s\u0105 sprzedawane bezpo\u015brednio przez PURERMER Sp.z.o.o. z siedzib\u0105 w Bu\u0142garii, P\u0142owdiw 4002, ul. Liuleburgas 22, pi\u0119tro 4, m. 9, REGON 201172065, NIP BG201172065. 1. Zasady sprzeda\u017cy w cocosolis.com 1.1 PURERMELL oferuje produkty na sprzeda\u017c na stronie &hellip; <a href=\"https:\/\/cocosolis.com\/pl\/terms-of-sale\/\">Dalszy<\/a><\/p>\n","protected":false},"author":1,"featured_media":0,"parent":0,"menu_order":0,"comment_status":"closed","ping_status":"closed","template":"","meta":{"_acf_changed":false,"footnotes":""},"page_roles":[36],"class_list":["post-461","page","type-page","status-publish","hentry","page_roles-legal"],"acf":[],"_links":{"self":[{"href":"https:\/\/cocosolis.com\/pl\/wp-json\/wp\/v2\/pages\/461","targetHints":{"allow":["GET"]}}],"collection":[{"href":"https:\/\/cocosolis.com\/pl\/wp-json\/wp\/v2\/pages"}],"about":[{"href":"https:\/\/cocosolis.com\/pl\/wp-json\/wp\/v2\/types\/page"}],"author":[{"embeddable":true,"href":"https:\/\/cocosolis.com\/pl\/wp-json\/wp\/v2\/users\/1"}],"replies":[{"embeddable":true,"href":"https:\/\/cocosolis.com\/pl\/wp-json\/wp\/v2\/comments?post=461"}],"version-history":[{"count":4,"href":"https:\/\/cocosolis.com\/pl\/wp-json\/wp\/v2\/pages\/461\/revisions"}],"predecessor-version":[{"id":525,"href":"https:\/\/cocosolis.com\/pl\/wp-json\/wp\/v2\/pages\/461\/revisions\/525"}],"wp:attachment":[{"href":"https:\/\/cocosolis.com\/pl\/wp-json\/wp\/v2\/media?parent=461"}],"wp:term":[{"taxonomy":"page_roles","embeddable":true,"href":"https:\/\/cocosolis.com\/pl\/wp-json\/wp\/v2\/page_roles?post=461"}],"curies":[{"name":"wp","href":"https:\/\/api.w.org\/{rel}","templated":true}]}}