{"id":457,"date":"2022-05-06T15:54:08","date_gmt":"2022-05-06T13:54:08","guid":{"rendered":"http:\/\/cocosolis.com\/en\/?page_id=457"},"modified":"2022-06-17T12:04:32","modified_gmt":"2022-06-17T10:04:32","slug":"return-policy","status":"publish","type":"page","link":"https:\/\/cocosolis.com\/pl\/return-policy\/","title":{"rendered":"Prawo do zwrotu zakupionych towar\u00f3w"},"content":{"rendered":"\n<h2 class=\"wp-block-heading\">Prawo do zwrotu zakupionego towaru<\/h2>\n\n\n\n<h5 class=\"wp-block-heading\">1. Prawo do zwrotu zakupionego towaru<\/h5>\n\n\n\n<p>Zgodnie z prawem ochrony konsument\u00f3w, mo\u017cna skorzysta\u0107 z prawa do zwrotu zakupionych produkt\u00f3w na Pa\u0144stwa koszt, bez \u017cadnych kar i bez konieczno\u015bci podawania konkretnego powodu. Wszystko co nale\u017cy zrobi\u0107 to wys\u0142a\u0107 do nas wiadomo\u015b\u0107 e-mail na adres&nbsp;<a href=\"mailto:pl@cocosolis.com\">pl@cocosolis.com<\/a>&nbsp;w ci\u0105gu 30 dni od daty otrzymania produktu.<\/p>\n\n\n\n<p>Produkty, kt\u00f3re chcieliby Pa\u0144stwo zwr\u00f3ci\u0107, nale\u017cy odes\u0142a\u0107 w ci\u0105gu 30 dni od daty poinformowania nas o swojej decyzji, na poni\u017cszy adres: Bu\u0142garia, Sofia 1407, Blvd. Nikola Vaptsarov 53B.<br>Je\u017celi spe\u0142nione s\u0105 wszystkie poni\u017csze wymagania, w pe\u0142ni zwr\u00f3cimy kwot\u0119 zwr\u00f3conych produkt\u00f3w:<\/p>\n\n\n\n<p>1.1 Produkty musz\u0105 by\u0107 nierozpakowane i w oryginalnym opakowaniu<\/p>\n\n\n\n<p>1.2 Nie mog\u0105 mie\u0107 \u015blad\u00f3w u\u017cytkowania, uszkodze\u0144 lub zabrudze\u0144<\/p>\n\n\n\n<p>1.3 Do\u0142\u0105czona jest oryginalna faktura, kt\u00f3r\u0105 otrzymali Pa\u0144stwo wraz z produktem b\u0105d\u017a numer zam\u00f3wienia<\/p>\n\n\n\n<p>Koszty zwrotu produkt\u00f3w ponoszone s\u0105 przez Pa\u0144stwo.<\/p>\n\n\n\n<p>Zostan\u0105 Pa\u0144stwo powiadomieni, je\u017celi zwr\u00f3cone produkty nie zosta\u0142y przyj\u0119te, poniewa\u017c nie spe\u0142niaj\u0105 warunk\u00f3w okre\u015blonych w punktach 1.1, 1.2 i 1.3 poprzedniego paragrafu. W takim przypadku mo\u017cna zdecydowa\u0107 si\u0119 na odes\u0142anie produkt\u00f3w z powrotem do Pa\u0144stwa na sw\u00f3j koszt. W przypadku odmowy przyj\u0119cia powy\u017cszej dostawy, zastrzegamy sobie prawo do zatrzymania produkt\u00f3w i zap\u0142aconej za nie kwoty.<\/p>\n\n\n\n<p>Prosimy mie\u0107 na uwadz\u0119, \u017ce wszelkie c\u0142a, podatki i op\u0142aty, kt\u00f3re zap\u0142acili Pa\u0144stwo za dostaw\u0119 zakupionych produkt\u00f3w (je\u017celi takowe wyst\u0119puj\u0105), nie podlegaj\u0105 zwrotowi.<\/p>\n\n\n\n<h5 class=\"wp-block-heading\">2. Reklamacje<\/h5>\n\n\n\n<p>2.1 Reklamacje dotycz\u0105ce uszkodzonych przesy\u0142ek sk\u0142adane s\u0105:<\/p>\n\n\n\n<ul class=\"wp-block-list\"><li>w momencie odbioru przesy\u0142ki oraz w obecno\u015bci kuriera, co zaznacza si\u0119 w adnotacjach listu przewozowego oraz z wype\u0142nionym protoko\u0142em ustale\u0144 w dw\u00f3ch egzemplarzach, podpisanymi przez odbiorc\u0119 i kuriera.<\/li><\/ul>\n\n\n\n<p>lub<\/p>\n\n\n\n<ul class=\"wp-block-list\"><li>w ci\u0105gu 3 dni roboczych od otrzymania przesy\u0142ki na adres e-mail&nbsp;<a href=\"mailto:pl@cocosolis.com\">pl@cocosolis.com<\/a>, obowi\u0105zkowo podaj\u0105c numer zam\u00f3wienia oraz zdj\u0119cia produktu\/produkt\u00f3w.<\/li><\/ul>\n\n\n\n<p>2.2 Pomimo tego, \u017ce na nasze produkty udzielamy 100% gwarancji *, a okre\u015blenie rzeczywistych korzy\u015bci z ich stosowania jest indywidualne, zak\u0142adamy, \u017ce mog\u0105 zdarzy\u0107 si\u0119 klienci niezadowoleni z ich skuteczno\u015bci. W takim przypadku nale\u017cy skontaktowa\u0107 si\u0119 z nami, aby ustali\u0107 w jaki spos\u00f3b b\u0119dziemy mogli<\/p>\n\n\n\n<p>Pa\u0144stwu pom\u00f3c. Je\u017celi istnieje uzasadniony pow\u00f3d do reklamacji, mo\u017cna go zg\u0142osi\u0107 w ci\u0105gu 30 dni od daty otrzymania produktu.<\/p>\n\n\n\n<p>Prosimy pami\u0119ta\u0107, \u017ce nadwra\u017cliwo\u015b\u0107 lub reakcja alergiczna na dostarczony towar nie mo\u017ce sama w sobie by\u0107 uznana za wad\u0119 towaru. Podobnie wady tester\u00f3w i innych bezp\u0142atnych produkt\u00f3w, kt\u00f3re dostarczamy wraz z zam\u00f3wieniem, nie s\u0105 uznawane za wad\u0119.<\/p>\n\n\n\n<p>* Aby uzyska\u0107 najlepsze rezultaty stosowania ka\u017cdego produktu, nale\u017cy zapozna\u0107 si\u0119 z informacj\u0105 podan\u0105 na naszej stronie internetowej&nbsp;<a href=\"https:\/\/www.cocosolis.com\/pl\" target=\"_blank\" rel=\"noreferrer noopener\">www.cocosolis.com\/pl<\/a><br>Je\u017celi przy zakupie produktu, kt\u00f3ry chcieliby Pa\u0144stwo zwr\u00f3ci\u0107, towarzyszy\u0142 mu artyku\u0142 gratisowy, nale\u017cy zwr\u00f3ci\u0107 go w odpowiednim stanie (kompletny i nieu\u017cywany, w oryginalnym nierozpakowanym opakowaniu)<\/p>\n\n\n\n<h5 class=\"wp-block-heading\">3. Zwrot pieni\u0119dzy<\/h5>\n\n\n\n<p>Procedura zwrotu pieni\u0119dzy za zwr\u00f3cone produkty rozpoczyna si\u0119 w ci\u0105gu 14 dni roboczych od daty otrzymania ich przez nas.<\/p>\n\n\n\n<p>Okres zwrotu kwoty, jak\u0105 zap\u0142acili Pa\u0144stwo za zakup zwracanych produkt\u00f3w, zale\u017cy od u\u017cytej formy p\u0142atno\u015bci:<\/p>\n\n\n\n<ul class=\"wp-block-list\"><li>Zakup za pobraniem: wszystkie kwoty zap\u0142acone przy odbiorze lub na miejscu, zwracamy tylko przelewem na konto osobiste<\/li><li>Zakup kart\u0105 kredytow\u0105 \/ debetow\u0105: wszystkie kwoty zwracane s\u0105 na to samo konto (kart\u0119), z kt\u00f3rego zosta\u0142a dokonana p\u0142atno\u015b\u0107. Czas otrzymania zale\u017cy r\u00f3wnie\u017c od polityki firmy, kt\u00f3ra wyda\u0142a kart\u0119;<\/li><li>P\u0142atno\u015b\u0107 poprzez PayPal: zwroty \u015brodk\u00f3w zostan\u0105 przelane na Pa\u0144stwa konto PayPal i b\u0119d\u0105 natychmiast widoczne. Rzeczywisty zwrot kwoty karty kredytowej powi\u0105zanej z kontem PayPal zale\u017cy od firmy, kt\u00f3ra wyda\u0142a kart\u0119.<\/li><\/ul>\n\n\n\n<p>Data publikacji: 29.12.2020<\/p>\n","protected":false},"excerpt":{"rendered":"<p>Prawo do zwrotu zakupionego towaru 1. Prawo do zwrotu zakupionego towaru Zgodnie z prawem ochrony konsument\u00f3w, mo\u017cna skorzysta\u0107 z prawa do zwrotu zakupionych produkt\u00f3w na Pa\u0144stwa koszt, bez \u017cadnych kar i bez konieczno\u015bci podawania konkretnego powodu. Wszystko co nale\u017cy zrobi\u0107 to wys\u0142a\u0107 do nas wiadomo\u015b\u0107 e-mail na adres&nbsp;pl@cocosolis.com&nbsp;w ci\u0105gu 30 dni od daty otrzymania produktu. &hellip; <a href=\"https:\/\/cocosolis.com\/pl\/return-policy\/\">Dalszy<\/a><\/p>\n","protected":false},"author":1,"featured_media":0,"parent":0,"menu_order":0,"comment_status":"closed","ping_status":"closed","template":"","meta":{"_acf_changed":false,"footnotes":""},"page_roles":[36],"class_list":["post-457","page","type-page","status-publish","hentry","page_roles-legal"],"acf":[],"_links":{"self":[{"href":"https:\/\/cocosolis.com\/pl\/wp-json\/wp\/v2\/pages\/457","targetHints":{"allow":["GET"]}}],"collection":[{"href":"https:\/\/cocosolis.com\/pl\/wp-json\/wp\/v2\/pages"}],"about":[{"href":"https:\/\/cocosolis.com\/pl\/wp-json\/wp\/v2\/types\/page"}],"author":[{"embeddable":true,"href":"https:\/\/cocosolis.com\/pl\/wp-json\/wp\/v2\/users\/1"}],"replies":[{"embeddable":true,"href":"https:\/\/cocosolis.com\/pl\/wp-json\/wp\/v2\/comments?post=457"}],"version-history":[{"count":4,"href":"https:\/\/cocosolis.com\/pl\/wp-json\/wp\/v2\/pages\/457\/revisions"}],"predecessor-version":[{"id":523,"href":"https:\/\/cocosolis.com\/pl\/wp-json\/wp\/v2\/pages\/457\/revisions\/523"}],"wp:attachment":[{"href":"https:\/\/cocosolis.com\/pl\/wp-json\/wp\/v2\/media?parent=457"}],"wp:term":[{"taxonomy":"page_roles","embeddable":true,"href":"https:\/\/cocosolis.com\/pl\/wp-json\/wp\/v2\/page_roles?post=457"}],"curies":[{"name":"wp","href":"https:\/\/api.w.org\/{rel}","templated":true}]}}