{"id":446,"date":"2022-05-06T15:46:46","date_gmt":"2022-05-06T13:46:46","guid":{"rendered":"http:\/\/cocosolis.com\/en\/?page_id=446"},"modified":"2023-04-23T18:25:38","modified_gmt":"2023-04-23T16:25:38","slug":"contacts","status":"publish","type":"page","link":"https:\/\/cocosolis.com\/pl\/contacts\/","title":{"rendered":"Kontakt"},"content":{"rendered":"\n<h2 class=\"wp-block-heading\">Skontaktuj si\u0119 z nami<\/h2>\n\n\n\n<p>Aby si\u0119 z nami skontaktowa\u0107, prosimy skorzysta\u0107 z nast\u0119puj\u0105cych opcji<\/p>\n\n\n\n<ul class=\"wp-block-list\">\n<li>wy\u015blij nam wiadomo\u015b\u0107 na&nbsp;<strong><a href=\"https:\/\/www.facebook.com\/cocosolispl\/\" target=\"_blank\" rel=\"noreferrer noopener\">Facebooku<\/a><\/strong><\/li>\n\n\n\n<li>wy\u015blij nam wiadomo\u015b\u0107 na&nbsp;<strong><a href=\"https:\/\/www.instagram.com\/cocosolis.official\/\" target=\"_blank\" rel=\"noreferrer noopener\">Instagramie<\/a><\/strong><\/li>\n\n\n\n<li>wy\u015blij nam e-mail\u00a0<a href=\"mailto:pl@cocosolis.com\">pl@cocosolis.com<\/a><a href=\"mailto:marketing@cocosolis.com\"> <\/a><\/li>\n\n\n\n<li>zadzwo\u0144 +48 12 398 81 38<\/li>\n\n\n\n<li>adres Bulgaria, 1407 Sofia, 53V, Vaptsarov Blvd<\/li>\n<\/ul>\n","protected":false},"excerpt":{"rendered":"<p>Skontaktuj si\u0119 z nami Aby si\u0119 z nami skontaktowa\u0107, prosimy skorzysta\u0107 z nast\u0119puj\u0105cych opcji<\/p>\n","protected":false},"author":1,"featured_media":100000426,"parent":0,"menu_order":0,"comment_status":"closed","ping_status":"closed","template":"","meta":{"_acf_changed":false,"footnotes":""},"page_roles":[34],"class_list":["post-446","page","type-page","status-publish","has-post-thumbnail","hentry","page_roles-contacts"],"acf":[],"_links":{"self":[{"href":"https:\/\/cocosolis.com\/pl\/wp-json\/wp\/v2\/pages\/446","targetHints":{"allow":["GET"]}}],"collection":[{"href":"https:\/\/cocosolis.com\/pl\/wp-json\/wp\/v2\/pages"}],"about":[{"href":"https:\/\/cocosolis.com\/pl\/wp-json\/wp\/v2\/types\/page"}],"author":[{"embeddable":true,"href":"https:\/\/cocosolis.com\/pl\/wp-json\/wp\/v2\/users\/1"}],"replies":[{"embeddable":true,"href":"https:\/\/cocosolis.com\/pl\/wp-json\/wp\/v2\/comments?post=446"}],"version-history":[{"count":8,"href":"https:\/\/cocosolis.com\/pl\/wp-json\/wp\/v2\/pages\/446\/revisions"}],"predecessor-version":[{"id":1000004227,"href":"https:\/\/cocosolis.com\/pl\/wp-json\/wp\/v2\/pages\/446\/revisions\/1000004227"}],"wp:featuredmedia":[{"embeddable":true,"href":"https:\/\/cocosolis.com\/pl\/wp-json\/"}],"wp:attachment":[{"href":"https:\/\/cocosolis.com\/pl\/wp-json\/wp\/v2\/media?parent=446"}],"wp:term":[{"taxonomy":"page_roles","embeddable":true,"href":"https:\/\/cocosolis.com\/pl\/wp-json\/wp\/v2\/page_roles?post=446"}],"curies":[{"name":"wp","href":"https:\/\/api.w.org\/{rel}","templated":true}]}}