{"id":1000057444,"date":"2025-10-03T11:40:25","date_gmt":"2025-10-03T09:40:25","guid":{"rendered":"https:\/\/cocosolis.com\/pl\/?page_id=1000057444"},"modified":"2025-10-03T11:40:25","modified_gmt":"2025-10-03T09:40:25","slug":"skin-campaign-2025","status":"publish","type":"page","link":"https:\/\/cocosolis.com\/pl\/terms-of-use\/skin-campaign-2025\/","title":{"rendered":"Og\u00f3lne warunki promocji \u201cSKIN promocode\u201d"},"content":{"rendered":"<h2><b>Og\u00f3lne warunki promocji <\/b><b>\u201cSKIN promocode\u201d<\/b><\/h2>\n<ul>\n<li aria-level=\"1\">\n<h3><b>Organizator promocji<\/b><\/h3>\n<\/li>\n<\/ul>\n<ol>\n<li style=\"list-style-type: none;\">\n<ol>\n<li style=\"list-style-type: none;\">\n<ol>\n<li style=\"font-weight: 400;\" aria-level=\"2\"><span style=\"font-weight: 400;\">Organizatorem promocji <\/span><span style=\"font-weight: 400;\">\u201cSKIN promocode\u201d<\/span><span style=\"font-weight: 400;\"> jest PURMERUL Sp. z o.o. z siedzib\u0105 i adresem w Bu\u0142garii, P\u0142owdiwie 4002, ul. Liuleburgas 22, pi\u0119tro 4, m. 9, NIP BG201172065.<\/span><\/li>\n<\/ol>\n<\/li>\n<\/ol>\n<\/li>\n<\/ol>\n<ul>\n<li aria-level=\"1\">\n<h3><b>Oficjalne zasady<\/b><\/h3>\n<\/li>\n<\/ul>\n<ol>\n<li style=\"list-style-type: none;\">\n<ol>\n<li style=\"list-style-type: none;\">\n<ol>\n<li style=\"font-weight: 400;\" aria-level=\"2\"><span style=\"font-weight: 400;\">Uczestnicy Promocji s\u0105 zobowi\u0105zani do przestrzegania warunk\u00f3w i rozporz\u0105dze\u0144 opisanych poni\u017cej, zwanych Oficjalnymi zasadami.<\/span><\/li>\n<li style=\"font-weight: 400;\" aria-level=\"2\"><span style=\"font-weight: 400;\">Oficjalne zasady s\u0105 publikowane przed rozpocz\u0119ciem promocji na stronie <\/span><a href=\"http:\/\/www.cocosolis.com\/pl\/\"><span style=\"font-weight: 400;\">www.cocosolis.com\/pl\/<\/span><\/a><span style=\"font-weight: 400;\">. Wi\u0119cej informacji mo\u017cna uzyska\u0107 dzwoni\u0105c pod numer +48 12 398 81 38 (stawka za po\u0142\u0105czenie jest ustalana zgodnie z planem taryfowym osoby dzwoni\u0105cej) ka\u017cdego dnia roboczego w zakresie od 09:30 do 18:00.<\/span><\/li>\n<li style=\"font-weight: 400;\" aria-level=\"2\"><span style=\"font-weight: 400;\">Organizator Promocji zastrzega sobie prawo do zmiany lub uzupe\u0142nienia Oficjalnych zasad w dowolnym momencie poprzez og\u0142oszenie tego publicznie.<\/span><\/li>\n<\/ol>\n<\/li>\n<\/ol>\n<\/li>\n<\/ol>\n<ul>\n<li aria-level=\"1\">\n<h3><b>Terytorium odbywania si\u0119 promocji<\/b><\/h3>\n<\/li>\n<\/ul>\n<ol>\n<li style=\"list-style-type: none;\">\n<ol>\n<li style=\"list-style-type: none;\">\n<ol>\n<li style=\"font-weight: 400;\" aria-level=\"2\"><span style=\"font-weight: 400;\">Promocja organizowana jest i odbywa si\u0119 na terytorium Republiki Polska.<\/span><\/li>\n<\/ol>\n<\/li>\n<\/ol>\n<\/li>\n<\/ol>\n<ul>\n<li aria-level=\"1\">\n<h3><b>Prawo do uczestnictwa<\/b><\/h3>\n<\/li>\n<\/ul>\n<ol>\n<li style=\"list-style-type: none;\">\n<ol>\n<li style=\"list-style-type: none;\">\n<ol>\n<li style=\"font-weight: 400;\" aria-level=\"2\"><span style=\"font-weight: 400;\">W Promocji mog\u0105 uczestniczy\u0107 wszystkie osoby fizyczne, przebywaj\u0105ce na terytorium Republiki Polska, kt\u00f3re uko\u0144czy\u0142y 18 lat w momencie rozpocz\u0119cia Promocji.\u00a0<\/span><\/li>\n<li style=\"font-weight: 400;\" aria-level=\"2\"><span style=\"font-weight: 400;\">W Promocji nie mog\u0105 bra\u0107 udzia\u0142u pracownicy PURMERUL Sp. z o.o. , a tak\u017ce wszyscy partnerzy i agencje zwi\u0105zane z Promocj\u0105, a tak\u017ce cz\u0142onkowie rodzin wszystkich wy\u017cej wymienionych os\u00f3b.<\/span><\/li>\n<\/ol>\n<\/li>\n<\/ol>\n<\/li>\n<\/ol>\n<ul>\n<li aria-level=\"1\">\n<h3><b>Czas trwania promocji<\/b><\/h3>\n<\/li>\n<\/ul>\n<ol>\n<li style=\"list-style-type: none;\">\n<ol>\n<li style=\"list-style-type: none;\">\n<ol>\n<li style=\"font-weight: 400;\" aria-level=\"2\"><span style=\"font-weight: 400;\">Promocja obowi\u0105zuje do wyczerpania zapas\u00f3w.<\/span><\/li>\n<\/ol>\n<\/li>\n<\/ol>\n<\/li>\n<\/ol>\n<ul>\n<li aria-level=\"1\">\n<h3><b>Produkty uczestnicz\u0105ce<\/b><\/h3>\n<\/li>\n<\/ul>\n<ol>\n<li style=\"list-style-type: none;\">\n<ol>\n<li style=\"list-style-type: none;\">\n<ol>\n<li style=\"font-weight: 400;\" aria-level=\"2\"><span style=\"font-weight: 400;\">Promocja obejmuje wszystkie produkty dost\u0119pne na stronie internetowej <\/span><a href=\"http:\/\/www.cocosolis.com\/pl\/\"><span style=\"font-weight: 400;\">www.cocosolis.com\/pl\/<\/span><\/a><span style=\"font-weight: 400;\">.<\/span><\/li>\n<\/ol>\n<\/li>\n<\/ol>\n<\/li>\n<\/ol>\n<ul>\n<li aria-level=\"1\">\n<h3><b>Opis promocji i mechanizm uczestnictwa w promocji<\/b><\/h3>\n<\/li>\n<\/ul>\n<ol>\n<li style=\"list-style-type: none;\">\n<ol>\n<li style=\"font-weight: 400;\" aria-level=\"2\"><span style=\"font-weight: 400;\">Promocja obowi\u0105zuje tylko na produkty z kategorii SKIN. Promocja daje 15% rabatu przy zakupie jednego produktu, 20% rabatu przy zakupie dw\u00f3ch produkt\u00f3w i 30% rabatu przy zakupie trzech lub wi\u0119cej produkt\u00f3w z kategorii SKIN. Aby skorzysta\u0107 z warunk\u00f3w promocyjnych, klient musi wybra\u0107 wybrane produkty i wprowadzi\u0107 kod promocyjny, aby otrzyma\u0107 odpowiedni\u0105 zni\u017ck\u0119. Przy zmianie liczby produkt\u00f3w SKIN w koszyku, procent zni\u017cki zmienia si\u0119 zgodnie z opisanymi warunkami promocyjnymi. Przy dodawaniu pojedynczych produkt\u00f3w SKIN klient musi wprowadzi\u0107 kod promocyjny, aby zni\u017cka zosta\u0142a zastosowana. Przy dodawaniu pakiet\u00f3w promocyjnych odpowiednia zni\u017cka jest stosowana automatycznie w zale\u017cno\u015bci od liczby produkt\u00f3w w pakiecie. Oferta jest wa\u017cna tylko na oficjalnej stronie COCOSOLIS, do wyczerpania zapas\u00f3w.<\/span><\/li>\n<li style=\"font-weight: 400;\" aria-level=\"2\"><span style=\"font-weight: 400;\">Aby skorzysta\u0107 z promocji, opr\u00f3cz <\/span><a href=\"https:\/\/cocosolis.com\/pl\/\"><span style=\"font-weight: 400;\">https:\/\/cocosolis.com\/pl\/<\/span><\/a><span style=\"font-weight: 400;\">, uczestnicy mog\u0105 r\u00f3wnie\u017c z\u0142o\u017cy\u0107 zam\u00f3wienie w nast\u0119puj\u0105cy spos\u00f3b:<\/span>\n<ol>\n<li style=\"font-weight: 400;\" aria-level=\"3\"><span style=\"font-weight: 400;\">dzwoni\u0105c pod numer +48 12 398 81 38<\/span><\/li>\n<li style=\"font-weight: 400;\" aria-level=\"3\"><span style=\"font-weight: 400;\">wysy\u0142aj\u0105c wiadomo\u015b\u0107 na stronie COCOSOLIS na Facebooku: <\/span><a href=\"http:\/\/www.facebook.com\/cocosolispl\"><span style=\"font-weight: 400;\">www.facebook.com\/cocosolispl<\/span><\/a><span style=\"font-weight: 400;\">\u00a0<\/span><\/li>\n<li style=\"font-weight: 400;\" aria-level=\"3\"><span style=\"font-weight: 400;\">wysy\u0142aj\u0105c wiadomo\u015b\u0107 do COCOSOLIS na Instagramie: <\/span><a href=\"http:\/\/www.instagram.com\/cocosolis.official\"><span style=\"font-weight: 400;\">www.instagram.com\/cocosolis.official<\/span><\/a><span style=\"font-weight: 400;\">\u00a0<\/span><\/li>\n<\/ol>\n<\/li>\n<li style=\"font-weight: 400;\" aria-level=\"2\"><span style=\"font-weight: 400;\">Dostawa odbywa si\u0119 za po\u015brednictwem firmy kurierskiej InPost na podany przez Uczestnika adres lub do oddzia\u0142u firmy kurieskiej. Je\u017celi u\u017cytkownik nie zapewni dost\u0119pu i warunk\u00f3w dostawy towaru pod wskazanym adresem w wyznaczonym terminie lub nie p\u00f3jdzie do danego oddzia\u0142u firmy kurierskiej InPost w celu odebrania towaru na czas, Organizator jest zwolniony z obowi\u0105zku wykonania \u017c\u0105danej dostawy.<\/span><\/li>\n<li style=\"font-weight: 400;\" aria-level=\"2\"><span style=\"font-weight: 400;\">Wszystkie inne zestawy standardowe i promocyjne oraz kody promocyjne NIE s\u0105 wa\u017cne w okresie promocji wymienionym w punkcie 5.<\/span><\/li>\n<\/ol>\n<\/li>\n<\/ol>\n<p><b><\/b><\/p>\n<ul>\n<li aria-level=\"1\">\n<h3><b>Rozwi\u0105zywanie spor\u00f3w i odpowiedzialno\u015b\u0107<\/b><\/h3>\n<\/li>\n<\/ul>\n<ol>\n<li style=\"list-style-type: none;\">\n<ol>\n<li style=\"font-weight: 400;\" aria-level=\"2\"><span style=\"font-weight: 400;\">Spory mi\u0119dzy Organizatorem Promocji, a uczestnikami b\u0119d\u0105 rozstrzygane w drodze wzajemnego porozumienia. W przypadku niemo\u017cliwo\u015bci osi\u0105gniecia takowego, sp\u00f3r zostanie rozstrzygni\u0119ty przez w\u0142a\u015bciwe s\u0105dy w Republice Bu\u0142garii.<\/span><\/li>\n<li style=\"font-weight: 400;\" aria-level=\"2\"><span style=\"font-weight: 400;\">Organizator nie ponosi odpowiedzialno\u015bci za dostarczenie nagr\u00f3d przekazanych poza terminami i ilo\u015bciami okre\u015blonymi w niniejszym regulaminie.<\/span><\/li>\n<li style=\"font-weight: 400;\" aria-level=\"2\"><span style=\"font-weight: 400;\">Organizator Promocji nie ponosi odpowiedzialno\u015bci, pod warunkiem, \u017ce Uczestnik poda\u0142 nieprawid\u0142owy lub niezgodny adres, e-mail lub numer telefonu do kontaktu.<\/span><\/li>\n<\/ol>\n<\/li>\n<\/ol>\n<p><b><\/b><\/p>\n<ul>\n<li aria-level=\"1\">\n<h3><b>Wymiana i zwrot produkt\u00f3w<\/b><\/h3>\n<\/li>\n<\/ul>\n<ol>\n<li style=\"list-style-type: none;\">\n<ol>\n<li style=\"list-style-type: none;\">\n<ol>\n<li style=\"font-weight: 400;\" aria-level=\"2\"><span style=\"font-weight: 400;\">Zgodnie z prawem ochrony konsumenta uczestnik ma prawo do zwrotu zakupionych produkt\u00f3w bez \u017cadnych kar i bez podawania przyczyny. Konieczne jest poinformowanie COCOSOLIS.COM w ci\u0105gu czternastu (14) dni od daty otrzymania przesy\u0142ki.<\/span><\/li>\n<li style=\"font-weight: 400;\" aria-level=\"2\"><span style=\"font-weight: 400;\">Zwr\u00f3cone produkty nale\u017cy odes\u0142a\u0107 do COCOSOLIS w ci\u0105gu siedmiu (7) dni od daty wys\u0142ania informacji o decyzji o zwrocie zakupionych produkt\u00f3w.<\/span><\/li>\n<li style=\"font-weight: 400;\" aria-level=\"2\"><span style=\"font-weight: 400;\">W niekt\u00f3rych okoliczno\u015bciach mo\u017cliwa jest wymiana jednego produktu na inny.<\/span><\/li>\n<li style=\"font-weight: 400;\" aria-level=\"2\"><span style=\"font-weight: 400;\">Pe\u0142ne warunki naszej polityki zwrotu i wymiany mo\u017cna przeczyta\u0107 tutaj: <\/span><a href=\"https:\/\/cocosolis.com\/pl\/return-policy\/\"><span style=\"font-weight: 400;\">https:\/\/cocosolis.com\/pl\/return-policy\/<\/span><\/a><span style=\"font-weight: 400;\">\u00a0<\/span><\/li>\n<\/ol>\n<\/li>\n<\/ol>\n<\/li>\n<\/ol>\n<ul>\n<li aria-level=\"1\">\n<h3><b>Zako\u0144czenie promocji\u00a0<\/b><\/h3>\n<\/li>\n<\/ul>\n<ol>\n<li style=\"list-style-type: none;\">\n<ol>\n<li style=\"list-style-type: none;\">\n<ol>\n<li style=\"font-weight: 400;\" aria-level=\"2\"><span style=\"font-weight: 400;\">Organizator ma nieodwo\u0142alne prawo do zako\u0144czenia Promocji w dowolnym momencie, og\u0142aszaj\u0105c j\u0105 zgodnie z pkt 2 niniejszych Oficjalnych zasad, w przypadku nadu\u017cycia, naruszenia zasad, a tak\u017ce w przypadku si\u0142y wy\u017cszej lub z innych obiektywnych przyczyn. W przypadku nadu\u017cycia, niew\u0142a\u015bciwego post\u0119powania lub naruszenia Oficjalnych zasad przez uczestnika Organizator ma prawo go zdyskwalifikowa\u0107. W takich przypadkach uczestnikom nie przys\u0142uguje odszkodowanie.<\/span><\/li>\n<\/ol>\n<\/li>\n<\/ol>\n<\/li>\n<\/ol>\n<ul>\n<li aria-level=\"1\">\n<h3><b>Ochrona danych osobowych. Rozg\u0142os<\/b><\/h3>\n<\/li>\n<\/ul>\n<ol>\n<li style=\"list-style-type: none;\">\n<ol>\n<li style=\"list-style-type: none;\">\n<ol>\n<li style=\"font-weight: 400;\" aria-level=\"2\"><span style=\"font-weight: 400;\">Prosimy zapozna\u0107 si\u0119 z warunkami odno\u015bnie naszej polityki prywatno\u015bci tutaj: <\/span><a href=\"https:\/\/cocosolis.com\/pl\/privacy-policy\/\"><span style=\"font-weight: 400;\">https:\/\/cocosolis.com\/pl\/privacy-policy\/<\/span><\/a><\/li>\n<\/ol>\n<\/li>\n<\/ol>\n<\/li>\n<\/ol>\n<ul>\n<li aria-level=\"1\">\n<h3><b>Najni\u017csza cena sprzeda\u017cy produktu w ci\u0105gu ostatnich 30 dni.<\/b><\/h3>\n<\/li>\n<\/ul>\n<ol>\n<li style=\"list-style-type: none;\">\n<ol>\n<li style=\"font-weight: 400;\" aria-level=\"2\"><span style=\"font-weight: 400;\">Okre\u015blana oddzielnie dla ka\u017cdej promocji i oznacza najni\u017csz\u0105 cen\u0119, po kt\u00f3rej produkt zosta\u0142 sprzedany na stronie w ci\u0105gu ostatnich 30 dni przed bie\u017c\u0105c\u0105 promocj\u0105.<\/span><\/li>\n<li style=\"font-weight: 400;\" aria-level=\"2\"><span style=\"font-weight: 400;\">Produkt, dla kt\u00f3rego pokazujemy t\u0119 cen\u0119, m\u00f3g\u0142 zosta\u0107 zakupiony po ni\u017cszej cenie w poprzednim okresie, je\u015bli klient skorzysta\u0142 z dodatkowego kuponu\/kodu promocyjnego w celu uzyskania indywidualnego rabatu.<\/span><\/li>\n<li style=\"font-weight: 400;\" aria-level=\"2\"><span style=\"font-weight: 400;\">Mo\u017ce si\u0119 ona r\u00f3\u017cni\u0107 od ceny, po kt\u00f3rej produkt by\u0142 sprzedawany bezpo\u015brednio przed aktualn\u0105 promocj\u0105.<\/span><\/li>\n<li style=\"font-weight: 400;\" aria-level=\"2\"><span style=\"font-weight: 400;\">Odnosi si\u0119 wy\u0142\u0105cznie do ceny produktu na oficjalnej stronie internetowej COCOSOLIS i nie uwzgl\u0119dnia cen w poszczeg\u00f3lnych sklepach fizycznych, w kt\u00f3rych produkt jest dost\u0119pny.<\/span><\/li>\n<li style=\"font-weight: 400;\" aria-level=\"2\"><span style=\"font-weight: 400;\">Mo\u017ce wyst\u0119powa\u0107 r\u00f3\u017cnica mi\u0119dzy \u201enajni\u017csz\u0105 cen\u0105\u201d tego samego produktu w r\u00f3\u017cnych promocjach.<\/span><\/li>\n<li style=\"font-weight: 400;\" aria-level=\"2\"><span style=\"font-weight: 400;\">Promocje na stronie internetowej i ich warunki mog\u0105 r\u00f3\u017cni\u0107 si\u0119 od rabat\u00f3w i kampanii w sklepach fizycznych, w kt\u00f3rych dost\u0119pne s\u0105 produkty COCOSOLIS. Przy sk\u0142adaniu zam\u00f3wienia na stronie obowi\u0105zuj\u0105 wy\u0142\u0105cznie warunki og\u0142oszone na stronie i maj\u0105ce zastosowanie do sklepu internetowego.<\/span><\/li>\n<li style=\"font-weight: 400;\" aria-level=\"2\"><span style=\"font-weight: 400;\">W przypadku zestaw\u00f3w promocyjnych &#8222;Najni\u017csza cena w ci\u0105gu ostatnich 30 dni&#8221; odpowiada regularnej cenie produkt\u00f3w zawartych w zestawie promocyjnym.<\/span><\/li>\n<\/ol>\n<\/li>\n<\/ol>\n","protected":false},"excerpt":{"rendered":"<p>Og\u00f3lne warunki promocji \u201cSKIN promocode\u201d Organizator promocji Organizatorem promocji \u201cSKIN promocode\u201d jest PURMERUL Sp. z o.o. z siedzib\u0105 i adresem w Bu\u0142garii, P\u0142owdiwie 4002, ul. Liuleburgas 22, pi\u0119tro 4, m. 9, NIP BG201172065. Oficjalne zasady Uczestnicy Promocji s\u0105 zobowi\u0105zani do przestrzegania warunk\u00f3w i rozporz\u0105dze\u0144 opisanych poni\u017cej, zwanych Oficjalnymi zasadami. Oficjalne zasady s\u0105 publikowane przed rozpocz\u0119ciem &hellip; <a href=\"https:\/\/cocosolis.com\/pl\/terms-of-use\/skin-campaign-2025\/\">Dalszy<\/a><\/p>\n","protected":false},"author":1000000384,"featured_media":0,"parent":464,"menu_order":0,"comment_status":"closed","ping_status":"closed","template":"","meta":{"_acf_changed":false,"footnotes":""},"page_roles":[],"class_list":["post-1000057444","page","type-page","status-publish","hentry"],"acf":[],"_links":{"self":[{"href":"https:\/\/cocosolis.com\/pl\/wp-json\/wp\/v2\/pages\/1000057444","targetHints":{"allow":["GET"]}}],"collection":[{"href":"https:\/\/cocosolis.com\/pl\/wp-json\/wp\/v2\/pages"}],"about":[{"href":"https:\/\/cocosolis.com\/pl\/wp-json\/wp\/v2\/types\/page"}],"author":[{"embeddable":true,"href":"https:\/\/cocosolis.com\/pl\/wp-json\/wp\/v2\/users\/1000000384"}],"replies":[{"embeddable":true,"href":"https:\/\/cocosolis.com\/pl\/wp-json\/wp\/v2\/comments?post=1000057444"}],"version-history":[{"count":1,"href":"https:\/\/cocosolis.com\/pl\/wp-json\/wp\/v2\/pages\/1000057444\/revisions"}],"predecessor-version":[{"id":1000057445,"href":"https:\/\/cocosolis.com\/pl\/wp-json\/wp\/v2\/pages\/1000057444\/revisions\/1000057445"}],"up":[{"embeddable":true,"href":"https:\/\/cocosolis.com\/pl\/wp-json\/wp\/v2\/pages\/464"}],"wp:attachment":[{"href":"https:\/\/cocosolis.com\/pl\/wp-json\/wp\/v2\/media?parent=1000057444"}],"wp:term":[{"taxonomy":"page_roles","embeddable":true,"href":"https:\/\/cocosolis.com\/pl\/wp-json\/wp\/v2\/page_roles?post=1000057444"}],"curies":[{"name":"wp","href":"https:\/\/api.w.org\/{rel}","templated":true}]}}